{"id":20559,"date":"2019-03-27T17:26:35","date_gmt":"2019-03-27T15:26:35","guid":{"rendered":"https:\/\/my-french-grocery.com\/product\/harrys-naturliches-sandwichbrot-grose-scheiben-xl\/"},"modified":"2019-03-27T17:26:35","modified_gmt":"2019-03-27T15:26:35","slug":"harrys-naturliches-sandwichbrot-grose-scheiben-xl","status":"publish","type":"product","link":"https:\/\/my-french-grocery.com\/de\/produkt\/harrys-naturliches-sandwichbrot-grose-scheiben-xl\/","title":{"rendered":"Harry\u2019s Nat\u00fcrliches Sandwichbrot \u2013 Gro\u00dfe Scheiben XL"},"content":{"rendered":"<p>Harry\u2019s Nat\u00fcrliches Sandwichbrot \u2013 Gro\u00dfe Scheiben XL<\/p>\n<p>825-g-Packung<\/p>\n<p>Entdecken Sie American Sandwich: Das authentische Sandwichbrot von Harrys, ein echter Erfolg seit 1984! Gro\u00dfe, weiche und gro\u00dfz\u00fcgige Scheiben, unwiderstehlich, um all Ihre t\u00e4glichen Gel\u00fcste zu stillen: Toast, Sandwiches, Croque-Monsieurs \u2026<\/p>\n","protected":false},"excerpt":{"rendered":"<p>Harry\u2019s Nat\u00fcrliches Sandwichbrot \u2013 Gro\u00dfe Scheiben XL<\/p>\n<p>825-g-Packung<\/p>\n","protected":false},"featured_media":42663,"comment_status":"open","ping_status":"closed","template":"","meta":[],"pwb-brand":[2428],"product_brand":[],"product_cat":[2242],"product_tag":[2561],"class_list":{"0":"post-20559","1":"product","2":"type-product","3":"status-publish","4":"has-post-thumbnail","6":"pwb-brand-harrys-de","7":"product_cat-brot","8":"product_tag-harrys-de","9":"product_shipping_class-internationaler-versand","11":"first","12":"instock","13":"taxable","14":"shipping-taxable","15":"purchasable","16":"product-type-simple"},"yoast_head":"<!-- This site is optimized with the Yoast SEO plugin v27.4 - https:\/\/yoast.com\/product\/yoast-seo-wordpress\/ -->\n<title>Harry\u2019s Nat\u00fcrliches Sandwichbrot \u2013 Gro\u00dfe Scheiben XL | Online Kaufen | My French Grocery<\/title>\n<meta name=\"description\" content=\"Harry\u2019s Nat\u00fcrliches Sandwichbrot \u2013 Gro\u00dfe Scheiben XL - 825-g-Packung - Entdecken Sie American Sandwich: Das authentische Sandwichbrot von Harrys\" \/>\n<meta name=\"robots\" content=\"index, follow, max-snippet:-1, max-image-preview:large, max-video-preview:-1\" \/>\n<link rel=\"canonical\" href=\"https:\/\/my-french-grocery.com\/de\/produkt\/harrys-naturliches-sandwichbrot-grose-scheiben-xl\/\" \/>\n<meta property=\"og:locale\" content=\"de_DE\" \/>\n<meta property=\"og:type\" content=\"article\" \/>\n<meta property=\"og:title\" content=\"Harry\u2019s Nat\u00fcrliches Sandwichbrot \u2013 Gro\u00dfe Scheiben XL | Online Kaufen | My French Grocery\" \/>\n<meta property=\"og:description\" content=\"Harry\u2019s Nat\u00fcrliches Sandwichbrot \u2013 Gro\u00dfe Scheiben XL - 825-g-Packung - Entdecken Sie American Sandwich: Das authentische Sandwichbrot von Harrys\" \/>\n<meta property=\"og:url\" content=\"https:\/\/my-french-grocery.com\/de\/produkt\/harrys-naturliches-sandwichbrot-grose-scheiben-xl\/\" \/>\n<meta property=\"og:site_name\" content=\"My French Grocery\" \/>\n<meta property=\"article:publisher\" content=\"https:\/\/www.facebook.com\/myfrenchgrocery\/\" \/>\n<meta property=\"og:image\" content=\"https:\/\/my-french-grocery.com\/wp-content\/uploads\/2019\/03\/PAIN-DE-MIE-big-HARRYS.jpg\" \/>\n\t<meta property=\"og:image:width\" content=\"1500\" \/>\n\t<meta property=\"og:image:height\" content=\"1500\" \/>\n\t<meta property=\"og:image:type\" content=\"image\/jpeg\" \/>\n<meta name=\"twitter:card\" content=\"summary_large_image\" \/>\n<script type=\"application\/ld+json\" class=\"yoast-schema-graph\">{\"@context\":\"https:\\\/\\\/schema.org\",\"@graph\":[{\"@type\":\"WebPage\",\"@id\":\"https:\\\/\\\/my-french-grocery.com\\\/de\\\/produkt\\\/harrys-naturliches-sandwichbrot-grose-scheiben-xl\\\/\",\"url\":\"https:\\\/\\\/my-french-grocery.com\\\/de\\\/produkt\\\/harrys-naturliches-sandwichbrot-grose-scheiben-xl\\\/\",\"name\":\"Harry\u2019s Nat\u00fcrliches Sandwichbrot \u2013 Gro\u00dfe Scheiben XL | Online Kaufen | My French Grocery\",\"isPartOf\":{\"@id\":\"https:\\\/\\\/my-french-grocery.com\\\/de\\\/#website\"},\"primaryImageOfPage\":{\"@id\":\"https:\\\/\\\/my-french-grocery.com\\\/de\\\/produkt\\\/harrys-naturliches-sandwichbrot-grose-scheiben-xl\\\/#primaryimage\"},\"image\":{\"@id\":\"https:\\\/\\\/my-french-grocery.com\\\/de\\\/produkt\\\/harrys-naturliches-sandwichbrot-grose-scheiben-xl\\\/#primaryimage\"},\"thumbnailUrl\":\"https:\\\/\\\/my-french-grocery.com\\\/wp-content\\\/uploads\\\/2019\\\/03\\\/HARRYS-SOFT-BREAD.webp\",\"datePublished\":\"2019-03-27T15:26:35+00:00\",\"description\":\"Harry\u2019s Nat\u00fcrliches Sandwichbrot \u2013 Gro\u00dfe Scheiben XL - 825-g-Packung - Entdecken Sie American Sandwich: Das authentische Sandwichbrot von Harrys\",\"breadcrumb\":{\"@id\":\"https:\\\/\\\/my-french-grocery.com\\\/de\\\/produkt\\\/harrys-naturliches-sandwichbrot-grose-scheiben-xl\\\/#breadcrumb\"},\"inLanguage\":\"de-DE\",\"potentialAction\":[{\"@type\":\"ReadAction\",\"target\":[\"https:\\\/\\\/my-french-grocery.com\\\/de\\\/produkt\\\/harrys-naturliches-sandwichbrot-grose-scheiben-xl\\\/\"]}]},{\"@type\":\"ImageObject\",\"inLanguage\":\"de-DE\",\"@id\":\"https:\\\/\\\/my-french-grocery.com\\\/de\\\/produkt\\\/harrys-naturliches-sandwichbrot-grose-scheiben-xl\\\/#primaryimage\",\"url\":\"https:\\\/\\\/my-french-grocery.com\\\/wp-content\\\/uploads\\\/2019\\\/03\\\/HARRYS-SOFT-BREAD.webp\",\"contentUrl\":\"https:\\\/\\\/my-french-grocery.com\\\/wp-content\\\/uploads\\\/2019\\\/03\\\/HARRYS-SOFT-BREAD.webp\",\"width\":1500,\"height\":1500},{\"@type\":\"BreadcrumbList\",\"@id\":\"https:\\\/\\\/my-french-grocery.com\\\/de\\\/produkt\\\/harrys-naturliches-sandwichbrot-grose-scheiben-xl\\\/#breadcrumb\",\"itemListElement\":[{\"@type\":\"ListItem\",\"position\":1,\"name\":\"Home\",\"item\":\"https:\\\/\\\/my-french-grocery.com\\\/de\\\/shopping-seite\\\/\"},{\"@type\":\"ListItem\",\"position\":2,\"name\":\"Shop\",\"item\":\"https:\\\/\\\/my-french-grocery.com\\\/shop\\\/\"},{\"@type\":\"ListItem\",\"position\":3,\"name\":\"Brot\",\"item\":\"https:\\\/\\\/my-french-grocery.com\\\/de\\\/produkt-kategorie\\\/brot\\\/\"},{\"@type\":\"ListItem\",\"position\":4,\"name\":\"Harry\u2019s Nat\u00fcrliches Sandwichbrot \u2013 Gro\u00dfe Scheiben XL\"}]},{\"@type\":\"WebSite\",\"@id\":\"https:\\\/\\\/my-french-grocery.com\\\/de\\\/#website\",\"url\":\"https:\\\/\\\/my-french-grocery.com\\\/de\\\/\",\"name\":\"My French Grocery\",\"description\":\"Your Online French Grocery  !\",\"publisher\":{\"@id\":\"https:\\\/\\\/my-french-grocery.com\\\/de\\\/#organization\"},\"potentialAction\":[{\"@type\":\"SearchAction\",\"target\":{\"@type\":\"EntryPoint\",\"urlTemplate\":\"https:\\\/\\\/my-french-grocery.com\\\/de\\\/?s={search_term_string}\"},\"query-input\":{\"@type\":\"PropertyValueSpecification\",\"valueRequired\":true,\"valueName\":\"search_term_string\"}}],\"inLanguage\":\"de-DE\"},{\"@type\":\"Organization\",\"@id\":\"https:\\\/\\\/my-french-grocery.com\\\/de\\\/#organization\",\"name\":\"MY FRENCH GROCERY\",\"url\":\"https:\\\/\\\/my-french-grocery.com\\\/de\\\/\",\"logo\":{\"@type\":\"ImageObject\",\"inLanguage\":\"de-DE\",\"@id\":\"https:\\\/\\\/my-french-grocery.com\\\/de\\\/#\\\/schema\\\/logo\\\/image\\\/\",\"url\":\"https:\\\/\\\/my-french-grocery.com\\\/wp-content\\\/uploads\\\/2021\\\/11\\\/My-French-Grocery-Online-French-Grocery.png\",\"contentUrl\":\"https:\\\/\\\/my-french-grocery.com\\\/wp-content\\\/uploads\\\/2021\\\/11\\\/My-French-Grocery-Online-French-Grocery.png\",\"width\":100,\"height\":100,\"caption\":\"MY FRENCH GROCERY\"},\"image\":{\"@id\":\"https:\\\/\\\/my-french-grocery.com\\\/de\\\/#\\\/schema\\\/logo\\\/image\\\/\"},\"sameAs\":[\"https:\\\/\\\/www.facebook.com\\\/myfrenchgrocery\\\/\"]}]}<\/script>\n<!-- \/ Yoast SEO plugin. -->","yoast_head_json":{"title":"Harry\u2019s Nat\u00fcrliches Sandwichbrot \u2013 Gro\u00dfe Scheiben XL | Online Kaufen | My French Grocery","description":"Harry\u2019s Nat\u00fcrliches Sandwichbrot \u2013 Gro\u00dfe Scheiben XL - 825-g-Packung - Entdecken Sie American Sandwich: Das authentische Sandwichbrot von Harrys","robots":{"index":"index","follow":"follow","max-snippet":"max-snippet:-1","max-image-preview":"max-image-preview:large","max-video-preview":"max-video-preview:-1"},"canonical":"https:\/\/my-french-grocery.com\/de\/produkt\/harrys-naturliches-sandwichbrot-grose-scheiben-xl\/","og_locale":"de_DE","og_type":"article","og_title":"Harry\u2019s Nat\u00fcrliches Sandwichbrot \u2013 Gro\u00dfe Scheiben XL | Online Kaufen | My French Grocery","og_description":"Harry\u2019s Nat\u00fcrliches Sandwichbrot \u2013 Gro\u00dfe Scheiben XL - 825-g-Packung - Entdecken Sie American Sandwich: Das authentische Sandwichbrot von Harrys","og_url":"https:\/\/my-french-grocery.com\/de\/produkt\/harrys-naturliches-sandwichbrot-grose-scheiben-xl\/","og_site_name":"My French Grocery","article_publisher":"https:\/\/www.facebook.com\/myfrenchgrocery\/","og_image":[{"width":1500,"height":1500,"url":"https:\/\/my-french-grocery.com\/wp-content\/uploads\/2019\/03\/PAIN-DE-MIE-big-HARRYS.jpg","type":"image\/jpeg"}],"twitter_card":"summary_large_image","schema":{"@context":"https:\/\/schema.org","@graph":[{"@type":"WebPage","@id":"https:\/\/my-french-grocery.com\/de\/produkt\/harrys-naturliches-sandwichbrot-grose-scheiben-xl\/","url":"https:\/\/my-french-grocery.com\/de\/produkt\/harrys-naturliches-sandwichbrot-grose-scheiben-xl\/","name":"Harry\u2019s Nat\u00fcrliches Sandwichbrot \u2013 Gro\u00dfe Scheiben XL | Online Kaufen | My French Grocery","isPartOf":{"@id":"https:\/\/my-french-grocery.com\/de\/#website"},"primaryImageOfPage":{"@id":"https:\/\/my-french-grocery.com\/de\/produkt\/harrys-naturliches-sandwichbrot-grose-scheiben-xl\/#primaryimage"},"image":{"@id":"https:\/\/my-french-grocery.com\/de\/produkt\/harrys-naturliches-sandwichbrot-grose-scheiben-xl\/#primaryimage"},"thumbnailUrl":"https:\/\/my-french-grocery.com\/wp-content\/uploads\/2019\/03\/HARRYS-SOFT-BREAD.webp","datePublished":"2019-03-27T15:26:35+00:00","description":"Harry\u2019s Nat\u00fcrliches Sandwichbrot \u2013 Gro\u00dfe Scheiben XL - 825-g-Packung - Entdecken Sie American Sandwich: Das authentische Sandwichbrot von Harrys","breadcrumb":{"@id":"https:\/\/my-french-grocery.com\/de\/produkt\/harrys-naturliches-sandwichbrot-grose-scheiben-xl\/#breadcrumb"},"inLanguage":"de-DE","potentialAction":[{"@type":"ReadAction","target":["https:\/\/my-french-grocery.com\/de\/produkt\/harrys-naturliches-sandwichbrot-grose-scheiben-xl\/"]}]},{"@type":"ImageObject","inLanguage":"de-DE","@id":"https:\/\/my-french-grocery.com\/de\/produkt\/harrys-naturliches-sandwichbrot-grose-scheiben-xl\/#primaryimage","url":"https:\/\/my-french-grocery.com\/wp-content\/uploads\/2019\/03\/HARRYS-SOFT-BREAD.webp","contentUrl":"https:\/\/my-french-grocery.com\/wp-content\/uploads\/2019\/03\/HARRYS-SOFT-BREAD.webp","width":1500,"height":1500},{"@type":"BreadcrumbList","@id":"https:\/\/my-french-grocery.com\/de\/produkt\/harrys-naturliches-sandwichbrot-grose-scheiben-xl\/#breadcrumb","itemListElement":[{"@type":"ListItem","position":1,"name":"Home","item":"https:\/\/my-french-grocery.com\/de\/shopping-seite\/"},{"@type":"ListItem","position":2,"name":"Shop","item":"https:\/\/my-french-grocery.com\/shop\/"},{"@type":"ListItem","position":3,"name":"Brot","item":"https:\/\/my-french-grocery.com\/de\/produkt-kategorie\/brot\/"},{"@type":"ListItem","position":4,"name":"Harry\u2019s Nat\u00fcrliches Sandwichbrot \u2013 Gro\u00dfe Scheiben XL"}]},{"@type":"WebSite","@id":"https:\/\/my-french-grocery.com\/de\/#website","url":"https:\/\/my-french-grocery.com\/de\/","name":"My French Grocery","description":"Your Online French Grocery  !","publisher":{"@id":"https:\/\/my-french-grocery.com\/de\/#organization"},"potentialAction":[{"@type":"SearchAction","target":{"@type":"EntryPoint","urlTemplate":"https:\/\/my-french-grocery.com\/de\/?s={search_term_string}"},"query-input":{"@type":"PropertyValueSpecification","valueRequired":true,"valueName":"search_term_string"}}],"inLanguage":"de-DE"},{"@type":"Organization","@id":"https:\/\/my-french-grocery.com\/de\/#organization","name":"MY FRENCH GROCERY","url":"https:\/\/my-french-grocery.com\/de\/","logo":{"@type":"ImageObject","inLanguage":"de-DE","@id":"https:\/\/my-french-grocery.com\/de\/#\/schema\/logo\/image\/","url":"https:\/\/my-french-grocery.com\/wp-content\/uploads\/2021\/11\/My-French-Grocery-Online-French-Grocery.png","contentUrl":"https:\/\/my-french-grocery.com\/wp-content\/uploads\/2021\/11\/My-French-Grocery-Online-French-Grocery.png","width":100,"height":100,"caption":"MY FRENCH GROCERY"},"image":{"@id":"https:\/\/my-french-grocery.com\/de\/#\/schema\/logo\/image\/"},"sameAs":["https:\/\/www.facebook.com\/myfrenchgrocery\/"]}]}},"brands":[{"id":2428,"name":"Harrys","slug":"harrys-de"}],"_links":{"self":[{"href":"https:\/\/my-french-grocery.com\/de\/wp-json\/wp\/v2\/product\/20559","targetHints":{"allow":["GET"]}}],"collection":[{"href":"https:\/\/my-french-grocery.com\/de\/wp-json\/wp\/v2\/product"}],"about":[{"href":"https:\/\/my-french-grocery.com\/de\/wp-json\/wp\/v2\/types\/product"}],"replies":[{"embeddable":true,"href":"https:\/\/my-french-grocery.com\/de\/wp-json\/wp\/v2\/comments?post=20559"}],"wp:featuredmedia":[{"embeddable":true,"href":"https:\/\/my-french-grocery.com\/de\/wp-json\/wp\/v2\/media\/42663"}],"wp:attachment":[{"href":"https:\/\/my-french-grocery.com\/de\/wp-json\/wp\/v2\/media?parent=20559"}],"wp:term":[{"taxonomy":"pwb-brand","embeddable":true,"href":"https:\/\/my-french-grocery.com\/de\/wp-json\/wp\/v2\/pwb-brand?post=20559"},{"taxonomy":"product_brand","embeddable":true,"href":"https:\/\/my-french-grocery.com\/de\/wp-json\/wp\/v2\/product_brand?post=20559"},{"taxonomy":"product_cat","embeddable":true,"href":"https:\/\/my-french-grocery.com\/de\/wp-json\/wp\/v2\/product_cat?post=20559"},{"taxonomy":"product_tag","embeddable":true,"href":"https:\/\/my-french-grocery.com\/de\/wp-json\/wp\/v2\/product_tag?post=20559"}],"curies":[{"name":"wp","href":"https:\/\/api.w.org\/{rel}","templated":true}]}}