{"id":20729,"date":"2019-04-11T16:58:28","date_gmt":"2019-04-11T14:58:28","guid":{"rendered":"https:\/\/my-french-grocery.com\/product\/connetable-naturliche-kabeljaulebe\/"},"modified":"2022-02-17T15:50:16","modified_gmt":"2022-02-17T13:50:16","slug":"connetable-naturliche-dorschleber","status":"publish","type":"product","link":"https:\/\/my-french-grocery.com\/de\/produkt\/connetable-naturliche-dorschleber\/","title":{"rendered":"Connetable Nat\u00fcrliche Dorschleber"},"content":{"rendered":"<p>Connetable Nat\u00fcrliche Dorschleber<\/p>\n<p>Schachtel mit 121 g<\/p>\n<p>Reich an Omega 3 und Vitamin D, bringt Ihnen nat\u00fcrlicher Lebertran (unger\u00e4uchert) ern\u00e4hrungsphysiologische Vorteile und Genuss.\u00a0Aus wildem Fisch zubereitet, ist es ideal auf Toast.\u00a0Gek\u00fchlt serviert wird es noch bess<\/p>\n","protected":false},"excerpt":{"rendered":"<p>Connetable Nat\u00fcrliche Dorschleber<\/p>\n<p>Schachtel mit 121 g<\/p>\n","protected":false},"featured_media":20730,"comment_status":"open","ping_status":"closed","template":"","meta":[],"pwb-brand":[2292],"product_brand":[],"product_cat":[2255],"product_tag":[2573],"class_list":{"0":"post-20729","1":"product","2":"type-product","3":"status-publish","4":"has-post-thumbnail","6":"pwb-brand-connetable-de","7":"product_cat-meeresprodukte","8":"product_tag-connetable-de","9":"product_shipping_class-internationaler-versand","11":"first","12":"instock","13":"taxable","14":"shipping-taxable","15":"purchasable","16":"product-type-simple"},"brands":[{"id":2292,"name":"Conn\u00e9table","slug":"connetable-de"}],"_links":{"self":[{"href":"https:\/\/my-french-grocery.com\/de\/wp-json\/wp\/v2\/product\/20729","targetHints":{"allow":["GET"]}}],"collection":[{"href":"https:\/\/my-french-grocery.com\/de\/wp-json\/wp\/v2\/product"}],"about":[{"href":"https:\/\/my-french-grocery.com\/de\/wp-json\/wp\/v2\/types\/product"}],"replies":[{"embeddable":true,"href":"https:\/\/my-french-grocery.com\/de\/wp-json\/wp\/v2\/comments?post=20729"}],"wp:featuredmedia":[{"embeddable":true,"href":"https:\/\/my-french-grocery.com\/de\/wp-json\/wp\/v2\/media\/20730"}],"wp:attachment":[{"href":"https:\/\/my-french-grocery.com\/de\/wp-json\/wp\/v2\/media?parent=20729"}],"wp:term":[{"taxonomy":"pwb-brand","embeddable":true,"href":"https:\/\/my-french-grocery.com\/de\/wp-json\/wp\/v2\/pwb-brand?post=20729"},{"taxonomy":"product_brand","embeddable":true,"href":"https:\/\/my-french-grocery.com\/de\/wp-json\/wp\/v2\/product_brand?post=20729"},{"taxonomy":"product_cat","embeddable":true,"href":"https:\/\/my-french-grocery.com\/de\/wp-json\/wp\/v2\/product_cat?post=20729"},{"taxonomy":"product_tag","embeddable":true,"href":"https:\/\/my-french-grocery.com\/de\/wp-json\/wp\/v2\/product_tag?post=20729"}],"curies":[{"name":"wp","href":"https:\/\/api.w.org\/{rel}","templated":true}]}}