{"id":20803,"date":"2019-06-03T11:44:07","date_gmt":"2019-06-03T09:44:07","guid":{"rendered":"https:\/\/my-french-grocery.com\/product\/sprudelwasser-mit-zitronengeschmack-perrier\/"},"modified":"2019-06-03T11:44:07","modified_gmt":"2019-06-03T09:44:07","slug":"sprudelwasser-mit-zitronengeschmack-perrier","status":"publish","type":"product","link":"https:\/\/my-french-grocery.com\/de\/produkt\/sprudelwasser-mit-zitronengeschmack-perrier\/","title":{"rendered":"Sprudelwasser Mit Zitronengeschmack Perrier"},"content":{"rendered":"<p>Sprudelwasser Mit Zitronengeschmack Perrier<\/p>\n<div class=\"pdp-card__header--text\"><span class=\"ds-body-text ds-body-text--weight-bold ds-body-text--size-m ds-body-text--color-standard-2\"><span>1L Flasche<\/span><\/span><\/div>\n<div class=\"main-details--food__shoppinglist\"><\/div>\n<div><span>Immer in Eile?\u00a0<\/span><span>Lassen Sie sich von der Kraft der Bl\u00e4schen von PERRIER Lemon Flavour verf\u00fchren, nat\u00fcrliches Mineralwasser mit subtilem Zitronengeschmack und starker durstl\u00f6schender Kraft!\u00a0<\/span><span>Genie\u00dfen Sie ihn in der Literflasche f\u00fcr eine prickelnde Erfrischung mit Familie oder Freunden zu jeder Tageszeit!\u00a0<\/span><span>Ohne Zucker und ohne S\u00fc\u00dfungsmittel erfrischt dieses Getr\u00e4nk Ihren Alltag!<\/span><\/div>\n","protected":false},"excerpt":{"rendered":"<p>Sprudelwasser Mit Zitronengeschmack Perrier<\/p>\n<div class=\"pdp-card__header--text\"><span class=\"ds-body-text ds-body-text--weight-bold ds-body-text--size-m ds-body-text--color-standard-2\">1L Flasche<\/span><\/div>\n","protected":false},"featured_media":20804,"comment_status":"open","ping_status":"closed","template":"","meta":[],"pwb-brand":[2577],"product_brand":[],"product_cat":[2234],"product_tag":[2576],"class_list":{"0":"post-20803","1":"product","2":"type-product","3":"status-publish","4":"has-post-thumbnail","6":"pwb-brand-perrier-de","7":"product_cat-wasser-fruchtsafte-limonaden-sirups","8":"product_tag-perrier-de","9":"product_shipping_class-internationaler-versand","11":"first","12":"outofstock","13":"taxable","14":"shipping-taxable","15":"purchasable","16":"product-type-simple"},"brands":[{"id":2577,"name":"Perrier","slug":"perrier-de"}],"_links":{"self":[{"href":"https:\/\/my-french-grocery.com\/de\/wp-json\/wp\/v2\/product\/20803","targetHints":{"allow":["GET"]}}],"collection":[{"href":"https:\/\/my-french-grocery.com\/de\/wp-json\/wp\/v2\/product"}],"about":[{"href":"https:\/\/my-french-grocery.com\/de\/wp-json\/wp\/v2\/types\/product"}],"replies":[{"embeddable":true,"href":"https:\/\/my-french-grocery.com\/de\/wp-json\/wp\/v2\/comments?post=20803"}],"wp:featuredmedia":[{"embeddable":true,"href":"https:\/\/my-french-grocery.com\/de\/wp-json\/wp\/v2\/media\/20804"}],"wp:attachment":[{"href":"https:\/\/my-french-grocery.com\/de\/wp-json\/wp\/v2\/media?parent=20803"}],"wp:term":[{"taxonomy":"pwb-brand","embeddable":true,"href":"https:\/\/my-french-grocery.com\/de\/wp-json\/wp\/v2\/pwb-brand?post=20803"},{"taxonomy":"product_brand","embeddable":true,"href":"https:\/\/my-french-grocery.com\/de\/wp-json\/wp\/v2\/product_brand?post=20803"},{"taxonomy":"product_cat","embeddable":true,"href":"https:\/\/my-french-grocery.com\/de\/wp-json\/wp\/v2\/product_cat?post=20803"},{"taxonomy":"product_tag","embeddable":true,"href":"https:\/\/my-french-grocery.com\/de\/wp-json\/wp\/v2\/product_tag?post=20803"}],"curies":[{"name":"wp","href":"https:\/\/api.w.org\/{rel}","templated":true}]}}