{"id":20807,"date":"2019-06-03T11:49:04","date_gmt":"2019-06-03T09:49:04","guid":{"rendered":"https:\/\/my-french-grocery.com\/product\/sprudelwasser-mit-minzgeschmack-perrier\/"},"modified":"2019-06-03T11:49:04","modified_gmt":"2019-06-03T09:49:04","slug":"sprudelwasser-mit-minzgeschmack-perrier","status":"publish","type":"product","link":"https:\/\/my-french-grocery.com\/de\/produkt\/sprudelwasser-mit-minzgeschmack-perrier\/","title":{"rendered":"Sprudelwasser Mit Minzgeschmack Perrier"},"content":{"rendered":"<p>Sprudelwasser Mit Minzgeschmack Perrier<\/p>\n<p><span class=\"ds-body-text ds-body-text--weight-bold ds-body-text--size-m ds-body-text--color-standard-2\"><span>1 L Flasche<\/span><\/span><\/p>\n<p>Wasser, Luft, au\u00dfergew\u00f6hnliche Blasen! Genie\u00dfen Sie das einzigartige Erlebnis eines PERRIER, die Kraft seiner Perlage, seine intensive Frische und seinen lebhaften Geschmack, eine Quelle des Genusses und starker Empfindungen. Genie\u00dfen Sie es in einer 50-cl-Flasche, praktisch und leicht zu transportieren, es wird zu jeder Tageszeit zum Begleiter all Ihrer Abenteuer!<\/p>\n","protected":false},"excerpt":{"rendered":"<p>Sprudelwasser Mit Minzgeschmack Perrier<\/p>\n<p><span class=\"ds-body-text ds-body-text--weight-bold ds-body-text--size-m ds-body-text--color-standard-2\">1 L Flasche<\/span><\/p>\n","protected":false},"featured_media":20808,"comment_status":"open","ping_status":"closed","template":"","meta":[],"pwb-brand":[2577],"product_brand":[],"product_cat":[2234],"product_tag":[2576],"class_list":{"0":"post-20807","1":"product","2":"type-product","3":"status-publish","4":"has-post-thumbnail","6":"pwb-brand-perrier-de","7":"product_cat-wasser-fruchtsafte-limonaden-sirups","8":"product_tag-perrier-de","9":"product_shipping_class-internationaler-versand","11":"first","12":"outofstock","13":"taxable","14":"shipping-taxable","15":"purchasable","16":"product-type-simple"},"yoast_head":"<!-- This site is optimized with the Yoast SEO plugin v27.3 - https:\/\/yoast.com\/product\/yoast-seo-wordpress\/ -->\n<title>Sprudelwasser Mit Minzgeschmack Perrier | Online Kaufen | My French Grocery<\/title>\n<meta name=\"description\" content=\"Sprudelwasser Mit Minzgeschmack Perrier - 1 L Flasche - Wasser, Luft, au\u00dfergew\u00f6hnliche Blasen! Genie\u00dfen Sie das einzigartige Erlebnis eines PERRIER\" \/>\n<meta name=\"robots\" content=\"index, follow, max-snippet:-1, max-image-preview:large, max-video-preview:-1\" \/>\n<link rel=\"canonical\" href=\"https:\/\/my-french-grocery.com\/de\/produkt\/sprudelwasser-mit-minzgeschmack-perrier\/\" \/>\n<meta property=\"og:locale\" content=\"de_DE\" \/>\n<meta property=\"og:type\" content=\"article\" \/>\n<meta property=\"og:title\" content=\"Sprudelwasser Mit Minzgeschmack Perrier | Online Kaufen | My French Grocery\" \/>\n<meta property=\"og:description\" content=\"Sprudelwasser Mit Minzgeschmack Perrier - 1 L Flasche - Wasser, Luft, au\u00dfergew\u00f6hnliche Blasen! Genie\u00dfen Sie das einzigartige Erlebnis eines PERRIER\" \/>\n<meta property=\"og:url\" content=\"https:\/\/my-french-grocery.com\/de\/produkt\/sprudelwasser-mit-minzgeschmack-perrier\/\" \/>\n<meta property=\"og:site_name\" content=\"My French Grocery\" \/>\n<meta property=\"article:publisher\" content=\"https:\/\/www.facebook.com\/myfrenchgrocery\/\" \/>\n<meta property=\"og:image\" content=\"https:\/\/my-french-grocery.com\/wp-content\/uploads\/2019\/06\/PERRIER-MENTHE.jpg\" \/>\n\t<meta property=\"og:image:width\" content=\"540\" \/>\n\t<meta property=\"og:image:height\" content=\"540\" \/>\n\t<meta property=\"og:image:type\" content=\"image\/jpeg\" \/>\n<meta name=\"twitter:card\" content=\"summary_large_image\" \/>\n<script type=\"application\/ld+json\" class=\"yoast-schema-graph\">{\"@context\":\"https:\\\/\\\/schema.org\",\"@graph\":[{\"@type\":\"WebPage\",\"@id\":\"https:\\\/\\\/my-french-grocery.com\\\/de\\\/produkt\\\/sprudelwasser-mit-minzgeschmack-perrier\\\/\",\"url\":\"https:\\\/\\\/my-french-grocery.com\\\/de\\\/produkt\\\/sprudelwasser-mit-minzgeschmack-perrier\\\/\",\"name\":\"Sprudelwasser Mit Minzgeschmack Perrier | Online Kaufen | My French Grocery\",\"isPartOf\":{\"@id\":\"https:\\\/\\\/my-french-grocery.com\\\/de\\\/#website\"},\"primaryImageOfPage\":{\"@id\":\"https:\\\/\\\/my-french-grocery.com\\\/de\\\/produkt\\\/sprudelwasser-mit-minzgeschmack-perrier\\\/#primaryimage\"},\"image\":{\"@id\":\"https:\\\/\\\/my-french-grocery.com\\\/de\\\/produkt\\\/sprudelwasser-mit-minzgeschmack-perrier\\\/#primaryimage\"},\"thumbnailUrl\":\"https:\\\/\\\/my-french-grocery.com\\\/wp-content\\\/uploads\\\/2019\\\/06\\\/PERRIER-MENTHE.jpg\",\"datePublished\":\"2019-06-03T09:49:04+00:00\",\"description\":\"Sprudelwasser Mit Minzgeschmack Perrier - 1 L Flasche - Wasser, Luft, au\u00dfergew\u00f6hnliche Blasen! Genie\u00dfen Sie das einzigartige Erlebnis eines PERRIER\",\"breadcrumb\":{\"@id\":\"https:\\\/\\\/my-french-grocery.com\\\/de\\\/produkt\\\/sprudelwasser-mit-minzgeschmack-perrier\\\/#breadcrumb\"},\"inLanguage\":\"de-DE\",\"potentialAction\":[{\"@type\":\"ReadAction\",\"target\":[\"https:\\\/\\\/my-french-grocery.com\\\/de\\\/produkt\\\/sprudelwasser-mit-minzgeschmack-perrier\\\/\"]}]},{\"@type\":\"ImageObject\",\"inLanguage\":\"de-DE\",\"@id\":\"https:\\\/\\\/my-french-grocery.com\\\/de\\\/produkt\\\/sprudelwasser-mit-minzgeschmack-perrier\\\/#primaryimage\",\"url\":\"https:\\\/\\\/my-french-grocery.com\\\/wp-content\\\/uploads\\\/2019\\\/06\\\/PERRIER-MENTHE.jpg\",\"contentUrl\":\"https:\\\/\\\/my-french-grocery.com\\\/wp-content\\\/uploads\\\/2019\\\/06\\\/PERRIER-MENTHE.jpg\",\"width\":540,\"height\":540,\"caption\":\"Sprudelwasser Mit Minzgeschmack Perrier\"},{\"@type\":\"BreadcrumbList\",\"@id\":\"https:\\\/\\\/my-french-grocery.com\\\/de\\\/produkt\\\/sprudelwasser-mit-minzgeschmack-perrier\\\/#breadcrumb\",\"itemListElement\":[{\"@type\":\"ListItem\",\"position\":1,\"name\":\"Home\",\"item\":\"https:\\\/\\\/my-french-grocery.com\\\/de\\\/shopping-seite\\\/\"},{\"@type\":\"ListItem\",\"position\":2,\"name\":\"Shop\",\"item\":\"https:\\\/\\\/my-french-grocery.com\\\/shop\\\/\"},{\"@type\":\"ListItem\",\"position\":3,\"name\":\"Wasser, Fruchts\u00e4fte, Limonaden, Sirupe\",\"item\":\"https:\\\/\\\/my-french-grocery.com\\\/de\\\/produkt-kategorie\\\/wasser-fruchtsafte-limonaden-sirups\\\/\"},{\"@type\":\"ListItem\",\"position\":4,\"name\":\"Sprudelwasser Mit Minzgeschmack Perrier\"}]},{\"@type\":\"WebSite\",\"@id\":\"https:\\\/\\\/my-french-grocery.com\\\/de\\\/#website\",\"url\":\"https:\\\/\\\/my-french-grocery.com\\\/de\\\/\",\"name\":\"My French Grocery\",\"description\":\"Your Online French Grocery  !\",\"publisher\":{\"@id\":\"https:\\\/\\\/my-french-grocery.com\\\/de\\\/#organization\"},\"potentialAction\":[{\"@type\":\"SearchAction\",\"target\":{\"@type\":\"EntryPoint\",\"urlTemplate\":\"https:\\\/\\\/my-french-grocery.com\\\/de\\\/?s={search_term_string}\"},\"query-input\":{\"@type\":\"PropertyValueSpecification\",\"valueRequired\":true,\"valueName\":\"search_term_string\"}}],\"inLanguage\":\"de-DE\"},{\"@type\":\"Organization\",\"@id\":\"https:\\\/\\\/my-french-grocery.com\\\/de\\\/#organization\",\"name\":\"MY FRENCH GROCERY\",\"url\":\"https:\\\/\\\/my-french-grocery.com\\\/de\\\/\",\"logo\":{\"@type\":\"ImageObject\",\"inLanguage\":\"de-DE\",\"@id\":\"https:\\\/\\\/my-french-grocery.com\\\/de\\\/#\\\/schema\\\/logo\\\/image\\\/\",\"url\":\"https:\\\/\\\/my-french-grocery.com\\\/wp-content\\\/uploads\\\/2021\\\/11\\\/My-French-Grocery-Online-French-Grocery.png\",\"contentUrl\":\"https:\\\/\\\/my-french-grocery.com\\\/wp-content\\\/uploads\\\/2021\\\/11\\\/My-French-Grocery-Online-French-Grocery.png\",\"width\":100,\"height\":100,\"caption\":\"MY FRENCH GROCERY\"},\"image\":{\"@id\":\"https:\\\/\\\/my-french-grocery.com\\\/de\\\/#\\\/schema\\\/logo\\\/image\\\/\"},\"sameAs\":[\"https:\\\/\\\/www.facebook.com\\\/myfrenchgrocery\\\/\"]}]}<\/script>\n<!-- \/ Yoast SEO plugin. -->","yoast_head_json":{"title":"Sprudelwasser Mit Minzgeschmack Perrier | Online Kaufen | My French Grocery","description":"Sprudelwasser Mit Minzgeschmack Perrier - 1 L Flasche - Wasser, Luft, au\u00dfergew\u00f6hnliche Blasen! Genie\u00dfen Sie das einzigartige Erlebnis eines PERRIER","robots":{"index":"index","follow":"follow","max-snippet":"max-snippet:-1","max-image-preview":"max-image-preview:large","max-video-preview":"max-video-preview:-1"},"canonical":"https:\/\/my-french-grocery.com\/de\/produkt\/sprudelwasser-mit-minzgeschmack-perrier\/","og_locale":"de_DE","og_type":"article","og_title":"Sprudelwasser Mit Minzgeschmack Perrier | Online Kaufen | My French Grocery","og_description":"Sprudelwasser Mit Minzgeschmack Perrier - 1 L Flasche - Wasser, Luft, au\u00dfergew\u00f6hnliche Blasen! Genie\u00dfen Sie das einzigartige Erlebnis eines PERRIER","og_url":"https:\/\/my-french-grocery.com\/de\/produkt\/sprudelwasser-mit-minzgeschmack-perrier\/","og_site_name":"My French Grocery","article_publisher":"https:\/\/www.facebook.com\/myfrenchgrocery\/","og_image":[{"width":540,"height":540,"url":"https:\/\/my-french-grocery.com\/wp-content\/uploads\/2019\/06\/PERRIER-MENTHE.jpg","type":"image\/jpeg"}],"twitter_card":"summary_large_image","schema":{"@context":"https:\/\/schema.org","@graph":[{"@type":"WebPage","@id":"https:\/\/my-french-grocery.com\/de\/produkt\/sprudelwasser-mit-minzgeschmack-perrier\/","url":"https:\/\/my-french-grocery.com\/de\/produkt\/sprudelwasser-mit-minzgeschmack-perrier\/","name":"Sprudelwasser Mit Minzgeschmack Perrier | Online Kaufen | My French Grocery","isPartOf":{"@id":"https:\/\/my-french-grocery.com\/de\/#website"},"primaryImageOfPage":{"@id":"https:\/\/my-french-grocery.com\/de\/produkt\/sprudelwasser-mit-minzgeschmack-perrier\/#primaryimage"},"image":{"@id":"https:\/\/my-french-grocery.com\/de\/produkt\/sprudelwasser-mit-minzgeschmack-perrier\/#primaryimage"},"thumbnailUrl":"https:\/\/my-french-grocery.com\/wp-content\/uploads\/2019\/06\/PERRIER-MENTHE.jpg","datePublished":"2019-06-03T09:49:04+00:00","description":"Sprudelwasser Mit Minzgeschmack Perrier - 1 L Flasche - Wasser, Luft, au\u00dfergew\u00f6hnliche Blasen! Genie\u00dfen Sie das einzigartige Erlebnis eines PERRIER","breadcrumb":{"@id":"https:\/\/my-french-grocery.com\/de\/produkt\/sprudelwasser-mit-minzgeschmack-perrier\/#breadcrumb"},"inLanguage":"de-DE","potentialAction":[{"@type":"ReadAction","target":["https:\/\/my-french-grocery.com\/de\/produkt\/sprudelwasser-mit-minzgeschmack-perrier\/"]}]},{"@type":"ImageObject","inLanguage":"de-DE","@id":"https:\/\/my-french-grocery.com\/de\/produkt\/sprudelwasser-mit-minzgeschmack-perrier\/#primaryimage","url":"https:\/\/my-french-grocery.com\/wp-content\/uploads\/2019\/06\/PERRIER-MENTHE.jpg","contentUrl":"https:\/\/my-french-grocery.com\/wp-content\/uploads\/2019\/06\/PERRIER-MENTHE.jpg","width":540,"height":540,"caption":"Sprudelwasser Mit Minzgeschmack Perrier"},{"@type":"BreadcrumbList","@id":"https:\/\/my-french-grocery.com\/de\/produkt\/sprudelwasser-mit-minzgeschmack-perrier\/#breadcrumb","itemListElement":[{"@type":"ListItem","position":1,"name":"Home","item":"https:\/\/my-french-grocery.com\/de\/shopping-seite\/"},{"@type":"ListItem","position":2,"name":"Shop","item":"https:\/\/my-french-grocery.com\/shop\/"},{"@type":"ListItem","position":3,"name":"Wasser, Fruchts\u00e4fte, Limonaden, Sirupe","item":"https:\/\/my-french-grocery.com\/de\/produkt-kategorie\/wasser-fruchtsafte-limonaden-sirups\/"},{"@type":"ListItem","position":4,"name":"Sprudelwasser Mit Minzgeschmack Perrier"}]},{"@type":"WebSite","@id":"https:\/\/my-french-grocery.com\/de\/#website","url":"https:\/\/my-french-grocery.com\/de\/","name":"My French Grocery","description":"Your Online French Grocery  !","publisher":{"@id":"https:\/\/my-french-grocery.com\/de\/#organization"},"potentialAction":[{"@type":"SearchAction","target":{"@type":"EntryPoint","urlTemplate":"https:\/\/my-french-grocery.com\/de\/?s={search_term_string}"},"query-input":{"@type":"PropertyValueSpecification","valueRequired":true,"valueName":"search_term_string"}}],"inLanguage":"de-DE"},{"@type":"Organization","@id":"https:\/\/my-french-grocery.com\/de\/#organization","name":"MY FRENCH GROCERY","url":"https:\/\/my-french-grocery.com\/de\/","logo":{"@type":"ImageObject","inLanguage":"de-DE","@id":"https:\/\/my-french-grocery.com\/de\/#\/schema\/logo\/image\/","url":"https:\/\/my-french-grocery.com\/wp-content\/uploads\/2021\/11\/My-French-Grocery-Online-French-Grocery.png","contentUrl":"https:\/\/my-french-grocery.com\/wp-content\/uploads\/2021\/11\/My-French-Grocery-Online-French-Grocery.png","width":100,"height":100,"caption":"MY FRENCH GROCERY"},"image":{"@id":"https:\/\/my-french-grocery.com\/de\/#\/schema\/logo\/image\/"},"sameAs":["https:\/\/www.facebook.com\/myfrenchgrocery\/"]}]}},"brands":[{"id":2577,"name":"Perrier","slug":"perrier-de"}],"_links":{"self":[{"href":"https:\/\/my-french-grocery.com\/de\/wp-json\/wp\/v2\/product\/20807","targetHints":{"allow":["GET"]}}],"collection":[{"href":"https:\/\/my-french-grocery.com\/de\/wp-json\/wp\/v2\/product"}],"about":[{"href":"https:\/\/my-french-grocery.com\/de\/wp-json\/wp\/v2\/types\/product"}],"replies":[{"embeddable":true,"href":"https:\/\/my-french-grocery.com\/de\/wp-json\/wp\/v2\/comments?post=20807"}],"wp:featuredmedia":[{"embeddable":true,"href":"https:\/\/my-french-grocery.com\/de\/wp-json\/wp\/v2\/media\/20808"}],"wp:attachment":[{"href":"https:\/\/my-french-grocery.com\/de\/wp-json\/wp\/v2\/media?parent=20807"}],"wp:term":[{"taxonomy":"pwb-brand","embeddable":true,"href":"https:\/\/my-french-grocery.com\/de\/wp-json\/wp\/v2\/pwb-brand?post=20807"},{"taxonomy":"product_brand","embeddable":true,"href":"https:\/\/my-french-grocery.com\/de\/wp-json\/wp\/v2\/product_brand?post=20807"},{"taxonomy":"product_cat","embeddable":true,"href":"https:\/\/my-french-grocery.com\/de\/wp-json\/wp\/v2\/product_cat?post=20807"},{"taxonomy":"product_tag","embeddable":true,"href":"https:\/\/my-french-grocery.com\/de\/wp-json\/wp\/v2\/product_tag?post=20807"}],"curies":[{"name":"wp","href":"https:\/\/api.w.org\/{rel}","templated":true}]}}