{"id":20837,"date":"2019-06-03T15:58:30","date_gmt":"2019-06-03T13:58:30","guid":{"rendered":"https:\/\/my-french-grocery.com\/product\/badoit-sprudelwasser-mit-grapefruitgeschmack-limette\/"},"modified":"2019-06-03T15:58:30","modified_gmt":"2019-06-03T13:58:30","slug":"badoit-sprudelwasser-mit-grapefruitgeschmack-limette","status":"publish","type":"product","link":"https:\/\/my-french-grocery.com\/de\/produkt\/badoit-sprudelwasser-mit-grapefruitgeschmack-limette\/","title":{"rendered":"Badoit Sprudelwasser Mit Grapefruitgeschmack &#038; Limette"},"content":{"rendered":"<p>Badoit Sprudelwasser Mit Grapefruitgeschmack & Limette<\/p>\n<p><span class=\"ds-body-text ds-body-text--weight-bold ds-body-text--size-m ds-body-text--color-standard-2\"><span>1L Flasche<\/span><\/span><\/p>\n<p>G\u00f6nnen Sie sich eine fruchtige Pause auf der Basis von nat\u00fcrlichem Mineralwasser, Fr\u00fcchten, nat\u00fcrlichen Aromen und feinen Bl\u00e4schen.Badoit l\u00e4dt Sie ein, seine Fruit Bubbles zu entdecken, deren Aromen Frische und Ausgewogenheit vereinen.<\/p>\n","protected":false},"excerpt":{"rendered":"<p>Badoit Sprudelwasser Mit Grapefruitgeschmack &amp; Limette<\/p>\n<p><span class=\"ds-body-text ds-body-text--weight-bold ds-body-text--size-m ds-body-text--color-standard-2\">1L Flasche<\/span><\/p>\n","protected":false},"featured_media":20838,"comment_status":"open","ping_status":"closed","template":"","meta":[],"pwb-brand":[2583],"product_brand":[],"product_cat":[2234],"product_tag":[2582],"class_list":{"0":"post-20837","1":"product","2":"type-product","3":"status-publish","4":"has-post-thumbnail","6":"pwb-brand-badoit-de","7":"product_cat-wasser-fruchtsafte-limonaden-sirups","8":"product_tag-badoit-de","9":"product_shipping_class-internationaler-versand","11":"first","12":"instock","13":"taxable","14":"shipping-taxable","15":"purchasable","16":"product-type-simple"},"brands":[{"id":2583,"name":"Badoit","slug":"badoit-de"}],"_links":{"self":[{"href":"https:\/\/my-french-grocery.com\/de\/wp-json\/wp\/v2\/product\/20837","targetHints":{"allow":["GET"]}}],"collection":[{"href":"https:\/\/my-french-grocery.com\/de\/wp-json\/wp\/v2\/product"}],"about":[{"href":"https:\/\/my-french-grocery.com\/de\/wp-json\/wp\/v2\/types\/product"}],"replies":[{"embeddable":true,"href":"https:\/\/my-french-grocery.com\/de\/wp-json\/wp\/v2\/comments?post=20837"}],"wp:featuredmedia":[{"embeddable":true,"href":"https:\/\/my-french-grocery.com\/de\/wp-json\/wp\/v2\/media\/20838"}],"wp:attachment":[{"href":"https:\/\/my-french-grocery.com\/de\/wp-json\/wp\/v2\/media?parent=20837"}],"wp:term":[{"taxonomy":"pwb-brand","embeddable":true,"href":"https:\/\/my-french-grocery.com\/de\/wp-json\/wp\/v2\/pwb-brand?post=20837"},{"taxonomy":"product_brand","embeddable":true,"href":"https:\/\/my-french-grocery.com\/de\/wp-json\/wp\/v2\/product_brand?post=20837"},{"taxonomy":"product_cat","embeddable":true,"href":"https:\/\/my-french-grocery.com\/de\/wp-json\/wp\/v2\/product_cat?post=20837"},{"taxonomy":"product_tag","embeddable":true,"href":"https:\/\/my-french-grocery.com\/de\/wp-json\/wp\/v2\/product_tag?post=20837"}],"curies":[{"name":"wp","href":"https:\/\/api.w.org\/{rel}","templated":true}]}}