{"id":20868,"date":"2019-06-06T15:03:16","date_gmt":"2019-06-06T13:03:16","guid":{"rendered":"https:\/\/my-french-grocery.com\/product\/panzani-spaghetti-bolognese\/"},"modified":"2019-06-06T15:03:16","modified_gmt":"2019-06-06T13:03:16","slug":"panzani-spaghetti-bolognese","status":"publish","type":"product","link":"https:\/\/my-french-grocery.com\/de\/produkt\/panzani-spaghetti-bolognese\/","title":{"rendered":"Panzani Spaghetti Bolognese"},"content":{"rendered":"<p>Panzani Spaghetti Bolognese<\/p>\n<p>Schachtel mit 400 g<\/p>\n<p>Frische Spaghetti , eine mit franz\u00f6sischem Rindfleisch gekochte Tomatensauce , ein Hauch Oliven\u00f6l, kleine Karottenst\u00fccke und ein paar Kr\u00e4uter und fertig ist Ihr Spaghetti-Bolognese -Gericht.<\/p>\n<p>Schmeckt gut !<\/p>\n","protected":false},"excerpt":{"rendered":"<p>Panzani Spaghetti Bolognese<\/p>\n<p>Schachtel mit 400 g<\/p>\n","protected":false},"featured_media":20869,"comment_status":"open","ping_status":"closed","template":"","meta":[],"pwb-brand":[2514],"product_brand":[],"product_cat":[2262],"product_tag":[2587],"class_list":{"0":"post-20868","1":"product","2":"type-product","3":"status-publish","4":"has-post-thumbnail","6":"pwb-brand-panzani-de","7":"product_cat-fertiggerichte","8":"product_tag-panzani-de","9":"product_shipping_class-internationaler-versand","11":"first","12":"instock","13":"taxable","14":"shipping-taxable","15":"purchasable","16":"product-type-simple"},"yoast_head":"<!-- This site is optimized with the Yoast SEO plugin v27.3 - https:\/\/yoast.com\/product\/yoast-seo-wordpress\/ -->\n<title>Panzani Spaghetti Bolognese | Online Kaufen | My French Grocery<\/title>\n<meta name=\"description\" content=\"Panzani Spaghetti Bolognese - Schachtel mit 400 g - Frische Spaghetti , eine mit franz\u00f6sischem Rindfleisch gekochte Tomatensauce , ein Hauch Oliven\u00f6l, kleine Karottenst\u00fccke und ein paar Kr\u00e4uter und fertig ist Ihr Spaghetti-Bolognese -Gericht.\" \/>\n<meta name=\"robots\" content=\"index, follow, max-snippet:-1, max-image-preview:large, max-video-preview:-1\" \/>\n<link rel=\"canonical\" href=\"https:\/\/my-french-grocery.com\/de\/produkt\/panzani-spaghetti-bolognese\/\" \/>\n<meta property=\"og:locale\" content=\"de_DE\" \/>\n<meta property=\"og:type\" content=\"article\" \/>\n<meta property=\"og:title\" content=\"Panzani Spaghetti Bolognese | Online Kaufen | My French Grocery\" \/>\n<meta property=\"og:description\" content=\"Panzani Spaghetti Bolognese - Schachtel mit 400 g - Frische Spaghetti , eine mit franz\u00f6sischem Rindfleisch gekochte Tomatensauce , ein Hauch Oliven\u00f6l, kleine Karottenst\u00fccke und ein paar Kr\u00e4uter und fertig ist Ihr Spaghetti-Bolognese -Gericht.\" \/>\n<meta property=\"og:url\" content=\"https:\/\/my-french-grocery.com\/de\/produkt\/panzani-spaghetti-bolognese\/\" \/>\n<meta property=\"og:site_name\" content=\"My French Grocery\" \/>\n<meta property=\"article:publisher\" content=\"https:\/\/www.facebook.com\/myfrenchgrocery\/\" \/>\n<meta property=\"og:image\" content=\"https:\/\/my-french-grocery.com\/wp-content\/uploads\/2019\/06\/SPAGHETTI-PANZANI.jpg\" \/>\n\t<meta property=\"og:image:width\" content=\"540\" \/>\n\t<meta property=\"og:image:height\" content=\"540\" \/>\n\t<meta property=\"og:image:type\" content=\"image\/jpeg\" \/>\n<meta name=\"twitter:card\" content=\"summary_large_image\" \/>\n<script type=\"application\/ld+json\" class=\"yoast-schema-graph\">{\"@context\":\"https:\\\/\\\/schema.org\",\"@graph\":[{\"@type\":\"WebPage\",\"@id\":\"https:\\\/\\\/my-french-grocery.com\\\/de\\\/produkt\\\/panzani-spaghetti-bolognese\\\/\",\"url\":\"https:\\\/\\\/my-french-grocery.com\\\/de\\\/produkt\\\/panzani-spaghetti-bolognese\\\/\",\"name\":\"Panzani Spaghetti Bolognese | Online Kaufen | My French Grocery\",\"isPartOf\":{\"@id\":\"https:\\\/\\\/my-french-grocery.com\\\/de\\\/#website\"},\"primaryImageOfPage\":{\"@id\":\"https:\\\/\\\/my-french-grocery.com\\\/de\\\/produkt\\\/panzani-spaghetti-bolognese\\\/#primaryimage\"},\"image\":{\"@id\":\"https:\\\/\\\/my-french-grocery.com\\\/de\\\/produkt\\\/panzani-spaghetti-bolognese\\\/#primaryimage\"},\"thumbnailUrl\":\"https:\\\/\\\/my-french-grocery.com\\\/wp-content\\\/uploads\\\/2019\\\/06\\\/SPAGHETTI-PANZANI.jpg\",\"datePublished\":\"2019-06-06T13:03:16+00:00\",\"description\":\"Panzani Spaghetti Bolognese - Schachtel mit 400 g - Frische Spaghetti , eine mit franz\u00f6sischem Rindfleisch gekochte Tomatensauce , ein Hauch Oliven\u00f6l, kleine Karottenst\u00fccke und ein paar Kr\u00e4uter und fertig ist Ihr Spaghetti-Bolognese -Gericht.\",\"breadcrumb\":{\"@id\":\"https:\\\/\\\/my-french-grocery.com\\\/de\\\/produkt\\\/panzani-spaghetti-bolognese\\\/#breadcrumb\"},\"inLanguage\":\"de-DE\",\"potentialAction\":[{\"@type\":\"ReadAction\",\"target\":[\"https:\\\/\\\/my-french-grocery.com\\\/de\\\/produkt\\\/panzani-spaghetti-bolognese\\\/\"]}]},{\"@type\":\"ImageObject\",\"inLanguage\":\"de-DE\",\"@id\":\"https:\\\/\\\/my-french-grocery.com\\\/de\\\/produkt\\\/panzani-spaghetti-bolognese\\\/#primaryimage\",\"url\":\"https:\\\/\\\/my-french-grocery.com\\\/wp-content\\\/uploads\\\/2019\\\/06\\\/SPAGHETTI-PANZANI.jpg\",\"contentUrl\":\"https:\\\/\\\/my-french-grocery.com\\\/wp-content\\\/uploads\\\/2019\\\/06\\\/SPAGHETTI-PANZANI.jpg\",\"width\":540,\"height\":540,\"caption\":\"Panzani Spaghetti Bolognese\"},{\"@type\":\"BreadcrumbList\",\"@id\":\"https:\\\/\\\/my-french-grocery.com\\\/de\\\/produkt\\\/panzani-spaghetti-bolognese\\\/#breadcrumb\",\"itemListElement\":[{\"@type\":\"ListItem\",\"position\":1,\"name\":\"Home\",\"item\":\"https:\\\/\\\/my-french-grocery.com\\\/de\\\/shopping-seite\\\/\"},{\"@type\":\"ListItem\",\"position\":2,\"name\":\"Shop\",\"item\":\"https:\\\/\\\/my-french-grocery.com\\\/shop\\\/\"},{\"@type\":\"ListItem\",\"position\":3,\"name\":\"Fertiggerichte\",\"item\":\"https:\\\/\\\/my-french-grocery.com\\\/de\\\/produkt-kategorie\\\/fertiggerichte\\\/\"},{\"@type\":\"ListItem\",\"position\":4,\"name\":\"Panzani Spaghetti Bolognese\"}]},{\"@type\":\"WebSite\",\"@id\":\"https:\\\/\\\/my-french-grocery.com\\\/de\\\/#website\",\"url\":\"https:\\\/\\\/my-french-grocery.com\\\/de\\\/\",\"name\":\"My French Grocery\",\"description\":\"Your Online French Grocery  !\",\"publisher\":{\"@id\":\"https:\\\/\\\/my-french-grocery.com\\\/de\\\/#organization\"},\"potentialAction\":[{\"@type\":\"SearchAction\",\"target\":{\"@type\":\"EntryPoint\",\"urlTemplate\":\"https:\\\/\\\/my-french-grocery.com\\\/de\\\/?s={search_term_string}\"},\"query-input\":{\"@type\":\"PropertyValueSpecification\",\"valueRequired\":true,\"valueName\":\"search_term_string\"}}],\"inLanguage\":\"de-DE\"},{\"@type\":\"Organization\",\"@id\":\"https:\\\/\\\/my-french-grocery.com\\\/de\\\/#organization\",\"name\":\"MY FRENCH GROCERY\",\"url\":\"https:\\\/\\\/my-french-grocery.com\\\/de\\\/\",\"logo\":{\"@type\":\"ImageObject\",\"inLanguage\":\"de-DE\",\"@id\":\"https:\\\/\\\/my-french-grocery.com\\\/de\\\/#\\\/schema\\\/logo\\\/image\\\/\",\"url\":\"https:\\\/\\\/my-french-grocery.com\\\/wp-content\\\/uploads\\\/2021\\\/11\\\/My-French-Grocery-Online-French-Grocery.png\",\"contentUrl\":\"https:\\\/\\\/my-french-grocery.com\\\/wp-content\\\/uploads\\\/2021\\\/11\\\/My-French-Grocery-Online-French-Grocery.png\",\"width\":100,\"height\":100,\"caption\":\"MY FRENCH GROCERY\"},\"image\":{\"@id\":\"https:\\\/\\\/my-french-grocery.com\\\/de\\\/#\\\/schema\\\/logo\\\/image\\\/\"},\"sameAs\":[\"https:\\\/\\\/www.facebook.com\\\/myfrenchgrocery\\\/\"]}]}<\/script>\n<!-- \/ Yoast SEO plugin. -->","yoast_head_json":{"title":"Panzani Spaghetti Bolognese | Online Kaufen | My French Grocery","description":"Panzani Spaghetti Bolognese - Schachtel mit 400 g - Frische Spaghetti , eine mit franz\u00f6sischem Rindfleisch gekochte Tomatensauce , ein Hauch Oliven\u00f6l, kleine Karottenst\u00fccke und ein paar Kr\u00e4uter und fertig ist Ihr Spaghetti-Bolognese -Gericht.","robots":{"index":"index","follow":"follow","max-snippet":"max-snippet:-1","max-image-preview":"max-image-preview:large","max-video-preview":"max-video-preview:-1"},"canonical":"https:\/\/my-french-grocery.com\/de\/produkt\/panzani-spaghetti-bolognese\/","og_locale":"de_DE","og_type":"article","og_title":"Panzani Spaghetti Bolognese | Online Kaufen | My French Grocery","og_description":"Panzani Spaghetti Bolognese - Schachtel mit 400 g - Frische Spaghetti , eine mit franz\u00f6sischem Rindfleisch gekochte Tomatensauce , ein Hauch Oliven\u00f6l, kleine Karottenst\u00fccke und ein paar Kr\u00e4uter und fertig ist Ihr Spaghetti-Bolognese -Gericht.","og_url":"https:\/\/my-french-grocery.com\/de\/produkt\/panzani-spaghetti-bolognese\/","og_site_name":"My French Grocery","article_publisher":"https:\/\/www.facebook.com\/myfrenchgrocery\/","og_image":[{"width":540,"height":540,"url":"https:\/\/my-french-grocery.com\/wp-content\/uploads\/2019\/06\/SPAGHETTI-PANZANI.jpg","type":"image\/jpeg"}],"twitter_card":"summary_large_image","schema":{"@context":"https:\/\/schema.org","@graph":[{"@type":"WebPage","@id":"https:\/\/my-french-grocery.com\/de\/produkt\/panzani-spaghetti-bolognese\/","url":"https:\/\/my-french-grocery.com\/de\/produkt\/panzani-spaghetti-bolognese\/","name":"Panzani Spaghetti Bolognese | Online Kaufen | My French Grocery","isPartOf":{"@id":"https:\/\/my-french-grocery.com\/de\/#website"},"primaryImageOfPage":{"@id":"https:\/\/my-french-grocery.com\/de\/produkt\/panzani-spaghetti-bolognese\/#primaryimage"},"image":{"@id":"https:\/\/my-french-grocery.com\/de\/produkt\/panzani-spaghetti-bolognese\/#primaryimage"},"thumbnailUrl":"https:\/\/my-french-grocery.com\/wp-content\/uploads\/2019\/06\/SPAGHETTI-PANZANI.jpg","datePublished":"2019-06-06T13:03:16+00:00","description":"Panzani Spaghetti Bolognese - Schachtel mit 400 g - Frische Spaghetti , eine mit franz\u00f6sischem Rindfleisch gekochte Tomatensauce , ein Hauch Oliven\u00f6l, kleine Karottenst\u00fccke und ein paar Kr\u00e4uter und fertig ist Ihr Spaghetti-Bolognese -Gericht.","breadcrumb":{"@id":"https:\/\/my-french-grocery.com\/de\/produkt\/panzani-spaghetti-bolognese\/#breadcrumb"},"inLanguage":"de-DE","potentialAction":[{"@type":"ReadAction","target":["https:\/\/my-french-grocery.com\/de\/produkt\/panzani-spaghetti-bolognese\/"]}]},{"@type":"ImageObject","inLanguage":"de-DE","@id":"https:\/\/my-french-grocery.com\/de\/produkt\/panzani-spaghetti-bolognese\/#primaryimage","url":"https:\/\/my-french-grocery.com\/wp-content\/uploads\/2019\/06\/SPAGHETTI-PANZANI.jpg","contentUrl":"https:\/\/my-french-grocery.com\/wp-content\/uploads\/2019\/06\/SPAGHETTI-PANZANI.jpg","width":540,"height":540,"caption":"Panzani Spaghetti Bolognese"},{"@type":"BreadcrumbList","@id":"https:\/\/my-french-grocery.com\/de\/produkt\/panzani-spaghetti-bolognese\/#breadcrumb","itemListElement":[{"@type":"ListItem","position":1,"name":"Home","item":"https:\/\/my-french-grocery.com\/de\/shopping-seite\/"},{"@type":"ListItem","position":2,"name":"Shop","item":"https:\/\/my-french-grocery.com\/shop\/"},{"@type":"ListItem","position":3,"name":"Fertiggerichte","item":"https:\/\/my-french-grocery.com\/de\/produkt-kategorie\/fertiggerichte\/"},{"@type":"ListItem","position":4,"name":"Panzani Spaghetti Bolognese"}]},{"@type":"WebSite","@id":"https:\/\/my-french-grocery.com\/de\/#website","url":"https:\/\/my-french-grocery.com\/de\/","name":"My French Grocery","description":"Your Online French Grocery  !","publisher":{"@id":"https:\/\/my-french-grocery.com\/de\/#organization"},"potentialAction":[{"@type":"SearchAction","target":{"@type":"EntryPoint","urlTemplate":"https:\/\/my-french-grocery.com\/de\/?s={search_term_string}"},"query-input":{"@type":"PropertyValueSpecification","valueRequired":true,"valueName":"search_term_string"}}],"inLanguage":"de-DE"},{"@type":"Organization","@id":"https:\/\/my-french-grocery.com\/de\/#organization","name":"MY FRENCH GROCERY","url":"https:\/\/my-french-grocery.com\/de\/","logo":{"@type":"ImageObject","inLanguage":"de-DE","@id":"https:\/\/my-french-grocery.com\/de\/#\/schema\/logo\/image\/","url":"https:\/\/my-french-grocery.com\/wp-content\/uploads\/2021\/11\/My-French-Grocery-Online-French-Grocery.png","contentUrl":"https:\/\/my-french-grocery.com\/wp-content\/uploads\/2021\/11\/My-French-Grocery-Online-French-Grocery.png","width":100,"height":100,"caption":"MY FRENCH GROCERY"},"image":{"@id":"https:\/\/my-french-grocery.com\/de\/#\/schema\/logo\/image\/"},"sameAs":["https:\/\/www.facebook.com\/myfrenchgrocery\/"]}]}},"brands":[{"id":2514,"name":"Panzani","slug":"panzani-de"}],"_links":{"self":[{"href":"https:\/\/my-french-grocery.com\/de\/wp-json\/wp\/v2\/product\/20868","targetHints":{"allow":["GET"]}}],"collection":[{"href":"https:\/\/my-french-grocery.com\/de\/wp-json\/wp\/v2\/product"}],"about":[{"href":"https:\/\/my-french-grocery.com\/de\/wp-json\/wp\/v2\/types\/product"}],"replies":[{"embeddable":true,"href":"https:\/\/my-french-grocery.com\/de\/wp-json\/wp\/v2\/comments?post=20868"}],"wp:featuredmedia":[{"embeddable":true,"href":"https:\/\/my-french-grocery.com\/de\/wp-json\/wp\/v2\/media\/20869"}],"wp:attachment":[{"href":"https:\/\/my-french-grocery.com\/de\/wp-json\/wp\/v2\/media?parent=20868"}],"wp:term":[{"taxonomy":"pwb-brand","embeddable":true,"href":"https:\/\/my-french-grocery.com\/de\/wp-json\/wp\/v2\/pwb-brand?post=20868"},{"taxonomy":"product_brand","embeddable":true,"href":"https:\/\/my-french-grocery.com\/de\/wp-json\/wp\/v2\/product_brand?post=20868"},{"taxonomy":"product_cat","embeddable":true,"href":"https:\/\/my-french-grocery.com\/de\/wp-json\/wp\/v2\/product_cat?post=20868"},{"taxonomy":"product_tag","embeddable":true,"href":"https:\/\/my-french-grocery.com\/de\/wp-json\/wp\/v2\/product_tag?post=20868"}],"curies":[{"name":"wp","href":"https:\/\/api.w.org\/{rel}","templated":true}]}}