{"id":20900,"date":"2019-07-16T15:27:48","date_gmt":"2019-07-16T13:27:48","guid":{"rendered":"https:\/\/my-french-grocery.com\/product\/mirabellenmarmelade-reflets-de-france\/"},"modified":"2023-12-26T18:56:39","modified_gmt":"2023-12-26T16:56:39","slug":"mirabellenmarmelade-reflets-de-france","status":"publish","type":"product","link":"https:\/\/my-french-grocery.com\/de\/produkt\/mirabellenmarmelade-reflets-de-france\/","title":{"rendered":"Mirabellenmarmelade Reflets De France"},"content":{"rendered":"<p>Mirabellenmarmelade Reflets De France<\/p>\n<div class=\"pdp-card__header--text\"><span class=\"ds-body-text ds-body-text--weight-bold ds-body-text--size-m ds-body-text--color-standard-2\">315 g Glas<\/span><\/div>\n<div><\/div>\n<div>K\u00f6stliche kleine goldene Pflaume, sehr duftend, die Mirabelle ist f\u00fcr die Lothringer das, was der Apfel f\u00fcr die Normannen ist. Wenn sie reif sind, werden die Fr\u00fcchte traditionell mit gerade genug Zucker gekocht, um all ihre Aromen freizusetzen.<\/div>\n","protected":false},"excerpt":{"rendered":"<p>Mirabellenmarmelade Reflets De France<\/p>\n<div class=\"pdp-card__header--text\"><span class=\"ds-body-text ds-body-text--weight-bold ds-body-text--size-m ds-body-text--color-standard-2\">315 g Glas<\/span><\/div>\n","protected":false},"featured_media":20901,"comment_status":"open","ping_status":"closed","template":"","meta":[],"pwb-brand":[2319],"product_brand":[],"product_cat":[2186],"product_tag":[2592],"class_list":{"0":"post-20900","1":"product","2":"type-product","3":"status-publish","4":"has-post-thumbnail","6":"pwb-brand-reflets-de-france-de","7":"product_cat-marmelade","8":"product_tag-marmelade","9":"product_shipping_class-internationaler-versand","11":"first","12":"instock","13":"taxable","14":"shipping-taxable","15":"purchasable","16":"product-type-simple"},"yoast_head":"<!-- This site is optimized with the Yoast SEO plugin v27.4 - https:\/\/yoast.com\/product\/yoast-seo-wordpress\/ -->\n<title>Mirabellenmarmelade Reflets De France | Online Kaufen | My French Grocery<\/title>\n<meta name=\"description\" content=\"Mirabellenmarmelade Reflets De France - 315g Glas - K\u00f6stliche kleine goldene Pflaume, sehr duftend, die Mirabelle ist f\u00fcr die Lothringer das, was der Apfel f\u00fcr die Normannen ist.\" \/>\n<meta name=\"robots\" content=\"index, follow, max-snippet:-1, max-image-preview:large, max-video-preview:-1\" \/>\n<link rel=\"canonical\" href=\"https:\/\/my-french-grocery.com\/de\/produkt\/mirabellenmarmelade-reflets-de-france\/\" \/>\n<meta property=\"og:locale\" content=\"de_DE\" \/>\n<meta property=\"og:type\" content=\"article\" \/>\n<meta property=\"og:title\" content=\"Mirabellenmarmelade Reflets De France | Online Kaufen | My French Grocery\" \/>\n<meta property=\"og:description\" content=\"Mirabellenmarmelade Reflets De France - 315g Glas - K\u00f6stliche kleine goldene Pflaume, sehr duftend, die Mirabelle ist f\u00fcr die Lothringer das, was der Apfel f\u00fcr die Normannen ist.\" \/>\n<meta property=\"og:url\" content=\"https:\/\/my-french-grocery.com\/de\/produkt\/mirabellenmarmelade-reflets-de-france\/\" \/>\n<meta property=\"og:site_name\" content=\"My French Grocery\" \/>\n<meta property=\"article:publisher\" content=\"https:\/\/www.facebook.com\/myfrenchgrocery\/\" \/>\n<meta property=\"article:modified_time\" content=\"2023-12-26T16:56:39+00:00\" \/>\n<meta property=\"og:image\" content=\"https:\/\/my-french-grocery.com\/wp-content\/uploads\/2019\/07\/confiture-mirabelle-reflets-de-france.jpg\" \/>\n\t<meta property=\"og:image:width\" content=\"1500\" \/>\n\t<meta property=\"og:image:height\" content=\"1500\" \/>\n\t<meta property=\"og:image:type\" content=\"image\/jpeg\" \/>\n<meta name=\"twitter:card\" content=\"summary_large_image\" \/>\n<script type=\"application\/ld+json\" class=\"yoast-schema-graph\">{\"@context\":\"https:\\\/\\\/schema.org\",\"@graph\":[{\"@type\":\"WebPage\",\"@id\":\"https:\\\/\\\/my-french-grocery.com\\\/de\\\/produkt\\\/mirabellenmarmelade-reflets-de-france\\\/\",\"url\":\"https:\\\/\\\/my-french-grocery.com\\\/de\\\/produkt\\\/mirabellenmarmelade-reflets-de-france\\\/\",\"name\":\"Mirabellenmarmelade Reflets De France | Online Kaufen | My French Grocery\",\"isPartOf\":{\"@id\":\"https:\\\/\\\/my-french-grocery.com\\\/de\\\/#website\"},\"primaryImageOfPage\":{\"@id\":\"https:\\\/\\\/my-french-grocery.com\\\/de\\\/produkt\\\/mirabellenmarmelade-reflets-de-france\\\/#primaryimage\"},\"image\":{\"@id\":\"https:\\\/\\\/my-french-grocery.com\\\/de\\\/produkt\\\/mirabellenmarmelade-reflets-de-france\\\/#primaryimage\"},\"thumbnailUrl\":\"https:\\\/\\\/my-french-grocery.com\\\/wp-content\\\/uploads\\\/2019\\\/07\\\/confiture-mirabelle-reflets-de-france.jpg\",\"datePublished\":\"2019-07-16T13:27:48+00:00\",\"dateModified\":\"2023-12-26T16:56:39+00:00\",\"description\":\"Mirabellenmarmelade Reflets De France - 315g Glas - K\u00f6stliche kleine goldene Pflaume, sehr duftend, die Mirabelle ist f\u00fcr die Lothringer das, was der Apfel f\u00fcr die Normannen ist.\",\"breadcrumb\":{\"@id\":\"https:\\\/\\\/my-french-grocery.com\\\/de\\\/produkt\\\/mirabellenmarmelade-reflets-de-france\\\/#breadcrumb\"},\"inLanguage\":\"de-DE\",\"potentialAction\":[{\"@type\":\"ReadAction\",\"target\":[\"https:\\\/\\\/my-french-grocery.com\\\/de\\\/produkt\\\/mirabellenmarmelade-reflets-de-france\\\/\"]}]},{\"@type\":\"ImageObject\",\"inLanguage\":\"de-DE\",\"@id\":\"https:\\\/\\\/my-french-grocery.com\\\/de\\\/produkt\\\/mirabellenmarmelade-reflets-de-france\\\/#primaryimage\",\"url\":\"https:\\\/\\\/my-french-grocery.com\\\/wp-content\\\/uploads\\\/2019\\\/07\\\/confiture-mirabelle-reflets-de-france.jpg\",\"contentUrl\":\"https:\\\/\\\/my-french-grocery.com\\\/wp-content\\\/uploads\\\/2019\\\/07\\\/confiture-mirabelle-reflets-de-france.jpg\",\"width\":1500,\"height\":1500,\"caption\":\"Mirabellenmarmelade Reflets De France\"},{\"@type\":\"BreadcrumbList\",\"@id\":\"https:\\\/\\\/my-french-grocery.com\\\/de\\\/produkt\\\/mirabellenmarmelade-reflets-de-france\\\/#breadcrumb\",\"itemListElement\":[{\"@type\":\"ListItem\",\"position\":1,\"name\":\"Home\",\"item\":\"https:\\\/\\\/my-french-grocery.com\\\/de\\\/shopping-seite\\\/\"},{\"@type\":\"ListItem\",\"position\":2,\"name\":\"Shop\",\"item\":\"https:\\\/\\\/my-french-grocery.com\\\/shop\\\/\"},{\"@type\":\"ListItem\",\"position\":3,\"name\":\"Marmelade\",\"item\":\"https:\\\/\\\/my-french-grocery.com\\\/de\\\/produkt-kategorie\\\/marmelade\\\/\"},{\"@type\":\"ListItem\",\"position\":4,\"name\":\"Mirabellenmarmelade Reflets De France\"}]},{\"@type\":\"WebSite\",\"@id\":\"https:\\\/\\\/my-french-grocery.com\\\/de\\\/#website\",\"url\":\"https:\\\/\\\/my-french-grocery.com\\\/de\\\/\",\"name\":\"My French Grocery\",\"description\":\"Your Online French Grocery  !\",\"publisher\":{\"@id\":\"https:\\\/\\\/my-french-grocery.com\\\/de\\\/#organization\"},\"potentialAction\":[{\"@type\":\"SearchAction\",\"target\":{\"@type\":\"EntryPoint\",\"urlTemplate\":\"https:\\\/\\\/my-french-grocery.com\\\/de\\\/?s={search_term_string}\"},\"query-input\":{\"@type\":\"PropertyValueSpecification\",\"valueRequired\":true,\"valueName\":\"search_term_string\"}}],\"inLanguage\":\"de-DE\"},{\"@type\":\"Organization\",\"@id\":\"https:\\\/\\\/my-french-grocery.com\\\/de\\\/#organization\",\"name\":\"MY FRENCH GROCERY\",\"url\":\"https:\\\/\\\/my-french-grocery.com\\\/de\\\/\",\"logo\":{\"@type\":\"ImageObject\",\"inLanguage\":\"de-DE\",\"@id\":\"https:\\\/\\\/my-french-grocery.com\\\/de\\\/#\\\/schema\\\/logo\\\/image\\\/\",\"url\":\"https:\\\/\\\/my-french-grocery.com\\\/wp-content\\\/uploads\\\/2021\\\/11\\\/My-French-Grocery-Online-French-Grocery.png\",\"contentUrl\":\"https:\\\/\\\/my-french-grocery.com\\\/wp-content\\\/uploads\\\/2021\\\/11\\\/My-French-Grocery-Online-French-Grocery.png\",\"width\":100,\"height\":100,\"caption\":\"MY FRENCH GROCERY\"},\"image\":{\"@id\":\"https:\\\/\\\/my-french-grocery.com\\\/de\\\/#\\\/schema\\\/logo\\\/image\\\/\"},\"sameAs\":[\"https:\\\/\\\/www.facebook.com\\\/myfrenchgrocery\\\/\"]}]}<\/script>\n<!-- \/ Yoast SEO plugin. -->","yoast_head_json":{"title":"Mirabellenmarmelade Reflets De France | Online Kaufen | My French Grocery","description":"Mirabellenmarmelade Reflets De France - 315g Glas - K\u00f6stliche kleine goldene Pflaume, sehr duftend, die Mirabelle ist f\u00fcr die Lothringer das, was der Apfel f\u00fcr die Normannen ist.","robots":{"index":"index","follow":"follow","max-snippet":"max-snippet:-1","max-image-preview":"max-image-preview:large","max-video-preview":"max-video-preview:-1"},"canonical":"https:\/\/my-french-grocery.com\/de\/produkt\/mirabellenmarmelade-reflets-de-france\/","og_locale":"de_DE","og_type":"article","og_title":"Mirabellenmarmelade Reflets De France | Online Kaufen | My French Grocery","og_description":"Mirabellenmarmelade Reflets De France - 315g Glas - K\u00f6stliche kleine goldene Pflaume, sehr duftend, die Mirabelle ist f\u00fcr die Lothringer das, was der Apfel f\u00fcr die Normannen ist.","og_url":"https:\/\/my-french-grocery.com\/de\/produkt\/mirabellenmarmelade-reflets-de-france\/","og_site_name":"My French Grocery","article_publisher":"https:\/\/www.facebook.com\/myfrenchgrocery\/","article_modified_time":"2023-12-26T16:56:39+00:00","og_image":[{"width":1500,"height":1500,"url":"https:\/\/my-french-grocery.com\/wp-content\/uploads\/2019\/07\/confiture-mirabelle-reflets-de-france.jpg","type":"image\/jpeg"}],"twitter_card":"summary_large_image","schema":{"@context":"https:\/\/schema.org","@graph":[{"@type":"WebPage","@id":"https:\/\/my-french-grocery.com\/de\/produkt\/mirabellenmarmelade-reflets-de-france\/","url":"https:\/\/my-french-grocery.com\/de\/produkt\/mirabellenmarmelade-reflets-de-france\/","name":"Mirabellenmarmelade Reflets De France | Online Kaufen | My French Grocery","isPartOf":{"@id":"https:\/\/my-french-grocery.com\/de\/#website"},"primaryImageOfPage":{"@id":"https:\/\/my-french-grocery.com\/de\/produkt\/mirabellenmarmelade-reflets-de-france\/#primaryimage"},"image":{"@id":"https:\/\/my-french-grocery.com\/de\/produkt\/mirabellenmarmelade-reflets-de-france\/#primaryimage"},"thumbnailUrl":"https:\/\/my-french-grocery.com\/wp-content\/uploads\/2019\/07\/confiture-mirabelle-reflets-de-france.jpg","datePublished":"2019-07-16T13:27:48+00:00","dateModified":"2023-12-26T16:56:39+00:00","description":"Mirabellenmarmelade Reflets De France - 315g Glas - K\u00f6stliche kleine goldene Pflaume, sehr duftend, die Mirabelle ist f\u00fcr die Lothringer das, was der Apfel f\u00fcr die Normannen ist.","breadcrumb":{"@id":"https:\/\/my-french-grocery.com\/de\/produkt\/mirabellenmarmelade-reflets-de-france\/#breadcrumb"},"inLanguage":"de-DE","potentialAction":[{"@type":"ReadAction","target":["https:\/\/my-french-grocery.com\/de\/produkt\/mirabellenmarmelade-reflets-de-france\/"]}]},{"@type":"ImageObject","inLanguage":"de-DE","@id":"https:\/\/my-french-grocery.com\/de\/produkt\/mirabellenmarmelade-reflets-de-france\/#primaryimage","url":"https:\/\/my-french-grocery.com\/wp-content\/uploads\/2019\/07\/confiture-mirabelle-reflets-de-france.jpg","contentUrl":"https:\/\/my-french-grocery.com\/wp-content\/uploads\/2019\/07\/confiture-mirabelle-reflets-de-france.jpg","width":1500,"height":1500,"caption":"Mirabellenmarmelade Reflets De France"},{"@type":"BreadcrumbList","@id":"https:\/\/my-french-grocery.com\/de\/produkt\/mirabellenmarmelade-reflets-de-france\/#breadcrumb","itemListElement":[{"@type":"ListItem","position":1,"name":"Home","item":"https:\/\/my-french-grocery.com\/de\/shopping-seite\/"},{"@type":"ListItem","position":2,"name":"Shop","item":"https:\/\/my-french-grocery.com\/shop\/"},{"@type":"ListItem","position":3,"name":"Marmelade","item":"https:\/\/my-french-grocery.com\/de\/produkt-kategorie\/marmelade\/"},{"@type":"ListItem","position":4,"name":"Mirabellenmarmelade Reflets De France"}]},{"@type":"WebSite","@id":"https:\/\/my-french-grocery.com\/de\/#website","url":"https:\/\/my-french-grocery.com\/de\/","name":"My French Grocery","description":"Your Online French Grocery  !","publisher":{"@id":"https:\/\/my-french-grocery.com\/de\/#organization"},"potentialAction":[{"@type":"SearchAction","target":{"@type":"EntryPoint","urlTemplate":"https:\/\/my-french-grocery.com\/de\/?s={search_term_string}"},"query-input":{"@type":"PropertyValueSpecification","valueRequired":true,"valueName":"search_term_string"}}],"inLanguage":"de-DE"},{"@type":"Organization","@id":"https:\/\/my-french-grocery.com\/de\/#organization","name":"MY FRENCH GROCERY","url":"https:\/\/my-french-grocery.com\/de\/","logo":{"@type":"ImageObject","inLanguage":"de-DE","@id":"https:\/\/my-french-grocery.com\/de\/#\/schema\/logo\/image\/","url":"https:\/\/my-french-grocery.com\/wp-content\/uploads\/2021\/11\/My-French-Grocery-Online-French-Grocery.png","contentUrl":"https:\/\/my-french-grocery.com\/wp-content\/uploads\/2021\/11\/My-French-Grocery-Online-French-Grocery.png","width":100,"height":100,"caption":"MY FRENCH GROCERY"},"image":{"@id":"https:\/\/my-french-grocery.com\/de\/#\/schema\/logo\/image\/"},"sameAs":["https:\/\/www.facebook.com\/myfrenchgrocery\/"]}]}},"brands":[{"id":2319,"name":"Reflets De France","slug":"reflets-de-france-de"}],"_links":{"self":[{"href":"https:\/\/my-french-grocery.com\/de\/wp-json\/wp\/v2\/product\/20900","targetHints":{"allow":["GET"]}}],"collection":[{"href":"https:\/\/my-french-grocery.com\/de\/wp-json\/wp\/v2\/product"}],"about":[{"href":"https:\/\/my-french-grocery.com\/de\/wp-json\/wp\/v2\/types\/product"}],"replies":[{"embeddable":true,"href":"https:\/\/my-french-grocery.com\/de\/wp-json\/wp\/v2\/comments?post=20900"}],"wp:featuredmedia":[{"embeddable":true,"href":"https:\/\/my-french-grocery.com\/de\/wp-json\/wp\/v2\/media\/20901"}],"wp:attachment":[{"href":"https:\/\/my-french-grocery.com\/de\/wp-json\/wp\/v2\/media?parent=20900"}],"wp:term":[{"taxonomy":"pwb-brand","embeddable":true,"href":"https:\/\/my-french-grocery.com\/de\/wp-json\/wp\/v2\/pwb-brand?post=20900"},{"taxonomy":"product_brand","embeddable":true,"href":"https:\/\/my-french-grocery.com\/de\/wp-json\/wp\/v2\/product_brand?post=20900"},{"taxonomy":"product_cat","embeddable":true,"href":"https:\/\/my-french-grocery.com\/de\/wp-json\/wp\/v2\/product_cat?post=20900"},{"taxonomy":"product_tag","embeddable":true,"href":"https:\/\/my-french-grocery.com\/de\/wp-json\/wp\/v2\/product_tag?post=20900"}],"curies":[{"name":"wp","href":"https:\/\/api.w.org\/{rel}","templated":true}]}}