{"id":20930,"date":"2019-07-16T17:06:11","date_gmt":"2019-07-16T15:06:11","guid":{"rendered":"https:\/\/my-french-grocery.com\/product\/butterkekse-aus-normandie-reflets-de-france\/"},"modified":"2025-06-24T18:27:39","modified_gmt":"2025-06-24T16:27:39","slug":"butterkekse-aus-normandie-reflets-de-france","status":"publish","type":"product","link":"https:\/\/my-french-grocery.com\/de\/produkt\/butterkekse-aus-normandie-reflets-de-france\/","title":{"rendered":"Butterkekse Aus Normandie Mit \u00c4pfeln Reflets De France"},"content":{"rendered":"<p>Butterkekse Aus Normandie Mit \u00c4pfeln Reflets De France<\/p>\n<div class=\"pdp-card__header--text\"><span class=\"ds-body-text ds-body-text--weight-bold ds-body-text--size-m ds-body-text--color-standard-2\">150 g Packung<\/span><\/div>\n<div class=\"main-details--food__shoppinglist\"><\/div>\n<div>Wir stellen das M\u00fcrbegeb\u00e4ck Norman Reflets de France nach dem traditionellen Rezept und unserem Know-how her, das wir seit 1964 bewahren. Die Originalit\u00e4t dieses Kekses liegt in seiner M\u00fcrbteigstruktur, die dank des Herstellungsverfahrens und seines Reichtums an Isigny AOP erhalten wird Butter.<\/div>\n","protected":false},"excerpt":{"rendered":"<p>Butterkekse Aus Normandie Mit \u00c4pfeln Reflets De France<\/p>\n<div class=\"pdp-card__header--text\"><span class=\"ds-body-text ds-body-text--weight-bold ds-body-text--size-m ds-body-text--color-standard-2\">150 g Packung<\/span><\/div>\n","protected":false},"featured_media":40427,"comment_status":"open","ping_status":"closed","template":"","meta":[],"pwb-brand":[2319],"product_brand":[],"product_cat":[2181],"product_tag":[3717,2593,3718],"class_list":{"0":"post-20930","1":"product","2":"type-product","3":"status-publish","4":"has-post-thumbnail","6":"pwb-brand-reflets-de-france-de","7":"product_cat-kuchen-kekse","8":"product_tag-apfeln","9":"product_tag-kekse","10":"product_tag-reflets-de-france-de","11":"product_shipping_class-internationaler-versand","13":"first","14":"outofstock","15":"taxable","16":"shipping-taxable","17":"purchasable","18":"product-type-simple"},"yoast_head":"<!-- This site is optimized with the Yoast SEO plugin v27.3 - https:\/\/yoast.com\/product\/yoast-seo-wordpress\/ -->\n<title>Butterkekse Aus Normandie Mit \u00c4pfeln Reflets De France | Online Kaufen | My French Grocery<\/title>\n<meta name=\"description\" content=\"Butterkekse Aus Normandie Mit \u00c4pfeln Reflets De France - 150 g Packung - Wir stellen das M\u00fcrbegeb\u00e4ck Norman Reflets de France nach dem traditionellen Rezept\" \/>\n<meta name=\"robots\" content=\"index, follow, max-snippet:-1, max-image-preview:large, max-video-preview:-1\" \/>\n<link rel=\"canonical\" href=\"https:\/\/my-french-grocery.com\/de\/produkt\/butterkekse-aus-normandie-reflets-de-france\/\" \/>\n<meta property=\"og:locale\" content=\"de_DE\" \/>\n<meta property=\"og:type\" content=\"article\" \/>\n<meta property=\"og:title\" content=\"Butterkekse Aus Normandie Mit \u00c4pfeln Reflets De France | Online Kaufen | My French Grocery\" \/>\n<meta property=\"og:description\" content=\"Butterkekse Aus Normandie Mit \u00c4pfeln Reflets De France - 150 g Packung - Wir stellen das M\u00fcrbegeb\u00e4ck Norman Reflets de France nach dem traditionellen Rezept\" \/>\n<meta property=\"og:url\" content=\"https:\/\/my-french-grocery.com\/de\/produkt\/butterkekse-aus-normandie-reflets-de-france\/\" \/>\n<meta property=\"og:site_name\" content=\"My French Grocery\" \/>\n<meta property=\"article:publisher\" content=\"https:\/\/www.facebook.com\/myfrenchgrocery\/\" \/>\n<meta property=\"article:modified_time\" content=\"2025-06-24T16:27:39+00:00\" \/>\n<meta property=\"og:image\" content=\"https:\/\/my-french-grocery.com\/wp-content\/uploads\/2019\/07\/Norman-Shortbread-Cookies-with-Apples-REFLETS-DE-FRANCE.webp\" \/>\n\t<meta property=\"og:image:width\" content=\"1500\" \/>\n\t<meta property=\"og:image:height\" content=\"1500\" \/>\n\t<meta property=\"og:image:type\" content=\"image\/webp\" \/>\n<meta name=\"twitter:card\" content=\"summary_large_image\" \/>\n<script type=\"application\/ld+json\" class=\"yoast-schema-graph\">{\"@context\":\"https:\\\/\\\/schema.org\",\"@graph\":[{\"@type\":\"WebPage\",\"@id\":\"https:\\\/\\\/my-french-grocery.com\\\/de\\\/produkt\\\/butterkekse-aus-normandie-reflets-de-france\\\/\",\"url\":\"https:\\\/\\\/my-french-grocery.com\\\/de\\\/produkt\\\/butterkekse-aus-normandie-reflets-de-france\\\/\",\"name\":\"Butterkekse Aus Normandie Mit \u00c4pfeln Reflets De France | Online Kaufen | My French Grocery\",\"isPartOf\":{\"@id\":\"https:\\\/\\\/my-french-grocery.com\\\/de\\\/#website\"},\"primaryImageOfPage\":{\"@id\":\"https:\\\/\\\/my-french-grocery.com\\\/de\\\/produkt\\\/butterkekse-aus-normandie-reflets-de-france\\\/#primaryimage\"},\"image\":{\"@id\":\"https:\\\/\\\/my-french-grocery.com\\\/de\\\/produkt\\\/butterkekse-aus-normandie-reflets-de-france\\\/#primaryimage\"},\"thumbnailUrl\":\"https:\\\/\\\/my-french-grocery.com\\\/wp-content\\\/uploads\\\/2019\\\/07\\\/Norman-Shortbread-Cookies-with-Apples-REFLETS-DE-FRANCE.webp\",\"datePublished\":\"2019-07-16T15:06:11+00:00\",\"dateModified\":\"2025-06-24T16:27:39+00:00\",\"description\":\"Butterkekse Aus Normandie Mit \u00c4pfeln Reflets De France - 150 g Packung - Wir stellen das M\u00fcrbegeb\u00e4ck Norman Reflets de France nach dem traditionellen Rezept\",\"breadcrumb\":{\"@id\":\"https:\\\/\\\/my-french-grocery.com\\\/de\\\/produkt\\\/butterkekse-aus-normandie-reflets-de-france\\\/#breadcrumb\"},\"inLanguage\":\"de-DE\",\"potentialAction\":[{\"@type\":\"ReadAction\",\"target\":[\"https:\\\/\\\/my-french-grocery.com\\\/de\\\/produkt\\\/butterkekse-aus-normandie-reflets-de-france\\\/\"]}]},{\"@type\":\"ImageObject\",\"inLanguage\":\"de-DE\",\"@id\":\"https:\\\/\\\/my-french-grocery.com\\\/de\\\/produkt\\\/butterkekse-aus-normandie-reflets-de-france\\\/#primaryimage\",\"url\":\"https:\\\/\\\/my-french-grocery.com\\\/wp-content\\\/uploads\\\/2019\\\/07\\\/Norman-Shortbread-Cookies-with-Apples-REFLETS-DE-FRANCE.webp\",\"contentUrl\":\"https:\\\/\\\/my-french-grocery.com\\\/wp-content\\\/uploads\\\/2019\\\/07\\\/Norman-Shortbread-Cookies-with-Apples-REFLETS-DE-FRANCE.webp\",\"width\":1500,\"height\":1500,\"caption\":\"Butterkekse Aus Normandie Mit \u00c4pfeln Reflets De France\"},{\"@type\":\"BreadcrumbList\",\"@id\":\"https:\\\/\\\/my-french-grocery.com\\\/de\\\/produkt\\\/butterkekse-aus-normandie-reflets-de-france\\\/#breadcrumb\",\"itemListElement\":[{\"@type\":\"ListItem\",\"position\":1,\"name\":\"Home\",\"item\":\"https:\\\/\\\/my-french-grocery.com\\\/de\\\/shopping-seite\\\/\"},{\"@type\":\"ListItem\",\"position\":2,\"name\":\"Shop\",\"item\":\"https:\\\/\\\/my-french-grocery.com\\\/shop\\\/\"},{\"@type\":\"ListItem\",\"position\":3,\"name\":\"Kuchen &amp; Kekse\",\"item\":\"https:\\\/\\\/my-french-grocery.com\\\/de\\\/produkt-kategorie\\\/kuchen-kekse\\\/\"},{\"@type\":\"ListItem\",\"position\":4,\"name\":\"Butterkekse Aus Normandie Mit \u00c4pfeln Reflets De France\"}]},{\"@type\":\"WebSite\",\"@id\":\"https:\\\/\\\/my-french-grocery.com\\\/de\\\/#website\",\"url\":\"https:\\\/\\\/my-french-grocery.com\\\/de\\\/\",\"name\":\"My French Grocery\",\"description\":\"Your Online French Grocery  !\",\"publisher\":{\"@id\":\"https:\\\/\\\/my-french-grocery.com\\\/de\\\/#organization\"},\"potentialAction\":[{\"@type\":\"SearchAction\",\"target\":{\"@type\":\"EntryPoint\",\"urlTemplate\":\"https:\\\/\\\/my-french-grocery.com\\\/de\\\/?s={search_term_string}\"},\"query-input\":{\"@type\":\"PropertyValueSpecification\",\"valueRequired\":true,\"valueName\":\"search_term_string\"}}],\"inLanguage\":\"de-DE\"},{\"@type\":\"Organization\",\"@id\":\"https:\\\/\\\/my-french-grocery.com\\\/de\\\/#organization\",\"name\":\"MY FRENCH GROCERY\",\"url\":\"https:\\\/\\\/my-french-grocery.com\\\/de\\\/\",\"logo\":{\"@type\":\"ImageObject\",\"inLanguage\":\"de-DE\",\"@id\":\"https:\\\/\\\/my-french-grocery.com\\\/de\\\/#\\\/schema\\\/logo\\\/image\\\/\",\"url\":\"https:\\\/\\\/my-french-grocery.com\\\/wp-content\\\/uploads\\\/2021\\\/11\\\/My-French-Grocery-Online-French-Grocery.png\",\"contentUrl\":\"https:\\\/\\\/my-french-grocery.com\\\/wp-content\\\/uploads\\\/2021\\\/11\\\/My-French-Grocery-Online-French-Grocery.png\",\"width\":100,\"height\":100,\"caption\":\"MY FRENCH GROCERY\"},\"image\":{\"@id\":\"https:\\\/\\\/my-french-grocery.com\\\/de\\\/#\\\/schema\\\/logo\\\/image\\\/\"},\"sameAs\":[\"https:\\\/\\\/www.facebook.com\\\/myfrenchgrocery\\\/\"]}]}<\/script>\n<!-- \/ Yoast SEO plugin. -->","yoast_head_json":{"title":"Butterkekse Aus Normandie Mit \u00c4pfeln Reflets De France | Online Kaufen | My French Grocery","description":"Butterkekse Aus Normandie Mit \u00c4pfeln Reflets De France - 150 g Packung - Wir stellen das M\u00fcrbegeb\u00e4ck Norman Reflets de France nach dem traditionellen Rezept","robots":{"index":"index","follow":"follow","max-snippet":"max-snippet:-1","max-image-preview":"max-image-preview:large","max-video-preview":"max-video-preview:-1"},"canonical":"https:\/\/my-french-grocery.com\/de\/produkt\/butterkekse-aus-normandie-reflets-de-france\/","og_locale":"de_DE","og_type":"article","og_title":"Butterkekse Aus Normandie Mit \u00c4pfeln Reflets De France | Online Kaufen | My French Grocery","og_description":"Butterkekse Aus Normandie Mit \u00c4pfeln Reflets De France - 150 g Packung - Wir stellen das M\u00fcrbegeb\u00e4ck Norman Reflets de France nach dem traditionellen Rezept","og_url":"https:\/\/my-french-grocery.com\/de\/produkt\/butterkekse-aus-normandie-reflets-de-france\/","og_site_name":"My French Grocery","article_publisher":"https:\/\/www.facebook.com\/myfrenchgrocery\/","article_modified_time":"2025-06-24T16:27:39+00:00","og_image":[{"width":1500,"height":1500,"url":"https:\/\/my-french-grocery.com\/wp-content\/uploads\/2019\/07\/Norman-Shortbread-Cookies-with-Apples-REFLETS-DE-FRANCE.webp","type":"image\/webp"}],"twitter_card":"summary_large_image","schema":{"@context":"https:\/\/schema.org","@graph":[{"@type":"WebPage","@id":"https:\/\/my-french-grocery.com\/de\/produkt\/butterkekse-aus-normandie-reflets-de-france\/","url":"https:\/\/my-french-grocery.com\/de\/produkt\/butterkekse-aus-normandie-reflets-de-france\/","name":"Butterkekse Aus Normandie Mit \u00c4pfeln Reflets De France | Online Kaufen | My French Grocery","isPartOf":{"@id":"https:\/\/my-french-grocery.com\/de\/#website"},"primaryImageOfPage":{"@id":"https:\/\/my-french-grocery.com\/de\/produkt\/butterkekse-aus-normandie-reflets-de-france\/#primaryimage"},"image":{"@id":"https:\/\/my-french-grocery.com\/de\/produkt\/butterkekse-aus-normandie-reflets-de-france\/#primaryimage"},"thumbnailUrl":"https:\/\/my-french-grocery.com\/wp-content\/uploads\/2019\/07\/Norman-Shortbread-Cookies-with-Apples-REFLETS-DE-FRANCE.webp","datePublished":"2019-07-16T15:06:11+00:00","dateModified":"2025-06-24T16:27:39+00:00","description":"Butterkekse Aus Normandie Mit \u00c4pfeln Reflets De France - 150 g Packung - Wir stellen das M\u00fcrbegeb\u00e4ck Norman Reflets de France nach dem traditionellen Rezept","breadcrumb":{"@id":"https:\/\/my-french-grocery.com\/de\/produkt\/butterkekse-aus-normandie-reflets-de-france\/#breadcrumb"},"inLanguage":"de-DE","potentialAction":[{"@type":"ReadAction","target":["https:\/\/my-french-grocery.com\/de\/produkt\/butterkekse-aus-normandie-reflets-de-france\/"]}]},{"@type":"ImageObject","inLanguage":"de-DE","@id":"https:\/\/my-french-grocery.com\/de\/produkt\/butterkekse-aus-normandie-reflets-de-france\/#primaryimage","url":"https:\/\/my-french-grocery.com\/wp-content\/uploads\/2019\/07\/Norman-Shortbread-Cookies-with-Apples-REFLETS-DE-FRANCE.webp","contentUrl":"https:\/\/my-french-grocery.com\/wp-content\/uploads\/2019\/07\/Norman-Shortbread-Cookies-with-Apples-REFLETS-DE-FRANCE.webp","width":1500,"height":1500,"caption":"Butterkekse Aus Normandie Mit \u00c4pfeln Reflets De France"},{"@type":"BreadcrumbList","@id":"https:\/\/my-french-grocery.com\/de\/produkt\/butterkekse-aus-normandie-reflets-de-france\/#breadcrumb","itemListElement":[{"@type":"ListItem","position":1,"name":"Home","item":"https:\/\/my-french-grocery.com\/de\/shopping-seite\/"},{"@type":"ListItem","position":2,"name":"Shop","item":"https:\/\/my-french-grocery.com\/shop\/"},{"@type":"ListItem","position":3,"name":"Kuchen &amp; Kekse","item":"https:\/\/my-french-grocery.com\/de\/produkt-kategorie\/kuchen-kekse\/"},{"@type":"ListItem","position":4,"name":"Butterkekse Aus Normandie Mit \u00c4pfeln Reflets De France"}]},{"@type":"WebSite","@id":"https:\/\/my-french-grocery.com\/de\/#website","url":"https:\/\/my-french-grocery.com\/de\/","name":"My French Grocery","description":"Your Online French Grocery  !","publisher":{"@id":"https:\/\/my-french-grocery.com\/de\/#organization"},"potentialAction":[{"@type":"SearchAction","target":{"@type":"EntryPoint","urlTemplate":"https:\/\/my-french-grocery.com\/de\/?s={search_term_string}"},"query-input":{"@type":"PropertyValueSpecification","valueRequired":true,"valueName":"search_term_string"}}],"inLanguage":"de-DE"},{"@type":"Organization","@id":"https:\/\/my-french-grocery.com\/de\/#organization","name":"MY FRENCH GROCERY","url":"https:\/\/my-french-grocery.com\/de\/","logo":{"@type":"ImageObject","inLanguage":"de-DE","@id":"https:\/\/my-french-grocery.com\/de\/#\/schema\/logo\/image\/","url":"https:\/\/my-french-grocery.com\/wp-content\/uploads\/2021\/11\/My-French-Grocery-Online-French-Grocery.png","contentUrl":"https:\/\/my-french-grocery.com\/wp-content\/uploads\/2021\/11\/My-French-Grocery-Online-French-Grocery.png","width":100,"height":100,"caption":"MY FRENCH GROCERY"},"image":{"@id":"https:\/\/my-french-grocery.com\/de\/#\/schema\/logo\/image\/"},"sameAs":["https:\/\/www.facebook.com\/myfrenchgrocery\/"]}]}},"brands":[{"id":2319,"name":"Reflets De France","slug":"reflets-de-france-de"}],"_links":{"self":[{"href":"https:\/\/my-french-grocery.com\/de\/wp-json\/wp\/v2\/product\/20930","targetHints":{"allow":["GET"]}}],"collection":[{"href":"https:\/\/my-french-grocery.com\/de\/wp-json\/wp\/v2\/product"}],"about":[{"href":"https:\/\/my-french-grocery.com\/de\/wp-json\/wp\/v2\/types\/product"}],"replies":[{"embeddable":true,"href":"https:\/\/my-french-grocery.com\/de\/wp-json\/wp\/v2\/comments?post=20930"}],"wp:featuredmedia":[{"embeddable":true,"href":"https:\/\/my-french-grocery.com\/de\/wp-json\/wp\/v2\/media\/40427"}],"wp:attachment":[{"href":"https:\/\/my-french-grocery.com\/de\/wp-json\/wp\/v2\/media?parent=20930"}],"wp:term":[{"taxonomy":"pwb-brand","embeddable":true,"href":"https:\/\/my-french-grocery.com\/de\/wp-json\/wp\/v2\/pwb-brand?post=20930"},{"taxonomy":"product_brand","embeddable":true,"href":"https:\/\/my-french-grocery.com\/de\/wp-json\/wp\/v2\/product_brand?post=20930"},{"taxonomy":"product_cat","embeddable":true,"href":"https:\/\/my-french-grocery.com\/de\/wp-json\/wp\/v2\/product_cat?post=20930"},{"taxonomy":"product_tag","embeddable":true,"href":"https:\/\/my-french-grocery.com\/de\/wp-json\/wp\/v2\/product_tag?post=20930"}],"curies":[{"name":"wp","href":"https:\/\/api.w.org\/{rel}","templated":true}]}}