{"id":20987,"date":"2019-07-23T15:34:16","date_gmt":"2019-07-23T13:34:16","guid":{"rendered":"https:\/\/my-french-grocery.com\/product\/thunfisch-rillettes-reflets-de-france\/"},"modified":"2019-07-23T15:34:16","modified_gmt":"2019-07-23T13:34:16","slug":"thunfisch-rillettes-reflets-de-france","status":"publish","type":"product","link":"https:\/\/my-french-grocery.com\/de\/produkt\/thunfisch-rillettes-reflets-de-france\/","title":{"rendered":"Thunfisch-Rillettes Reflets De France"},"content":{"rendered":"<p>Thunfisch-Rillettes Reflets De France<\/p>\n<div class=\"pdp-card__header--text\"><span class=\"ds-body-text ds-body-text--weight-bold ds-body-text--size-m ds-body-text--color-standard-2\"><span>125g Packung<\/span><\/span><\/div>\n<div><\/div>\n<div><span>Reflets de France Rillettes werden mit wei\u00dfem Thunfisch, auch Wei\u00dfer Thun genannt, zubereitet, der vor der Atlantikk\u00fcste zwischen dem Golf von Biskaya und Irland gefangen wird.\u00a0<\/span><span>Dieser Thunfisch mit dunkelblauem R\u00fccken und wei\u00dfem Fleisch wird besonders wegen seines zarten Fleisches gesch\u00e4tzt.\u00a0<\/span><span>Unser Rezept, gew\u00fcrzt mit etwas Pfeffer und Zwiebel, wird in Douarnenez hergestellt, wo der Beruf des Konservenherstellers von Generation zu Generation weitergegeben wird.<\/span><\/div>\n<div class=\"main-details--food__shoppinglist\"><\/div>\n","protected":false},"excerpt":{"rendered":"<p>Thunfisch-Rillettes Reflets De France<\/p>\n<div class=\"pdp-card__header--text\"><span class=\"ds-body-text ds-body-text--weight-bold ds-body-text--size-m ds-body-text--color-standard-2\">125g Packung<\/span><\/div>\n","protected":false},"featured_media":20988,"comment_status":"open","ping_status":"closed","template":"","meta":[],"pwb-brand":[2319],"product_brand":[],"product_cat":[2255],"product_tag":[2601],"class_list":{"0":"post-20987","1":"product","2":"type-product","3":"status-publish","4":"has-post-thumbnail","6":"pwb-brand-reflets-de-france-de","7":"product_cat-meeresprodukte","8":"product_tag-rillettes-de","9":"product_shipping_class-internationaler-versand","11":"first","12":"instock","13":"taxable","14":"shipping-taxable","15":"purchasable","16":"product-type-simple"},"brands":[{"id":2319,"name":"Reflets De France","slug":"reflets-de-france-de"}],"_links":{"self":[{"href":"https:\/\/my-french-grocery.com\/de\/wp-json\/wp\/v2\/product\/20987","targetHints":{"allow":["GET"]}}],"collection":[{"href":"https:\/\/my-french-grocery.com\/de\/wp-json\/wp\/v2\/product"}],"about":[{"href":"https:\/\/my-french-grocery.com\/de\/wp-json\/wp\/v2\/types\/product"}],"replies":[{"embeddable":true,"href":"https:\/\/my-french-grocery.com\/de\/wp-json\/wp\/v2\/comments?post=20987"}],"wp:featuredmedia":[{"embeddable":true,"href":"https:\/\/my-french-grocery.com\/de\/wp-json\/wp\/v2\/media\/20988"}],"wp:attachment":[{"href":"https:\/\/my-french-grocery.com\/de\/wp-json\/wp\/v2\/media?parent=20987"}],"wp:term":[{"taxonomy":"pwb-brand","embeddable":true,"href":"https:\/\/my-french-grocery.com\/de\/wp-json\/wp\/v2\/pwb-brand?post=20987"},{"taxonomy":"product_brand","embeddable":true,"href":"https:\/\/my-french-grocery.com\/de\/wp-json\/wp\/v2\/product_brand?post=20987"},{"taxonomy":"product_cat","embeddable":true,"href":"https:\/\/my-french-grocery.com\/de\/wp-json\/wp\/v2\/product_cat?post=20987"},{"taxonomy":"product_tag","embeddable":true,"href":"https:\/\/my-french-grocery.com\/de\/wp-json\/wp\/v2\/product_tag?post=20987"}],"curies":[{"name":"wp","href":"https:\/\/api.w.org\/{rel}","templated":true}]}}