{"id":21227,"date":"2019-08-27T16:46:11","date_gmt":"2019-08-27T14:46:11","guid":{"rendered":"https:\/\/my-french-grocery.com\/product\/schatze-aus-honig-shampoo-ultra-doux\/"},"modified":"2023-11-28T11:26:31","modified_gmt":"2023-11-28T09:26:31","slug":"schatze-aus-honig-shampoo-ultra-doux","status":"publish","type":"product","link":"https:\/\/my-french-grocery.com\/de\/produkt\/schatze-aus-honig-shampoo-ultra-doux\/","title":{"rendered":"Sch\u00e4tze aus Honig Shampoo  Ultra Doux"},"content":{"rendered":"<p>Sch\u00e4tze aus Honig Shampoo Ultra Doux<\/p>\n<p>300 ml Flasche<\/p>\n<p>Garnier Ultra DOUX regenerierendes Shampoo mit Gel\u00e9e Royale, Honig und Propolis f\u00fcr br\u00fcchiges oder spr\u00f6des Haar. Ergebnis: Besser gen\u00e4hrt, besser gesch\u00fctzt und bis in die Spitzen repariert, Ihr Haar wird gest\u00e4rkt.<\/p>\n","protected":false},"excerpt":{"rendered":"<p>Sch\u00e4tze aus Honig Shampoo Ultra Doux<\/p>\n<p>300 ml Flasche<\/p>\n","protected":false},"featured_media":37098,"comment_status":"open","ping_status":"closed","template":"","meta":[],"pwb-brand":[2619],"product_brand":[],"product_cat":[2201,2200],"product_tag":[2618],"class_list":{"0":"post-21227","1":"product","2":"type-product","3":"status-publish","4":"has-post-thumbnail","6":"pwb-brand-garnier-de","7":"product_cat-shampoo-de","8":"product_cat-shampoo-spulung-haarpflege","9":"product_tag-shampoo-de","10":"product_shipping_class-internationaler-versand","12":"first","13":"instock","14":"taxable","15":"shipping-taxable","16":"purchasable","17":"product-type-simple"},"brands":[{"id":2619,"name":"Garnier","slug":"garnier-de"}],"_links":{"self":[{"href":"https:\/\/my-french-grocery.com\/de\/wp-json\/wp\/v2\/product\/21227","targetHints":{"allow":["GET"]}}],"collection":[{"href":"https:\/\/my-french-grocery.com\/de\/wp-json\/wp\/v2\/product"}],"about":[{"href":"https:\/\/my-french-grocery.com\/de\/wp-json\/wp\/v2\/types\/product"}],"replies":[{"embeddable":true,"href":"https:\/\/my-french-grocery.com\/de\/wp-json\/wp\/v2\/comments?post=21227"}],"wp:featuredmedia":[{"embeddable":true,"href":"https:\/\/my-french-grocery.com\/de\/wp-json\/wp\/v2\/media\/37098"}],"wp:attachment":[{"href":"https:\/\/my-french-grocery.com\/de\/wp-json\/wp\/v2\/media?parent=21227"}],"wp:term":[{"taxonomy":"pwb-brand","embeddable":true,"href":"https:\/\/my-french-grocery.com\/de\/wp-json\/wp\/v2\/pwb-brand?post=21227"},{"taxonomy":"product_brand","embeddable":true,"href":"https:\/\/my-french-grocery.com\/de\/wp-json\/wp\/v2\/product_brand?post=21227"},{"taxonomy":"product_cat","embeddable":true,"href":"https:\/\/my-french-grocery.com\/de\/wp-json\/wp\/v2\/product_cat?post=21227"},{"taxonomy":"product_tag","embeddable":true,"href":"https:\/\/my-french-grocery.com\/de\/wp-json\/wp\/v2\/product_tag?post=21227"}],"curies":[{"name":"wp","href":"https:\/\/api.w.org\/{rel}","templated":true}]}}