{"id":21269,"date":"2019-08-30T15:42:23","date_gmt":"2019-08-30T13:42:23","guid":{"rendered":"https:\/\/my-french-grocery.com\/product\/thymianbluten-seife-nachfullen-le-petit-marseillais\/"},"modified":"2019-08-30T15:42:23","modified_gmt":"2019-08-30T13:42:23","slug":"thymianbluten-seife-nachfullen-le-petit-marseillais","status":"publish","type":"product","link":"https:\/\/my-french-grocery.com\/de\/produkt\/thymianbluten-seife-nachfullen-le-petit-marseillais\/","title":{"rendered":"Thymianbl\u00fcten Seife Nachf\u00fcllen Le Petit Marseillais"},"content":{"rendered":"<p>Thymianbl\u00fcten Seife Nachf\u00fcllen Le Petit Marseillais<\/p>\n<p>250 ml\u00a0 Packung<\/p>\n<p>Nach dem Know-how eines Meisterseifenherstellers hat Le Petit Marseillais echte Fl\u00fcssigseifen hergestellt, die in einem Kessel aus Pflanzen\u00f6len nat\u00fcrlichen Ursprungs gekocht werden.<\/p>\n","protected":false},"excerpt":{"rendered":"<p>Thymianbl\u00fcten Seife Nachf\u00fcllen Le Petit Marseillais<\/p>\n<p>250 ml\u00a0 Packung<\/p>\n","protected":false},"featured_media":21270,"comment_status":"open","ping_status":"closed","template":"","meta":[],"pwb-brand":[2111],"product_brand":[],"product_cat":[2218],"product_tag":[2620,2344],"class_list":{"0":"post-21269","1":"product","2":"type-product","3":"status-publish","4":"has-post-thumbnail","6":"pwb-brand-le-petit-marseillais-de","7":"product_cat-seife","8":"product_tag-petit-marseillais-de","9":"product_tag-seife","10":"product_shipping_class-internationaler-versand","12":"first","13":"outofstock","14":"taxable","15":"shipping-taxable","16":"purchasable","17":"product-type-simple"},"brands":[{"id":2111,"name":"Le Petit Marseillais","slug":"le-petit-marseillais-de"}],"_links":{"self":[{"href":"https:\/\/my-french-grocery.com\/de\/wp-json\/wp\/v2\/product\/21269","targetHints":{"allow":["GET"]}}],"collection":[{"href":"https:\/\/my-french-grocery.com\/de\/wp-json\/wp\/v2\/product"}],"about":[{"href":"https:\/\/my-french-grocery.com\/de\/wp-json\/wp\/v2\/types\/product"}],"replies":[{"embeddable":true,"href":"https:\/\/my-french-grocery.com\/de\/wp-json\/wp\/v2\/comments?post=21269"}],"wp:featuredmedia":[{"embeddable":true,"href":"https:\/\/my-french-grocery.com\/de\/wp-json\/wp\/v2\/media\/21270"}],"wp:attachment":[{"href":"https:\/\/my-french-grocery.com\/de\/wp-json\/wp\/v2\/media?parent=21269"}],"wp:term":[{"taxonomy":"pwb-brand","embeddable":true,"href":"https:\/\/my-french-grocery.com\/de\/wp-json\/wp\/v2\/pwb-brand?post=21269"},{"taxonomy":"product_brand","embeddable":true,"href":"https:\/\/my-french-grocery.com\/de\/wp-json\/wp\/v2\/product_brand?post=21269"},{"taxonomy":"product_cat","embeddable":true,"href":"https:\/\/my-french-grocery.com\/de\/wp-json\/wp\/v2\/product_cat?post=21269"},{"taxonomy":"product_tag","embeddable":true,"href":"https:\/\/my-french-grocery.com\/de\/wp-json\/wp\/v2\/product_tag?post=21269"}],"curies":[{"name":"wp","href":"https:\/\/api.w.org\/{rel}","templated":true}]}}