{"id":21271,"date":"2019-08-30T15:45:18","date_gmt":"2019-08-30T13:45:18","guid":{"rendered":"https:\/\/my-french-grocery.com\/product\/lavendel-seife-le-petit-marseillais\/"},"modified":"2019-08-30T15:45:18","modified_gmt":"2019-08-30T13:45:18","slug":"lavendel-seife-le-petit-marseillais","status":"publish","type":"product","link":"https:\/\/my-french-grocery.com\/de\/produkt\/lavendel-seife-le-petit-marseillais\/","title":{"rendered":"Lavendel Seife Le Petit Marseillais"},"content":{"rendered":"<p>Lavendel Seife Le Petit Marseillais<\/p>\n<div class=\"pdp-card__header--text\"><span class=\"ds-body-text ds-body-text--weight-bold ds-body-text--size-m ds-body-text--color-standard-2\"><span>300 ml Flasche<\/span><\/span><\/div>\n<div class=\"main-details--food__shoppinglist\"><\/div>\n<div><span>Die Textur und Farbe dieser mit pflanzlichen \u00d6len nat\u00fcrlichen Ursprungs hergestellten Seife kann sich leicht \u00e4ndern.\u00a0<\/span><span>Ohne Farbstoffe oder tierische Fette.<\/span><\/div>\n","protected":false},"excerpt":{"rendered":"<p>Lavendel Seife Le Petit Marseillais<\/p>\n<div class=\"pdp-card__header--text\"><span class=\"ds-body-text ds-body-text--weight-bold ds-body-text--size-m ds-body-text--color-standard-2\">300 ml Flasche<\/span><\/div>\n<div class=\"main-details--food__shoppinglist\"><\/div>\n","protected":false},"featured_media":13907,"comment_status":"open","ping_status":"closed","template":"","meta":[],"pwb-brand":[2111],"product_brand":[],"product_cat":[2218],"product_tag":[2620,2344],"class_list":{"0":"post-21271","1":"product","2":"type-product","3":"status-publish","4":"has-post-thumbnail","6":"pwb-brand-le-petit-marseillais-de","7":"product_cat-seife","8":"product_tag-petit-marseillais-de","9":"product_tag-seife","10":"product_shipping_class-internationaler-versand","12":"first","13":"outofstock","14":"taxable","15":"shipping-taxable","16":"purchasable","17":"product-type-simple"},"brands":[{"id":2111,"name":"Le Petit Marseillais","slug":"le-petit-marseillais-de"}],"_links":{"self":[{"href":"https:\/\/my-french-grocery.com\/de\/wp-json\/wp\/v2\/product\/21271","targetHints":{"allow":["GET"]}}],"collection":[{"href":"https:\/\/my-french-grocery.com\/de\/wp-json\/wp\/v2\/product"}],"about":[{"href":"https:\/\/my-french-grocery.com\/de\/wp-json\/wp\/v2\/types\/product"}],"replies":[{"embeddable":true,"href":"https:\/\/my-french-grocery.com\/de\/wp-json\/wp\/v2\/comments?post=21271"}],"wp:featuredmedia":[{"embeddable":true,"href":"https:\/\/my-french-grocery.com\/de\/wp-json\/wp\/v2\/media\/13907"}],"wp:attachment":[{"href":"https:\/\/my-french-grocery.com\/de\/wp-json\/wp\/v2\/media?parent=21271"}],"wp:term":[{"taxonomy":"pwb-brand","embeddable":true,"href":"https:\/\/my-french-grocery.com\/de\/wp-json\/wp\/v2\/pwb-brand?post=21271"},{"taxonomy":"product_brand","embeddable":true,"href":"https:\/\/my-french-grocery.com\/de\/wp-json\/wp\/v2\/product_brand?post=21271"},{"taxonomy":"product_cat","embeddable":true,"href":"https:\/\/my-french-grocery.com\/de\/wp-json\/wp\/v2\/product_cat?post=21271"},{"taxonomy":"product_tag","embeddable":true,"href":"https:\/\/my-french-grocery.com\/de\/wp-json\/wp\/v2\/product_tag?post=21271"}],"curies":[{"name":"wp","href":"https:\/\/api.w.org\/{rel}","templated":true}]}}