{"id":21352,"date":"2019-09-07T17:23:05","date_gmt":"2019-09-07T15:23:05","guid":{"rendered":"https:\/\/my-french-grocery.com\/product\/gekochtes-gemuse-poelee-jardiniere-daucy\/"},"modified":"2019-09-07T17:23:05","modified_gmt":"2019-09-07T15:23:05","slug":"gekochtes-gemuse-poelee-jardiniere-daucy","status":"publish","type":"product","link":"https:\/\/my-french-grocery.com\/de\/produkt\/gekochtes-gemuse-poelee-jardiniere-daucy\/","title":{"rendered":"Gekochtes Gem\u00fcse &#8220;Poel\u00e9e Jardini\u00e8re&#8221; D&#8217;Aucy"},"content":{"rendered":"<p>Gekochtes Gem\u00fcse &#8220;Poel\u00e9e Jardini\u00e8re&#8221; D&#8217;Aucy<\/p>\n<p>Schachtel mit 290 g<\/p>\n<p><span>Unsere Gartenpfanne wird aus Gem\u00fcse hergestellt, das auf offenen Feldern in Frankreich angebaut und in der Saison und bei Reife geerntet wird.\u00a0<\/span><span>Eine Mischung aus subtil gew\u00fcrztem Gem\u00fcse f\u00fcr einfache Aromen, die von allen gesch\u00e4tzt werden.<\/span><\/p>\n<p>&nbsp;<\/p>\n","protected":false},"excerpt":{"rendered":"<p>Gekochtes Gem\u00fcse &#8220;Poel\u00e9e Jardini\u00e8re&#8221; D&#8217;Aucy<\/p>\n<p>Schachtel mit 290 g<\/p>\n","protected":false},"featured_media":21353,"comment_status":"open","ping_status":"closed","template":"","meta":[],"pwb-brand":[2622],"product_brand":[],"product_cat":[2263],"product_tag":[2621],"class_list":{"0":"post-21352","1":"product","2":"type-product","3":"status-publish","4":"has-post-thumbnail","6":"pwb-brand-daucy-de","7":"product_cat-dosen-gemuese","8":"product_tag-daucy-de","9":"product_shipping_class-internationaler-versand","11":"first","12":"instock","13":"taxable","14":"shipping-taxable","15":"purchasable","16":"product-type-simple"},"yoast_head":"<!-- This site is optimized with the Yoast SEO plugin v27.3 - https:\/\/yoast.com\/product\/yoast-seo-wordpress\/ -->\n<title>Gekochtes Gem\u00fcse &quot;Poel\u00e9e Jardini\u00e8re&quot; D&#039;Aucy | Online Kaufen | My French Grocery<\/title>\n<meta name=\"description\" content=\"Gekochtes Gem\u00fcse &quot;Poel\u00e9e Jardini\u00e8re&quot; D&#039;Aucy - Schachtel mit 290 g - Unsere Gartenpfanne wird aus Gem\u00fcse hergestellt, das auf offenen Feldern in Frankreich angebaut\" \/>\n<meta name=\"robots\" content=\"index, follow, max-snippet:-1, max-image-preview:large, max-video-preview:-1\" \/>\n<link rel=\"canonical\" href=\"https:\/\/my-french-grocery.com\/de\/produkt\/gekochtes-gemuse-poelee-jardiniere-daucy\/\" \/>\n<meta property=\"og:locale\" content=\"de_DE\" \/>\n<meta property=\"og:type\" content=\"article\" \/>\n<meta property=\"og:title\" content=\"Gekochtes Gem\u00fcse &quot;Poel\u00e9e Jardini\u00e8re&quot; D&#039;Aucy | Online Kaufen | My French Grocery\" \/>\n<meta property=\"og:description\" content=\"Gekochtes Gem\u00fcse &quot;Poel\u00e9e Jardini\u00e8re&quot; D&#039;Aucy - Schachtel mit 290 g - Unsere Gartenpfanne wird aus Gem\u00fcse hergestellt, das auf offenen Feldern in Frankreich angebaut\" \/>\n<meta property=\"og:url\" content=\"https:\/\/my-french-grocery.com\/de\/produkt\/gekochtes-gemuse-poelee-jardiniere-daucy\/\" \/>\n<meta property=\"og:site_name\" content=\"My French Grocery\" \/>\n<meta property=\"article:publisher\" content=\"https:\/\/www.facebook.com\/myfrenchgrocery\/\" \/>\n<meta property=\"og:image\" content=\"https:\/\/my-french-grocery.com\/wp-content\/uploads\/2019\/09\/poelee-jus-de-carotte.jpg\" \/>\n\t<meta property=\"og:image:width\" content=\"540\" \/>\n\t<meta property=\"og:image:height\" content=\"540\" \/>\n\t<meta property=\"og:image:type\" content=\"image\/jpeg\" \/>\n<meta name=\"twitter:card\" content=\"summary_large_image\" \/>\n<script type=\"application\/ld+json\" class=\"yoast-schema-graph\">{\"@context\":\"https:\\\/\\\/schema.org\",\"@graph\":[{\"@type\":\"WebPage\",\"@id\":\"https:\\\/\\\/my-french-grocery.com\\\/de\\\/produkt\\\/gekochtes-gemuse-poelee-jardiniere-daucy\\\/\",\"url\":\"https:\\\/\\\/my-french-grocery.com\\\/de\\\/produkt\\\/gekochtes-gemuse-poelee-jardiniere-daucy\\\/\",\"name\":\"Gekochtes Gem\u00fcse \\\"Poel\u00e9e Jardini\u00e8re\\\" D'Aucy | Online Kaufen | My French Grocery\",\"isPartOf\":{\"@id\":\"https:\\\/\\\/my-french-grocery.com\\\/de\\\/#website\"},\"primaryImageOfPage\":{\"@id\":\"https:\\\/\\\/my-french-grocery.com\\\/de\\\/produkt\\\/gekochtes-gemuse-poelee-jardiniere-daucy\\\/#primaryimage\"},\"image\":{\"@id\":\"https:\\\/\\\/my-french-grocery.com\\\/de\\\/produkt\\\/gekochtes-gemuse-poelee-jardiniere-daucy\\\/#primaryimage\"},\"thumbnailUrl\":\"https:\\\/\\\/my-french-grocery.com\\\/wp-content\\\/uploads\\\/2019\\\/09\\\/poelee-jus-de-carotte.jpg\",\"datePublished\":\"2019-09-07T15:23:05+00:00\",\"description\":\"Gekochtes Gem\u00fcse \\\"Poel\u00e9e Jardini\u00e8re\\\" D'Aucy - Schachtel mit 290 g - Unsere Gartenpfanne wird aus Gem\u00fcse hergestellt, das auf offenen Feldern in Frankreich angebaut\",\"breadcrumb\":{\"@id\":\"https:\\\/\\\/my-french-grocery.com\\\/de\\\/produkt\\\/gekochtes-gemuse-poelee-jardiniere-daucy\\\/#breadcrumb\"},\"inLanguage\":\"de-DE\",\"potentialAction\":[{\"@type\":\"ReadAction\",\"target\":[\"https:\\\/\\\/my-french-grocery.com\\\/de\\\/produkt\\\/gekochtes-gemuse-poelee-jardiniere-daucy\\\/\"]}]},{\"@type\":\"ImageObject\",\"inLanguage\":\"de-DE\",\"@id\":\"https:\\\/\\\/my-french-grocery.com\\\/de\\\/produkt\\\/gekochtes-gemuse-poelee-jardiniere-daucy\\\/#primaryimage\",\"url\":\"https:\\\/\\\/my-french-grocery.com\\\/wp-content\\\/uploads\\\/2019\\\/09\\\/poelee-jus-de-carotte.jpg\",\"contentUrl\":\"https:\\\/\\\/my-french-grocery.com\\\/wp-content\\\/uploads\\\/2019\\\/09\\\/poelee-jus-de-carotte.jpg\",\"width\":540,\"height\":540,\"caption\":\"Gekochtes Gem\u00fcse \\\"Poel\u00e9e Jardini\u00e8re\\\" D'Aucy\"},{\"@type\":\"BreadcrumbList\",\"@id\":\"https:\\\/\\\/my-french-grocery.com\\\/de\\\/produkt\\\/gekochtes-gemuse-poelee-jardiniere-daucy\\\/#breadcrumb\",\"itemListElement\":[{\"@type\":\"ListItem\",\"position\":1,\"name\":\"Home\",\"item\":\"https:\\\/\\\/my-french-grocery.com\\\/de\\\/shopping-seite\\\/\"},{\"@type\":\"ListItem\",\"position\":2,\"name\":\"Shop\",\"item\":\"https:\\\/\\\/my-french-grocery.com\\\/shop\\\/\"},{\"@type\":\"ListItem\",\"position\":3,\"name\":\"Lebensmittel\",\"item\":\"https:\\\/\\\/my-french-grocery.com\\\/de\\\/produkt-kategorie\\\/lebensmittel\\\/\"},{\"@type\":\"ListItem\",\"position\":4,\"name\":\"Konserven &amp; Fertiggerichte\",\"item\":\"https:\\\/\\\/my-french-grocery.com\\\/de\\\/produkt-kategorie\\\/konserven-fertiggerichte\\\/\"},{\"@type\":\"ListItem\",\"position\":5,\"name\":\"Dosen Gem\u00fcse\",\"item\":\"https:\\\/\\\/my-french-grocery.com\\\/de\\\/produkt-kategorie\\\/dosen-gemuese\\\/\"},{\"@type\":\"ListItem\",\"position\":6,\"name\":\"Gekochtes Gem\u00fcse &#8220;Poel\u00e9e Jardini\u00e8re&#8221; D&#8217;Aucy\"}]},{\"@type\":\"WebSite\",\"@id\":\"https:\\\/\\\/my-french-grocery.com\\\/de\\\/#website\",\"url\":\"https:\\\/\\\/my-french-grocery.com\\\/de\\\/\",\"name\":\"My French Grocery\",\"description\":\"Your Online French Grocery  !\",\"publisher\":{\"@id\":\"https:\\\/\\\/my-french-grocery.com\\\/de\\\/#organization\"},\"potentialAction\":[{\"@type\":\"SearchAction\",\"target\":{\"@type\":\"EntryPoint\",\"urlTemplate\":\"https:\\\/\\\/my-french-grocery.com\\\/de\\\/?s={search_term_string}\"},\"query-input\":{\"@type\":\"PropertyValueSpecification\",\"valueRequired\":true,\"valueName\":\"search_term_string\"}}],\"inLanguage\":\"de-DE\"},{\"@type\":\"Organization\",\"@id\":\"https:\\\/\\\/my-french-grocery.com\\\/de\\\/#organization\",\"name\":\"MY FRENCH GROCERY\",\"url\":\"https:\\\/\\\/my-french-grocery.com\\\/de\\\/\",\"logo\":{\"@type\":\"ImageObject\",\"inLanguage\":\"de-DE\",\"@id\":\"https:\\\/\\\/my-french-grocery.com\\\/de\\\/#\\\/schema\\\/logo\\\/image\\\/\",\"url\":\"https:\\\/\\\/my-french-grocery.com\\\/wp-content\\\/uploads\\\/2021\\\/11\\\/My-French-Grocery-Online-French-Grocery.png\",\"contentUrl\":\"https:\\\/\\\/my-french-grocery.com\\\/wp-content\\\/uploads\\\/2021\\\/11\\\/My-French-Grocery-Online-French-Grocery.png\",\"width\":100,\"height\":100,\"caption\":\"MY FRENCH GROCERY\"},\"image\":{\"@id\":\"https:\\\/\\\/my-french-grocery.com\\\/de\\\/#\\\/schema\\\/logo\\\/image\\\/\"},\"sameAs\":[\"https:\\\/\\\/www.facebook.com\\\/myfrenchgrocery\\\/\"]}]}<\/script>\n<!-- \/ Yoast SEO plugin. -->","yoast_head_json":{"title":"Gekochtes Gem\u00fcse \"Poel\u00e9e Jardini\u00e8re\" D'Aucy | Online Kaufen | My French Grocery","description":"Gekochtes Gem\u00fcse \"Poel\u00e9e Jardini\u00e8re\" D'Aucy - Schachtel mit 290 g - Unsere Gartenpfanne wird aus Gem\u00fcse hergestellt, das auf offenen Feldern in Frankreich angebaut","robots":{"index":"index","follow":"follow","max-snippet":"max-snippet:-1","max-image-preview":"max-image-preview:large","max-video-preview":"max-video-preview:-1"},"canonical":"https:\/\/my-french-grocery.com\/de\/produkt\/gekochtes-gemuse-poelee-jardiniere-daucy\/","og_locale":"de_DE","og_type":"article","og_title":"Gekochtes Gem\u00fcse \"Poel\u00e9e Jardini\u00e8re\" D'Aucy | Online Kaufen | My French Grocery","og_description":"Gekochtes Gem\u00fcse \"Poel\u00e9e Jardini\u00e8re\" D'Aucy - Schachtel mit 290 g - Unsere Gartenpfanne wird aus Gem\u00fcse hergestellt, das auf offenen Feldern in Frankreich angebaut","og_url":"https:\/\/my-french-grocery.com\/de\/produkt\/gekochtes-gemuse-poelee-jardiniere-daucy\/","og_site_name":"My French Grocery","article_publisher":"https:\/\/www.facebook.com\/myfrenchgrocery\/","og_image":[{"width":540,"height":540,"url":"https:\/\/my-french-grocery.com\/wp-content\/uploads\/2019\/09\/poelee-jus-de-carotte.jpg","type":"image\/jpeg"}],"twitter_card":"summary_large_image","schema":{"@context":"https:\/\/schema.org","@graph":[{"@type":"WebPage","@id":"https:\/\/my-french-grocery.com\/de\/produkt\/gekochtes-gemuse-poelee-jardiniere-daucy\/","url":"https:\/\/my-french-grocery.com\/de\/produkt\/gekochtes-gemuse-poelee-jardiniere-daucy\/","name":"Gekochtes Gem\u00fcse \"Poel\u00e9e Jardini\u00e8re\" D'Aucy | Online Kaufen | My French Grocery","isPartOf":{"@id":"https:\/\/my-french-grocery.com\/de\/#website"},"primaryImageOfPage":{"@id":"https:\/\/my-french-grocery.com\/de\/produkt\/gekochtes-gemuse-poelee-jardiniere-daucy\/#primaryimage"},"image":{"@id":"https:\/\/my-french-grocery.com\/de\/produkt\/gekochtes-gemuse-poelee-jardiniere-daucy\/#primaryimage"},"thumbnailUrl":"https:\/\/my-french-grocery.com\/wp-content\/uploads\/2019\/09\/poelee-jus-de-carotte.jpg","datePublished":"2019-09-07T15:23:05+00:00","description":"Gekochtes Gem\u00fcse \"Poel\u00e9e Jardini\u00e8re\" D'Aucy - Schachtel mit 290 g - Unsere Gartenpfanne wird aus Gem\u00fcse hergestellt, das auf offenen Feldern in Frankreich angebaut","breadcrumb":{"@id":"https:\/\/my-french-grocery.com\/de\/produkt\/gekochtes-gemuse-poelee-jardiniere-daucy\/#breadcrumb"},"inLanguage":"de-DE","potentialAction":[{"@type":"ReadAction","target":["https:\/\/my-french-grocery.com\/de\/produkt\/gekochtes-gemuse-poelee-jardiniere-daucy\/"]}]},{"@type":"ImageObject","inLanguage":"de-DE","@id":"https:\/\/my-french-grocery.com\/de\/produkt\/gekochtes-gemuse-poelee-jardiniere-daucy\/#primaryimage","url":"https:\/\/my-french-grocery.com\/wp-content\/uploads\/2019\/09\/poelee-jus-de-carotte.jpg","contentUrl":"https:\/\/my-french-grocery.com\/wp-content\/uploads\/2019\/09\/poelee-jus-de-carotte.jpg","width":540,"height":540,"caption":"Gekochtes Gem\u00fcse \"Poel\u00e9e Jardini\u00e8re\" D'Aucy"},{"@type":"BreadcrumbList","@id":"https:\/\/my-french-grocery.com\/de\/produkt\/gekochtes-gemuse-poelee-jardiniere-daucy\/#breadcrumb","itemListElement":[{"@type":"ListItem","position":1,"name":"Home","item":"https:\/\/my-french-grocery.com\/de\/shopping-seite\/"},{"@type":"ListItem","position":2,"name":"Shop","item":"https:\/\/my-french-grocery.com\/shop\/"},{"@type":"ListItem","position":3,"name":"Lebensmittel","item":"https:\/\/my-french-grocery.com\/de\/produkt-kategorie\/lebensmittel\/"},{"@type":"ListItem","position":4,"name":"Konserven &amp; Fertiggerichte","item":"https:\/\/my-french-grocery.com\/de\/produkt-kategorie\/konserven-fertiggerichte\/"},{"@type":"ListItem","position":5,"name":"Dosen Gem\u00fcse","item":"https:\/\/my-french-grocery.com\/de\/produkt-kategorie\/dosen-gemuese\/"},{"@type":"ListItem","position":6,"name":"Gekochtes Gem\u00fcse &#8220;Poel\u00e9e Jardini\u00e8re&#8221; D&#8217;Aucy"}]},{"@type":"WebSite","@id":"https:\/\/my-french-grocery.com\/de\/#website","url":"https:\/\/my-french-grocery.com\/de\/","name":"My French Grocery","description":"Your Online French Grocery  !","publisher":{"@id":"https:\/\/my-french-grocery.com\/de\/#organization"},"potentialAction":[{"@type":"SearchAction","target":{"@type":"EntryPoint","urlTemplate":"https:\/\/my-french-grocery.com\/de\/?s={search_term_string}"},"query-input":{"@type":"PropertyValueSpecification","valueRequired":true,"valueName":"search_term_string"}}],"inLanguage":"de-DE"},{"@type":"Organization","@id":"https:\/\/my-french-grocery.com\/de\/#organization","name":"MY FRENCH GROCERY","url":"https:\/\/my-french-grocery.com\/de\/","logo":{"@type":"ImageObject","inLanguage":"de-DE","@id":"https:\/\/my-french-grocery.com\/de\/#\/schema\/logo\/image\/","url":"https:\/\/my-french-grocery.com\/wp-content\/uploads\/2021\/11\/My-French-Grocery-Online-French-Grocery.png","contentUrl":"https:\/\/my-french-grocery.com\/wp-content\/uploads\/2021\/11\/My-French-Grocery-Online-French-Grocery.png","width":100,"height":100,"caption":"MY FRENCH GROCERY"},"image":{"@id":"https:\/\/my-french-grocery.com\/de\/#\/schema\/logo\/image\/"},"sameAs":["https:\/\/www.facebook.com\/myfrenchgrocery\/"]}]}},"brands":[{"id":2622,"name":"D'Aucy","slug":"daucy-de"}],"_links":{"self":[{"href":"https:\/\/my-french-grocery.com\/de\/wp-json\/wp\/v2\/product\/21352","targetHints":{"allow":["GET"]}}],"collection":[{"href":"https:\/\/my-french-grocery.com\/de\/wp-json\/wp\/v2\/product"}],"about":[{"href":"https:\/\/my-french-grocery.com\/de\/wp-json\/wp\/v2\/types\/product"}],"replies":[{"embeddable":true,"href":"https:\/\/my-french-grocery.com\/de\/wp-json\/wp\/v2\/comments?post=21352"}],"wp:featuredmedia":[{"embeddable":true,"href":"https:\/\/my-french-grocery.com\/de\/wp-json\/wp\/v2\/media\/21353"}],"wp:attachment":[{"href":"https:\/\/my-french-grocery.com\/de\/wp-json\/wp\/v2\/media?parent=21352"}],"wp:term":[{"taxonomy":"pwb-brand","embeddable":true,"href":"https:\/\/my-french-grocery.com\/de\/wp-json\/wp\/v2\/pwb-brand?post=21352"},{"taxonomy":"product_brand","embeddable":true,"href":"https:\/\/my-french-grocery.com\/de\/wp-json\/wp\/v2\/product_brand?post=21352"},{"taxonomy":"product_cat","embeddable":true,"href":"https:\/\/my-french-grocery.com\/de\/wp-json\/wp\/v2\/product_cat?post=21352"},{"taxonomy":"product_tag","embeddable":true,"href":"https:\/\/my-french-grocery.com\/de\/wp-json\/wp\/v2\/product_tag?post=21352"}],"curies":[{"name":"wp","href":"https:\/\/api.w.org\/{rel}","templated":true}]}}