{"id":21356,"date":"2019-09-07T17:29:44","date_gmt":"2019-09-07T15:29:44","guid":{"rendered":"https:\/\/my-french-grocery.com\/product\/gekochtes-gemuse-poelee-basquaise-daucy-xl\/"},"modified":"2019-09-07T17:29:44","modified_gmt":"2019-09-07T15:29:44","slug":"gekochtes-gemuse-poelee-basquaise-daucy-xl","status":"publish","type":"product","link":"https:\/\/my-french-grocery.com\/de\/produkt\/gekochtes-gemuse-poelee-basquaise-daucy-xl\/","title":{"rendered":"Gekochtes Gem\u00fcse \u201ePoel\u00e9e Basquaise\u201c D\u2019Aucy XL"},"content":{"rendered":"<p>Gekochtes Gem\u00fcse \u201ePoel\u00e9e Basquaise\u201c D\u2019Aucy XL<\/p>\n<p>Schachtel mit 580 g<\/p>\n<p><span>Unsere gebratene Basquaise wird aus gr\u00fcnen Bohnen und Kartoffeln hergestellt, die auf freiem Feld in Frankreich angebaut und in der Saison und bei Reife geerntet werden.\u00a0<\/span><span>Mit Pfeffer aus dem Baskenland aromatisiert, finden Sie die Typizit\u00e4t der K\u00fcche des S\u00fcdwestens<\/span><\/p>\n","protected":false},"excerpt":{"rendered":"<p>Gekochtes Gem\u00fcse \u201ePoel\u00e9e Basquaise\u201c D\u2019Aucy XL<\/p>\n<p>Schachtel mit 580 g<\/p>\n","protected":false},"featured_media":21357,"comment_status":"open","ping_status":"closed","template":"","meta":[],"pwb-brand":[2622],"product_brand":[],"product_cat":[2263],"product_tag":[2621],"class_list":{"0":"post-21356","1":"product","2":"type-product","3":"status-publish","4":"has-post-thumbnail","6":"pwb-brand-daucy-de","7":"product_cat-dosen-gemuese","8":"product_tag-daucy-de","9":"product_shipping_class-internationaler-versand","11":"first","12":"outofstock","13":"taxable","14":"shipping-taxable","15":"purchasable","16":"product-type-simple"},"brands":[{"id":2622,"name":"D'Aucy","slug":"daucy-de"}],"_links":{"self":[{"href":"https:\/\/my-french-grocery.com\/de\/wp-json\/wp\/v2\/product\/21356","targetHints":{"allow":["GET"]}}],"collection":[{"href":"https:\/\/my-french-grocery.com\/de\/wp-json\/wp\/v2\/product"}],"about":[{"href":"https:\/\/my-french-grocery.com\/de\/wp-json\/wp\/v2\/types\/product"}],"replies":[{"embeddable":true,"href":"https:\/\/my-french-grocery.com\/de\/wp-json\/wp\/v2\/comments?post=21356"}],"wp:featuredmedia":[{"embeddable":true,"href":"https:\/\/my-french-grocery.com\/de\/wp-json\/wp\/v2\/media\/21357"}],"wp:attachment":[{"href":"https:\/\/my-french-grocery.com\/de\/wp-json\/wp\/v2\/media?parent=21356"}],"wp:term":[{"taxonomy":"pwb-brand","embeddable":true,"href":"https:\/\/my-french-grocery.com\/de\/wp-json\/wp\/v2\/pwb-brand?post=21356"},{"taxonomy":"product_brand","embeddable":true,"href":"https:\/\/my-french-grocery.com\/de\/wp-json\/wp\/v2\/product_brand?post=21356"},{"taxonomy":"product_cat","embeddable":true,"href":"https:\/\/my-french-grocery.com\/de\/wp-json\/wp\/v2\/product_cat?post=21356"},{"taxonomy":"product_tag","embeddable":true,"href":"https:\/\/my-french-grocery.com\/de\/wp-json\/wp\/v2\/product_tag?post=21356"}],"curies":[{"name":"wp","href":"https:\/\/api.w.org\/{rel}","templated":true}]}}