{"id":21375,"date":"2022-03-15T16:19:55","date_gmt":"2022-03-15T14:19:56","guid":{"rendered":"https:\/\/my-french-grocery.com\/?post_type=product&#038;p=21375"},"modified":"2022-03-16T19:03:18","modified_gmt":"2022-03-16T17:03:18","slug":"osterei-schokoladenei-milchkakao-haselnuss-kinder","status":"publish","type":"product","link":"https:\/\/my-french-grocery.com\/de\/produkt\/osterei-schokoladenei-milchkakao-haselnuss-kinder\/","title":{"rendered":"Osterei Schokoladenei Milchkakao &#038; Haselnuss Kinder"},"content":{"rendered":"<p>Osterei Schokoladenei Milchkakao & Haselnuss Kinder<\/p>\n<div class=\"pdp-card__header--text\"><span class=\"ds-body-text ds-body-text--weight-bold ds-body-text--size-m ds-body-text--color-standard-2\"><span>120g Beutel<\/span><\/span><\/div>\n<div><\/div>\n<p><span>Haselnuss-Kinder-Eier sind eine feine, knusprige Waffel, die mit k\u00f6stlicher Schokolade \u00fcberzogen ist und eine cremige Milch- und Haselnussf\u00fcllung enth\u00e4lt.\u00a0<\/span><span>Eine k\u00f6stliche Kombination, die Ihren Gaumen bis zum letzten Bissen erfreuen wird.\u00a0<\/span><\/p>\n","protected":false},"excerpt":{"rendered":"<p>Osterei Schokoladenei Milchkakao &amp; Haselnuss Kinder<\/p>\n<div class=\"pdp-card__header--text\"><span class=\"ds-body-text ds-body-text--weight-bold ds-body-text--size-m ds-body-text--color-standard-2\">120g Beutel<\/span><\/div>\n","protected":false},"featured_media":21381,"comment_status":"open","ping_status":"closed","template":"","meta":[],"pwb-brand":[2609],"product_brand":[],"product_cat":[2640,2245,2113],"product_tag":[2608,2641,2357],"class_list":{"0":"post-21375","1":"product","2":"type-product","3":"status-publish","4":"has-post-thumbnail","6":"pwb-brand-ferrero-de","7":"product_cat-osterprodukte","8":"product_cat-schokolade","9":"product_cat-bonbons-de","10":"product_tag-kinder-de","11":"product_tag-ostern","12":"product_tag-schokolade","13":"product_shipping_class-internationaler-versand","15":"first","16":"outofstock","17":"taxable","18":"shipping-taxable","19":"purchasable","20":"product-type-simple"},"brands":[{"id":2609,"name":"Ferrero","slug":"ferrero-de"}],"_links":{"self":[{"href":"https:\/\/my-french-grocery.com\/de\/wp-json\/wp\/v2\/product\/21375","targetHints":{"allow":["GET"]}}],"collection":[{"href":"https:\/\/my-french-grocery.com\/de\/wp-json\/wp\/v2\/product"}],"about":[{"href":"https:\/\/my-french-grocery.com\/de\/wp-json\/wp\/v2\/types\/product"}],"replies":[{"embeddable":true,"href":"https:\/\/my-french-grocery.com\/de\/wp-json\/wp\/v2\/comments?post=21375"}],"wp:featuredmedia":[{"embeddable":true,"href":"https:\/\/my-french-grocery.com\/de\/wp-json\/wp\/v2\/media\/21381"}],"wp:attachment":[{"href":"https:\/\/my-french-grocery.com\/de\/wp-json\/wp\/v2\/media?parent=21375"}],"wp:term":[{"taxonomy":"pwb-brand","embeddable":true,"href":"https:\/\/my-french-grocery.com\/de\/wp-json\/wp\/v2\/pwb-brand?post=21375"},{"taxonomy":"product_brand","embeddable":true,"href":"https:\/\/my-french-grocery.com\/de\/wp-json\/wp\/v2\/product_brand?post=21375"},{"taxonomy":"product_cat","embeddable":true,"href":"https:\/\/my-french-grocery.com\/de\/wp-json\/wp\/v2\/product_cat?post=21375"},{"taxonomy":"product_tag","embeddable":true,"href":"https:\/\/my-french-grocery.com\/de\/wp-json\/wp\/v2\/product_tag?post=21375"}],"curies":[{"name":"wp","href":"https:\/\/api.w.org\/{rel}","templated":true}]}}