{"id":21440,"date":"2022-03-15T17:09:55","date_gmt":"2022-03-15T15:09:56","guid":{"rendered":"https:\/\/my-french-grocery.com\/?post_type=product&#038;p=21440"},"modified":"2022-03-16T19:03:58","modified_gmt":"2022-03-16T17:03:58","slug":"osterei-schokoladenei-milchkakao-kinder","status":"publish","type":"product","link":"https:\/\/my-french-grocery.com\/de\/produkt\/osterei-schokoladenei-milchkakao-kinder\/","title":{"rendered":"Osterei Schokoladenei Milchkakao Kinder"},"content":{"rendered":"<p>Osterei Schokoladenei Milchkakao Kinder<\/p>\n<div class=\"pdp-card__header--text\"><span class=\"ds-body-text ds-body-text--weight-bold ds-body-text--size-m ds-body-text--color-standard-2\"><span>120g Beutel<\/span><\/span><\/div>\n<div><\/div>\n<div class=\"main-details--food__shoppinglist\">Dank ihres Dreiklangs an Geschmacksrichtungen werden diese kleinen Eier die Feinschmecker verf\u00fchren: eine k\u00f6stliche Milch-Kakao-F\u00fcllung, die perfekt schmilzt, umh\u00fcllt von einer knusprigen Waffel, die mit einer d\u00fcnnen Schicht zarter Milchschokolade \u00fcberzogen ist.<\/div>\n","protected":false},"excerpt":{"rendered":"<p>Osterei Schokoladenei Milchkakao Kinder<\/p>\n<div class=\"pdp-card__header--text\"><span class=\"ds-body-text ds-body-text--weight-bold ds-body-text--size-m ds-body-text--color-standard-2\">120g Beutel<\/span><\/div>\n","protected":false},"featured_media":21446,"comment_status":"open","ping_status":"closed","template":"","meta":[],"pwb-brand":[2609],"product_brand":[],"product_cat":[2640,2245,2113],"product_tag":[2608,2641,2357],"class_list":{"0":"post-21440","1":"product","2":"type-product","3":"status-publish","4":"has-post-thumbnail","6":"pwb-brand-ferrero-de","7":"product_cat-osterprodukte","8":"product_cat-schokolade","9":"product_cat-bonbons-de","10":"product_tag-kinder-de","11":"product_tag-ostern","12":"product_tag-schokolade","13":"product_shipping_class-internationaler-versand","15":"first","16":"outofstock","17":"taxable","18":"shipping-taxable","19":"purchasable","20":"product-type-simple"},"brands":[{"id":2609,"name":"Ferrero","slug":"ferrero-de"}],"_links":{"self":[{"href":"https:\/\/my-french-grocery.com\/de\/wp-json\/wp\/v2\/product\/21440","targetHints":{"allow":["GET"]}}],"collection":[{"href":"https:\/\/my-french-grocery.com\/de\/wp-json\/wp\/v2\/product"}],"about":[{"href":"https:\/\/my-french-grocery.com\/de\/wp-json\/wp\/v2\/types\/product"}],"replies":[{"embeddable":true,"href":"https:\/\/my-french-grocery.com\/de\/wp-json\/wp\/v2\/comments?post=21440"}],"wp:featuredmedia":[{"embeddable":true,"href":"https:\/\/my-french-grocery.com\/de\/wp-json\/wp\/v2\/media\/21446"}],"wp:attachment":[{"href":"https:\/\/my-french-grocery.com\/de\/wp-json\/wp\/v2\/media?parent=21440"}],"wp:term":[{"taxonomy":"pwb-brand","embeddable":true,"href":"https:\/\/my-french-grocery.com\/de\/wp-json\/wp\/v2\/pwb-brand?post=21440"},{"taxonomy":"product_brand","embeddable":true,"href":"https:\/\/my-french-grocery.com\/de\/wp-json\/wp\/v2\/product_brand?post=21440"},{"taxonomy":"product_cat","embeddable":true,"href":"https:\/\/my-french-grocery.com\/de\/wp-json\/wp\/v2\/product_cat?post=21440"},{"taxonomy":"product_tag","embeddable":true,"href":"https:\/\/my-french-grocery.com\/de\/wp-json\/wp\/v2\/product_tag?post=21440"}],"curies":[{"name":"wp","href":"https:\/\/api.w.org\/{rel}","templated":true}]}}