{"id":21507,"date":"2025-10-26T16:05:41","date_gmt":"2025-10-26T14:05:41","guid":{"rendered":"https:\/\/my-french-grocery.com\/product\/sortiment-pralinen-dunklen-milchschokoladen-lindt-les-pyreneens\/"},"modified":"2019-12-07T16:05:41","modified_gmt":"2019-12-07T14:05:41","slug":"sortiment-pralinen-dunklen-milchschokoladen-lindt-les-pyreneens","status":"publish","type":"product","link":"https:\/\/my-french-grocery.com\/de\/produkt\/sortiment-pralinen-dunklen-milchschokoladen-lindt-les-pyreneens\/","title":{"rendered":"Sortiment Pralinen Dunklen &#038;  Milchschokoladen Lindt Les Pyr\u00e9n\u00e9ens"},"content":{"rendered":"<p>Sortiment Pralinen Dunklen &amp; Milchschokoladen Lindt Les Pyr\u00e9n\u00e9ens<\/p>\n<div class=\"pdp-card__header--text\"><span class=\"ds-body-text ds-body-text--weight-bold ds-body-text--size-m ds-body-text--color-standard-2\"><span>175g Packung<\/span><\/span><\/p>\n<div class=\"saz_next_widget\" data-referer=\"carrefour_widget\" data-ean=\"3046920000116\"><\/div>\n<\/div>\n<div>Lassen Sie sich von der Frische und dem Schmelz im Mund von Les Pyr\u00e9n\u00e9ens L&#8217;Original Lait et Noir \u00fcberw\u00e4ltigen!<\/div>\n<div class=\"main-details--food__shoppinglist\"><\/div>\n","protected":false},"excerpt":{"rendered":"<p>Sortiment Pralinen Dunklen &amp; Milchschokoladen Lindt Les Pyr\u00e9n\u00e9ens<\/p>\n<div class=\"pdp-card__header--text\"><span class=\"ds-body-text ds-body-text--weight-bold ds-body-text--size-m ds-body-text--color-standard-2\">175g Packung<\/span><\/div>\n","protected":false},"featured_media":19439,"comment_status":"open","ping_status":"closed","template":"","meta":[],"pwb-brand":[2607],"product_brand":[],"product_cat":[2245,2495],"product_tag":[2606,2642,2357],"class_list":{"0":"post-21507","1":"product","2":"type-product","3":"status-publish","4":"has-post-thumbnail","6":"pwb-brand-lindt-de","7":"product_cat-schokolade","8":"product_cat-weihnachtsprodukte","9":"product_tag-lindt-de","10":"product_tag-pyreneens-de","11":"product_tag-schokolade","12":"product_shipping_class-internationaler-versand","14":"first","15":"outofstock","16":"taxable","17":"shipping-taxable","18":"purchasable","19":"product-type-simple"},"yoast_head":"<!-- This site is optimized with the Yoast SEO plugin v27.4 - https:\/\/yoast.com\/product\/yoast-seo-wordpress\/ -->\n<title>Sortiment Pralinen Dunklen &amp; Milchschokoladen Lindt Les Pyr\u00e9n\u00e9ens | Online Kaufen | My French Grocery<\/title>\n<meta name=\"description\" content=\"Sortiment Pralinen Dunklen &amp; Milchschokoladen Lindt Les Pyr\u00e9n\u00e9ens - 175g Packung - Lassen Sie sich von der Frische und dem Schmelz im Mund von Les Pyr\u00e9n\u00e9ens L&#039;Original\" \/>\n<meta name=\"robots\" content=\"index, follow, max-snippet:-1, max-image-preview:large, max-video-preview:-1\" \/>\n<link rel=\"canonical\" href=\"https:\/\/my-french-grocery.com\/de\/produkt\/sortiment-pralinen-dunklen-milchschokoladen-lindt-les-pyreneens\/\" \/>\n<meta property=\"og:locale\" content=\"de_DE\" \/>\n<meta property=\"og:type\" content=\"article\" \/>\n<meta property=\"og:title\" content=\"Sortiment Pralinen Dunklen &amp; Milchschokoladen Lindt Les Pyr\u00e9n\u00e9ens | Online Kaufen | My French Grocery\" \/>\n<meta property=\"og:description\" content=\"Sortiment Pralinen Dunklen &amp; Milchschokoladen Lindt Les Pyr\u00e9n\u00e9ens - 175g Packung - Lassen Sie sich von der Frische und dem Schmelz im Mund von Les Pyr\u00e9n\u00e9ens L&#039;Original\" \/>\n<meta property=\"og:url\" content=\"https:\/\/my-french-grocery.com\/de\/produkt\/sortiment-pralinen-dunklen-milchschokoladen-lindt-les-pyreneens\/\" \/>\n<meta property=\"og:site_name\" content=\"My French Grocery\" \/>\n<meta property=\"article:publisher\" content=\"https:\/\/www.facebook.com\/myfrenchgrocery\/\" \/>\n<meta property=\"og:image\" content=\"https:\/\/my-french-grocery.com\/wp-content\/uploads\/2022\/08\/Multiple-Selection.png\" \/>\n\t<meta property=\"og:image:width\" content=\"302\" \/>\n\t<meta property=\"og:image:height\" content=\"171\" \/>\n\t<meta property=\"og:image:type\" content=\"image\/png\" \/>\n<meta name=\"twitter:card\" content=\"summary_large_image\" \/>\n<script type=\"application\/ld+json\" class=\"yoast-schema-graph\">{\"@context\":\"https:\\\/\\\/schema.org\",\"@graph\":[{\"@type\":\"WebPage\",\"@id\":\"https:\\\/\\\/my-french-grocery.com\\\/de\\\/produkt\\\/sortiment-pralinen-dunklen-milchschokoladen-lindt-les-pyreneens\\\/\",\"url\":\"https:\\\/\\\/my-french-grocery.com\\\/de\\\/produkt\\\/sortiment-pralinen-dunklen-milchschokoladen-lindt-les-pyreneens\\\/\",\"name\":\"Sortiment Pralinen Dunklen & Milchschokoladen Lindt Les Pyr\u00e9n\u00e9ens | Online Kaufen | My French Grocery\",\"isPartOf\":{\"@id\":\"https:\\\/\\\/my-french-grocery.com\\\/de\\\/#website\"},\"primaryImageOfPage\":{\"@id\":\"https:\\\/\\\/my-french-grocery.com\\\/de\\\/produkt\\\/sortiment-pralinen-dunklen-milchschokoladen-lindt-les-pyreneens\\\/#primaryimage\"},\"image\":{\"@id\":\"https:\\\/\\\/my-french-grocery.com\\\/de\\\/produkt\\\/sortiment-pralinen-dunklen-milchschokoladen-lindt-les-pyreneens\\\/#primaryimage\"},\"thumbnailUrl\":\"https:\\\/\\\/my-french-grocery.com\\\/wp-content\\\/uploads\\\/2019\\\/12\\\/LINDT-LAIT-NOIR.png\",\"datePublished\":\"2025-10-26T14:05:41+00:00\",\"description\":\"Sortiment Pralinen Dunklen & Milchschokoladen Lindt Les Pyr\u00e9n\u00e9ens - 175g Packung - Lassen Sie sich von der Frische und dem Schmelz im Mund von Les Pyr\u00e9n\u00e9ens L'Original\",\"breadcrumb\":{\"@id\":\"https:\\\/\\\/my-french-grocery.com\\\/de\\\/produkt\\\/sortiment-pralinen-dunklen-milchschokoladen-lindt-les-pyreneens\\\/#breadcrumb\"},\"inLanguage\":\"de-DE\",\"potentialAction\":[{\"@type\":\"ReadAction\",\"target\":[\"https:\\\/\\\/my-french-grocery.com\\\/de\\\/produkt\\\/sortiment-pralinen-dunklen-milchschokoladen-lindt-les-pyreneens\\\/\"]}]},{\"@type\":\"ImageObject\",\"inLanguage\":\"de-DE\",\"@id\":\"https:\\\/\\\/my-french-grocery.com\\\/de\\\/produkt\\\/sortiment-pralinen-dunklen-milchschokoladen-lindt-les-pyreneens\\\/#primaryimage\",\"url\":\"https:\\\/\\\/my-french-grocery.com\\\/wp-content\\\/uploads\\\/2019\\\/12\\\/LINDT-LAIT-NOIR.png\",\"contentUrl\":\"https:\\\/\\\/my-french-grocery.com\\\/wp-content\\\/uploads\\\/2019\\\/12\\\/LINDT-LAIT-NOIR.png\",\"width\":250,\"height\":250,\"caption\":\"Sortiment Pralinen Dunklen & Milchschokoladen Lindt Les Pyr\u00e9n\u00e9ens\"},{\"@type\":\"BreadcrumbList\",\"@id\":\"https:\\\/\\\/my-french-grocery.com\\\/de\\\/produkt\\\/sortiment-pralinen-dunklen-milchschokoladen-lindt-les-pyreneens\\\/#breadcrumb\",\"itemListElement\":[{\"@type\":\"ListItem\",\"position\":1,\"name\":\"Home\",\"item\":\"https:\\\/\\\/my-french-grocery.com\\\/de\\\/shopping-seite\\\/\"},{\"@type\":\"ListItem\",\"position\":2,\"name\":\"Shop\",\"item\":\"https:\\\/\\\/my-french-grocery.com\\\/shop\\\/\"},{\"@type\":\"ListItem\",\"position\":3,\"name\":\"Schokolade\",\"item\":\"https:\\\/\\\/my-french-grocery.com\\\/de\\\/produkt-kategorie\\\/schokolade\\\/\"},{\"@type\":\"ListItem\",\"position\":4,\"name\":\"Sortiment Pralinen Dunklen &#038; Milchschokoladen Lindt Les Pyr\u00e9n\u00e9ens\"}]},{\"@type\":\"WebSite\",\"@id\":\"https:\\\/\\\/my-french-grocery.com\\\/de\\\/#website\",\"url\":\"https:\\\/\\\/my-french-grocery.com\\\/de\\\/\",\"name\":\"My French Grocery\",\"description\":\"Your Online French Grocery  !\",\"publisher\":{\"@id\":\"https:\\\/\\\/my-french-grocery.com\\\/de\\\/#organization\"},\"potentialAction\":[{\"@type\":\"SearchAction\",\"target\":{\"@type\":\"EntryPoint\",\"urlTemplate\":\"https:\\\/\\\/my-french-grocery.com\\\/de\\\/?s={search_term_string}\"},\"query-input\":{\"@type\":\"PropertyValueSpecification\",\"valueRequired\":true,\"valueName\":\"search_term_string\"}}],\"inLanguage\":\"de-DE\"},{\"@type\":\"Organization\",\"@id\":\"https:\\\/\\\/my-french-grocery.com\\\/de\\\/#organization\",\"name\":\"MY FRENCH GROCERY\",\"url\":\"https:\\\/\\\/my-french-grocery.com\\\/de\\\/\",\"logo\":{\"@type\":\"ImageObject\",\"inLanguage\":\"de-DE\",\"@id\":\"https:\\\/\\\/my-french-grocery.com\\\/de\\\/#\\\/schema\\\/logo\\\/image\\\/\",\"url\":\"https:\\\/\\\/my-french-grocery.com\\\/wp-content\\\/uploads\\\/2021\\\/11\\\/My-French-Grocery-Online-French-Grocery.png\",\"contentUrl\":\"https:\\\/\\\/my-french-grocery.com\\\/wp-content\\\/uploads\\\/2021\\\/11\\\/My-French-Grocery-Online-French-Grocery.png\",\"width\":100,\"height\":100,\"caption\":\"MY FRENCH GROCERY\"},\"image\":{\"@id\":\"https:\\\/\\\/my-french-grocery.com\\\/de\\\/#\\\/schema\\\/logo\\\/image\\\/\"},\"sameAs\":[\"https:\\\/\\\/www.facebook.com\\\/myfrenchgrocery\\\/\"]}]}<\/script>\n<!-- \/ Yoast SEO plugin. -->","yoast_head_json":{"title":"Sortiment Pralinen Dunklen & Milchschokoladen Lindt Les Pyr\u00e9n\u00e9ens | Online Kaufen | My French Grocery","description":"Sortiment Pralinen Dunklen & Milchschokoladen Lindt Les Pyr\u00e9n\u00e9ens - 175g Packung - Lassen Sie sich von der Frische und dem Schmelz im Mund von Les Pyr\u00e9n\u00e9ens L'Original","robots":{"index":"index","follow":"follow","max-snippet":"max-snippet:-1","max-image-preview":"max-image-preview:large","max-video-preview":"max-video-preview:-1"},"canonical":"https:\/\/my-french-grocery.com\/de\/produkt\/sortiment-pralinen-dunklen-milchschokoladen-lindt-les-pyreneens\/","og_locale":"de_DE","og_type":"article","og_title":"Sortiment Pralinen Dunklen & Milchschokoladen Lindt Les Pyr\u00e9n\u00e9ens | Online Kaufen | My French Grocery","og_description":"Sortiment Pralinen Dunklen & Milchschokoladen Lindt Les Pyr\u00e9n\u00e9ens - 175g Packung - Lassen Sie sich von der Frische und dem Schmelz im Mund von Les Pyr\u00e9n\u00e9ens L'Original","og_url":"https:\/\/my-french-grocery.com\/de\/produkt\/sortiment-pralinen-dunklen-milchschokoladen-lindt-les-pyreneens\/","og_site_name":"My French Grocery","article_publisher":"https:\/\/www.facebook.com\/myfrenchgrocery\/","og_image":[{"width":302,"height":171,"url":"https:\/\/my-french-grocery.com\/wp-content\/uploads\/2022\/08\/Multiple-Selection.png","type":"image\/png"}],"twitter_card":"summary_large_image","schema":{"@context":"https:\/\/schema.org","@graph":[{"@type":"WebPage","@id":"https:\/\/my-french-grocery.com\/de\/produkt\/sortiment-pralinen-dunklen-milchschokoladen-lindt-les-pyreneens\/","url":"https:\/\/my-french-grocery.com\/de\/produkt\/sortiment-pralinen-dunklen-milchschokoladen-lindt-les-pyreneens\/","name":"Sortiment Pralinen Dunklen & Milchschokoladen Lindt Les Pyr\u00e9n\u00e9ens | Online Kaufen | My French Grocery","isPartOf":{"@id":"https:\/\/my-french-grocery.com\/de\/#website"},"primaryImageOfPage":{"@id":"https:\/\/my-french-grocery.com\/de\/produkt\/sortiment-pralinen-dunklen-milchschokoladen-lindt-les-pyreneens\/#primaryimage"},"image":{"@id":"https:\/\/my-french-grocery.com\/de\/produkt\/sortiment-pralinen-dunklen-milchschokoladen-lindt-les-pyreneens\/#primaryimage"},"thumbnailUrl":"https:\/\/my-french-grocery.com\/wp-content\/uploads\/2019\/12\/LINDT-LAIT-NOIR.png","datePublished":"2025-10-26T14:05:41+00:00","description":"Sortiment Pralinen Dunklen & Milchschokoladen Lindt Les Pyr\u00e9n\u00e9ens - 175g Packung - Lassen Sie sich von der Frische und dem Schmelz im Mund von Les Pyr\u00e9n\u00e9ens L'Original","breadcrumb":{"@id":"https:\/\/my-french-grocery.com\/de\/produkt\/sortiment-pralinen-dunklen-milchschokoladen-lindt-les-pyreneens\/#breadcrumb"},"inLanguage":"de-DE","potentialAction":[{"@type":"ReadAction","target":["https:\/\/my-french-grocery.com\/de\/produkt\/sortiment-pralinen-dunklen-milchschokoladen-lindt-les-pyreneens\/"]}]},{"@type":"ImageObject","inLanguage":"de-DE","@id":"https:\/\/my-french-grocery.com\/de\/produkt\/sortiment-pralinen-dunklen-milchschokoladen-lindt-les-pyreneens\/#primaryimage","url":"https:\/\/my-french-grocery.com\/wp-content\/uploads\/2019\/12\/LINDT-LAIT-NOIR.png","contentUrl":"https:\/\/my-french-grocery.com\/wp-content\/uploads\/2019\/12\/LINDT-LAIT-NOIR.png","width":250,"height":250,"caption":"Sortiment Pralinen Dunklen & Milchschokoladen Lindt Les Pyr\u00e9n\u00e9ens"},{"@type":"BreadcrumbList","@id":"https:\/\/my-french-grocery.com\/de\/produkt\/sortiment-pralinen-dunklen-milchschokoladen-lindt-les-pyreneens\/#breadcrumb","itemListElement":[{"@type":"ListItem","position":1,"name":"Home","item":"https:\/\/my-french-grocery.com\/de\/shopping-seite\/"},{"@type":"ListItem","position":2,"name":"Shop","item":"https:\/\/my-french-grocery.com\/shop\/"},{"@type":"ListItem","position":3,"name":"Schokolade","item":"https:\/\/my-french-grocery.com\/de\/produkt-kategorie\/schokolade\/"},{"@type":"ListItem","position":4,"name":"Sortiment Pralinen Dunklen &#038; Milchschokoladen Lindt Les Pyr\u00e9n\u00e9ens"}]},{"@type":"WebSite","@id":"https:\/\/my-french-grocery.com\/de\/#website","url":"https:\/\/my-french-grocery.com\/de\/","name":"My French Grocery","description":"Your Online French Grocery  !","publisher":{"@id":"https:\/\/my-french-grocery.com\/de\/#organization"},"potentialAction":[{"@type":"SearchAction","target":{"@type":"EntryPoint","urlTemplate":"https:\/\/my-french-grocery.com\/de\/?s={search_term_string}"},"query-input":{"@type":"PropertyValueSpecification","valueRequired":true,"valueName":"search_term_string"}}],"inLanguage":"de-DE"},{"@type":"Organization","@id":"https:\/\/my-french-grocery.com\/de\/#organization","name":"MY FRENCH GROCERY","url":"https:\/\/my-french-grocery.com\/de\/","logo":{"@type":"ImageObject","inLanguage":"de-DE","@id":"https:\/\/my-french-grocery.com\/de\/#\/schema\/logo\/image\/","url":"https:\/\/my-french-grocery.com\/wp-content\/uploads\/2021\/11\/My-French-Grocery-Online-French-Grocery.png","contentUrl":"https:\/\/my-french-grocery.com\/wp-content\/uploads\/2021\/11\/My-French-Grocery-Online-French-Grocery.png","width":100,"height":100,"caption":"MY FRENCH GROCERY"},"image":{"@id":"https:\/\/my-french-grocery.com\/de\/#\/schema\/logo\/image\/"},"sameAs":["https:\/\/www.facebook.com\/myfrenchgrocery\/"]}]}},"brands":[{"id":2607,"name":"Lindt","slug":"lindt-de"}],"_links":{"self":[{"href":"https:\/\/my-french-grocery.com\/de\/wp-json\/wp\/v2\/product\/21507","targetHints":{"allow":["GET"]}}],"collection":[{"href":"https:\/\/my-french-grocery.com\/de\/wp-json\/wp\/v2\/product"}],"about":[{"href":"https:\/\/my-french-grocery.com\/de\/wp-json\/wp\/v2\/types\/product"}],"replies":[{"embeddable":true,"href":"https:\/\/my-french-grocery.com\/de\/wp-json\/wp\/v2\/comments?post=21507"}],"wp:featuredmedia":[{"embeddable":true,"href":"https:\/\/my-french-grocery.com\/de\/wp-json\/wp\/v2\/media\/19439"}],"wp:attachment":[{"href":"https:\/\/my-french-grocery.com\/de\/wp-json\/wp\/v2\/media?parent=21507"}],"wp:term":[{"taxonomy":"pwb-brand","embeddable":true,"href":"https:\/\/my-french-grocery.com\/de\/wp-json\/wp\/v2\/pwb-brand?post=21507"},{"taxonomy":"product_brand","embeddable":true,"href":"https:\/\/my-french-grocery.com\/de\/wp-json\/wp\/v2\/product_brand?post=21507"},{"taxonomy":"product_cat","embeddable":true,"href":"https:\/\/my-french-grocery.com\/de\/wp-json\/wp\/v2\/product_cat?post=21507"},{"taxonomy":"product_tag","embeddable":true,"href":"https:\/\/my-french-grocery.com\/de\/wp-json\/wp\/v2\/product_tag?post=21507"}],"curies":[{"name":"wp","href":"https:\/\/api.w.org\/{rel}","templated":true}]}}