{"id":21515,"date":"2020-06-20T13:04:40","date_gmt":"2020-06-20T11:04:40","guid":{"rendered":"https:\/\/my-french-grocery.com\/product\/magnolien-duschgel-roger-gallet\/"},"modified":"2020-06-20T13:04:40","modified_gmt":"2020-06-20T11:04:40","slug":"magnolien-duschgel-roger-gallet","status":"publish","type":"product","link":"https:\/\/my-french-grocery.com\/de\/produkt\/magnolien-duschgel-roger-gallet\/","title":{"rendered":"Magnolien Duschgel Roger &#038; Gallet"},"content":{"rendered":"<p>Magnolien Duschgel Roger & Gallet<\/p>\n<p>200-ml Tube<\/p>\n<p><span>Das Duschparfum bietet eine Gel-\u00d6l-Textur, die hochkonzentriert in Parf\u00fcm f\u00fcr mehr Sinnlichkeit ist.\u00a0<\/span><span>Die ultrasanfte Reinigungsbasis pflanzlichen Ursprungs ist mit Aloe Vera angereichert und f\u00fcr empfindliche Haut geeignet.<\/span><\/p>\n","protected":false},"excerpt":{"rendered":"<p>Magnolien Duschgel Roger &amp; Gallet<\/p>\n<p>200-ml Tube<\/p>\n","protected":false},"featured_media":9752,"comment_status":"open","ping_status":"closed","template":"","meta":[],"pwb-brand":[2412],"product_brand":[],"product_cat":[2112],"product_tag":[],"class_list":{"0":"post-21515","1":"product","2":"type-product","3":"status-publish","4":"has-post-thumbnail","6":"pwb-brand-roger-gallet-de","7":"product_cat-duschgel","8":"product_shipping_class-internationaler-versand","10":"first","11":"outofstock","12":"taxable","13":"shipping-taxable","14":"purchasable","15":"product-type-simple"},"brands":[{"id":2412,"name":"Roger &amp; Gallet","slug":"roger-gallet-de"}],"_links":{"self":[{"href":"https:\/\/my-french-grocery.com\/de\/wp-json\/wp\/v2\/product\/21515","targetHints":{"allow":["GET"]}}],"collection":[{"href":"https:\/\/my-french-grocery.com\/de\/wp-json\/wp\/v2\/product"}],"about":[{"href":"https:\/\/my-french-grocery.com\/de\/wp-json\/wp\/v2\/types\/product"}],"replies":[{"embeddable":true,"href":"https:\/\/my-french-grocery.com\/de\/wp-json\/wp\/v2\/comments?post=21515"}],"wp:featuredmedia":[{"embeddable":true,"href":"https:\/\/my-french-grocery.com\/de\/wp-json\/wp\/v2\/media\/9752"}],"wp:attachment":[{"href":"https:\/\/my-french-grocery.com\/de\/wp-json\/wp\/v2\/media?parent=21515"}],"wp:term":[{"taxonomy":"pwb-brand","embeddable":true,"href":"https:\/\/my-french-grocery.com\/de\/wp-json\/wp\/v2\/pwb-brand?post=21515"},{"taxonomy":"product_brand","embeddable":true,"href":"https:\/\/my-french-grocery.com\/de\/wp-json\/wp\/v2\/product_brand?post=21515"},{"taxonomy":"product_cat","embeddable":true,"href":"https:\/\/my-french-grocery.com\/de\/wp-json\/wp\/v2\/product_cat?post=21515"},{"taxonomy":"product_tag","embeddable":true,"href":"https:\/\/my-french-grocery.com\/de\/wp-json\/wp\/v2\/product_tag?post=21515"}],"curies":[{"name":"wp","href":"https:\/\/api.w.org\/{rel}","templated":true}]}}