{"id":21518,"date":"2020-06-20T13:15:32","date_gmt":"2020-06-20T11:15:32","guid":{"rendered":"https:\/\/my-french-grocery.com\/product\/rosen-duschgel-roger-gallet\/"},"modified":"2020-06-20T13:15:32","modified_gmt":"2020-06-20T11:15:32","slug":"rosen-duschgel-roger-gallet","status":"publish","type":"product","link":"https:\/\/my-french-grocery.com\/de\/produkt\/rosen-duschgel-roger-gallet\/","title":{"rendered":"Rosen Duschgel Roger &#038; Gallet"},"content":{"rendered":"<p>Rosen Duschgel Roger & Gallet<\/p>\n<div class=\"pdp-card__header--text\"><span class=\"ds-body-text ds-body-text--weight-bold ds-body-text--size-m ds-body-text--color-standard-2\"><span>200 ml Tube<\/span><\/span><\/p>\n<div class=\"saz_next_widget\" data-referer=\"carrefour_widget\" data-ean=\"3337875201001\"><\/div>\n<\/div>\n<div class=\"main-details--food__shoppinglist\"><span>Ein Duschgel, das doppelt so stark parf\u00fcmiert ist wie ein herk\u00f6mmliches Duschgel und Ihre Haut zart parf\u00fcmiert.\u00a0<\/span><span>Unglaublich seidige und samtige Haut, k\u00f6stlich duftend mit blumigen Rosennoten.<\/span><\/div>\n","protected":false},"excerpt":{"rendered":"<p>Rosen Duschgel Roger &amp; Gallet<\/p>\n<div class=\"pdp-card__header--text\"><span class=\"ds-body-text ds-body-text--weight-bold ds-body-text--size-m ds-body-text--color-standard-2\">200 ml Tube<\/span><\/div>\n","protected":false},"featured_media":9776,"comment_status":"open","ping_status":"closed","template":"","meta":[],"pwb-brand":[2412],"product_brand":[],"product_cat":[2112],"product_tag":[],"class_list":{"0":"post-21518","1":"product","2":"type-product","3":"status-publish","4":"has-post-thumbnail","6":"pwb-brand-roger-gallet-de","7":"product_cat-duschgel","8":"product_shipping_class-internationaler-versand","10":"first","11":"outofstock","12":"taxable","13":"shipping-taxable","14":"purchasable","15":"product-type-simple"},"brands":[{"id":2412,"name":"Roger &amp; Gallet","slug":"roger-gallet-de"}],"_links":{"self":[{"href":"https:\/\/my-french-grocery.com\/de\/wp-json\/wp\/v2\/product\/21518","targetHints":{"allow":["GET"]}}],"collection":[{"href":"https:\/\/my-french-grocery.com\/de\/wp-json\/wp\/v2\/product"}],"about":[{"href":"https:\/\/my-french-grocery.com\/de\/wp-json\/wp\/v2\/types\/product"}],"replies":[{"embeddable":true,"href":"https:\/\/my-french-grocery.com\/de\/wp-json\/wp\/v2\/comments?post=21518"}],"wp:featuredmedia":[{"embeddable":true,"href":"https:\/\/my-french-grocery.com\/de\/wp-json\/wp\/v2\/media\/9776"}],"wp:attachment":[{"href":"https:\/\/my-french-grocery.com\/de\/wp-json\/wp\/v2\/media?parent=21518"}],"wp:term":[{"taxonomy":"pwb-brand","embeddable":true,"href":"https:\/\/my-french-grocery.com\/de\/wp-json\/wp\/v2\/pwb-brand?post=21518"},{"taxonomy":"product_brand","embeddable":true,"href":"https:\/\/my-french-grocery.com\/de\/wp-json\/wp\/v2\/product_brand?post=21518"},{"taxonomy":"product_cat","embeddable":true,"href":"https:\/\/my-french-grocery.com\/de\/wp-json\/wp\/v2\/product_cat?post=21518"},{"taxonomy":"product_tag","embeddable":true,"href":"https:\/\/my-french-grocery.com\/de\/wp-json\/wp\/v2\/product_tag?post=21518"}],"curies":[{"name":"wp","href":"https:\/\/api.w.org\/{rel}","templated":true}]}}