{"id":21528,"date":"2020-06-21T18:07:09","date_gmt":"2020-06-21T16:07:09","guid":{"rendered":"https:\/\/my-french-grocery.com\/product\/weizen-mit-olivenol-ebly\/"},"modified":"2023-11-26T08:24:24","modified_gmt":"2023-11-26T06:24:24","slug":"weizen-mit-olivenol-ebly","status":"publish","type":"product","link":"https:\/\/my-french-grocery.com\/de\/produkt\/weizen-mit-olivenol-ebly\/","title":{"rendered":"Weizen mit Oliven\u00f6l Ebly"},"content":{"rendered":"<p>Weizen mit Oliven\u00f6l Ebly<\/p>\n<p>Beutel mit 220 g<\/p>\n<p>F\u00fcr Mikrowellengebrauch<\/p>\n<p>Schonend in Oliven\u00f6l gegart, ist Ebly\u00ae Weizen in nur 2 Minuten in der Mikrowelle fertig zum Probieren. Um den Genuss zu variieren, br\u00e4unen Sie es in einer Pfanne mit H\u00e4hnchen und etwas Gem\u00fcse an. Dieses Produkt wird in Frankreich in der Region Centre Val-de Loire hergestellt und enth\u00e4lt keine k\u00fcnstlichen Farb-, Konservierungs- und Aromastoffe.<\/p>\n","protected":false},"excerpt":{"rendered":"<p>Weizen mit Oliven\u00f6l Ebly<\/p>\n<p>Beutel mit 220 g<\/p>\n","protected":false},"featured_media":9862,"comment_status":"open","ping_status":"closed","template":"","meta":[],"pwb-brand":[2644],"product_brand":[],"product_cat":[2263,2254],"product_tag":[2643],"class_list":{"0":"post-21528","1":"product","2":"type-product","3":"status-publish","4":"has-post-thumbnail","6":"pwb-brand-ebly-de","7":"product_cat-dosen-gemuese","8":"product_cat-nudeln-reis-maische-getreide","9":"product_tag-weizen","10":"product_shipping_class-internationaler-versand","12":"first","13":"outofstock","14":"taxable","15":"shipping-taxable","16":"purchasable","17":"product-type-simple"},"yoast_head":"<!-- This site is optimized with the Yoast SEO plugin v27.4 - https:\/\/yoast.com\/product\/yoast-seo-wordpress\/ -->\n<title>Weizen mit Oliven\u00f6l Ebly | Online Kaufen | My French Grocery<\/title>\n<meta name=\"description\" content=\"Weizen mit Oliven\u00f6l Ebly - Beutel mit 220 g - Schonend in Oliven\u00f6l gegart, ist Ebly\u00ae Weizen in nur 2 Minuten in der Mikrowelle fertig zum Probieren.\" \/>\n<meta name=\"robots\" content=\"index, follow, max-snippet:-1, max-image-preview:large, max-video-preview:-1\" \/>\n<link rel=\"canonical\" href=\"https:\/\/my-french-grocery.com\/de\/produkt\/weizen-mit-olivenol-ebly\/\" \/>\n<meta property=\"og:locale\" content=\"de_DE\" \/>\n<meta property=\"og:type\" content=\"article\" \/>\n<meta property=\"og:title\" content=\"Weizen mit Oliven\u00f6l Ebly | Online Kaufen | My French Grocery\" \/>\n<meta property=\"og:description\" content=\"Weizen mit Oliven\u00f6l Ebly - Beutel mit 220 g - Schonend in Oliven\u00f6l gegart, ist Ebly\u00ae Weizen in nur 2 Minuten in der Mikrowelle fertig zum Probieren.\" \/>\n<meta property=\"og:url\" content=\"https:\/\/my-french-grocery.com\/de\/produkt\/weizen-mit-olivenol-ebly\/\" \/>\n<meta property=\"og:site_name\" content=\"My French Grocery\" \/>\n<meta property=\"article:publisher\" content=\"https:\/\/www.facebook.com\/myfrenchgrocery\/\" \/>\n<meta property=\"article:modified_time\" content=\"2023-11-26T06:24:24+00:00\" \/>\n<meta property=\"og:image\" content=\"https:\/\/my-french-grocery.com\/wp-content\/uploads\/2020\/06\/Ebly-Olive-Oil.jpg\" \/>\n\t<meta property=\"og:image:width\" content=\"350\" \/>\n\t<meta property=\"og:image:height\" content=\"350\" \/>\n\t<meta property=\"og:image:type\" content=\"image\/jpeg\" \/>\n<meta name=\"twitter:card\" content=\"summary_large_image\" \/>\n<script type=\"application\/ld+json\" class=\"yoast-schema-graph\">{\"@context\":\"https:\\\/\\\/schema.org\",\"@graph\":[{\"@type\":\"WebPage\",\"@id\":\"https:\\\/\\\/my-french-grocery.com\\\/de\\\/produkt\\\/weizen-mit-olivenol-ebly\\\/\",\"url\":\"https:\\\/\\\/my-french-grocery.com\\\/de\\\/produkt\\\/weizen-mit-olivenol-ebly\\\/\",\"name\":\"Weizen mit Oliven\u00f6l Ebly | Online Kaufen | My French Grocery\",\"isPartOf\":{\"@id\":\"https:\\\/\\\/my-french-grocery.com\\\/de\\\/#website\"},\"primaryImageOfPage\":{\"@id\":\"https:\\\/\\\/my-french-grocery.com\\\/de\\\/produkt\\\/weizen-mit-olivenol-ebly\\\/#primaryimage\"},\"image\":{\"@id\":\"https:\\\/\\\/my-french-grocery.com\\\/de\\\/produkt\\\/weizen-mit-olivenol-ebly\\\/#primaryimage\"},\"thumbnailUrl\":\"https:\\\/\\\/my-french-grocery.com\\\/wp-content\\\/uploads\\\/2020\\\/06\\\/Ebly-Olive-Oil.jpg\",\"datePublished\":\"2020-06-21T16:07:09+00:00\",\"dateModified\":\"2023-11-26T06:24:24+00:00\",\"description\":\"Weizen mit Oliven\u00f6l Ebly - Beutel mit 220 g - Schonend in Oliven\u00f6l gegart, ist Ebly\u00ae Weizen in nur 2 Minuten in der Mikrowelle fertig zum Probieren.\",\"breadcrumb\":{\"@id\":\"https:\\\/\\\/my-french-grocery.com\\\/de\\\/produkt\\\/weizen-mit-olivenol-ebly\\\/#breadcrumb\"},\"inLanguage\":\"de-DE\",\"potentialAction\":[{\"@type\":\"ReadAction\",\"target\":[\"https:\\\/\\\/my-french-grocery.com\\\/de\\\/produkt\\\/weizen-mit-olivenol-ebly\\\/\"]}]},{\"@type\":\"ImageObject\",\"inLanguage\":\"de-DE\",\"@id\":\"https:\\\/\\\/my-french-grocery.com\\\/de\\\/produkt\\\/weizen-mit-olivenol-ebly\\\/#primaryimage\",\"url\":\"https:\\\/\\\/my-french-grocery.com\\\/wp-content\\\/uploads\\\/2020\\\/06\\\/Ebly-Olive-Oil.jpg\",\"contentUrl\":\"https:\\\/\\\/my-french-grocery.com\\\/wp-content\\\/uploads\\\/2020\\\/06\\\/Ebly-Olive-Oil.jpg\",\"width\":350,\"height\":350,\"caption\":\"Weizen mit Oliven\u00f6l Ebly\"},{\"@type\":\"BreadcrumbList\",\"@id\":\"https:\\\/\\\/my-french-grocery.com\\\/de\\\/produkt\\\/weizen-mit-olivenol-ebly\\\/#breadcrumb\",\"itemListElement\":[{\"@type\":\"ListItem\",\"position\":1,\"name\":\"Home\",\"item\":\"https:\\\/\\\/my-french-grocery.com\\\/de\\\/shopping-seite\\\/\"},{\"@type\":\"ListItem\",\"position\":2,\"name\":\"Shop\",\"item\":\"https:\\\/\\\/my-french-grocery.com\\\/shop\\\/\"},{\"@type\":\"ListItem\",\"position\":3,\"name\":\"Weizen mit Oliven\u00f6l Ebly\"}]},{\"@type\":\"WebSite\",\"@id\":\"https:\\\/\\\/my-french-grocery.com\\\/de\\\/#website\",\"url\":\"https:\\\/\\\/my-french-grocery.com\\\/de\\\/\",\"name\":\"My French Grocery\",\"description\":\"Your Online French Grocery  !\",\"publisher\":{\"@id\":\"https:\\\/\\\/my-french-grocery.com\\\/de\\\/#organization\"},\"potentialAction\":[{\"@type\":\"SearchAction\",\"target\":{\"@type\":\"EntryPoint\",\"urlTemplate\":\"https:\\\/\\\/my-french-grocery.com\\\/de\\\/?s={search_term_string}\"},\"query-input\":{\"@type\":\"PropertyValueSpecification\",\"valueRequired\":true,\"valueName\":\"search_term_string\"}}],\"inLanguage\":\"de-DE\"},{\"@type\":\"Organization\",\"@id\":\"https:\\\/\\\/my-french-grocery.com\\\/de\\\/#organization\",\"name\":\"MY FRENCH GROCERY\",\"url\":\"https:\\\/\\\/my-french-grocery.com\\\/de\\\/\",\"logo\":{\"@type\":\"ImageObject\",\"inLanguage\":\"de-DE\",\"@id\":\"https:\\\/\\\/my-french-grocery.com\\\/de\\\/#\\\/schema\\\/logo\\\/image\\\/\",\"url\":\"https:\\\/\\\/my-french-grocery.com\\\/wp-content\\\/uploads\\\/2021\\\/11\\\/My-French-Grocery-Online-French-Grocery.png\",\"contentUrl\":\"https:\\\/\\\/my-french-grocery.com\\\/wp-content\\\/uploads\\\/2021\\\/11\\\/My-French-Grocery-Online-French-Grocery.png\",\"width\":100,\"height\":100,\"caption\":\"MY FRENCH GROCERY\"},\"image\":{\"@id\":\"https:\\\/\\\/my-french-grocery.com\\\/de\\\/#\\\/schema\\\/logo\\\/image\\\/\"},\"sameAs\":[\"https:\\\/\\\/www.facebook.com\\\/myfrenchgrocery\\\/\"]}]}<\/script>\n<!-- \/ Yoast SEO plugin. -->","yoast_head_json":{"title":"Weizen mit Oliven\u00f6l Ebly | Online Kaufen | My French Grocery","description":"Weizen mit Oliven\u00f6l Ebly - Beutel mit 220 g - Schonend in Oliven\u00f6l gegart, ist Ebly\u00ae Weizen in nur 2 Minuten in der Mikrowelle fertig zum Probieren.","robots":{"index":"index","follow":"follow","max-snippet":"max-snippet:-1","max-image-preview":"max-image-preview:large","max-video-preview":"max-video-preview:-1"},"canonical":"https:\/\/my-french-grocery.com\/de\/produkt\/weizen-mit-olivenol-ebly\/","og_locale":"de_DE","og_type":"article","og_title":"Weizen mit Oliven\u00f6l Ebly | Online Kaufen | My French Grocery","og_description":"Weizen mit Oliven\u00f6l Ebly - Beutel mit 220 g - Schonend in Oliven\u00f6l gegart, ist Ebly\u00ae Weizen in nur 2 Minuten in der Mikrowelle fertig zum Probieren.","og_url":"https:\/\/my-french-grocery.com\/de\/produkt\/weizen-mit-olivenol-ebly\/","og_site_name":"My French Grocery","article_publisher":"https:\/\/www.facebook.com\/myfrenchgrocery\/","article_modified_time":"2023-11-26T06:24:24+00:00","og_image":[{"width":350,"height":350,"url":"https:\/\/my-french-grocery.com\/wp-content\/uploads\/2020\/06\/Ebly-Olive-Oil.jpg","type":"image\/jpeg"}],"twitter_card":"summary_large_image","schema":{"@context":"https:\/\/schema.org","@graph":[{"@type":"WebPage","@id":"https:\/\/my-french-grocery.com\/de\/produkt\/weizen-mit-olivenol-ebly\/","url":"https:\/\/my-french-grocery.com\/de\/produkt\/weizen-mit-olivenol-ebly\/","name":"Weizen mit Oliven\u00f6l Ebly | Online Kaufen | My French Grocery","isPartOf":{"@id":"https:\/\/my-french-grocery.com\/de\/#website"},"primaryImageOfPage":{"@id":"https:\/\/my-french-grocery.com\/de\/produkt\/weizen-mit-olivenol-ebly\/#primaryimage"},"image":{"@id":"https:\/\/my-french-grocery.com\/de\/produkt\/weizen-mit-olivenol-ebly\/#primaryimage"},"thumbnailUrl":"https:\/\/my-french-grocery.com\/wp-content\/uploads\/2020\/06\/Ebly-Olive-Oil.jpg","datePublished":"2020-06-21T16:07:09+00:00","dateModified":"2023-11-26T06:24:24+00:00","description":"Weizen mit Oliven\u00f6l Ebly - Beutel mit 220 g - Schonend in Oliven\u00f6l gegart, ist Ebly\u00ae Weizen in nur 2 Minuten in der Mikrowelle fertig zum Probieren.","breadcrumb":{"@id":"https:\/\/my-french-grocery.com\/de\/produkt\/weizen-mit-olivenol-ebly\/#breadcrumb"},"inLanguage":"de-DE","potentialAction":[{"@type":"ReadAction","target":["https:\/\/my-french-grocery.com\/de\/produkt\/weizen-mit-olivenol-ebly\/"]}]},{"@type":"ImageObject","inLanguage":"de-DE","@id":"https:\/\/my-french-grocery.com\/de\/produkt\/weizen-mit-olivenol-ebly\/#primaryimage","url":"https:\/\/my-french-grocery.com\/wp-content\/uploads\/2020\/06\/Ebly-Olive-Oil.jpg","contentUrl":"https:\/\/my-french-grocery.com\/wp-content\/uploads\/2020\/06\/Ebly-Olive-Oil.jpg","width":350,"height":350,"caption":"Weizen mit Oliven\u00f6l Ebly"},{"@type":"BreadcrumbList","@id":"https:\/\/my-french-grocery.com\/de\/produkt\/weizen-mit-olivenol-ebly\/#breadcrumb","itemListElement":[{"@type":"ListItem","position":1,"name":"Home","item":"https:\/\/my-french-grocery.com\/de\/shopping-seite\/"},{"@type":"ListItem","position":2,"name":"Shop","item":"https:\/\/my-french-grocery.com\/shop\/"},{"@type":"ListItem","position":3,"name":"Weizen mit Oliven\u00f6l Ebly"}]},{"@type":"WebSite","@id":"https:\/\/my-french-grocery.com\/de\/#website","url":"https:\/\/my-french-grocery.com\/de\/","name":"My French Grocery","description":"Your Online French Grocery  !","publisher":{"@id":"https:\/\/my-french-grocery.com\/de\/#organization"},"potentialAction":[{"@type":"SearchAction","target":{"@type":"EntryPoint","urlTemplate":"https:\/\/my-french-grocery.com\/de\/?s={search_term_string}"},"query-input":{"@type":"PropertyValueSpecification","valueRequired":true,"valueName":"search_term_string"}}],"inLanguage":"de-DE"},{"@type":"Organization","@id":"https:\/\/my-french-grocery.com\/de\/#organization","name":"MY FRENCH GROCERY","url":"https:\/\/my-french-grocery.com\/de\/","logo":{"@type":"ImageObject","inLanguage":"de-DE","@id":"https:\/\/my-french-grocery.com\/de\/#\/schema\/logo\/image\/","url":"https:\/\/my-french-grocery.com\/wp-content\/uploads\/2021\/11\/My-French-Grocery-Online-French-Grocery.png","contentUrl":"https:\/\/my-french-grocery.com\/wp-content\/uploads\/2021\/11\/My-French-Grocery-Online-French-Grocery.png","width":100,"height":100,"caption":"MY FRENCH GROCERY"},"image":{"@id":"https:\/\/my-french-grocery.com\/de\/#\/schema\/logo\/image\/"},"sameAs":["https:\/\/www.facebook.com\/myfrenchgrocery\/"]}]}},"brands":[{"id":2644,"name":"Ebly","slug":"ebly-de"}],"_links":{"self":[{"href":"https:\/\/my-french-grocery.com\/de\/wp-json\/wp\/v2\/product\/21528","targetHints":{"allow":["GET"]}}],"collection":[{"href":"https:\/\/my-french-grocery.com\/de\/wp-json\/wp\/v2\/product"}],"about":[{"href":"https:\/\/my-french-grocery.com\/de\/wp-json\/wp\/v2\/types\/product"}],"replies":[{"embeddable":true,"href":"https:\/\/my-french-grocery.com\/de\/wp-json\/wp\/v2\/comments?post=21528"}],"wp:featuredmedia":[{"embeddable":true,"href":"https:\/\/my-french-grocery.com\/de\/wp-json\/wp\/v2\/media\/9862"}],"wp:attachment":[{"href":"https:\/\/my-french-grocery.com\/de\/wp-json\/wp\/v2\/media?parent=21528"}],"wp:term":[{"taxonomy":"pwb-brand","embeddable":true,"href":"https:\/\/my-french-grocery.com\/de\/wp-json\/wp\/v2\/pwb-brand?post=21528"},{"taxonomy":"product_brand","embeddable":true,"href":"https:\/\/my-french-grocery.com\/de\/wp-json\/wp\/v2\/product_brand?post=21528"},{"taxonomy":"product_cat","embeddable":true,"href":"https:\/\/my-french-grocery.com\/de\/wp-json\/wp\/v2\/product_cat?post=21528"},{"taxonomy":"product_tag","embeddable":true,"href":"https:\/\/my-french-grocery.com\/de\/wp-json\/wp\/v2\/product_tag?post=21528"}],"curies":[{"name":"wp","href":"https:\/\/api.w.org\/{rel}","templated":true}]}}