{"id":21559,"date":"2020-06-29T13:56:01","date_gmt":"2020-06-29T11:56:01","guid":{"rendered":"https:\/\/my-french-grocery.com\/product\/orangenbluten-deodorant-le-petit-marseillais\/"},"modified":"2020-06-29T13:56:01","modified_gmt":"2020-06-29T11:56:01","slug":"orangenbluten-deodorant-le-petit-marseillais","status":"publish","type":"product","link":"https:\/\/my-french-grocery.com\/de\/produkt\/orangenbluten-deodorant-le-petit-marseillais\/","title":{"rendered":"Orangenbl\u00fcten Deodorant Le Petit Marseillais"},"content":{"rendered":"<p>Orangenbl\u00fcten Deodorant Le Petit Marseillais<\/p>\n<div class=\"pdp-card__header--text\">200mL spray<\/div>\n<div><\/div>\n<div><span>Eine besonders sanfte Formel f\u00fcr die Haut<\/span><br \/>\n<span>Dieses dermatologisch getestete Deodorant l\u00e4sst Ihre Haut atmen und sorgt f\u00fcr sanfte Wirksamkeit.<\/span><\/div>\n","protected":false},"excerpt":{"rendered":"<p>Orangenbl\u00fcten Deodorant Le Petit Marseillais<\/p>\n<div class=\"pdp-card__header--text\">200mL spray<\/div>\n","protected":false},"featured_media":10375,"comment_status":"open","ping_status":"closed","template":"","meta":[],"pwb-brand":[2111],"product_brand":[],"product_cat":[2214],"product_tag":[2620],"class_list":{"0":"post-21559","1":"product","2":"type-product","3":"status-publish","4":"has-post-thumbnail","6":"pwb-brand-le-petit-marseillais-de","7":"product_cat-deodorants-antitranspirantien","8":"product_tag-petit-marseillais-de","9":"product_shipping_class-internationaler-versand","11":"first","12":"outofstock","13":"taxable","14":"shipping-taxable","15":"purchasable","16":"product-type-simple"},"yoast_head":"<!-- This site is optimized with the Yoast SEO plugin v27.4 - https:\/\/yoast.com\/product\/yoast-seo-wordpress\/ -->\n<title>Orangenbl\u00fcten Deodorant Le Petit Marseillais | Online Kaufen | My French Grocery<\/title>\n<meta name=\"description\" content=\"Orangenbl\u00fcten Deodorant Le Petit Marseillais - 200mL spray - Eine besonders sanfte Formel f\u00fcr die Haut\" \/>\n<meta name=\"robots\" content=\"index, follow, max-snippet:-1, max-image-preview:large, max-video-preview:-1\" \/>\n<link rel=\"canonical\" href=\"https:\/\/my-french-grocery.com\/de\/produkt\/orangenbluten-deodorant-le-petit-marseillais\/\" \/>\n<meta property=\"og:locale\" content=\"de_DE\" \/>\n<meta property=\"og:type\" content=\"article\" \/>\n<meta property=\"og:title\" content=\"Orangenbl\u00fcten Deodorant Le Petit Marseillais | Online Kaufen | My French Grocery\" \/>\n<meta property=\"og:description\" content=\"Orangenbl\u00fcten Deodorant Le Petit Marseillais - 200mL spray - Eine besonders sanfte Formel f\u00fcr die Haut\" \/>\n<meta property=\"og:url\" content=\"https:\/\/my-french-grocery.com\/de\/produkt\/orangenbluten-deodorant-le-petit-marseillais\/\" \/>\n<meta property=\"og:site_name\" content=\"My French Grocery\" \/>\n<meta property=\"article:publisher\" content=\"https:\/\/www.facebook.com\/myfrenchgrocery\/\" \/>\n<meta property=\"og:image\" content=\"https:\/\/my-french-grocery.com\/wp-content\/uploads\/2020\/06\/DEO-FLEUR-ORANGER-PETIT-MARSEILLAIS.jpg\" \/>\n\t<meta property=\"og:image:width\" content=\"1500\" \/>\n\t<meta property=\"og:image:height\" content=\"1500\" \/>\n\t<meta property=\"og:image:type\" content=\"image\/jpeg\" \/>\n<meta name=\"twitter:card\" content=\"summary_large_image\" \/>\n<script type=\"application\/ld+json\" class=\"yoast-schema-graph\">{\"@context\":\"https:\\\/\\\/schema.org\",\"@graph\":[{\"@type\":\"WebPage\",\"@id\":\"https:\\\/\\\/my-french-grocery.com\\\/de\\\/produkt\\\/orangenbluten-deodorant-le-petit-marseillais\\\/\",\"url\":\"https:\\\/\\\/my-french-grocery.com\\\/de\\\/produkt\\\/orangenbluten-deodorant-le-petit-marseillais\\\/\",\"name\":\"Orangenbl\u00fcten Deodorant Le Petit Marseillais | Online Kaufen | My French Grocery\",\"isPartOf\":{\"@id\":\"https:\\\/\\\/my-french-grocery.com\\\/de\\\/#website\"},\"primaryImageOfPage\":{\"@id\":\"https:\\\/\\\/my-french-grocery.com\\\/de\\\/produkt\\\/orangenbluten-deodorant-le-petit-marseillais\\\/#primaryimage\"},\"image\":{\"@id\":\"https:\\\/\\\/my-french-grocery.com\\\/de\\\/produkt\\\/orangenbluten-deodorant-le-petit-marseillais\\\/#primaryimage\"},\"thumbnailUrl\":\"https:\\\/\\\/my-french-grocery.com\\\/wp-content\\\/uploads\\\/2020\\\/06\\\/DEO-FLEUR-ORANGER-PETIT-MARSEILLAIS.jpg\",\"datePublished\":\"2020-06-29T11:56:01+00:00\",\"description\":\"Orangenbl\u00fcten Deodorant Le Petit Marseillais - 200mL spray - Eine besonders sanfte Formel f\u00fcr die Haut\",\"breadcrumb\":{\"@id\":\"https:\\\/\\\/my-french-grocery.com\\\/de\\\/produkt\\\/orangenbluten-deodorant-le-petit-marseillais\\\/#breadcrumb\"},\"inLanguage\":\"de-DE\",\"potentialAction\":[{\"@type\":\"ReadAction\",\"target\":[\"https:\\\/\\\/my-french-grocery.com\\\/de\\\/produkt\\\/orangenbluten-deodorant-le-petit-marseillais\\\/\"]}]},{\"@type\":\"ImageObject\",\"inLanguage\":\"de-DE\",\"@id\":\"https:\\\/\\\/my-french-grocery.com\\\/de\\\/produkt\\\/orangenbluten-deodorant-le-petit-marseillais\\\/#primaryimage\",\"url\":\"https:\\\/\\\/my-french-grocery.com\\\/wp-content\\\/uploads\\\/2020\\\/06\\\/DEO-FLEUR-ORANGER-PETIT-MARSEILLAIS.jpg\",\"contentUrl\":\"https:\\\/\\\/my-french-grocery.com\\\/wp-content\\\/uploads\\\/2020\\\/06\\\/DEO-FLEUR-ORANGER-PETIT-MARSEILLAIS.jpg\",\"width\":1500,\"height\":1500,\"caption\":\"Orangenbl\u00fcten Deodorant Le Petit Marseillais\"},{\"@type\":\"BreadcrumbList\",\"@id\":\"https:\\\/\\\/my-french-grocery.com\\\/de\\\/produkt\\\/orangenbluten-deodorant-le-petit-marseillais\\\/#breadcrumb\",\"itemListElement\":[{\"@type\":\"ListItem\",\"position\":1,\"name\":\"Home\",\"item\":\"https:\\\/\\\/my-french-grocery.com\\\/de\\\/shopping-seite\\\/\"},{\"@type\":\"ListItem\",\"position\":2,\"name\":\"Shop\",\"item\":\"https:\\\/\\\/my-french-grocery.com\\\/shop\\\/\"},{\"@type\":\"ListItem\",\"position\":3,\"name\":\"Kosmetika\",\"item\":\"https:\\\/\\\/my-french-grocery.com\\\/de\\\/produkt-kategorie\\\/kosmetika\\\/\"},{\"@type\":\"ListItem\",\"position\":4,\"name\":\"Deodorants &amp; Antitranspirantien\",\"item\":\"https:\\\/\\\/my-french-grocery.com\\\/de\\\/produkt-kategorie\\\/deodorants-antitranspirantien\\\/\"},{\"@type\":\"ListItem\",\"position\":5,\"name\":\"Orangenbl\u00fcten Deodorant Le Petit Marseillais\"}]},{\"@type\":\"WebSite\",\"@id\":\"https:\\\/\\\/my-french-grocery.com\\\/de\\\/#website\",\"url\":\"https:\\\/\\\/my-french-grocery.com\\\/de\\\/\",\"name\":\"My French Grocery\",\"description\":\"Your Online French Grocery  !\",\"publisher\":{\"@id\":\"https:\\\/\\\/my-french-grocery.com\\\/de\\\/#organization\"},\"potentialAction\":[{\"@type\":\"SearchAction\",\"target\":{\"@type\":\"EntryPoint\",\"urlTemplate\":\"https:\\\/\\\/my-french-grocery.com\\\/de\\\/?s={search_term_string}\"},\"query-input\":{\"@type\":\"PropertyValueSpecification\",\"valueRequired\":true,\"valueName\":\"search_term_string\"}}],\"inLanguage\":\"de-DE\"},{\"@type\":\"Organization\",\"@id\":\"https:\\\/\\\/my-french-grocery.com\\\/de\\\/#organization\",\"name\":\"MY FRENCH GROCERY\",\"url\":\"https:\\\/\\\/my-french-grocery.com\\\/de\\\/\",\"logo\":{\"@type\":\"ImageObject\",\"inLanguage\":\"de-DE\",\"@id\":\"https:\\\/\\\/my-french-grocery.com\\\/de\\\/#\\\/schema\\\/logo\\\/image\\\/\",\"url\":\"https:\\\/\\\/my-french-grocery.com\\\/wp-content\\\/uploads\\\/2021\\\/11\\\/My-French-Grocery-Online-French-Grocery.png\",\"contentUrl\":\"https:\\\/\\\/my-french-grocery.com\\\/wp-content\\\/uploads\\\/2021\\\/11\\\/My-French-Grocery-Online-French-Grocery.png\",\"width\":100,\"height\":100,\"caption\":\"MY FRENCH GROCERY\"},\"image\":{\"@id\":\"https:\\\/\\\/my-french-grocery.com\\\/de\\\/#\\\/schema\\\/logo\\\/image\\\/\"},\"sameAs\":[\"https:\\\/\\\/www.facebook.com\\\/myfrenchgrocery\\\/\"]}]}<\/script>\n<!-- \/ Yoast SEO plugin. -->","yoast_head_json":{"title":"Orangenbl\u00fcten Deodorant Le Petit Marseillais | Online Kaufen | My French Grocery","description":"Orangenbl\u00fcten Deodorant Le Petit Marseillais - 200mL spray - Eine besonders sanfte Formel f\u00fcr die Haut","robots":{"index":"index","follow":"follow","max-snippet":"max-snippet:-1","max-image-preview":"max-image-preview:large","max-video-preview":"max-video-preview:-1"},"canonical":"https:\/\/my-french-grocery.com\/de\/produkt\/orangenbluten-deodorant-le-petit-marseillais\/","og_locale":"de_DE","og_type":"article","og_title":"Orangenbl\u00fcten Deodorant Le Petit Marseillais | Online Kaufen | My French Grocery","og_description":"Orangenbl\u00fcten Deodorant Le Petit Marseillais - 200mL spray - Eine besonders sanfte Formel f\u00fcr die Haut","og_url":"https:\/\/my-french-grocery.com\/de\/produkt\/orangenbluten-deodorant-le-petit-marseillais\/","og_site_name":"My French Grocery","article_publisher":"https:\/\/www.facebook.com\/myfrenchgrocery\/","og_image":[{"width":1500,"height":1500,"url":"https:\/\/my-french-grocery.com\/wp-content\/uploads\/2020\/06\/DEO-FLEUR-ORANGER-PETIT-MARSEILLAIS.jpg","type":"image\/jpeg"}],"twitter_card":"summary_large_image","schema":{"@context":"https:\/\/schema.org","@graph":[{"@type":"WebPage","@id":"https:\/\/my-french-grocery.com\/de\/produkt\/orangenbluten-deodorant-le-petit-marseillais\/","url":"https:\/\/my-french-grocery.com\/de\/produkt\/orangenbluten-deodorant-le-petit-marseillais\/","name":"Orangenbl\u00fcten Deodorant Le Petit Marseillais | Online Kaufen | My French Grocery","isPartOf":{"@id":"https:\/\/my-french-grocery.com\/de\/#website"},"primaryImageOfPage":{"@id":"https:\/\/my-french-grocery.com\/de\/produkt\/orangenbluten-deodorant-le-petit-marseillais\/#primaryimage"},"image":{"@id":"https:\/\/my-french-grocery.com\/de\/produkt\/orangenbluten-deodorant-le-petit-marseillais\/#primaryimage"},"thumbnailUrl":"https:\/\/my-french-grocery.com\/wp-content\/uploads\/2020\/06\/DEO-FLEUR-ORANGER-PETIT-MARSEILLAIS.jpg","datePublished":"2020-06-29T11:56:01+00:00","description":"Orangenbl\u00fcten Deodorant Le Petit Marseillais - 200mL spray - Eine besonders sanfte Formel f\u00fcr die Haut","breadcrumb":{"@id":"https:\/\/my-french-grocery.com\/de\/produkt\/orangenbluten-deodorant-le-petit-marseillais\/#breadcrumb"},"inLanguage":"de-DE","potentialAction":[{"@type":"ReadAction","target":["https:\/\/my-french-grocery.com\/de\/produkt\/orangenbluten-deodorant-le-petit-marseillais\/"]}]},{"@type":"ImageObject","inLanguage":"de-DE","@id":"https:\/\/my-french-grocery.com\/de\/produkt\/orangenbluten-deodorant-le-petit-marseillais\/#primaryimage","url":"https:\/\/my-french-grocery.com\/wp-content\/uploads\/2020\/06\/DEO-FLEUR-ORANGER-PETIT-MARSEILLAIS.jpg","contentUrl":"https:\/\/my-french-grocery.com\/wp-content\/uploads\/2020\/06\/DEO-FLEUR-ORANGER-PETIT-MARSEILLAIS.jpg","width":1500,"height":1500,"caption":"Orangenbl\u00fcten Deodorant Le Petit Marseillais"},{"@type":"BreadcrumbList","@id":"https:\/\/my-french-grocery.com\/de\/produkt\/orangenbluten-deodorant-le-petit-marseillais\/#breadcrumb","itemListElement":[{"@type":"ListItem","position":1,"name":"Home","item":"https:\/\/my-french-grocery.com\/de\/shopping-seite\/"},{"@type":"ListItem","position":2,"name":"Shop","item":"https:\/\/my-french-grocery.com\/shop\/"},{"@type":"ListItem","position":3,"name":"Kosmetika","item":"https:\/\/my-french-grocery.com\/de\/produkt-kategorie\/kosmetika\/"},{"@type":"ListItem","position":4,"name":"Deodorants &amp; Antitranspirantien","item":"https:\/\/my-french-grocery.com\/de\/produkt-kategorie\/deodorants-antitranspirantien\/"},{"@type":"ListItem","position":5,"name":"Orangenbl\u00fcten Deodorant Le Petit Marseillais"}]},{"@type":"WebSite","@id":"https:\/\/my-french-grocery.com\/de\/#website","url":"https:\/\/my-french-grocery.com\/de\/","name":"My French Grocery","description":"Your Online French Grocery  !","publisher":{"@id":"https:\/\/my-french-grocery.com\/de\/#organization"},"potentialAction":[{"@type":"SearchAction","target":{"@type":"EntryPoint","urlTemplate":"https:\/\/my-french-grocery.com\/de\/?s={search_term_string}"},"query-input":{"@type":"PropertyValueSpecification","valueRequired":true,"valueName":"search_term_string"}}],"inLanguage":"de-DE"},{"@type":"Organization","@id":"https:\/\/my-french-grocery.com\/de\/#organization","name":"MY FRENCH GROCERY","url":"https:\/\/my-french-grocery.com\/de\/","logo":{"@type":"ImageObject","inLanguage":"de-DE","@id":"https:\/\/my-french-grocery.com\/de\/#\/schema\/logo\/image\/","url":"https:\/\/my-french-grocery.com\/wp-content\/uploads\/2021\/11\/My-French-Grocery-Online-French-Grocery.png","contentUrl":"https:\/\/my-french-grocery.com\/wp-content\/uploads\/2021\/11\/My-French-Grocery-Online-French-Grocery.png","width":100,"height":100,"caption":"MY FRENCH GROCERY"},"image":{"@id":"https:\/\/my-french-grocery.com\/de\/#\/schema\/logo\/image\/"},"sameAs":["https:\/\/www.facebook.com\/myfrenchgrocery\/"]}]}},"brands":[{"id":2111,"name":"Le Petit Marseillais","slug":"le-petit-marseillais-de"}],"_links":{"self":[{"href":"https:\/\/my-french-grocery.com\/de\/wp-json\/wp\/v2\/product\/21559","targetHints":{"allow":["GET"]}}],"collection":[{"href":"https:\/\/my-french-grocery.com\/de\/wp-json\/wp\/v2\/product"}],"about":[{"href":"https:\/\/my-french-grocery.com\/de\/wp-json\/wp\/v2\/types\/product"}],"replies":[{"embeddable":true,"href":"https:\/\/my-french-grocery.com\/de\/wp-json\/wp\/v2\/comments?post=21559"}],"wp:featuredmedia":[{"embeddable":true,"href":"https:\/\/my-french-grocery.com\/de\/wp-json\/wp\/v2\/media\/10375"}],"wp:attachment":[{"href":"https:\/\/my-french-grocery.com\/de\/wp-json\/wp\/v2\/media?parent=21559"}],"wp:term":[{"taxonomy":"pwb-brand","embeddable":true,"href":"https:\/\/my-french-grocery.com\/de\/wp-json\/wp\/v2\/pwb-brand?post=21559"},{"taxonomy":"product_brand","embeddable":true,"href":"https:\/\/my-french-grocery.com\/de\/wp-json\/wp\/v2\/product_brand?post=21559"},{"taxonomy":"product_cat","embeddable":true,"href":"https:\/\/my-french-grocery.com\/de\/wp-json\/wp\/v2\/product_cat?post=21559"},{"taxonomy":"product_tag","embeddable":true,"href":"https:\/\/my-french-grocery.com\/de\/wp-json\/wp\/v2\/product_tag?post=21559"}],"curies":[{"name":"wp","href":"https:\/\/api.w.org\/{rel}","templated":true}]}}