{"id":21609,"date":"2025-10-26T20:54:06","date_gmt":"2025-10-26T18:54:06","guid":{"rendered":"https:\/\/my-french-grocery.com\/product\/lindt-les-pyreneens-milchschokolade\/"},"modified":"2026-03-25T11:01:15","modified_gmt":"2026-03-25T09:01:15","slug":"lindt-les-pyreneens-milchschokolade","status":"publish","type":"product","link":"https:\/\/my-french-grocery.com\/de\/produkt\/lindt-les-pyreneens-milchschokolade\/","title":{"rendered":"Lindt Les Pyr\u00e9n\u00e9ens Milchschokolade"},"content":{"rendered":"<p>Lindt Les Pyr\u00e9n\u00e9ens Milchschokolade<\/p>\n<p>Schachtel mit 175 g<\/p>\n<p><span>Lassen Sie sich von der Frische und dem Fondant von Les Pyr\u00e9n\u00e9ens Lait \u00fcberw\u00e4ltigen!<\/span><br \/>\n<span>Diese unnachahmlich frische Schokolade wurde 1927 in Frankreich am Fu\u00dfe der Pyren\u00e4en kreiert und wird von den Ma\u00eetres Chocolatiers in der Schokoladenfabrik Oloron Sainte Marie hergestellt.\u00a0<\/span><\/p>\n","protected":false},"excerpt":{"rendered":"<p>Lindt Les Pyr\u00e9n\u00e9ens Milchschokolade<\/p>\n<p>Schachtel mit 175 g<\/p>\n","protected":false},"featured_media":45024,"comment_status":"open","ping_status":"closed","template":"","meta":[],"pwb-brand":[2607],"product_brand":[],"product_cat":[2245,2495],"product_tag":[2606,2642,2357],"class_list":{"0":"post-21609","1":"product","2":"type-product","3":"status-publish","4":"has-post-thumbnail","6":"pwb-brand-lindt-de","7":"product_cat-schokolade","8":"product_cat-weihnachtsprodukte","9":"product_tag-lindt-de","10":"product_tag-pyreneens-de","11":"product_tag-schokolade","12":"product_shipping_class-internationaler-versand","14":"first","15":"instock","16":"taxable","17":"shipping-taxable","18":"purchasable","19":"product-type-simple"},"yoast_head":"<!-- This site is optimized with the Yoast SEO plugin v27.3 - https:\/\/yoast.com\/product\/yoast-seo-wordpress\/ -->\n<title>Lindt Les Pyr\u00e9n\u00e9ens Milchschokolade | Online Kaufen | My French Grocery<\/title>\n<meta name=\"description\" content=\"Lindt Les Pyr\u00e9n\u00e9ens Milchschokolade- Schachtel mit 175 g - Lassen Sie sich von der Frische und dem Fondant von Les Pyr\u00e9n\u00e9ens Lait \u00fcberw\u00e4ltigen!\" \/>\n<meta name=\"robots\" content=\"index, follow, max-snippet:-1, max-image-preview:large, max-video-preview:-1\" \/>\n<link rel=\"canonical\" href=\"https:\/\/my-french-grocery.com\/de\/produkt\/lindt-les-pyreneens-milchschokolade\/\" \/>\n<meta property=\"og:locale\" content=\"de_DE\" \/>\n<meta property=\"og:type\" content=\"article\" \/>\n<meta property=\"og:title\" content=\"Lindt Les Pyr\u00e9n\u00e9ens Milchschokolade | Online Kaufen | My French Grocery\" \/>\n<meta property=\"og:description\" content=\"Lindt Les Pyr\u00e9n\u00e9ens Milchschokolade- Schachtel mit 175 g - Lassen Sie sich von der Frische und dem Fondant von Les Pyr\u00e9n\u00e9ens Lait \u00fcberw\u00e4ltigen!\" \/>\n<meta property=\"og:url\" content=\"https:\/\/my-french-grocery.com\/de\/produkt\/lindt-les-pyreneens-milchschokolade\/\" \/>\n<meta property=\"og:site_name\" content=\"My French Grocery\" \/>\n<meta property=\"article:publisher\" content=\"https:\/\/www.facebook.com\/myfrenchgrocery\/\" \/>\n<meta property=\"article:modified_time\" content=\"2026-03-25T09:01:15+00:00\" \/>\n<meta property=\"og:image\" content=\"https:\/\/my-french-grocery.com\/wp-content\/uploads\/2020\/10\/3046920000017_A1C1_3600953_S17.png\" \/>\n\t<meta property=\"og:image:width\" content=\"250\" \/>\n\t<meta property=\"og:image:height\" content=\"250\" \/>\n\t<meta property=\"og:image:type\" content=\"image\/png\" \/>\n<meta name=\"twitter:card\" content=\"summary_large_image\" \/>\n<script type=\"application\/ld+json\" class=\"yoast-schema-graph\">{\"@context\":\"https:\\\/\\\/schema.org\",\"@graph\":[{\"@type\":\"WebPage\",\"@id\":\"https:\\\/\\\/my-french-grocery.com\\\/de\\\/produkt\\\/lindt-les-pyreneens-milchschokolade\\\/\",\"url\":\"https:\\\/\\\/my-french-grocery.com\\\/de\\\/produkt\\\/lindt-les-pyreneens-milchschokolade\\\/\",\"name\":\"Lindt Les Pyr\u00e9n\u00e9ens Milchschokolade | Online Kaufen | My French Grocery\",\"isPartOf\":{\"@id\":\"https:\\\/\\\/my-french-grocery.com\\\/de\\\/#website\"},\"primaryImageOfPage\":{\"@id\":\"https:\\\/\\\/my-french-grocery.com\\\/de\\\/produkt\\\/lindt-les-pyreneens-milchschokolade\\\/#primaryimage\"},\"image\":{\"@id\":\"https:\\\/\\\/my-french-grocery.com\\\/de\\\/produkt\\\/lindt-les-pyreneens-milchschokolade\\\/#primaryimage\"},\"thumbnailUrl\":\"https:\\\/\\\/my-french-grocery.com\\\/wp-content\\\/uploads\\\/2020\\\/10\\\/lindt-pyreneens-milk-chocolate.webp\",\"datePublished\":\"2025-10-26T18:54:06+00:00\",\"dateModified\":\"2026-03-25T09:01:15+00:00\",\"description\":\"Lindt Les Pyr\u00e9n\u00e9ens Milchschokolade- Schachtel mit 175 g - Lassen Sie sich von der Frische und dem Fondant von Les Pyr\u00e9n\u00e9ens Lait \u00fcberw\u00e4ltigen!\",\"breadcrumb\":{\"@id\":\"https:\\\/\\\/my-french-grocery.com\\\/de\\\/produkt\\\/lindt-les-pyreneens-milchschokolade\\\/#breadcrumb\"},\"inLanguage\":\"de-DE\",\"potentialAction\":[{\"@type\":\"ReadAction\",\"target\":[\"https:\\\/\\\/my-french-grocery.com\\\/de\\\/produkt\\\/lindt-les-pyreneens-milchschokolade\\\/\"]}]},{\"@type\":\"ImageObject\",\"inLanguage\":\"de-DE\",\"@id\":\"https:\\\/\\\/my-french-grocery.com\\\/de\\\/produkt\\\/lindt-les-pyreneens-milchschokolade\\\/#primaryimage\",\"url\":\"https:\\\/\\\/my-french-grocery.com\\\/wp-content\\\/uploads\\\/2020\\\/10\\\/lindt-pyreneens-milk-chocolate.webp\",\"contentUrl\":\"https:\\\/\\\/my-french-grocery.com\\\/wp-content\\\/uploads\\\/2020\\\/10\\\/lindt-pyreneens-milk-chocolate.webp\",\"width\":1500,\"height\":1500},{\"@type\":\"BreadcrumbList\",\"@id\":\"https:\\\/\\\/my-french-grocery.com\\\/de\\\/produkt\\\/lindt-les-pyreneens-milchschokolade\\\/#breadcrumb\",\"itemListElement\":[{\"@type\":\"ListItem\",\"position\":1,\"name\":\"Home\",\"item\":\"https:\\\/\\\/my-french-grocery.com\\\/de\\\/shopping-seite\\\/\"},{\"@type\":\"ListItem\",\"position\":2,\"name\":\"Shop\",\"item\":\"https:\\\/\\\/my-french-grocery.com\\\/shop\\\/\"},{\"@type\":\"ListItem\",\"position\":3,\"name\":\"Schokolade\",\"item\":\"https:\\\/\\\/my-french-grocery.com\\\/de\\\/produkt-kategorie\\\/schokolade\\\/\"},{\"@type\":\"ListItem\",\"position\":4,\"name\":\"Lindt Les Pyr\u00e9n\u00e9ens Milchschokolade\"}]},{\"@type\":\"WebSite\",\"@id\":\"https:\\\/\\\/my-french-grocery.com\\\/de\\\/#website\",\"url\":\"https:\\\/\\\/my-french-grocery.com\\\/de\\\/\",\"name\":\"My French Grocery\",\"description\":\"Your Online French Grocery  !\",\"publisher\":{\"@id\":\"https:\\\/\\\/my-french-grocery.com\\\/de\\\/#organization\"},\"potentialAction\":[{\"@type\":\"SearchAction\",\"target\":{\"@type\":\"EntryPoint\",\"urlTemplate\":\"https:\\\/\\\/my-french-grocery.com\\\/de\\\/?s={search_term_string}\"},\"query-input\":{\"@type\":\"PropertyValueSpecification\",\"valueRequired\":true,\"valueName\":\"search_term_string\"}}],\"inLanguage\":\"de-DE\"},{\"@type\":\"Organization\",\"@id\":\"https:\\\/\\\/my-french-grocery.com\\\/de\\\/#organization\",\"name\":\"MY FRENCH GROCERY\",\"url\":\"https:\\\/\\\/my-french-grocery.com\\\/de\\\/\",\"logo\":{\"@type\":\"ImageObject\",\"inLanguage\":\"de-DE\",\"@id\":\"https:\\\/\\\/my-french-grocery.com\\\/de\\\/#\\\/schema\\\/logo\\\/image\\\/\",\"url\":\"https:\\\/\\\/my-french-grocery.com\\\/wp-content\\\/uploads\\\/2021\\\/11\\\/My-French-Grocery-Online-French-Grocery.png\",\"contentUrl\":\"https:\\\/\\\/my-french-grocery.com\\\/wp-content\\\/uploads\\\/2021\\\/11\\\/My-French-Grocery-Online-French-Grocery.png\",\"width\":100,\"height\":100,\"caption\":\"MY FRENCH GROCERY\"},\"image\":{\"@id\":\"https:\\\/\\\/my-french-grocery.com\\\/de\\\/#\\\/schema\\\/logo\\\/image\\\/\"},\"sameAs\":[\"https:\\\/\\\/www.facebook.com\\\/myfrenchgrocery\\\/\"]}]}<\/script>\n<!-- \/ Yoast SEO plugin. -->","yoast_head_json":{"title":"Lindt Les Pyr\u00e9n\u00e9ens Milchschokolade | Online Kaufen | My French Grocery","description":"Lindt Les Pyr\u00e9n\u00e9ens Milchschokolade- Schachtel mit 175 g - Lassen Sie sich von der Frische und dem Fondant von Les Pyr\u00e9n\u00e9ens Lait \u00fcberw\u00e4ltigen!","robots":{"index":"index","follow":"follow","max-snippet":"max-snippet:-1","max-image-preview":"max-image-preview:large","max-video-preview":"max-video-preview:-1"},"canonical":"https:\/\/my-french-grocery.com\/de\/produkt\/lindt-les-pyreneens-milchschokolade\/","og_locale":"de_DE","og_type":"article","og_title":"Lindt Les Pyr\u00e9n\u00e9ens Milchschokolade | Online Kaufen | My French Grocery","og_description":"Lindt Les Pyr\u00e9n\u00e9ens Milchschokolade- Schachtel mit 175 g - Lassen Sie sich von der Frische und dem Fondant von Les Pyr\u00e9n\u00e9ens Lait \u00fcberw\u00e4ltigen!","og_url":"https:\/\/my-french-grocery.com\/de\/produkt\/lindt-les-pyreneens-milchschokolade\/","og_site_name":"My French Grocery","article_publisher":"https:\/\/www.facebook.com\/myfrenchgrocery\/","article_modified_time":"2026-03-25T09:01:15+00:00","og_image":[{"width":250,"height":250,"url":"https:\/\/my-french-grocery.com\/wp-content\/uploads\/2020\/10\/3046920000017_A1C1_3600953_S17.png","type":"image\/png"}],"twitter_card":"summary_large_image","schema":{"@context":"https:\/\/schema.org","@graph":[{"@type":"WebPage","@id":"https:\/\/my-french-grocery.com\/de\/produkt\/lindt-les-pyreneens-milchschokolade\/","url":"https:\/\/my-french-grocery.com\/de\/produkt\/lindt-les-pyreneens-milchschokolade\/","name":"Lindt Les Pyr\u00e9n\u00e9ens Milchschokolade | Online Kaufen | My French Grocery","isPartOf":{"@id":"https:\/\/my-french-grocery.com\/de\/#website"},"primaryImageOfPage":{"@id":"https:\/\/my-french-grocery.com\/de\/produkt\/lindt-les-pyreneens-milchschokolade\/#primaryimage"},"image":{"@id":"https:\/\/my-french-grocery.com\/de\/produkt\/lindt-les-pyreneens-milchschokolade\/#primaryimage"},"thumbnailUrl":"https:\/\/my-french-grocery.com\/wp-content\/uploads\/2020\/10\/lindt-pyreneens-milk-chocolate.webp","datePublished":"2025-10-26T18:54:06+00:00","dateModified":"2026-03-25T09:01:15+00:00","description":"Lindt Les Pyr\u00e9n\u00e9ens Milchschokolade- Schachtel mit 175 g - Lassen Sie sich von der Frische und dem Fondant von Les Pyr\u00e9n\u00e9ens Lait \u00fcberw\u00e4ltigen!","breadcrumb":{"@id":"https:\/\/my-french-grocery.com\/de\/produkt\/lindt-les-pyreneens-milchschokolade\/#breadcrumb"},"inLanguage":"de-DE","potentialAction":[{"@type":"ReadAction","target":["https:\/\/my-french-grocery.com\/de\/produkt\/lindt-les-pyreneens-milchschokolade\/"]}]},{"@type":"ImageObject","inLanguage":"de-DE","@id":"https:\/\/my-french-grocery.com\/de\/produkt\/lindt-les-pyreneens-milchschokolade\/#primaryimage","url":"https:\/\/my-french-grocery.com\/wp-content\/uploads\/2020\/10\/lindt-pyreneens-milk-chocolate.webp","contentUrl":"https:\/\/my-french-grocery.com\/wp-content\/uploads\/2020\/10\/lindt-pyreneens-milk-chocolate.webp","width":1500,"height":1500},{"@type":"BreadcrumbList","@id":"https:\/\/my-french-grocery.com\/de\/produkt\/lindt-les-pyreneens-milchschokolade\/#breadcrumb","itemListElement":[{"@type":"ListItem","position":1,"name":"Home","item":"https:\/\/my-french-grocery.com\/de\/shopping-seite\/"},{"@type":"ListItem","position":2,"name":"Shop","item":"https:\/\/my-french-grocery.com\/shop\/"},{"@type":"ListItem","position":3,"name":"Schokolade","item":"https:\/\/my-french-grocery.com\/de\/produkt-kategorie\/schokolade\/"},{"@type":"ListItem","position":4,"name":"Lindt Les Pyr\u00e9n\u00e9ens Milchschokolade"}]},{"@type":"WebSite","@id":"https:\/\/my-french-grocery.com\/de\/#website","url":"https:\/\/my-french-grocery.com\/de\/","name":"My French Grocery","description":"Your Online French Grocery  !","publisher":{"@id":"https:\/\/my-french-grocery.com\/de\/#organization"},"potentialAction":[{"@type":"SearchAction","target":{"@type":"EntryPoint","urlTemplate":"https:\/\/my-french-grocery.com\/de\/?s={search_term_string}"},"query-input":{"@type":"PropertyValueSpecification","valueRequired":true,"valueName":"search_term_string"}}],"inLanguage":"de-DE"},{"@type":"Organization","@id":"https:\/\/my-french-grocery.com\/de\/#organization","name":"MY FRENCH GROCERY","url":"https:\/\/my-french-grocery.com\/de\/","logo":{"@type":"ImageObject","inLanguage":"de-DE","@id":"https:\/\/my-french-grocery.com\/de\/#\/schema\/logo\/image\/","url":"https:\/\/my-french-grocery.com\/wp-content\/uploads\/2021\/11\/My-French-Grocery-Online-French-Grocery.png","contentUrl":"https:\/\/my-french-grocery.com\/wp-content\/uploads\/2021\/11\/My-French-Grocery-Online-French-Grocery.png","width":100,"height":100,"caption":"MY FRENCH GROCERY"},"image":{"@id":"https:\/\/my-french-grocery.com\/de\/#\/schema\/logo\/image\/"},"sameAs":["https:\/\/www.facebook.com\/myfrenchgrocery\/"]}]}},"brands":[{"id":2607,"name":"Lindt","slug":"lindt-de"}],"_links":{"self":[{"href":"https:\/\/my-french-grocery.com\/de\/wp-json\/wp\/v2\/product\/21609","targetHints":{"allow":["GET"]}}],"collection":[{"href":"https:\/\/my-french-grocery.com\/de\/wp-json\/wp\/v2\/product"}],"about":[{"href":"https:\/\/my-french-grocery.com\/de\/wp-json\/wp\/v2\/types\/product"}],"replies":[{"embeddable":true,"href":"https:\/\/my-french-grocery.com\/de\/wp-json\/wp\/v2\/comments?post=21609"}],"wp:featuredmedia":[{"embeddable":true,"href":"https:\/\/my-french-grocery.com\/de\/wp-json\/wp\/v2\/media\/45024"}],"wp:attachment":[{"href":"https:\/\/my-french-grocery.com\/de\/wp-json\/wp\/v2\/media?parent=21609"}],"wp:term":[{"taxonomy":"pwb-brand","embeddable":true,"href":"https:\/\/my-french-grocery.com\/de\/wp-json\/wp\/v2\/pwb-brand?post=21609"},{"taxonomy":"product_brand","embeddable":true,"href":"https:\/\/my-french-grocery.com\/de\/wp-json\/wp\/v2\/product_brand?post=21609"},{"taxonomy":"product_cat","embeddable":true,"href":"https:\/\/my-french-grocery.com\/de\/wp-json\/wp\/v2\/product_cat?post=21609"},{"taxonomy":"product_tag","embeddable":true,"href":"https:\/\/my-french-grocery.com\/de\/wp-json\/wp\/v2\/product_tag?post=21609"}],"curies":[{"name":"wp","href":"https:\/\/api.w.org\/{rel}","templated":true}]}}