{"id":21614,"date":"2020-11-21T17:42:15","date_gmt":"2020-11-21T15:42:15","guid":{"rendered":"https:\/\/my-french-grocery.com\/product\/beaujolais-nouveau-2021-georges-duboeuf\/"},"modified":"2024-11-21T18:55:51","modified_gmt":"2024-11-21T16:55:51","slug":"beaujolais-nouveau-2021-georges-duboeuf","status":"publish","type":"product","link":"https:\/\/my-french-grocery.com\/de\/produkt\/beaujolais-nouveau-2021-georges-duboeuf\/","title":{"rendered":"Rotwein Beaujolais Nouveau 2024 LA CAVE D\u2019AUGUSTIN FLORENT"},"content":{"rendered":"<p>Rotwein Beaujolais Nouveau 2024 LA CAVE D\u2019AUGUSTIN FLORENT<\/p>\n<p>75cl Flasche<\/p>\n<p>Entdecken Sie diesen Beaujolais Villages AOP aus der Rebsorte Gamay mit seiner leuchtend rubinroten Farbe und den Aromen roter Fr\u00fcchte. Am Gaumen ist er elegant und passt perfekt zu Aufschnitt, rotem Fleisch und K\u00e4se. F\u00fcr einen optimalen Geschmack gek\u00fchlt servieren.<\/p>\n","protected":false},"excerpt":{"rendered":"<p>Rotwein Beaujolais Nouveau 2024 LA CAVE D\u2019AUGUSTIN FLORENT<\/p>\n<p>75cl Flasche<\/p>\n<p>&nbsp;<\/p>\n","protected":false},"featured_media":45208,"comment_status":"open","ping_status":"closed","template":"","meta":[],"pwb-brand":[],"product_brand":[],"product_cat":[2229],"product_tag":[2294,2298,2296],"class_list":{"0":"post-21614","1":"product","2":"type-product","3":"status-publish","4":"has-post-thumbnail","6":"product_cat-rhonetal","7":"product_tag-franzosischer","8":"product_tag-rhonetal","9":"product_tag-rotwein","10":"product_shipping_class-internationaler-versand","12":"first","13":"outofstock","14":"taxable","15":"shipping-taxable","16":"purchasable","17":"product-type-simple"},"yoast_head":"<!-- This site is optimized with the Yoast SEO plugin v27.4 - https:\/\/yoast.com\/product\/yoast-seo-wordpress\/ -->\n<title>Rotwein Beaujolais Nouveau 2024 LA CAVE D\u2019AUGUSTIN FLORENT | Online Kaufen | My French Grocery<\/title>\n<meta name=\"description\" content=\"Rotwein Beaujolais Nouveau 2024 LA CAVE D\u2019AUGUSTIN FLORENT - 75cl Flasche - Entdecken Sie diesen Beaujolais Villages AOP aus der Rebsorte Gamay mit seiner leuchtend rubinroten Farbe und den Aromen roter Fr\u00fcchte.\" \/>\n<meta name=\"robots\" content=\"index, follow, max-snippet:-1, max-image-preview:large, max-video-preview:-1\" \/>\n<link rel=\"canonical\" href=\"https:\/\/my-french-grocery.com\/de\/produkt\/beaujolais-nouveau-2021-georges-duboeuf\/\" \/>\n<meta property=\"og:locale\" content=\"de_DE\" \/>\n<meta property=\"og:type\" content=\"article\" \/>\n<meta property=\"og:title\" content=\"Rotwein Beaujolais Nouveau 2024 LA CAVE D\u2019AUGUSTIN FLORENT | Online Kaufen | My French Grocery\" \/>\n<meta property=\"og:description\" content=\"Rotwein Beaujolais Nouveau 2024 LA CAVE D\u2019AUGUSTIN FLORENT - 75cl Flasche - Entdecken Sie diesen Beaujolais Villages AOP aus der Rebsorte Gamay mit seiner leuchtend rubinroten Farbe und den Aromen roter Fr\u00fcchte.\" \/>\n<meta property=\"og:url\" content=\"https:\/\/my-french-grocery.com\/de\/produkt\/beaujolais-nouveau-2021-georges-duboeuf\/\" \/>\n<meta property=\"og:site_name\" content=\"My French Grocery\" \/>\n<meta property=\"article:publisher\" content=\"https:\/\/www.facebook.com\/myfrenchgrocery\/\" \/>\n<meta property=\"article:modified_time\" content=\"2024-11-21T16:55:51+00:00\" \/>\n<meta property=\"og:image\" content=\"https:\/\/my-french-grocery.com\/wp-content\/uploads\/2020\/11\/Beaujolais-nouveau-2024-cave-augustin-Florent.webp\" \/>\n\t<meta property=\"og:image:width\" content=\"1500\" \/>\n\t<meta property=\"og:image:height\" content=\"1500\" \/>\n\t<meta property=\"og:image:type\" content=\"image\/webp\" \/>\n<meta name=\"twitter:card\" content=\"summary_large_image\" \/>\n<script type=\"application\/ld+json\" class=\"yoast-schema-graph\">{\"@context\":\"https:\\\/\\\/schema.org\",\"@graph\":[{\"@type\":\"WebPage\",\"@id\":\"https:\\\/\\\/my-french-grocery.com\\\/de\\\/produkt\\\/beaujolais-nouveau-2021-georges-duboeuf\\\/\",\"url\":\"https:\\\/\\\/my-french-grocery.com\\\/de\\\/produkt\\\/beaujolais-nouveau-2021-georges-duboeuf\\\/\",\"name\":\"Rotwein Beaujolais Nouveau 2024 LA CAVE D\u2019AUGUSTIN FLORENT | Online Kaufen | My French Grocery\",\"isPartOf\":{\"@id\":\"https:\\\/\\\/my-french-grocery.com\\\/de\\\/#website\"},\"primaryImageOfPage\":{\"@id\":\"https:\\\/\\\/my-french-grocery.com\\\/de\\\/produkt\\\/beaujolais-nouveau-2021-georges-duboeuf\\\/#primaryimage\"},\"image\":{\"@id\":\"https:\\\/\\\/my-french-grocery.com\\\/de\\\/produkt\\\/beaujolais-nouveau-2021-georges-duboeuf\\\/#primaryimage\"},\"thumbnailUrl\":\"https:\\\/\\\/my-french-grocery.com\\\/wp-content\\\/uploads\\\/2020\\\/11\\\/Beaujolais-nouveau-2024-cave-augustin-Florent.webp\",\"datePublished\":\"2020-11-21T15:42:15+00:00\",\"dateModified\":\"2024-11-21T16:55:51+00:00\",\"description\":\"Rotwein Beaujolais Nouveau 2024 LA CAVE D\u2019AUGUSTIN FLORENT - 75cl Flasche - Entdecken Sie diesen Beaujolais Villages AOP aus der Rebsorte Gamay mit seiner leuchtend rubinroten Farbe und den Aromen roter Fr\u00fcchte.\",\"breadcrumb\":{\"@id\":\"https:\\\/\\\/my-french-grocery.com\\\/de\\\/produkt\\\/beaujolais-nouveau-2021-georges-duboeuf\\\/#breadcrumb\"},\"inLanguage\":\"de-DE\",\"potentialAction\":[{\"@type\":\"ReadAction\",\"target\":[\"https:\\\/\\\/my-french-grocery.com\\\/de\\\/produkt\\\/beaujolais-nouveau-2021-georges-duboeuf\\\/\"]}]},{\"@type\":\"ImageObject\",\"inLanguage\":\"de-DE\",\"@id\":\"https:\\\/\\\/my-french-grocery.com\\\/de\\\/produkt\\\/beaujolais-nouveau-2021-georges-duboeuf\\\/#primaryimage\",\"url\":\"https:\\\/\\\/my-french-grocery.com\\\/wp-content\\\/uploads\\\/2020\\\/11\\\/Beaujolais-nouveau-2024-cave-augustin-Florent.webp\",\"contentUrl\":\"https:\\\/\\\/my-french-grocery.com\\\/wp-content\\\/uploads\\\/2020\\\/11\\\/Beaujolais-nouveau-2024-cave-augustin-Florent.webp\",\"width\":1500,\"height\":1500,\"caption\":\"Rotwein Beaujolais Nouveau 2024 LA CAVE D\u2019AUGUSTIN FLORENT\"},{\"@type\":\"BreadcrumbList\",\"@id\":\"https:\\\/\\\/my-french-grocery.com\\\/de\\\/produkt\\\/beaujolais-nouveau-2021-georges-duboeuf\\\/#breadcrumb\",\"itemListElement\":[{\"@type\":\"ListItem\",\"position\":1,\"name\":\"Home\",\"item\":\"https:\\\/\\\/my-french-grocery.com\\\/de\\\/shopping-seite\\\/\"},{\"@type\":\"ListItem\",\"position\":2,\"name\":\"Shop\",\"item\":\"https:\\\/\\\/my-french-grocery.com\\\/shop\\\/\"},{\"@type\":\"ListItem\",\"position\":3,\"name\":\"Rhonetal\",\"item\":\"https:\\\/\\\/my-french-grocery.com\\\/de\\\/produkt-kategorie\\\/rhonetal\\\/\"},{\"@type\":\"ListItem\",\"position\":4,\"name\":\"Rotwein Beaujolais Nouveau 2024 LA CAVE D\u2019AUGUSTIN FLORENT\"}]},{\"@type\":\"WebSite\",\"@id\":\"https:\\\/\\\/my-french-grocery.com\\\/de\\\/#website\",\"url\":\"https:\\\/\\\/my-french-grocery.com\\\/de\\\/\",\"name\":\"My French Grocery\",\"description\":\"Your Online French Grocery  !\",\"publisher\":{\"@id\":\"https:\\\/\\\/my-french-grocery.com\\\/de\\\/#organization\"},\"potentialAction\":[{\"@type\":\"SearchAction\",\"target\":{\"@type\":\"EntryPoint\",\"urlTemplate\":\"https:\\\/\\\/my-french-grocery.com\\\/de\\\/?s={search_term_string}\"},\"query-input\":{\"@type\":\"PropertyValueSpecification\",\"valueRequired\":true,\"valueName\":\"search_term_string\"}}],\"inLanguage\":\"de-DE\"},{\"@type\":\"Organization\",\"@id\":\"https:\\\/\\\/my-french-grocery.com\\\/de\\\/#organization\",\"name\":\"MY FRENCH GROCERY\",\"url\":\"https:\\\/\\\/my-french-grocery.com\\\/de\\\/\",\"logo\":{\"@type\":\"ImageObject\",\"inLanguage\":\"de-DE\",\"@id\":\"https:\\\/\\\/my-french-grocery.com\\\/de\\\/#\\\/schema\\\/logo\\\/image\\\/\",\"url\":\"https:\\\/\\\/my-french-grocery.com\\\/wp-content\\\/uploads\\\/2021\\\/11\\\/My-French-Grocery-Online-French-Grocery.png\",\"contentUrl\":\"https:\\\/\\\/my-french-grocery.com\\\/wp-content\\\/uploads\\\/2021\\\/11\\\/My-French-Grocery-Online-French-Grocery.png\",\"width\":100,\"height\":100,\"caption\":\"MY FRENCH GROCERY\"},\"image\":{\"@id\":\"https:\\\/\\\/my-french-grocery.com\\\/de\\\/#\\\/schema\\\/logo\\\/image\\\/\"},\"sameAs\":[\"https:\\\/\\\/www.facebook.com\\\/myfrenchgrocery\\\/\"]}]}<\/script>\n<!-- \/ Yoast SEO plugin. -->","yoast_head_json":{"title":"Rotwein Beaujolais Nouveau 2024 LA CAVE D\u2019AUGUSTIN FLORENT | Online Kaufen | My French Grocery","description":"Rotwein Beaujolais Nouveau 2024 LA CAVE D\u2019AUGUSTIN FLORENT - 75cl Flasche - Entdecken Sie diesen Beaujolais Villages AOP aus der Rebsorte Gamay mit seiner leuchtend rubinroten Farbe und den Aromen roter Fr\u00fcchte.","robots":{"index":"index","follow":"follow","max-snippet":"max-snippet:-1","max-image-preview":"max-image-preview:large","max-video-preview":"max-video-preview:-1"},"canonical":"https:\/\/my-french-grocery.com\/de\/produkt\/beaujolais-nouveau-2021-georges-duboeuf\/","og_locale":"de_DE","og_type":"article","og_title":"Rotwein Beaujolais Nouveau 2024 LA CAVE D\u2019AUGUSTIN FLORENT | Online Kaufen | My French Grocery","og_description":"Rotwein Beaujolais Nouveau 2024 LA CAVE D\u2019AUGUSTIN FLORENT - 75cl Flasche - Entdecken Sie diesen Beaujolais Villages AOP aus der Rebsorte Gamay mit seiner leuchtend rubinroten Farbe und den Aromen roter Fr\u00fcchte.","og_url":"https:\/\/my-french-grocery.com\/de\/produkt\/beaujolais-nouveau-2021-georges-duboeuf\/","og_site_name":"My French Grocery","article_publisher":"https:\/\/www.facebook.com\/myfrenchgrocery\/","article_modified_time":"2024-11-21T16:55:51+00:00","og_image":[{"width":1500,"height":1500,"url":"https:\/\/my-french-grocery.com\/wp-content\/uploads\/2020\/11\/Beaujolais-nouveau-2024-cave-augustin-Florent.webp","type":"image\/webp"}],"twitter_card":"summary_large_image","schema":{"@context":"https:\/\/schema.org","@graph":[{"@type":"WebPage","@id":"https:\/\/my-french-grocery.com\/de\/produkt\/beaujolais-nouveau-2021-georges-duboeuf\/","url":"https:\/\/my-french-grocery.com\/de\/produkt\/beaujolais-nouveau-2021-georges-duboeuf\/","name":"Rotwein Beaujolais Nouveau 2024 LA CAVE D\u2019AUGUSTIN FLORENT | Online Kaufen | My French Grocery","isPartOf":{"@id":"https:\/\/my-french-grocery.com\/de\/#website"},"primaryImageOfPage":{"@id":"https:\/\/my-french-grocery.com\/de\/produkt\/beaujolais-nouveau-2021-georges-duboeuf\/#primaryimage"},"image":{"@id":"https:\/\/my-french-grocery.com\/de\/produkt\/beaujolais-nouveau-2021-georges-duboeuf\/#primaryimage"},"thumbnailUrl":"https:\/\/my-french-grocery.com\/wp-content\/uploads\/2020\/11\/Beaujolais-nouveau-2024-cave-augustin-Florent.webp","datePublished":"2020-11-21T15:42:15+00:00","dateModified":"2024-11-21T16:55:51+00:00","description":"Rotwein Beaujolais Nouveau 2024 LA CAVE D\u2019AUGUSTIN FLORENT - 75cl Flasche - Entdecken Sie diesen Beaujolais Villages AOP aus der Rebsorte Gamay mit seiner leuchtend rubinroten Farbe und den Aromen roter Fr\u00fcchte.","breadcrumb":{"@id":"https:\/\/my-french-grocery.com\/de\/produkt\/beaujolais-nouveau-2021-georges-duboeuf\/#breadcrumb"},"inLanguage":"de-DE","potentialAction":[{"@type":"ReadAction","target":["https:\/\/my-french-grocery.com\/de\/produkt\/beaujolais-nouveau-2021-georges-duboeuf\/"]}]},{"@type":"ImageObject","inLanguage":"de-DE","@id":"https:\/\/my-french-grocery.com\/de\/produkt\/beaujolais-nouveau-2021-georges-duboeuf\/#primaryimage","url":"https:\/\/my-french-grocery.com\/wp-content\/uploads\/2020\/11\/Beaujolais-nouveau-2024-cave-augustin-Florent.webp","contentUrl":"https:\/\/my-french-grocery.com\/wp-content\/uploads\/2020\/11\/Beaujolais-nouveau-2024-cave-augustin-Florent.webp","width":1500,"height":1500,"caption":"Rotwein Beaujolais Nouveau 2024 LA CAVE D\u2019AUGUSTIN FLORENT"},{"@type":"BreadcrumbList","@id":"https:\/\/my-french-grocery.com\/de\/produkt\/beaujolais-nouveau-2021-georges-duboeuf\/#breadcrumb","itemListElement":[{"@type":"ListItem","position":1,"name":"Home","item":"https:\/\/my-french-grocery.com\/de\/shopping-seite\/"},{"@type":"ListItem","position":2,"name":"Shop","item":"https:\/\/my-french-grocery.com\/shop\/"},{"@type":"ListItem","position":3,"name":"Rhonetal","item":"https:\/\/my-french-grocery.com\/de\/produkt-kategorie\/rhonetal\/"},{"@type":"ListItem","position":4,"name":"Rotwein Beaujolais Nouveau 2024 LA CAVE D\u2019AUGUSTIN FLORENT"}]},{"@type":"WebSite","@id":"https:\/\/my-french-grocery.com\/de\/#website","url":"https:\/\/my-french-grocery.com\/de\/","name":"My French Grocery","description":"Your Online French Grocery  !","publisher":{"@id":"https:\/\/my-french-grocery.com\/de\/#organization"},"potentialAction":[{"@type":"SearchAction","target":{"@type":"EntryPoint","urlTemplate":"https:\/\/my-french-grocery.com\/de\/?s={search_term_string}"},"query-input":{"@type":"PropertyValueSpecification","valueRequired":true,"valueName":"search_term_string"}}],"inLanguage":"de-DE"},{"@type":"Organization","@id":"https:\/\/my-french-grocery.com\/de\/#organization","name":"MY FRENCH GROCERY","url":"https:\/\/my-french-grocery.com\/de\/","logo":{"@type":"ImageObject","inLanguage":"de-DE","@id":"https:\/\/my-french-grocery.com\/de\/#\/schema\/logo\/image\/","url":"https:\/\/my-french-grocery.com\/wp-content\/uploads\/2021\/11\/My-French-Grocery-Online-French-Grocery.png","contentUrl":"https:\/\/my-french-grocery.com\/wp-content\/uploads\/2021\/11\/My-French-Grocery-Online-French-Grocery.png","width":100,"height":100,"caption":"MY FRENCH GROCERY"},"image":{"@id":"https:\/\/my-french-grocery.com\/de\/#\/schema\/logo\/image\/"},"sameAs":["https:\/\/www.facebook.com\/myfrenchgrocery\/"]}]}},"brands":[],"_links":{"self":[{"href":"https:\/\/my-french-grocery.com\/de\/wp-json\/wp\/v2\/product\/21614","targetHints":{"allow":["GET"]}}],"collection":[{"href":"https:\/\/my-french-grocery.com\/de\/wp-json\/wp\/v2\/product"}],"about":[{"href":"https:\/\/my-french-grocery.com\/de\/wp-json\/wp\/v2\/types\/product"}],"replies":[{"embeddable":true,"href":"https:\/\/my-french-grocery.com\/de\/wp-json\/wp\/v2\/comments?post=21614"}],"wp:featuredmedia":[{"embeddable":true,"href":"https:\/\/my-french-grocery.com\/de\/wp-json\/wp\/v2\/media\/45208"}],"wp:attachment":[{"href":"https:\/\/my-french-grocery.com\/de\/wp-json\/wp\/v2\/media?parent=21614"}],"wp:term":[{"taxonomy":"pwb-brand","embeddable":true,"href":"https:\/\/my-french-grocery.com\/de\/wp-json\/wp\/v2\/pwb-brand?post=21614"},{"taxonomy":"product_brand","embeddable":true,"href":"https:\/\/my-french-grocery.com\/de\/wp-json\/wp\/v2\/product_brand?post=21614"},{"taxonomy":"product_cat","embeddable":true,"href":"https:\/\/my-french-grocery.com\/de\/wp-json\/wp\/v2\/product_cat?post=21614"},{"taxonomy":"product_tag","embeddable":true,"href":"https:\/\/my-french-grocery.com\/de\/wp-json\/wp\/v2\/product_tag?post=21614"}],"curies":[{"name":"wp","href":"https:\/\/api.w.org\/{rel}","templated":true}]}}