{"id":21616,"date":"2021-01-16T19:29:52","date_gmt":"2021-01-16T17:29:52","guid":{"rendered":"https:\/\/my-french-grocery.com\/product\/doonuts-kuchen-saint-michel\/"},"modified":"2021-01-16T19:29:52","modified_gmt":"2021-01-16T17:29:52","slug":"doonuts-kuchen-saint-michel","status":"publish","type":"product","link":"https:\/\/my-french-grocery.com\/de\/produkt\/doonuts-kuchen-saint-michel\/","title":{"rendered":"Doonuts Kuchen Saint Michel"},"content":{"rendered":"<p>Doonuts Kuchen Saint Michel<\/p>\n<p>Schachtel mit 6 \u2013 180 g<\/p>\n<p>Entdecken Sie als Snack f\u00fcr Kinder unsere Doonuts Napp\u00e9s: Kuchen mit einer weichen Textur und mit Milchschokolade \u00fcberzogen.<\/p>\n","protected":false},"excerpt":{"rendered":"<p>Doonuts Kuchen Saint Michel<\/p>\n<p>Schachtel mit 6 &#8211; 180 g<\/p>\n","protected":false},"featured_media":14478,"comment_status":"open","ping_status":"closed","template":"","meta":[],"pwb-brand":[2188],"product_brand":[],"product_cat":[2181],"product_tag":[],"class_list":{"0":"post-21616","1":"product","2":"type-product","3":"status-publish","4":"has-post-thumbnail","6":"pwb-brand-saint-michel-de","7":"product_cat-kuchen-kekse","8":"product_shipping_class-internationaler-versand","10":"first","11":"instock","12":"taxable","13":"shipping-taxable","14":"purchasable","15":"product-type-simple"},"brands":[{"id":2188,"name":"Saint-Michel","slug":"saint-michel-de"}],"_links":{"self":[{"href":"https:\/\/my-french-grocery.com\/de\/wp-json\/wp\/v2\/product\/21616","targetHints":{"allow":["GET"]}}],"collection":[{"href":"https:\/\/my-french-grocery.com\/de\/wp-json\/wp\/v2\/product"}],"about":[{"href":"https:\/\/my-french-grocery.com\/de\/wp-json\/wp\/v2\/types\/product"}],"replies":[{"embeddable":true,"href":"https:\/\/my-french-grocery.com\/de\/wp-json\/wp\/v2\/comments?post=21616"}],"wp:featuredmedia":[{"embeddable":true,"href":"https:\/\/my-french-grocery.com\/de\/wp-json\/wp\/v2\/media\/14478"}],"wp:attachment":[{"href":"https:\/\/my-french-grocery.com\/de\/wp-json\/wp\/v2\/media?parent=21616"}],"wp:term":[{"taxonomy":"pwb-brand","embeddable":true,"href":"https:\/\/my-french-grocery.com\/de\/wp-json\/wp\/v2\/pwb-brand?post=21616"},{"taxonomy":"product_brand","embeddable":true,"href":"https:\/\/my-french-grocery.com\/de\/wp-json\/wp\/v2\/product_brand?post=21616"},{"taxonomy":"product_cat","embeddable":true,"href":"https:\/\/my-french-grocery.com\/de\/wp-json\/wp\/v2\/product_cat?post=21616"},{"taxonomy":"product_tag","embeddable":true,"href":"https:\/\/my-french-grocery.com\/de\/wp-json\/wp\/v2\/product_tag?post=21616"}],"curies":[{"name":"wp","href":"https:\/\/api.w.org\/{rel}","templated":true}]}}