{"id":21618,"date":"2021-01-23T15:45:53","date_gmt":"2021-01-23T13:45:53","guid":{"rendered":"https:\/\/my-french-grocery.com\/product\/gefullte-platzchen-kango-lu\/"},"modified":"2021-01-23T15:45:53","modified_gmt":"2021-01-23T13:45:53","slug":"gefullte-platzchen-kango-lu","status":"publish","type":"product","link":"https:\/\/my-french-grocery.com\/de\/produkt\/gefullte-platzchen-kango-lu\/","title":{"rendered":"Gef\u00fcllte Pl\u00e4tzchen Kango Lu"},"content":{"rendered":"<p>Gef\u00fcllte Pl\u00e4tzchen Kango Lu<\/p>\n<p>Schachtel mit 12 \u2013 225 g<\/p>\n<div class=\"secondary-details__description\">\n<p class=\"paragraph\"><span>Kango, ein mit Schokolade gef\u00fcllter Butterkeks f\u00fcr alle Feinschmecker<\/span><\/p>\n<\/div>\n<div id=\"data-recommandation-zone-2\" class=\"secondary-details-cross-sell\">\n<div id=\"data-advertising-recommendations-hp\" class=\"recommendations\" data-zone=\"1\"><\/div>\n<\/div>\n","protected":false},"excerpt":{"rendered":"<p>Gef\u00fcllte Pl\u00e4tzchen Kango Lu<\/p>\n<p>Schachtel mit 12 &#8211; 225 g<\/p>\n","protected":false},"featured_media":18676,"comment_status":"open","ping_status":"closed","template":"","meta":[],"pwb-brand":[2182],"product_brand":[],"product_cat":[2181],"product_tag":[2652,2662],"class_list":{"0":"post-21618","1":"product","2":"type-product","3":"status-publish","4":"has-post-thumbnail","6":"pwb-brand-lu-de","7":"product_cat-kuchen-kekse","8":"product_tag-lu-de","9":"product_tag-petits-coeurs-de","10":"product_shipping_class-internationaler-versand","12":"first","13":"outofstock","14":"taxable","15":"shipping-taxable","16":"purchasable","17":"product-type-simple"},"brands":[{"id":2182,"name":"Lu","slug":"lu-de"}],"_links":{"self":[{"href":"https:\/\/my-french-grocery.com\/de\/wp-json\/wp\/v2\/product\/21618","targetHints":{"allow":["GET"]}}],"collection":[{"href":"https:\/\/my-french-grocery.com\/de\/wp-json\/wp\/v2\/product"}],"about":[{"href":"https:\/\/my-french-grocery.com\/de\/wp-json\/wp\/v2\/types\/product"}],"replies":[{"embeddable":true,"href":"https:\/\/my-french-grocery.com\/de\/wp-json\/wp\/v2\/comments?post=21618"}],"wp:featuredmedia":[{"embeddable":true,"href":"https:\/\/my-french-grocery.com\/de\/wp-json\/wp\/v2\/media\/18676"}],"wp:attachment":[{"href":"https:\/\/my-french-grocery.com\/de\/wp-json\/wp\/v2\/media?parent=21618"}],"wp:term":[{"taxonomy":"pwb-brand","embeddable":true,"href":"https:\/\/my-french-grocery.com\/de\/wp-json\/wp\/v2\/pwb-brand?post=21618"},{"taxonomy":"product_brand","embeddable":true,"href":"https:\/\/my-french-grocery.com\/de\/wp-json\/wp\/v2\/product_brand?post=21618"},{"taxonomy":"product_cat","embeddable":true,"href":"https:\/\/my-french-grocery.com\/de\/wp-json\/wp\/v2\/product_cat?post=21618"},{"taxonomy":"product_tag","embeddable":true,"href":"https:\/\/my-french-grocery.com\/de\/wp-json\/wp\/v2\/product_tag?post=21618"}],"curies":[{"name":"wp","href":"https:\/\/api.w.org\/{rel}","templated":true}]}}