{"id":21631,"date":"2021-03-30T15:44:26","date_gmt":"2021-03-30T13:44:26","guid":{"rendered":"https:\/\/my-french-grocery.com\/product\/huhnchen-curry-papillotes-maggi\/"},"modified":"2021-03-30T15:44:26","modified_gmt":"2021-03-30T13:44:26","slug":"huhnchen-curry-papillotes-maggi","status":"publish","type":"product","link":"https:\/\/my-french-grocery.com\/de\/produkt\/huhnchen-curry-papillotes-maggi\/","title":{"rendered":"H\u00fchnchen-Curry Papillotes Maggi"},"content":{"rendered":"<p>H\u00fchnchen-Curry Papillotes Maggi<\/p>\n<p>30-g-Beutel<\/p>\n<p><span>Erfinden Sie Ihre t\u00e4glichen Gerichte mit PAPILLOTES von MAGGI und seiner subtilen Mischung aus Kr\u00e4utern und Gew\u00fcrzen neu!\u00a0<\/span><span>Sie erhalten garantiert k\u00f6stliches, zartes und saftiges H\u00e4hnchen, ohne Fett hinzuzuf\u00fcgen.<\/span><\/p>\n","protected":false},"excerpt":{"rendered":"<p>H\u00fchnchen-Curry Papillotes Maggi<\/p>\n<p>30-g-Beutel<\/p>\n","protected":false},"featured_media":15745,"comment_status":"open","ping_status":"closed","template":"","meta":[],"pwb-brand":[2143],"product_brand":[],"product_cat":[2141],"product_tag":[],"class_list":{"0":"post-21631","1":"product","2":"type-product","3":"status-publish","4":"has-post-thumbnail","6":"pwb-brand-maggi-de","7":"product_cat-gewurze","8":"product_shipping_class-internationaler-versand","10":"first","11":"instock","12":"taxable","13":"shipping-taxable","14":"purchasable","15":"product-type-simple"},"brands":[{"id":2143,"name":"Maggi","slug":"maggi-de"}],"_links":{"self":[{"href":"https:\/\/my-french-grocery.com\/de\/wp-json\/wp\/v2\/product\/21631","targetHints":{"allow":["GET"]}}],"collection":[{"href":"https:\/\/my-french-grocery.com\/de\/wp-json\/wp\/v2\/product"}],"about":[{"href":"https:\/\/my-french-grocery.com\/de\/wp-json\/wp\/v2\/types\/product"}],"replies":[{"embeddable":true,"href":"https:\/\/my-french-grocery.com\/de\/wp-json\/wp\/v2\/comments?post=21631"}],"wp:featuredmedia":[{"embeddable":true,"href":"https:\/\/my-french-grocery.com\/de\/wp-json\/wp\/v2\/media\/15745"}],"wp:attachment":[{"href":"https:\/\/my-french-grocery.com\/de\/wp-json\/wp\/v2\/media?parent=21631"}],"wp:term":[{"taxonomy":"pwb-brand","embeddable":true,"href":"https:\/\/my-french-grocery.com\/de\/wp-json\/wp\/v2\/pwb-brand?post=21631"},{"taxonomy":"product_brand","embeddable":true,"href":"https:\/\/my-french-grocery.com\/de\/wp-json\/wp\/v2\/product_brand?post=21631"},{"taxonomy":"product_cat","embeddable":true,"href":"https:\/\/my-french-grocery.com\/de\/wp-json\/wp\/v2\/product_cat?post=21631"},{"taxonomy":"product_tag","embeddable":true,"href":"https:\/\/my-french-grocery.com\/de\/wp-json\/wp\/v2\/product_tag?post=21631"}],"curies":[{"name":"wp","href":"https:\/\/api.w.org\/{rel}","templated":true}]}}