{"id":21666,"date":"2021-05-21T17:33:52","date_gmt":"2021-05-21T15:33:52","guid":{"rendered":"https:\/\/my-french-grocery.com\/product\/curry-nudeln-banzai-curry-lustucru\/"},"modified":"2025-06-11T22:19:42","modified_gmt":"2025-06-11T20:19:42","slug":"curry-nudeln-banzai-curry-lustucru","status":"publish","type":"product","link":"https:\/\/my-french-grocery.com\/de\/produkt\/curry-nudeln-banzai-curry-lustucru\/","title":{"rendered":"Curry Nudeln Banza\u00ef Lustucru"},"content":{"rendered":"<p>Curry Nudeln Banza\u00ef Lustucru<\/p>\n<div class=\"pdp-card__header--text\"><span class=\"ds-body-text ds-body-text--weight-bold ds-body-text--size-m ds-body-text--color-standard-2\"><span>60g Glas<\/span><\/span><\/p>\n<div class=\"saz_next_widget\" data-referer=\"carrefour_widget\" data-ean=\"3038359003370\"><\/div>\n<\/div>\n<div class=\"main-details--food__shoppinglist\"><span>So schnell zubereitet und so lecker, dass Sie alles aufgegessen haben, bevor Sie BANZA\u00cf sagen k\u00f6nnen!<\/span><br \/>\n<span>Genie\u00dfen Sie \u00fcberraschende und innovative Rezepte mit chinesischen Nudeln und Reis, die in nur 3 Minuten fertig sind.<\/span><\/div>\n<p>&nbsp;<\/p>\n","protected":false},"excerpt":{"rendered":"<p>Curry Nudeln Banza\u00ef Lustucru<\/p>\n<div class=\"pdp-card__header--text\"><span class=\"ds-body-text ds-body-text--weight-bold ds-body-text--size-m ds-body-text--color-standard-2\">60g Glas<\/span><\/div>\n","protected":false},"featured_media":16813,"comment_status":"open","ping_status":"closed","template":"","meta":[],"pwb-brand":[2677],"product_brand":[],"product_cat":[2254],"product_tag":[2678],"class_list":{"0":"post-21666","1":"product","2":"type-product","3":"status-publish","4":"has-post-thumbnail","6":"pwb-brand-lustucru-de","7":"product_cat-nudeln-reis-maische-getreide","8":"product_tag-nudeln-banzai","9":"product_shipping_class-internationaler-versand","11":"first","12":"instock","13":"taxable","14":"shipping-taxable","15":"purchasable","16":"product-type-simple"},"yoast_head":"<!-- This site is optimized with the Yoast SEO plugin v27.4 - https:\/\/yoast.com\/product\/yoast-seo-wordpress\/ -->\n<title>Curry Nudeln Banza\u00ef Lustucru | Online Kaufen | My French Grocery<\/title>\n<meta name=\"description\" content=\"Curry Nudeln Banza\u00ef Lustucru - 60g Glas - So schnell zubereitet und so lecker, dass Sie alles aufgegessen haben, bevor Sie BANZA\u00cf sagen k\u00f6nnen!\" \/>\n<meta name=\"robots\" content=\"index, follow, max-snippet:-1, max-image-preview:large, max-video-preview:-1\" \/>\n<link rel=\"canonical\" href=\"https:\/\/my-french-grocery.com\/de\/produkt\/curry-nudeln-banzai-curry-lustucru\/\" \/>\n<meta property=\"og:locale\" content=\"de_DE\" \/>\n<meta property=\"og:type\" content=\"article\" \/>\n<meta property=\"og:title\" content=\"Curry Nudeln Banza\u00ef Lustucru | Online Kaufen | My French Grocery\" \/>\n<meta property=\"og:description\" content=\"Curry Nudeln Banza\u00ef Lustucru - 60g Glas - So schnell zubereitet und so lecker, dass Sie alles aufgegessen haben, bevor Sie BANZA\u00cf sagen k\u00f6nnen!\" \/>\n<meta property=\"og:url\" content=\"https:\/\/my-french-grocery.com\/de\/produkt\/curry-nudeln-banzai-curry-lustucru\/\" \/>\n<meta property=\"og:site_name\" content=\"My French Grocery\" \/>\n<meta property=\"article:publisher\" content=\"https:\/\/www.facebook.com\/myfrenchgrocery\/\" \/>\n<meta property=\"article:modified_time\" content=\"2025-06-11T20:19:42+00:00\" \/>\n<meta property=\"og:image\" content=\"https:\/\/my-french-grocery.com\/wp-content\/uploads\/2021\/05\/Banzai-Noodle-Curry.jpg\" \/>\n\t<meta property=\"og:image:width\" content=\"1500\" \/>\n\t<meta property=\"og:image:height\" content=\"1500\" \/>\n\t<meta property=\"og:image:type\" content=\"image\/jpeg\" \/>\n<meta name=\"twitter:card\" content=\"summary_large_image\" \/>\n<script type=\"application\/ld+json\" class=\"yoast-schema-graph\">{\"@context\":\"https:\\\/\\\/schema.org\",\"@graph\":[{\"@type\":\"WebPage\",\"@id\":\"https:\\\/\\\/my-french-grocery.com\\\/de\\\/produkt\\\/curry-nudeln-banzai-curry-lustucru\\\/\",\"url\":\"https:\\\/\\\/my-french-grocery.com\\\/de\\\/produkt\\\/curry-nudeln-banzai-curry-lustucru\\\/\",\"name\":\"Curry Nudeln Banza\u00ef Lustucru | Online Kaufen | My French Grocery\",\"isPartOf\":{\"@id\":\"https:\\\/\\\/my-french-grocery.com\\\/de\\\/#website\"},\"primaryImageOfPage\":{\"@id\":\"https:\\\/\\\/my-french-grocery.com\\\/de\\\/produkt\\\/curry-nudeln-banzai-curry-lustucru\\\/#primaryimage\"},\"image\":{\"@id\":\"https:\\\/\\\/my-french-grocery.com\\\/de\\\/produkt\\\/curry-nudeln-banzai-curry-lustucru\\\/#primaryimage\"},\"thumbnailUrl\":\"https:\\\/\\\/my-french-grocery.com\\\/wp-content\\\/uploads\\\/2021\\\/05\\\/Banzai-Noodle-Curry.jpg\",\"datePublished\":\"2021-05-21T15:33:52+00:00\",\"dateModified\":\"2025-06-11T20:19:42+00:00\",\"description\":\"Curry Nudeln Banza\u00ef Lustucru - 60g Glas - So schnell zubereitet und so lecker, dass Sie alles aufgegessen haben, bevor Sie BANZA\u00cf sagen k\u00f6nnen!\",\"breadcrumb\":{\"@id\":\"https:\\\/\\\/my-french-grocery.com\\\/de\\\/produkt\\\/curry-nudeln-banzai-curry-lustucru\\\/#breadcrumb\"},\"inLanguage\":\"de-DE\",\"potentialAction\":[{\"@type\":\"ReadAction\",\"target\":[\"https:\\\/\\\/my-french-grocery.com\\\/de\\\/produkt\\\/curry-nudeln-banzai-curry-lustucru\\\/\"]}]},{\"@type\":\"ImageObject\",\"inLanguage\":\"de-DE\",\"@id\":\"https:\\\/\\\/my-french-grocery.com\\\/de\\\/produkt\\\/curry-nudeln-banzai-curry-lustucru\\\/#primaryimage\",\"url\":\"https:\\\/\\\/my-french-grocery.com\\\/wp-content\\\/uploads\\\/2021\\\/05\\\/Banzai-Noodle-Curry.jpg\",\"contentUrl\":\"https:\\\/\\\/my-french-grocery.com\\\/wp-content\\\/uploads\\\/2021\\\/05\\\/Banzai-Noodle-Curry.jpg\",\"width\":1500,\"height\":1500,\"caption\":\"Curry Nudeln Banza\u00ef Lustucru\"},{\"@type\":\"BreadcrumbList\",\"@id\":\"https:\\\/\\\/my-french-grocery.com\\\/de\\\/produkt\\\/curry-nudeln-banzai-curry-lustucru\\\/#breadcrumb\",\"itemListElement\":[{\"@type\":\"ListItem\",\"position\":1,\"name\":\"Home\",\"item\":\"https:\\\/\\\/my-french-grocery.com\\\/de\\\/shopping-seite\\\/\"},{\"@type\":\"ListItem\",\"position\":2,\"name\":\"Shop\",\"item\":\"https:\\\/\\\/my-french-grocery.com\\\/shop\\\/\"},{\"@type\":\"ListItem\",\"position\":3,\"name\":\"Nudeln, Reis, Maische, Getreide\",\"item\":\"https:\\\/\\\/my-french-grocery.com\\\/de\\\/produkt-kategorie\\\/nudeln-reis-maische-getreide\\\/\"},{\"@type\":\"ListItem\",\"position\":4,\"name\":\"Curry Nudeln Banza\u00ef Lustucru\"}]},{\"@type\":\"WebSite\",\"@id\":\"https:\\\/\\\/my-french-grocery.com\\\/de\\\/#website\",\"url\":\"https:\\\/\\\/my-french-grocery.com\\\/de\\\/\",\"name\":\"My French Grocery\",\"description\":\"Your Online French Grocery  !\",\"publisher\":{\"@id\":\"https:\\\/\\\/my-french-grocery.com\\\/de\\\/#organization\"},\"potentialAction\":[{\"@type\":\"SearchAction\",\"target\":{\"@type\":\"EntryPoint\",\"urlTemplate\":\"https:\\\/\\\/my-french-grocery.com\\\/de\\\/?s={search_term_string}\"},\"query-input\":{\"@type\":\"PropertyValueSpecification\",\"valueRequired\":true,\"valueName\":\"search_term_string\"}}],\"inLanguage\":\"de-DE\"},{\"@type\":\"Organization\",\"@id\":\"https:\\\/\\\/my-french-grocery.com\\\/de\\\/#organization\",\"name\":\"MY FRENCH GROCERY\",\"url\":\"https:\\\/\\\/my-french-grocery.com\\\/de\\\/\",\"logo\":{\"@type\":\"ImageObject\",\"inLanguage\":\"de-DE\",\"@id\":\"https:\\\/\\\/my-french-grocery.com\\\/de\\\/#\\\/schema\\\/logo\\\/image\\\/\",\"url\":\"https:\\\/\\\/my-french-grocery.com\\\/wp-content\\\/uploads\\\/2021\\\/11\\\/My-French-Grocery-Online-French-Grocery.png\",\"contentUrl\":\"https:\\\/\\\/my-french-grocery.com\\\/wp-content\\\/uploads\\\/2021\\\/11\\\/My-French-Grocery-Online-French-Grocery.png\",\"width\":100,\"height\":100,\"caption\":\"MY FRENCH GROCERY\"},\"image\":{\"@id\":\"https:\\\/\\\/my-french-grocery.com\\\/de\\\/#\\\/schema\\\/logo\\\/image\\\/\"},\"sameAs\":[\"https:\\\/\\\/www.facebook.com\\\/myfrenchgrocery\\\/\"]}]}<\/script>\n<!-- \/ Yoast SEO plugin. -->","yoast_head_json":{"title":"Curry Nudeln Banza\u00ef Lustucru | Online Kaufen | My French Grocery","description":"Curry Nudeln Banza\u00ef Lustucru - 60g Glas - So schnell zubereitet und so lecker, dass Sie alles aufgegessen haben, bevor Sie BANZA\u00cf sagen k\u00f6nnen!","robots":{"index":"index","follow":"follow","max-snippet":"max-snippet:-1","max-image-preview":"max-image-preview:large","max-video-preview":"max-video-preview:-1"},"canonical":"https:\/\/my-french-grocery.com\/de\/produkt\/curry-nudeln-banzai-curry-lustucru\/","og_locale":"de_DE","og_type":"article","og_title":"Curry Nudeln Banza\u00ef Lustucru | Online Kaufen | My French Grocery","og_description":"Curry Nudeln Banza\u00ef Lustucru - 60g Glas - So schnell zubereitet und so lecker, dass Sie alles aufgegessen haben, bevor Sie BANZA\u00cf sagen k\u00f6nnen!","og_url":"https:\/\/my-french-grocery.com\/de\/produkt\/curry-nudeln-banzai-curry-lustucru\/","og_site_name":"My French Grocery","article_publisher":"https:\/\/www.facebook.com\/myfrenchgrocery\/","article_modified_time":"2025-06-11T20:19:42+00:00","og_image":[{"width":1500,"height":1500,"url":"https:\/\/my-french-grocery.com\/wp-content\/uploads\/2021\/05\/Banzai-Noodle-Curry.jpg","type":"image\/jpeg"}],"twitter_card":"summary_large_image","schema":{"@context":"https:\/\/schema.org","@graph":[{"@type":"WebPage","@id":"https:\/\/my-french-grocery.com\/de\/produkt\/curry-nudeln-banzai-curry-lustucru\/","url":"https:\/\/my-french-grocery.com\/de\/produkt\/curry-nudeln-banzai-curry-lustucru\/","name":"Curry Nudeln Banza\u00ef Lustucru | Online Kaufen | My French Grocery","isPartOf":{"@id":"https:\/\/my-french-grocery.com\/de\/#website"},"primaryImageOfPage":{"@id":"https:\/\/my-french-grocery.com\/de\/produkt\/curry-nudeln-banzai-curry-lustucru\/#primaryimage"},"image":{"@id":"https:\/\/my-french-grocery.com\/de\/produkt\/curry-nudeln-banzai-curry-lustucru\/#primaryimage"},"thumbnailUrl":"https:\/\/my-french-grocery.com\/wp-content\/uploads\/2021\/05\/Banzai-Noodle-Curry.jpg","datePublished":"2021-05-21T15:33:52+00:00","dateModified":"2025-06-11T20:19:42+00:00","description":"Curry Nudeln Banza\u00ef Lustucru - 60g Glas - So schnell zubereitet und so lecker, dass Sie alles aufgegessen haben, bevor Sie BANZA\u00cf sagen k\u00f6nnen!","breadcrumb":{"@id":"https:\/\/my-french-grocery.com\/de\/produkt\/curry-nudeln-banzai-curry-lustucru\/#breadcrumb"},"inLanguage":"de-DE","potentialAction":[{"@type":"ReadAction","target":["https:\/\/my-french-grocery.com\/de\/produkt\/curry-nudeln-banzai-curry-lustucru\/"]}]},{"@type":"ImageObject","inLanguage":"de-DE","@id":"https:\/\/my-french-grocery.com\/de\/produkt\/curry-nudeln-banzai-curry-lustucru\/#primaryimage","url":"https:\/\/my-french-grocery.com\/wp-content\/uploads\/2021\/05\/Banzai-Noodle-Curry.jpg","contentUrl":"https:\/\/my-french-grocery.com\/wp-content\/uploads\/2021\/05\/Banzai-Noodle-Curry.jpg","width":1500,"height":1500,"caption":"Curry Nudeln Banza\u00ef Lustucru"},{"@type":"BreadcrumbList","@id":"https:\/\/my-french-grocery.com\/de\/produkt\/curry-nudeln-banzai-curry-lustucru\/#breadcrumb","itemListElement":[{"@type":"ListItem","position":1,"name":"Home","item":"https:\/\/my-french-grocery.com\/de\/shopping-seite\/"},{"@type":"ListItem","position":2,"name":"Shop","item":"https:\/\/my-french-grocery.com\/shop\/"},{"@type":"ListItem","position":3,"name":"Nudeln, Reis, Maische, Getreide","item":"https:\/\/my-french-grocery.com\/de\/produkt-kategorie\/nudeln-reis-maische-getreide\/"},{"@type":"ListItem","position":4,"name":"Curry Nudeln Banza\u00ef Lustucru"}]},{"@type":"WebSite","@id":"https:\/\/my-french-grocery.com\/de\/#website","url":"https:\/\/my-french-grocery.com\/de\/","name":"My French Grocery","description":"Your Online French Grocery  !","publisher":{"@id":"https:\/\/my-french-grocery.com\/de\/#organization"},"potentialAction":[{"@type":"SearchAction","target":{"@type":"EntryPoint","urlTemplate":"https:\/\/my-french-grocery.com\/de\/?s={search_term_string}"},"query-input":{"@type":"PropertyValueSpecification","valueRequired":true,"valueName":"search_term_string"}}],"inLanguage":"de-DE"},{"@type":"Organization","@id":"https:\/\/my-french-grocery.com\/de\/#organization","name":"MY FRENCH GROCERY","url":"https:\/\/my-french-grocery.com\/de\/","logo":{"@type":"ImageObject","inLanguage":"de-DE","@id":"https:\/\/my-french-grocery.com\/de\/#\/schema\/logo\/image\/","url":"https:\/\/my-french-grocery.com\/wp-content\/uploads\/2021\/11\/My-French-Grocery-Online-French-Grocery.png","contentUrl":"https:\/\/my-french-grocery.com\/wp-content\/uploads\/2021\/11\/My-French-Grocery-Online-French-Grocery.png","width":100,"height":100,"caption":"MY FRENCH GROCERY"},"image":{"@id":"https:\/\/my-french-grocery.com\/de\/#\/schema\/logo\/image\/"},"sameAs":["https:\/\/www.facebook.com\/myfrenchgrocery\/"]}]}},"brands":[{"id":2677,"name":"Lustucru","slug":"lustucru-de"}],"_links":{"self":[{"href":"https:\/\/my-french-grocery.com\/de\/wp-json\/wp\/v2\/product\/21666","targetHints":{"allow":["GET"]}}],"collection":[{"href":"https:\/\/my-french-grocery.com\/de\/wp-json\/wp\/v2\/product"}],"about":[{"href":"https:\/\/my-french-grocery.com\/de\/wp-json\/wp\/v2\/types\/product"}],"replies":[{"embeddable":true,"href":"https:\/\/my-french-grocery.com\/de\/wp-json\/wp\/v2\/comments?post=21666"}],"wp:featuredmedia":[{"embeddable":true,"href":"https:\/\/my-french-grocery.com\/de\/wp-json\/wp\/v2\/media\/16813"}],"wp:attachment":[{"href":"https:\/\/my-french-grocery.com\/de\/wp-json\/wp\/v2\/media?parent=21666"}],"wp:term":[{"taxonomy":"pwb-brand","embeddable":true,"href":"https:\/\/my-french-grocery.com\/de\/wp-json\/wp\/v2\/pwb-brand?post=21666"},{"taxonomy":"product_brand","embeddable":true,"href":"https:\/\/my-french-grocery.com\/de\/wp-json\/wp\/v2\/product_brand?post=21666"},{"taxonomy":"product_cat","embeddable":true,"href":"https:\/\/my-french-grocery.com\/de\/wp-json\/wp\/v2\/product_cat?post=21666"},{"taxonomy":"product_tag","embeddable":true,"href":"https:\/\/my-french-grocery.com\/de\/wp-json\/wp\/v2\/product_tag?post=21666"}],"curies":[{"name":"wp","href":"https:\/\/api.w.org\/{rel}","templated":true}]}}