{"id":21670,"date":"2021-05-25T15:29:47","date_gmt":"2021-05-25T13:29:47","guid":{"rendered":"https:\/\/my-french-grocery.com\/product\/bio-duschgel-fleur-de-savon-briochin\/"},"modified":"2021-05-25T15:29:47","modified_gmt":"2021-05-25T13:29:47","slug":"bio-duschgel-fleur-de-savon-briochin","status":"publish","type":"product","link":"https:\/\/my-french-grocery.com\/de\/produkt\/bio-duschgel-fleur-de-savon-briochin\/","title":{"rendered":"Bio Duschgel &#8221; Fleur De Savon&#8221; Briochin"},"content":{"rendered":"<p>Bio Duschgel &#8221; Fleur De Savon&#8221; Briochin<\/p>\n<p>400-ml-Flasche<\/p>\n<p><span>Die authentische Fleur de Savon ist eine Pflanzenseife, die durch traditionelle Verseifung entsteht. <\/span><span>Ohne chemische Tenside formuliert, reinigt seine fl\u00fcssige Textur Ihre Haut auf nat\u00fcrliche und sanfte Weise und h\u00fcllt sie in einen Schleier parf\u00fcmierter Weichheit.<\/span><\/p>\n","protected":false},"excerpt":{"rendered":"<p>Bio Duschgel &#8221; Fleur De Savon&#8221; Briochin<\/p>\n<p>400-ml-Flasche<\/p>\n","protected":false},"featured_media":16871,"comment_status":"open","ping_status":"closed","template":"","meta":[],"pwb-brand":[2679],"product_brand":[],"product_cat":[2112],"product_tag":[2669],"class_list":{"0":"post-21670","1":"product","2":"type-product","3":"status-publish","4":"has-post-thumbnail","6":"pwb-brand-briochin-de","7":"product_cat-duschgel","8":"product_tag-duschgel","9":"product_shipping_class-internationaler-versand","11":"first","12":"outofstock","13":"taxable","14":"shipping-taxable","15":"purchasable","16":"product-type-simple"},"yoast_head":"<!-- This site is optimized with the Yoast SEO plugin v27.4 - https:\/\/yoast.com\/product\/yoast-seo-wordpress\/ -->\n<title>Bio Duschgel &quot; Fleur De Savon&quot; Briochin | Online Kaufen | My French Grocery<\/title>\n<meta name=\"description\" content=\"Bio Duschgel &quot; Fleur De Savon&quot; Briochin - 400-ml-Flasche - Die authentische Fleur de Savon ist eine Pflanzenseife, die durch traditionelle Verseifung entsteht.\" \/>\n<meta name=\"robots\" content=\"index, follow, max-snippet:-1, max-image-preview:large, max-video-preview:-1\" \/>\n<link rel=\"canonical\" href=\"https:\/\/my-french-grocery.com\/de\/produkt\/bio-duschgel-fleur-de-savon-briochin\/\" \/>\n<meta property=\"og:locale\" content=\"de_DE\" \/>\n<meta property=\"og:type\" content=\"article\" \/>\n<meta property=\"og:title\" content=\"Bio Duschgel &quot; Fleur De Savon&quot; Briochin | Online Kaufen | My French Grocery\" \/>\n<meta property=\"og:description\" content=\"Bio Duschgel &quot; Fleur De Savon&quot; Briochin - 400-ml-Flasche - Die authentische Fleur de Savon ist eine Pflanzenseife, die durch traditionelle Verseifung entsteht.\" \/>\n<meta property=\"og:url\" content=\"https:\/\/my-french-grocery.com\/de\/produkt\/bio-duschgel-fleur-de-savon-briochin\/\" \/>\n<meta property=\"og:site_name\" content=\"My French Grocery\" \/>\n<meta property=\"article:publisher\" content=\"https:\/\/www.facebook.com\/myfrenchgrocery\/\" \/>\n<meta property=\"og:image\" content=\"https:\/\/my-french-grocery.com\/wp-content\/uploads\/2021\/05\/SHOWER-GEL-BRIOCHIN-FLEUR-DE-SAVON.jpg\" \/>\n\t<meta property=\"og:image:width\" content=\"1500\" \/>\n\t<meta property=\"og:image:height\" content=\"1500\" \/>\n\t<meta property=\"og:image:type\" content=\"image\/jpeg\" \/>\n<meta name=\"twitter:card\" content=\"summary_large_image\" \/>\n<script type=\"application\/ld+json\" class=\"yoast-schema-graph\">{\"@context\":\"https:\\\/\\\/schema.org\",\"@graph\":[{\"@type\":\"WebPage\",\"@id\":\"https:\\\/\\\/my-french-grocery.com\\\/de\\\/produkt\\\/bio-duschgel-fleur-de-savon-briochin\\\/\",\"url\":\"https:\\\/\\\/my-french-grocery.com\\\/de\\\/produkt\\\/bio-duschgel-fleur-de-savon-briochin\\\/\",\"name\":\"Bio Duschgel \\\" Fleur De Savon\\\" Briochin | Online Kaufen | My French Grocery\",\"isPartOf\":{\"@id\":\"https:\\\/\\\/my-french-grocery.com\\\/de\\\/#website\"},\"primaryImageOfPage\":{\"@id\":\"https:\\\/\\\/my-french-grocery.com\\\/de\\\/produkt\\\/bio-duschgel-fleur-de-savon-briochin\\\/#primaryimage\"},\"image\":{\"@id\":\"https:\\\/\\\/my-french-grocery.com\\\/de\\\/produkt\\\/bio-duschgel-fleur-de-savon-briochin\\\/#primaryimage\"},\"thumbnailUrl\":\"https:\\\/\\\/my-french-grocery.com\\\/wp-content\\\/uploads\\\/2021\\\/05\\\/SHOWER-GEL-BRIOCHIN-FLEUR-DE-SAVON.jpg\",\"datePublished\":\"2021-05-25T13:29:47+00:00\",\"description\":\"Bio Duschgel \\\" Fleur De Savon\\\" Briochin - 400-ml-Flasche - Die authentische Fleur de Savon ist eine Pflanzenseife, die durch traditionelle Verseifung entsteht.\",\"breadcrumb\":{\"@id\":\"https:\\\/\\\/my-french-grocery.com\\\/de\\\/produkt\\\/bio-duschgel-fleur-de-savon-briochin\\\/#breadcrumb\"},\"inLanguage\":\"de-DE\",\"potentialAction\":[{\"@type\":\"ReadAction\",\"target\":[\"https:\\\/\\\/my-french-grocery.com\\\/de\\\/produkt\\\/bio-duschgel-fleur-de-savon-briochin\\\/\"]}]},{\"@type\":\"ImageObject\",\"inLanguage\":\"de-DE\",\"@id\":\"https:\\\/\\\/my-french-grocery.com\\\/de\\\/produkt\\\/bio-duschgel-fleur-de-savon-briochin\\\/#primaryimage\",\"url\":\"https:\\\/\\\/my-french-grocery.com\\\/wp-content\\\/uploads\\\/2021\\\/05\\\/SHOWER-GEL-BRIOCHIN-FLEUR-DE-SAVON.jpg\",\"contentUrl\":\"https:\\\/\\\/my-french-grocery.com\\\/wp-content\\\/uploads\\\/2021\\\/05\\\/SHOWER-GEL-BRIOCHIN-FLEUR-DE-SAVON.jpg\",\"width\":1500,\"height\":1500,\"caption\":\"Bio Duschgel \\\" Fleur De Savon\\\" Briochin\"},{\"@type\":\"BreadcrumbList\",\"@id\":\"https:\\\/\\\/my-french-grocery.com\\\/de\\\/produkt\\\/bio-duschgel-fleur-de-savon-briochin\\\/#breadcrumb\",\"itemListElement\":[{\"@type\":\"ListItem\",\"position\":1,\"name\":\"Home\",\"item\":\"https:\\\/\\\/my-french-grocery.com\\\/de\\\/shopping-seite\\\/\"},{\"@type\":\"ListItem\",\"position\":2,\"name\":\"Shop\",\"item\":\"https:\\\/\\\/my-french-grocery.com\\\/shop\\\/\"},{\"@type\":\"ListItem\",\"position\":3,\"name\":\"Kosmetika\",\"item\":\"https:\\\/\\\/my-french-grocery.com\\\/de\\\/produkt-kategorie\\\/kosmetika\\\/\"},{\"@type\":\"ListItem\",\"position\":4,\"name\":\"Shampoo, Sp\u00fclung, Haarpflege\",\"item\":\"https:\\\/\\\/my-french-grocery.com\\\/de\\\/produkt-kategorie\\\/shampoo-spulung-haarpflege\\\/\"},{\"@type\":\"ListItem\",\"position\":5,\"name\":\"Bio Duschgel &#8221; Fleur De Savon&#8221; Briochin\"}]},{\"@type\":\"WebSite\",\"@id\":\"https:\\\/\\\/my-french-grocery.com\\\/de\\\/#website\",\"url\":\"https:\\\/\\\/my-french-grocery.com\\\/de\\\/\",\"name\":\"My French Grocery\",\"description\":\"Your Online French Grocery  !\",\"publisher\":{\"@id\":\"https:\\\/\\\/my-french-grocery.com\\\/de\\\/#organization\"},\"potentialAction\":[{\"@type\":\"SearchAction\",\"target\":{\"@type\":\"EntryPoint\",\"urlTemplate\":\"https:\\\/\\\/my-french-grocery.com\\\/de\\\/?s={search_term_string}\"},\"query-input\":{\"@type\":\"PropertyValueSpecification\",\"valueRequired\":true,\"valueName\":\"search_term_string\"}}],\"inLanguage\":\"de-DE\"},{\"@type\":\"Organization\",\"@id\":\"https:\\\/\\\/my-french-grocery.com\\\/de\\\/#organization\",\"name\":\"MY FRENCH GROCERY\",\"url\":\"https:\\\/\\\/my-french-grocery.com\\\/de\\\/\",\"logo\":{\"@type\":\"ImageObject\",\"inLanguage\":\"de-DE\",\"@id\":\"https:\\\/\\\/my-french-grocery.com\\\/de\\\/#\\\/schema\\\/logo\\\/image\\\/\",\"url\":\"https:\\\/\\\/my-french-grocery.com\\\/wp-content\\\/uploads\\\/2021\\\/11\\\/My-French-Grocery-Online-French-Grocery.png\",\"contentUrl\":\"https:\\\/\\\/my-french-grocery.com\\\/wp-content\\\/uploads\\\/2021\\\/11\\\/My-French-Grocery-Online-French-Grocery.png\",\"width\":100,\"height\":100,\"caption\":\"MY FRENCH GROCERY\"},\"image\":{\"@id\":\"https:\\\/\\\/my-french-grocery.com\\\/de\\\/#\\\/schema\\\/logo\\\/image\\\/\"},\"sameAs\":[\"https:\\\/\\\/www.facebook.com\\\/myfrenchgrocery\\\/\"]}]}<\/script>\n<!-- \/ Yoast SEO plugin. -->","yoast_head_json":{"title":"Bio Duschgel \" Fleur De Savon\" Briochin | Online Kaufen | My French Grocery","description":"Bio Duschgel \" Fleur De Savon\" Briochin - 400-ml-Flasche - Die authentische Fleur de Savon ist eine Pflanzenseife, die durch traditionelle Verseifung entsteht.","robots":{"index":"index","follow":"follow","max-snippet":"max-snippet:-1","max-image-preview":"max-image-preview:large","max-video-preview":"max-video-preview:-1"},"canonical":"https:\/\/my-french-grocery.com\/de\/produkt\/bio-duschgel-fleur-de-savon-briochin\/","og_locale":"de_DE","og_type":"article","og_title":"Bio Duschgel \" Fleur De Savon\" Briochin | Online Kaufen | My French Grocery","og_description":"Bio Duschgel \" Fleur De Savon\" Briochin - 400-ml-Flasche - Die authentische Fleur de Savon ist eine Pflanzenseife, die durch traditionelle Verseifung entsteht.","og_url":"https:\/\/my-french-grocery.com\/de\/produkt\/bio-duschgel-fleur-de-savon-briochin\/","og_site_name":"My French Grocery","article_publisher":"https:\/\/www.facebook.com\/myfrenchgrocery\/","og_image":[{"width":1500,"height":1500,"url":"https:\/\/my-french-grocery.com\/wp-content\/uploads\/2021\/05\/SHOWER-GEL-BRIOCHIN-FLEUR-DE-SAVON.jpg","type":"image\/jpeg"}],"twitter_card":"summary_large_image","schema":{"@context":"https:\/\/schema.org","@graph":[{"@type":"WebPage","@id":"https:\/\/my-french-grocery.com\/de\/produkt\/bio-duschgel-fleur-de-savon-briochin\/","url":"https:\/\/my-french-grocery.com\/de\/produkt\/bio-duschgel-fleur-de-savon-briochin\/","name":"Bio Duschgel \" Fleur De Savon\" Briochin | Online Kaufen | My French Grocery","isPartOf":{"@id":"https:\/\/my-french-grocery.com\/de\/#website"},"primaryImageOfPage":{"@id":"https:\/\/my-french-grocery.com\/de\/produkt\/bio-duschgel-fleur-de-savon-briochin\/#primaryimage"},"image":{"@id":"https:\/\/my-french-grocery.com\/de\/produkt\/bio-duschgel-fleur-de-savon-briochin\/#primaryimage"},"thumbnailUrl":"https:\/\/my-french-grocery.com\/wp-content\/uploads\/2021\/05\/SHOWER-GEL-BRIOCHIN-FLEUR-DE-SAVON.jpg","datePublished":"2021-05-25T13:29:47+00:00","description":"Bio Duschgel \" Fleur De Savon\" Briochin - 400-ml-Flasche - Die authentische Fleur de Savon ist eine Pflanzenseife, die durch traditionelle Verseifung entsteht.","breadcrumb":{"@id":"https:\/\/my-french-grocery.com\/de\/produkt\/bio-duschgel-fleur-de-savon-briochin\/#breadcrumb"},"inLanguage":"de-DE","potentialAction":[{"@type":"ReadAction","target":["https:\/\/my-french-grocery.com\/de\/produkt\/bio-duschgel-fleur-de-savon-briochin\/"]}]},{"@type":"ImageObject","inLanguage":"de-DE","@id":"https:\/\/my-french-grocery.com\/de\/produkt\/bio-duschgel-fleur-de-savon-briochin\/#primaryimage","url":"https:\/\/my-french-grocery.com\/wp-content\/uploads\/2021\/05\/SHOWER-GEL-BRIOCHIN-FLEUR-DE-SAVON.jpg","contentUrl":"https:\/\/my-french-grocery.com\/wp-content\/uploads\/2021\/05\/SHOWER-GEL-BRIOCHIN-FLEUR-DE-SAVON.jpg","width":1500,"height":1500,"caption":"Bio Duschgel \" Fleur De Savon\" Briochin"},{"@type":"BreadcrumbList","@id":"https:\/\/my-french-grocery.com\/de\/produkt\/bio-duschgel-fleur-de-savon-briochin\/#breadcrumb","itemListElement":[{"@type":"ListItem","position":1,"name":"Home","item":"https:\/\/my-french-grocery.com\/de\/shopping-seite\/"},{"@type":"ListItem","position":2,"name":"Shop","item":"https:\/\/my-french-grocery.com\/shop\/"},{"@type":"ListItem","position":3,"name":"Kosmetika","item":"https:\/\/my-french-grocery.com\/de\/produkt-kategorie\/kosmetika\/"},{"@type":"ListItem","position":4,"name":"Shampoo, Sp\u00fclung, Haarpflege","item":"https:\/\/my-french-grocery.com\/de\/produkt-kategorie\/shampoo-spulung-haarpflege\/"},{"@type":"ListItem","position":5,"name":"Bio Duschgel &#8221; Fleur De Savon&#8221; Briochin"}]},{"@type":"WebSite","@id":"https:\/\/my-french-grocery.com\/de\/#website","url":"https:\/\/my-french-grocery.com\/de\/","name":"My French Grocery","description":"Your Online French Grocery  !","publisher":{"@id":"https:\/\/my-french-grocery.com\/de\/#organization"},"potentialAction":[{"@type":"SearchAction","target":{"@type":"EntryPoint","urlTemplate":"https:\/\/my-french-grocery.com\/de\/?s={search_term_string}"},"query-input":{"@type":"PropertyValueSpecification","valueRequired":true,"valueName":"search_term_string"}}],"inLanguage":"de-DE"},{"@type":"Organization","@id":"https:\/\/my-french-grocery.com\/de\/#organization","name":"MY FRENCH GROCERY","url":"https:\/\/my-french-grocery.com\/de\/","logo":{"@type":"ImageObject","inLanguage":"de-DE","@id":"https:\/\/my-french-grocery.com\/de\/#\/schema\/logo\/image\/","url":"https:\/\/my-french-grocery.com\/wp-content\/uploads\/2021\/11\/My-French-Grocery-Online-French-Grocery.png","contentUrl":"https:\/\/my-french-grocery.com\/wp-content\/uploads\/2021\/11\/My-French-Grocery-Online-French-Grocery.png","width":100,"height":100,"caption":"MY FRENCH GROCERY"},"image":{"@id":"https:\/\/my-french-grocery.com\/de\/#\/schema\/logo\/image\/"},"sameAs":["https:\/\/www.facebook.com\/myfrenchgrocery\/"]}]}},"brands":[{"id":2679,"name":"Briochin","slug":"briochin-de"}],"_links":{"self":[{"href":"https:\/\/my-french-grocery.com\/de\/wp-json\/wp\/v2\/product\/21670","targetHints":{"allow":["GET"]}}],"collection":[{"href":"https:\/\/my-french-grocery.com\/de\/wp-json\/wp\/v2\/product"}],"about":[{"href":"https:\/\/my-french-grocery.com\/de\/wp-json\/wp\/v2\/types\/product"}],"replies":[{"embeddable":true,"href":"https:\/\/my-french-grocery.com\/de\/wp-json\/wp\/v2\/comments?post=21670"}],"wp:featuredmedia":[{"embeddable":true,"href":"https:\/\/my-french-grocery.com\/de\/wp-json\/wp\/v2\/media\/16871"}],"wp:attachment":[{"href":"https:\/\/my-french-grocery.com\/de\/wp-json\/wp\/v2\/media?parent=21670"}],"wp:term":[{"taxonomy":"pwb-brand","embeddable":true,"href":"https:\/\/my-french-grocery.com\/de\/wp-json\/wp\/v2\/pwb-brand?post=21670"},{"taxonomy":"product_brand","embeddable":true,"href":"https:\/\/my-french-grocery.com\/de\/wp-json\/wp\/v2\/product_brand?post=21670"},{"taxonomy":"product_cat","embeddable":true,"href":"https:\/\/my-french-grocery.com\/de\/wp-json\/wp\/v2\/product_cat?post=21670"},{"taxonomy":"product_tag","embeddable":true,"href":"https:\/\/my-french-grocery.com\/de\/wp-json\/wp\/v2\/product_tag?post=21670"}],"curies":[{"name":"wp","href":"https:\/\/api.w.org\/{rel}","templated":true}]}}