{"id":21753,"date":"2021-07-06T17:00:47","date_gmt":"2021-07-06T15:00:47","guid":{"rendered":"https:\/\/my-french-grocery.com\/product\/sardinen-ohne-knochen-in-olivenol-connetable\/"},"modified":"2021-07-06T17:00:47","modified_gmt":"2021-07-06T15:00:47","slug":"sardinen-ohne-knochen-in-olivenol-connetable","status":"publish","type":"product","link":"https:\/\/my-french-grocery.com\/de\/produkt\/sardinen-ohne-knochen-in-olivenol-connetable\/","title":{"rendered":"Sardinen Ohne Knochen In Oliven\u00f6l Conn\u00e9table"},"content":{"rendered":"<p>Sardinen Ohne Knochen In Oliven\u00f6l Conn\u00e9table<\/p>\n<p>Schachtel mit 98 g netto abgetropft<\/p>\n<p>Wenn Sie keine Sardinenknochen essen, aber kandierte Sardinen lieben, sind Sardinen ohne Knochen in nativem Oliven\u00f6l extra f\u00fcr Sie gemacht!<\/p>\n","protected":false},"excerpt":{"rendered":"<p>Sardinen Ohne Knochen In Oliven\u00f6l Conn\u00e9table<\/p>\n<p>Schachtel mit 98 g netto abgetropft<\/p>\n","protected":false},"featured_media":21754,"comment_status":"open","ping_status":"closed","template":"","meta":[],"pwb-brand":[2292],"product_brand":[],"product_cat":[2255],"product_tag":[],"class_list":{"0":"post-21753","1":"product","2":"type-product","3":"status-publish","4":"has-post-thumbnail","6":"pwb-brand-connetable-de","7":"product_cat-meeresprodukte","8":"product_shipping_class-internationaler-versand","10":"first","11":"instock","12":"taxable","13":"shipping-taxable","14":"purchasable","15":"product-type-simple"},"brands":[{"id":2292,"name":"Conn\u00e9table","slug":"connetable-de"}],"_links":{"self":[{"href":"https:\/\/my-french-grocery.com\/de\/wp-json\/wp\/v2\/product\/21753","targetHints":{"allow":["GET"]}}],"collection":[{"href":"https:\/\/my-french-grocery.com\/de\/wp-json\/wp\/v2\/product"}],"about":[{"href":"https:\/\/my-french-grocery.com\/de\/wp-json\/wp\/v2\/types\/product"}],"replies":[{"embeddable":true,"href":"https:\/\/my-french-grocery.com\/de\/wp-json\/wp\/v2\/comments?post=21753"}],"wp:featuredmedia":[{"embeddable":true,"href":"https:\/\/my-french-grocery.com\/de\/wp-json\/wp\/v2\/media\/21754"}],"wp:attachment":[{"href":"https:\/\/my-french-grocery.com\/de\/wp-json\/wp\/v2\/media?parent=21753"}],"wp:term":[{"taxonomy":"pwb-brand","embeddable":true,"href":"https:\/\/my-french-grocery.com\/de\/wp-json\/wp\/v2\/pwb-brand?post=21753"},{"taxonomy":"product_brand","embeddable":true,"href":"https:\/\/my-french-grocery.com\/de\/wp-json\/wp\/v2\/product_brand?post=21753"},{"taxonomy":"product_cat","embeddable":true,"href":"https:\/\/my-french-grocery.com\/de\/wp-json\/wp\/v2\/product_cat?post=21753"},{"taxonomy":"product_tag","embeddable":true,"href":"https:\/\/my-french-grocery.com\/de\/wp-json\/wp\/v2\/product_tag?post=21753"}],"curies":[{"name":"wp","href":"https:\/\/api.w.org\/{rel}","templated":true}]}}