{"id":21788,"date":"2021-11-01T19:22:01","date_gmt":"2021-11-01T17:22:01","guid":{"rendered":"https:\/\/my-french-grocery.com\/product\/minz-schokoladen-after-eight\/"},"modified":"2021-11-01T19:22:01","modified_gmt":"2021-11-01T17:22:01","slug":"minz-schokoladen-after-eight","status":"publish","type":"product","link":"https:\/\/my-french-grocery.com\/de\/produkt\/minz-schokoladen-after-eight\/","title":{"rendered":"Minz Schokoladen After Eight"},"content":{"rendered":"<p>Minz Schokoladen After Eight<\/p>\n<p>Schachtel mit 300 g<\/p>\n<p>After Eight ist die einzigartige und subtile Allianz aus d\u00fcnnen Bl\u00e4ttern dunkler Schokolade und einer Fondant-Minz-F\u00fcllung<\/p>\n","protected":false},"excerpt":{"rendered":"<p>Minz Schokoladen After Eight<\/p>\n<p>Schachtel mit 300 g<\/p>\n","protected":false},"featured_media":19637,"comment_status":"open","ping_status":"closed","template":"","meta":[],"pwb-brand":[],"product_brand":[],"product_cat":[2245,2113,2495],"product_tag":[2709,2357],"class_list":{"0":"post-21788","1":"product","2":"type-product","3":"status-publish","4":"has-post-thumbnail","6":"product_cat-schokolade","7":"product_cat-bonbons-de","8":"product_cat-weihnachtsprodukte","9":"product_tag-after-eight-de","10":"product_tag-schokolade","11":"product_shipping_class-internationaler-versand","13":"first","14":"instock","15":"taxable","16":"shipping-taxable","17":"purchasable","18":"product-type-simple"},"brands":[],"_links":{"self":[{"href":"https:\/\/my-french-grocery.com\/de\/wp-json\/wp\/v2\/product\/21788","targetHints":{"allow":["GET"]}}],"collection":[{"href":"https:\/\/my-french-grocery.com\/de\/wp-json\/wp\/v2\/product"}],"about":[{"href":"https:\/\/my-french-grocery.com\/de\/wp-json\/wp\/v2\/types\/product"}],"replies":[{"embeddable":true,"href":"https:\/\/my-french-grocery.com\/de\/wp-json\/wp\/v2\/comments?post=21788"}],"wp:featuredmedia":[{"embeddable":true,"href":"https:\/\/my-french-grocery.com\/de\/wp-json\/wp\/v2\/media\/19637"}],"wp:attachment":[{"href":"https:\/\/my-french-grocery.com\/de\/wp-json\/wp\/v2\/media?parent=21788"}],"wp:term":[{"taxonomy":"pwb-brand","embeddable":true,"href":"https:\/\/my-french-grocery.com\/de\/wp-json\/wp\/v2\/pwb-brand?post=21788"},{"taxonomy":"product_brand","embeddable":true,"href":"https:\/\/my-french-grocery.com\/de\/wp-json\/wp\/v2\/product_brand?post=21788"},{"taxonomy":"product_cat","embeddable":true,"href":"https:\/\/my-french-grocery.com\/de\/wp-json\/wp\/v2\/product_cat?post=21788"},{"taxonomy":"product_tag","embeddable":true,"href":"https:\/\/my-french-grocery.com\/de\/wp-json\/wp\/v2\/product_tag?post=21788"}],"curies":[{"name":"wp","href":"https:\/\/api.w.org\/{rel}","templated":true}]}}