{"id":21792,"date":"2025-09-05T16:05:07","date_gmt":"2025-09-05T14:05:07","guid":{"rendered":"https:\/\/my-french-grocery.com\/product\/milchschokolade-lescargot-lanvin\/"},"modified":"2026-04-07T09:24:54","modified_gmt":"2026-04-07T07:24:54","slug":"milchschokolade-lescargot-lanvin","status":"publish","type":"product","link":"https:\/\/my-french-grocery.com\/de\/produkt\/milchschokolade-lescargot-lanvin\/","title":{"rendered":"Milchschokolade \u201eL\u2019Escargot\u201c Lanvin"},"content":{"rendered":"<p>Milchschokolade \u201eL\u2019Escargot\u201c Lanvin<\/p>\n<p>Schachtel mit 164g<\/p>\n<p>Der 1934 in Burgund kreierte LANVIN Escargot wird Sie mit seiner cremigen Praline aus ger\u00f6steten Mandeln und Haseln\u00fcssen und seiner H\u00fclle aus k\u00f6stlicher dunkler Schokolade und wei\u00dfer Schokolade verf\u00fchren.<\/p>\n","protected":false},"excerpt":{"rendered":"<p>Milchschokolade \u201eL\u2019Escargot\u201c Lanvin<\/p>\n<p>Schachtel mit 164g<\/p>\n","protected":false},"featured_media":51846,"comment_status":"open","ping_status":"closed","template":"","meta":[],"pwb-brand":[2711],"product_brand":[],"product_cat":[2245,2113,2495],"product_tag":[2710,2417,2357],"class_list":{"0":"post-21792","1":"product","2":"type-product","3":"status-publish","4":"has-post-thumbnail","6":"pwb-brand-lanvin-de","7":"product_cat-schokolade","8":"product_cat-bonbons-de","9":"product_cat-weihnachtsprodukte","10":"product_tag-lanvin-de","11":"product_tag-schnecken","12":"product_tag-schokolade","13":"product_shipping_class-internationaler-versand","15":"first","16":"outofstock","17":"taxable","18":"shipping-taxable","19":"purchasable","20":"product-type-simple"},"brands":[{"id":2711,"name":"Lanvin","slug":"lanvin-de"}],"_links":{"self":[{"href":"https:\/\/my-french-grocery.com\/de\/wp-json\/wp\/v2\/product\/21792","targetHints":{"allow":["GET"]}}],"collection":[{"href":"https:\/\/my-french-grocery.com\/de\/wp-json\/wp\/v2\/product"}],"about":[{"href":"https:\/\/my-french-grocery.com\/de\/wp-json\/wp\/v2\/types\/product"}],"replies":[{"embeddable":true,"href":"https:\/\/my-french-grocery.com\/de\/wp-json\/wp\/v2\/comments?post=21792"}],"wp:featuredmedia":[{"embeddable":true,"href":"https:\/\/my-french-grocery.com\/de\/wp-json\/wp\/v2\/media\/51846"}],"wp:attachment":[{"href":"https:\/\/my-french-grocery.com\/de\/wp-json\/wp\/v2\/media?parent=21792"}],"wp:term":[{"taxonomy":"pwb-brand","embeddable":true,"href":"https:\/\/my-french-grocery.com\/de\/wp-json\/wp\/v2\/pwb-brand?post=21792"},{"taxonomy":"product_brand","embeddable":true,"href":"https:\/\/my-french-grocery.com\/de\/wp-json\/wp\/v2\/product_brand?post=21792"},{"taxonomy":"product_cat","embeddable":true,"href":"https:\/\/my-french-grocery.com\/de\/wp-json\/wp\/v2\/product_cat?post=21792"},{"taxonomy":"product_tag","embeddable":true,"href":"https:\/\/my-french-grocery.com\/de\/wp-json\/wp\/v2\/product_tag?post=21792"}],"curies":[{"name":"wp","href":"https:\/\/api.w.org\/{rel}","templated":true}]}}