{"id":21805,"date":"2021-07-10T15:21:00","date_gmt":"2021-07-10T13:21:00","guid":{"rendered":"https:\/\/my-french-grocery.com\/product\/batiste-zest-of-freshness-trockenshampoo\/"},"modified":"2021-07-10T15:21:00","modified_gmt":"2021-07-10T13:21:00","slug":"batiste-zest-of-freshness-trockenshampoo","status":"publish","type":"product","link":"https:\/\/my-french-grocery.com\/de\/produkt\/batiste-zest-of-freshness-trockenshampoo\/","title":{"rendered":"Batiste \u201eZest Of Freshness\u201c Trockenshampoo"},"content":{"rendered":"<p>Batiste \u201eZest Of Freshness\u201c Trockenshampoo<\/p>\n<div class=\"pdp-card__header--text\"><span class=\"ds-body-text ds-body-text--weight-bold ds-body-text--size-m ds-body-text--color-standard-2\"><span>200 ml Spray<\/span><\/span><\/p>\n<div class=\"saz_next_widget\" data-referer=\"carrefour_widget\" data-ean=\"5020480028474\"><\/div>\n<\/div>\n<div class=\"main-details--food__shoppinglist\">Batiste Original. Seine Formel auf Basis von Reisst\u00e4rkepulver absorbiert \u00fcbersch\u00fcssigen Talg aus Ihrem Haar, um Frische und Volumen wiederherzustellen.<\/div>\n","protected":false},"excerpt":{"rendered":"<p>Batiste \u201eZest Of Freshness\u201c Trockenshampoo<\/p>\n<div class=\"pdp-card__header--text\"><span class=\"ds-body-text ds-body-text--weight-bold ds-body-text--size-m ds-body-text--color-standard-2\">200 ml Spray<\/span><\/div>\n","protected":false},"featured_media":17607,"comment_status":"open","ping_status":"closed","template":"","meta":[],"pwb-brand":[2700],"product_brand":[],"product_cat":[2201],"product_tag":[2699],"class_list":{"0":"post-21805","1":"product","2":"type-product","3":"status-publish","4":"has-post-thumbnail","6":"pwb-brand-batiste-de","7":"product_cat-shampoo-de","8":"product_tag-trockenshampoo-de","9":"product_shipping_class-internationaler-versand","11":"first","12":"outofstock","13":"taxable","14":"shipping-taxable","15":"purchasable","16":"product-type-simple"},"yoast_head":"<!-- This site is optimized with the Yoast SEO plugin v27.3 - https:\/\/yoast.com\/product\/yoast-seo-wordpress\/ -->\n<title>Batiste \u201eZest Of Freshness\u201c Trockenshampoo | Online Kaufen | My French Grocery<\/title>\n<meta name=\"description\" content=\"Batiste \u201eZest Of Freshness\u201c Trockenshampoo - 200 ml Spray - Batiste Original. Seine Formel auf Basis von Reisst\u00e4rkepulver absorbiert \u00fcbersch\u00fcssigen Talg aus Ihrem Haar, um Frische und Volumen wiederherzustellen.\" \/>\n<meta name=\"robots\" content=\"index, follow, max-snippet:-1, max-image-preview:large, max-video-preview:-1\" \/>\n<link rel=\"canonical\" href=\"https:\/\/my-french-grocery.com\/de\/produkt\/batiste-zest-of-freshness-trockenshampoo\/\" \/>\n<meta property=\"og:locale\" content=\"de_DE\" \/>\n<meta property=\"og:type\" content=\"article\" \/>\n<meta property=\"og:title\" content=\"Batiste \u201eZest Of Freshness\u201c Trockenshampoo | Online Kaufen | My French Grocery\" \/>\n<meta property=\"og:description\" content=\"Batiste \u201eZest Of Freshness\u201c Trockenshampoo - 200 ml Spray - Batiste Original. Seine Formel auf Basis von Reisst\u00e4rkepulver absorbiert \u00fcbersch\u00fcssigen Talg aus Ihrem Haar, um Frische und Volumen wiederherzustellen.\" \/>\n<meta property=\"og:url\" content=\"https:\/\/my-french-grocery.com\/de\/produkt\/batiste-zest-of-freshness-trockenshampoo\/\" \/>\n<meta property=\"og:site_name\" content=\"My French Grocery\" \/>\n<meta property=\"article:publisher\" content=\"https:\/\/www.facebook.com\/myfrenchgrocery\/\" \/>\n<meta property=\"og:image\" content=\"https:\/\/my-french-grocery.com\/wp-content\/uploads\/2021\/07\/BATISTE-SHAMPOO-ZETE-FRAICHEUR.jpg\" \/>\n\t<meta property=\"og:image:width\" content=\"1500\" \/>\n\t<meta property=\"og:image:height\" content=\"1500\" \/>\n\t<meta property=\"og:image:type\" content=\"image\/jpeg\" \/>\n<meta name=\"twitter:card\" content=\"summary_large_image\" \/>\n<script type=\"application\/ld+json\" class=\"yoast-schema-graph\">{\"@context\":\"https:\\\/\\\/schema.org\",\"@graph\":[{\"@type\":\"WebPage\",\"@id\":\"https:\\\/\\\/my-french-grocery.com\\\/de\\\/produkt\\\/batiste-zest-of-freshness-trockenshampoo\\\/\",\"url\":\"https:\\\/\\\/my-french-grocery.com\\\/de\\\/produkt\\\/batiste-zest-of-freshness-trockenshampoo\\\/\",\"name\":\"Batiste \u201eZest Of Freshness\u201c Trockenshampoo | Online Kaufen | My French Grocery\",\"isPartOf\":{\"@id\":\"https:\\\/\\\/my-french-grocery.com\\\/de\\\/#website\"},\"primaryImageOfPage\":{\"@id\":\"https:\\\/\\\/my-french-grocery.com\\\/de\\\/produkt\\\/batiste-zest-of-freshness-trockenshampoo\\\/#primaryimage\"},\"image\":{\"@id\":\"https:\\\/\\\/my-french-grocery.com\\\/de\\\/produkt\\\/batiste-zest-of-freshness-trockenshampoo\\\/#primaryimage\"},\"thumbnailUrl\":\"https:\\\/\\\/my-french-grocery.com\\\/wp-content\\\/uploads\\\/2021\\\/07\\\/BATISTE-SHAMPOO-ZETE-FRAICHEUR.jpg\",\"datePublished\":\"2021-07-10T13:21:00+00:00\",\"description\":\"Batiste \u201eZest Of Freshness\u201c Trockenshampoo - 200 ml Spray - Batiste Original. Seine Formel auf Basis von Reisst\u00e4rkepulver absorbiert \u00fcbersch\u00fcssigen Talg aus Ihrem Haar, um Frische und Volumen wiederherzustellen.\",\"breadcrumb\":{\"@id\":\"https:\\\/\\\/my-french-grocery.com\\\/de\\\/produkt\\\/batiste-zest-of-freshness-trockenshampoo\\\/#breadcrumb\"},\"inLanguage\":\"de-DE\",\"potentialAction\":[{\"@type\":\"ReadAction\",\"target\":[\"https:\\\/\\\/my-french-grocery.com\\\/de\\\/produkt\\\/batiste-zest-of-freshness-trockenshampoo\\\/\"]}]},{\"@type\":\"ImageObject\",\"inLanguage\":\"de-DE\",\"@id\":\"https:\\\/\\\/my-french-grocery.com\\\/de\\\/produkt\\\/batiste-zest-of-freshness-trockenshampoo\\\/#primaryimage\",\"url\":\"https:\\\/\\\/my-french-grocery.com\\\/wp-content\\\/uploads\\\/2021\\\/07\\\/BATISTE-SHAMPOO-ZETE-FRAICHEUR.jpg\",\"contentUrl\":\"https:\\\/\\\/my-french-grocery.com\\\/wp-content\\\/uploads\\\/2021\\\/07\\\/BATISTE-SHAMPOO-ZETE-FRAICHEUR.jpg\",\"width\":1500,\"height\":1500,\"caption\":\"Batiste \u201eZest Of Freshness\u201c Trockenshampoo\"},{\"@type\":\"BreadcrumbList\",\"@id\":\"https:\\\/\\\/my-french-grocery.com\\\/de\\\/produkt\\\/batiste-zest-of-freshness-trockenshampoo\\\/#breadcrumb\",\"itemListElement\":[{\"@type\":\"ListItem\",\"position\":1,\"name\":\"Home\",\"item\":\"https:\\\/\\\/my-french-grocery.com\\\/de\\\/shopping-seite\\\/\"},{\"@type\":\"ListItem\",\"position\":2,\"name\":\"Shop\",\"item\":\"https:\\\/\\\/my-french-grocery.com\\\/shop\\\/\"},{\"@type\":\"ListItem\",\"position\":3,\"name\":\"Kosmetika\",\"item\":\"https:\\\/\\\/my-french-grocery.com\\\/de\\\/produkt-kategorie\\\/kosmetika\\\/\"},{\"@type\":\"ListItem\",\"position\":4,\"name\":\"Shampoo, Sp\u00fclung, Haarpflege\",\"item\":\"https:\\\/\\\/my-french-grocery.com\\\/de\\\/produkt-kategorie\\\/shampoo-spulung-haarpflege\\\/\"},{\"@type\":\"ListItem\",\"position\":5,\"name\":\"Shampoo\",\"item\":\"https:\\\/\\\/my-french-grocery.com\\\/de\\\/produkt-kategorie\\\/shampoo-de\\\/\"},{\"@type\":\"ListItem\",\"position\":6,\"name\":\"Batiste \u201eZest Of Freshness\u201c Trockenshampoo\"}]},{\"@type\":\"WebSite\",\"@id\":\"https:\\\/\\\/my-french-grocery.com\\\/de\\\/#website\",\"url\":\"https:\\\/\\\/my-french-grocery.com\\\/de\\\/\",\"name\":\"My French Grocery\",\"description\":\"Your Online French Grocery  !\",\"publisher\":{\"@id\":\"https:\\\/\\\/my-french-grocery.com\\\/de\\\/#organization\"},\"potentialAction\":[{\"@type\":\"SearchAction\",\"target\":{\"@type\":\"EntryPoint\",\"urlTemplate\":\"https:\\\/\\\/my-french-grocery.com\\\/de\\\/?s={search_term_string}\"},\"query-input\":{\"@type\":\"PropertyValueSpecification\",\"valueRequired\":true,\"valueName\":\"search_term_string\"}}],\"inLanguage\":\"de-DE\"},{\"@type\":\"Organization\",\"@id\":\"https:\\\/\\\/my-french-grocery.com\\\/de\\\/#organization\",\"name\":\"MY FRENCH GROCERY\",\"url\":\"https:\\\/\\\/my-french-grocery.com\\\/de\\\/\",\"logo\":{\"@type\":\"ImageObject\",\"inLanguage\":\"de-DE\",\"@id\":\"https:\\\/\\\/my-french-grocery.com\\\/de\\\/#\\\/schema\\\/logo\\\/image\\\/\",\"url\":\"https:\\\/\\\/my-french-grocery.com\\\/wp-content\\\/uploads\\\/2021\\\/11\\\/My-French-Grocery-Online-French-Grocery.png\",\"contentUrl\":\"https:\\\/\\\/my-french-grocery.com\\\/wp-content\\\/uploads\\\/2021\\\/11\\\/My-French-Grocery-Online-French-Grocery.png\",\"width\":100,\"height\":100,\"caption\":\"MY FRENCH GROCERY\"},\"image\":{\"@id\":\"https:\\\/\\\/my-french-grocery.com\\\/de\\\/#\\\/schema\\\/logo\\\/image\\\/\"},\"sameAs\":[\"https:\\\/\\\/www.facebook.com\\\/myfrenchgrocery\\\/\"]}]}<\/script>\n<!-- \/ Yoast SEO plugin. -->","yoast_head_json":{"title":"Batiste \u201eZest Of Freshness\u201c Trockenshampoo | Online Kaufen | My French Grocery","description":"Batiste \u201eZest Of Freshness\u201c Trockenshampoo - 200 ml Spray - Batiste Original. Seine Formel auf Basis von Reisst\u00e4rkepulver absorbiert \u00fcbersch\u00fcssigen Talg aus Ihrem Haar, um Frische und Volumen wiederherzustellen.","robots":{"index":"index","follow":"follow","max-snippet":"max-snippet:-1","max-image-preview":"max-image-preview:large","max-video-preview":"max-video-preview:-1"},"canonical":"https:\/\/my-french-grocery.com\/de\/produkt\/batiste-zest-of-freshness-trockenshampoo\/","og_locale":"de_DE","og_type":"article","og_title":"Batiste \u201eZest Of Freshness\u201c Trockenshampoo | Online Kaufen | My French Grocery","og_description":"Batiste \u201eZest Of Freshness\u201c Trockenshampoo - 200 ml Spray - Batiste Original. Seine Formel auf Basis von Reisst\u00e4rkepulver absorbiert \u00fcbersch\u00fcssigen Talg aus Ihrem Haar, um Frische und Volumen wiederherzustellen.","og_url":"https:\/\/my-french-grocery.com\/de\/produkt\/batiste-zest-of-freshness-trockenshampoo\/","og_site_name":"My French Grocery","article_publisher":"https:\/\/www.facebook.com\/myfrenchgrocery\/","og_image":[{"width":1500,"height":1500,"url":"https:\/\/my-french-grocery.com\/wp-content\/uploads\/2021\/07\/BATISTE-SHAMPOO-ZETE-FRAICHEUR.jpg","type":"image\/jpeg"}],"twitter_card":"summary_large_image","schema":{"@context":"https:\/\/schema.org","@graph":[{"@type":"WebPage","@id":"https:\/\/my-french-grocery.com\/de\/produkt\/batiste-zest-of-freshness-trockenshampoo\/","url":"https:\/\/my-french-grocery.com\/de\/produkt\/batiste-zest-of-freshness-trockenshampoo\/","name":"Batiste \u201eZest Of Freshness\u201c Trockenshampoo | Online Kaufen | My French Grocery","isPartOf":{"@id":"https:\/\/my-french-grocery.com\/de\/#website"},"primaryImageOfPage":{"@id":"https:\/\/my-french-grocery.com\/de\/produkt\/batiste-zest-of-freshness-trockenshampoo\/#primaryimage"},"image":{"@id":"https:\/\/my-french-grocery.com\/de\/produkt\/batiste-zest-of-freshness-trockenshampoo\/#primaryimage"},"thumbnailUrl":"https:\/\/my-french-grocery.com\/wp-content\/uploads\/2021\/07\/BATISTE-SHAMPOO-ZETE-FRAICHEUR.jpg","datePublished":"2021-07-10T13:21:00+00:00","description":"Batiste \u201eZest Of Freshness\u201c Trockenshampoo - 200 ml Spray - Batiste Original. Seine Formel auf Basis von Reisst\u00e4rkepulver absorbiert \u00fcbersch\u00fcssigen Talg aus Ihrem Haar, um Frische und Volumen wiederherzustellen.","breadcrumb":{"@id":"https:\/\/my-french-grocery.com\/de\/produkt\/batiste-zest-of-freshness-trockenshampoo\/#breadcrumb"},"inLanguage":"de-DE","potentialAction":[{"@type":"ReadAction","target":["https:\/\/my-french-grocery.com\/de\/produkt\/batiste-zest-of-freshness-trockenshampoo\/"]}]},{"@type":"ImageObject","inLanguage":"de-DE","@id":"https:\/\/my-french-grocery.com\/de\/produkt\/batiste-zest-of-freshness-trockenshampoo\/#primaryimage","url":"https:\/\/my-french-grocery.com\/wp-content\/uploads\/2021\/07\/BATISTE-SHAMPOO-ZETE-FRAICHEUR.jpg","contentUrl":"https:\/\/my-french-grocery.com\/wp-content\/uploads\/2021\/07\/BATISTE-SHAMPOO-ZETE-FRAICHEUR.jpg","width":1500,"height":1500,"caption":"Batiste \u201eZest Of Freshness\u201c Trockenshampoo"},{"@type":"BreadcrumbList","@id":"https:\/\/my-french-grocery.com\/de\/produkt\/batiste-zest-of-freshness-trockenshampoo\/#breadcrumb","itemListElement":[{"@type":"ListItem","position":1,"name":"Home","item":"https:\/\/my-french-grocery.com\/de\/shopping-seite\/"},{"@type":"ListItem","position":2,"name":"Shop","item":"https:\/\/my-french-grocery.com\/shop\/"},{"@type":"ListItem","position":3,"name":"Kosmetika","item":"https:\/\/my-french-grocery.com\/de\/produkt-kategorie\/kosmetika\/"},{"@type":"ListItem","position":4,"name":"Shampoo, Sp\u00fclung, Haarpflege","item":"https:\/\/my-french-grocery.com\/de\/produkt-kategorie\/shampoo-spulung-haarpflege\/"},{"@type":"ListItem","position":5,"name":"Shampoo","item":"https:\/\/my-french-grocery.com\/de\/produkt-kategorie\/shampoo-de\/"},{"@type":"ListItem","position":6,"name":"Batiste \u201eZest Of Freshness\u201c Trockenshampoo"}]},{"@type":"WebSite","@id":"https:\/\/my-french-grocery.com\/de\/#website","url":"https:\/\/my-french-grocery.com\/de\/","name":"My French Grocery","description":"Your Online French Grocery  !","publisher":{"@id":"https:\/\/my-french-grocery.com\/de\/#organization"},"potentialAction":[{"@type":"SearchAction","target":{"@type":"EntryPoint","urlTemplate":"https:\/\/my-french-grocery.com\/de\/?s={search_term_string}"},"query-input":{"@type":"PropertyValueSpecification","valueRequired":true,"valueName":"search_term_string"}}],"inLanguage":"de-DE"},{"@type":"Organization","@id":"https:\/\/my-french-grocery.com\/de\/#organization","name":"MY FRENCH GROCERY","url":"https:\/\/my-french-grocery.com\/de\/","logo":{"@type":"ImageObject","inLanguage":"de-DE","@id":"https:\/\/my-french-grocery.com\/de\/#\/schema\/logo\/image\/","url":"https:\/\/my-french-grocery.com\/wp-content\/uploads\/2021\/11\/My-French-Grocery-Online-French-Grocery.png","contentUrl":"https:\/\/my-french-grocery.com\/wp-content\/uploads\/2021\/11\/My-French-Grocery-Online-French-Grocery.png","width":100,"height":100,"caption":"MY FRENCH GROCERY"},"image":{"@id":"https:\/\/my-french-grocery.com\/de\/#\/schema\/logo\/image\/"},"sameAs":["https:\/\/www.facebook.com\/myfrenchgrocery\/"]}]}},"brands":[{"id":2700,"name":"Batiste","slug":"batiste-de"}],"_links":{"self":[{"href":"https:\/\/my-french-grocery.com\/de\/wp-json\/wp\/v2\/product\/21805","targetHints":{"allow":["GET"]}}],"collection":[{"href":"https:\/\/my-french-grocery.com\/de\/wp-json\/wp\/v2\/product"}],"about":[{"href":"https:\/\/my-french-grocery.com\/de\/wp-json\/wp\/v2\/types\/product"}],"replies":[{"embeddable":true,"href":"https:\/\/my-french-grocery.com\/de\/wp-json\/wp\/v2\/comments?post=21805"}],"wp:featuredmedia":[{"embeddable":true,"href":"https:\/\/my-french-grocery.com\/de\/wp-json\/wp\/v2\/media\/17607"}],"wp:attachment":[{"href":"https:\/\/my-french-grocery.com\/de\/wp-json\/wp\/v2\/media?parent=21805"}],"wp:term":[{"taxonomy":"pwb-brand","embeddable":true,"href":"https:\/\/my-french-grocery.com\/de\/wp-json\/wp\/v2\/pwb-brand?post=21805"},{"taxonomy":"product_brand","embeddable":true,"href":"https:\/\/my-french-grocery.com\/de\/wp-json\/wp\/v2\/product_brand?post=21805"},{"taxonomy":"product_cat","embeddable":true,"href":"https:\/\/my-french-grocery.com\/de\/wp-json\/wp\/v2\/product_cat?post=21805"},{"taxonomy":"product_tag","embeddable":true,"href":"https:\/\/my-french-grocery.com\/de\/wp-json\/wp\/v2\/product_tag?post=21805"}],"curies":[{"name":"wp","href":"https:\/\/api.w.org\/{rel}","templated":true}]}}