{"id":22139,"date":"2022-05-04T16:11:53","date_gmt":"2022-05-04T14:11:54","guid":{"rendered":"https:\/\/my-french-grocery.com\/?post_type=product&#038;p=22139"},"modified":"2024-04-01T11:30:24","modified_gmt":"2024-04-01T09:30:24","slug":"knorr-zwiebelsuppe-copy","status":"publish","type":"product","link":"https:\/\/my-french-grocery.com\/de\/produkt\/knorr-zwiebelsuppe-copy\/","title":{"rendered":"Dehydrierte Gem\u00fcsesuppe &#038; Croutons Royco"},"content":{"rendered":"<p>Dehydrierte Gem\u00fcsesuppe & Croutons Royco<\/p>\n<div class=\"pdp-card__header--text\">3 Beutel von 20 cl<\/div>\n<div class=\"main-details--food__shoppinglist\"><\/div>\n<div>\n<div class=\"secondary-details-intro\">\n<div class=\"regulated-name\">\n<p class=\"paragraph\">Instantsuppe mit Gem\u00fcse und Croutons, aromatisiert<\/p>\n<\/div>\n<\/div>\n<div class=\"secondary-details__description\">\n<p class=\"paragraph\">Ohne \u221a Konservierungsstoffe* \u221a Farbstoffe \u221a Geschmacksverst\u00e4rker *In \u00dcbereinstimmung mit den Royco-Vorschriften, wenn die Pause unerl\u00e4sslich ist!\u00a0Bei der Arbeit Morgens Zuhause Nachmittags Entdecken Sie auch diese k\u00f6stlichen Suppen Royco Gefl\u00fcgelbouillon & Vermicelli Royco Velvety 10 Vegetables<\/p>\n<\/div>\n<\/div>\n","protected":false},"excerpt":{"rendered":"<p>Dehydrierte Gem\u00fcsesuppe &amp; Croutons Royco<\/p>\n<div class=\"pdp-card__header--text\">3 Beutel von 20 cl<\/div>\n<div class=\"main-details--food__shoppinglist\"><\/div>\n","protected":false},"featured_media":39439,"comment_status":"open","ping_status":"closed","template":"","meta":[],"pwb-brand":[2734],"product_brand":[],"product_cat":[2256],"product_tag":[2733,2422],"class_list":{"0":"post-22139","1":"product","2":"type-product","3":"status-publish","4":"has-post-thumbnail","6":"pwb-brand-royco-de","7":"product_cat-suppen-croutons","8":"product_tag-royco-de","9":"product_tag-suppe","10":"product_shipping_class-internationaler-versand","12":"first","13":"instock","14":"taxable","15":"shipping-taxable","16":"purchasable","17":"product-type-simple"},"brands":[{"id":2734,"name":"Royco","slug":"royco-de"}],"_links":{"self":[{"href":"https:\/\/my-french-grocery.com\/de\/wp-json\/wp\/v2\/product\/22139","targetHints":{"allow":["GET"]}}],"collection":[{"href":"https:\/\/my-french-grocery.com\/de\/wp-json\/wp\/v2\/product"}],"about":[{"href":"https:\/\/my-french-grocery.com\/de\/wp-json\/wp\/v2\/types\/product"}],"replies":[{"embeddable":true,"href":"https:\/\/my-french-grocery.com\/de\/wp-json\/wp\/v2\/comments?post=22139"}],"wp:featuredmedia":[{"embeddable":true,"href":"https:\/\/my-french-grocery.com\/de\/wp-json\/wp\/v2\/media\/39439"}],"wp:attachment":[{"href":"https:\/\/my-french-grocery.com\/de\/wp-json\/wp\/v2\/media?parent=22139"}],"wp:term":[{"taxonomy":"pwb-brand","embeddable":true,"href":"https:\/\/my-french-grocery.com\/de\/wp-json\/wp\/v2\/pwb-brand?post=22139"},{"taxonomy":"product_brand","embeddable":true,"href":"https:\/\/my-french-grocery.com\/de\/wp-json\/wp\/v2\/product_brand?post=22139"},{"taxonomy":"product_cat","embeddable":true,"href":"https:\/\/my-french-grocery.com\/de\/wp-json\/wp\/v2\/product_cat?post=22139"},{"taxonomy":"product_tag","embeddable":true,"href":"https:\/\/my-french-grocery.com\/de\/wp-json\/wp\/v2\/product_tag?post=22139"}],"curies":[{"name":"wp","href":"https:\/\/api.w.org\/{rel}","templated":true}]}}