{"id":22199,"date":"2022-05-06T15:22:55","date_gmt":"2022-05-06T13:22:56","guid":{"rendered":"https:\/\/my-french-grocery.com\/?post_type=product&#038;p=22199"},"modified":"2022-05-06T15:43:29","modified_gmt":"2022-05-06T13:43:29","slug":"indische-suppe-royco","status":"publish","type":"product","link":"https:\/\/my-french-grocery.com\/de\/produkt\/indische-suppe-royco\/","title":{"rendered":"Indische Suppe Royco"},"content":{"rendered":"<p>Indische Suppe Royco<\/p>\n<div class=\"pdp-card__header--text\">3 Beutel von 37.5 g<\/div>\n<div class=\"main-details--food__shoppinglist\"><\/div>\n<div>\n<div class=\"secondary-details-intro\">\n<div class=\"regulated-name\">\n<div class=\"secondary-details-intro\">\n<div class=\"regulated-name\">\n<p class=\"paragraph\"><span>Instant Suppe, aromatisiert<br \/>\n<\/span><\/p>\n<\/div>\n<\/div>\n<div class=\"secondary-details__description\">\n<p class=\"paragraph\"><span>Entdecken Sie unsere leckere Indische Bouillon, die dank einer Kombination von Zutaten wie Pfeffer, Lauch, Zwiebel, Knoblauch und Kurkuma S\u00fc\u00dfe und Gew\u00fcrze kombiniert, die Sie zu einer Pause verf\u00fchren werden! Diese k\u00f6stliche Suppe, die in Frankreich in der N\u00e4he von Avignon hergestellt wird, wird Ihnen zu jeder Tageszeit Freude und Trost bereiten. <\/span><\/p>\n<\/div>\n<\/div>\n<\/div>\n<\/div>\n","protected":false},"excerpt":{"rendered":"<p>Indische Suppe Royco<\/p>\n<div class=\"pdp-card__header--text\">3 Beutel von 37.5 g <\/div>\n<div class=\"main-details--food__shoppinglist\"><\/div>\n","protected":false},"featured_media":22205,"comment_status":"open","ping_status":"closed","template":"","meta":[],"pwb-brand":[2734],"product_brand":[],"product_cat":[2256],"product_tag":[2733,2422],"class_list":{"0":"post-22199","1":"product","2":"type-product","3":"status-publish","4":"has-post-thumbnail","6":"pwb-brand-royco-de","7":"product_cat-suppen-croutons","8":"product_tag-royco-de","9":"product_tag-suppe","11":"first","12":"instock","13":"taxable","14":"shipping-taxable","15":"purchasable","16":"product-type-simple"},"brands":[{"id":2734,"name":"Royco","slug":"royco-de"}],"_links":{"self":[{"href":"https:\/\/my-french-grocery.com\/de\/wp-json\/wp\/v2\/product\/22199","targetHints":{"allow":["GET"]}}],"collection":[{"href":"https:\/\/my-french-grocery.com\/de\/wp-json\/wp\/v2\/product"}],"about":[{"href":"https:\/\/my-french-grocery.com\/de\/wp-json\/wp\/v2\/types\/product"}],"replies":[{"embeddable":true,"href":"https:\/\/my-french-grocery.com\/de\/wp-json\/wp\/v2\/comments?post=22199"}],"wp:featuredmedia":[{"embeddable":true,"href":"https:\/\/my-french-grocery.com\/de\/wp-json\/wp\/v2\/media\/22205"}],"wp:attachment":[{"href":"https:\/\/my-french-grocery.com\/de\/wp-json\/wp\/v2\/media?parent=22199"}],"wp:term":[{"taxonomy":"pwb-brand","embeddable":true,"href":"https:\/\/my-french-grocery.com\/de\/wp-json\/wp\/v2\/pwb-brand?post=22199"},{"taxonomy":"product_brand","embeddable":true,"href":"https:\/\/my-french-grocery.com\/de\/wp-json\/wp\/v2\/product_brand?post=22199"},{"taxonomy":"product_cat","embeddable":true,"href":"https:\/\/my-french-grocery.com\/de\/wp-json\/wp\/v2\/product_cat?post=22199"},{"taxonomy":"product_tag","embeddable":true,"href":"https:\/\/my-french-grocery.com\/de\/wp-json\/wp\/v2\/product_tag?post=22199"}],"curies":[{"name":"wp","href":"https:\/\/api.w.org\/{rel}","templated":true}]}}