{"id":22267,"date":"2022-05-07T11:43:52","date_gmt":"2022-05-07T09:43:53","guid":{"rendered":"https:\/\/my-french-grocery.com\/?post_type=product&#038;p=22267"},"modified":"2022-05-07T11:53:53","modified_gmt":"2022-05-07T09:53:53","slug":"dehydrierte-kurbissuppe-royco","status":"publish","type":"product","link":"https:\/\/my-french-grocery.com\/de\/produkt\/dehydrierte-kurbissuppe-royco\/","title":{"rendered":"Dehydrierte K\u00fcrbissuppe Royco"},"content":{"rendered":"<p>Dehydrierte K\u00fcrbissuppe Royco<\/p>\n<div class=\"pdp-card__header--text\">4 Beutel von 20 cl<\/div>\n<div class=\"main-details--food__shoppinglist\"><\/div>\n<div>\n<div class=\"secondary-details-intro\">\n<div class=\"regulated-name\">\n<div class=\"secondary-details-intro\">\n<div class=\"regulated-name\">\n<p class=\"paragraph\"><span>Instant-suppe, aromatisiert<br \/>\n<\/span><\/p>\n<\/div>\n<\/div>\n<div class=\"secondary-details__description\">\n<p class=\"paragraph\"><span>Royco, wenn die Pause gebraucht wird!\u00a0Bei der Arbeit Morgens Zu Hause Nachmittags Um Ihre Pausen abwechslungsreicher zu gestalten, entdecken Sie unsere anderen Rezepte: Royco Tomaten \u00e0 la Proven\u00e7ale & Cro\u00fbtons Royco Velvety 10 Gem\u00fcse<\/span><\/p>\n<\/div>\n<\/div>\n<\/div>\n<\/div>\n","protected":false},"excerpt":{"rendered":"<p>Dehydrierte K\u00fcrbissuppe Royco<\/p>\n<div class=\"pdp-card__header--text\">4 Beutel von 20 cl<\/div>\n<div class=\"main-details--food__shoppinglist\"><\/div>\n","protected":false},"featured_media":22273,"comment_status":"open","ping_status":"closed","template":"","meta":[],"pwb-brand":[2734],"product_brand":[],"product_cat":[2256],"product_tag":[2733,2422],"class_list":{"0":"post-22267","1":"product","2":"type-product","3":"status-publish","4":"has-post-thumbnail","6":"pwb-brand-royco-de","7":"product_cat-suppen-croutons","8":"product_tag-royco-de","9":"product_tag-suppe","10":"product_shipping_class-internationaler-versand","12":"first","13":"instock","14":"taxable","15":"shipping-taxable","16":"purchasable","17":"product-type-simple"},"brands":[{"id":2734,"name":"Royco","slug":"royco-de"}],"_links":{"self":[{"href":"https:\/\/my-french-grocery.com\/de\/wp-json\/wp\/v2\/product\/22267","targetHints":{"allow":["GET"]}}],"collection":[{"href":"https:\/\/my-french-grocery.com\/de\/wp-json\/wp\/v2\/product"}],"about":[{"href":"https:\/\/my-french-grocery.com\/de\/wp-json\/wp\/v2\/types\/product"}],"replies":[{"embeddable":true,"href":"https:\/\/my-french-grocery.com\/de\/wp-json\/wp\/v2\/comments?post=22267"}],"wp:featuredmedia":[{"embeddable":true,"href":"https:\/\/my-french-grocery.com\/de\/wp-json\/wp\/v2\/media\/22273"}],"wp:attachment":[{"href":"https:\/\/my-french-grocery.com\/de\/wp-json\/wp\/v2\/media?parent=22267"}],"wp:term":[{"taxonomy":"pwb-brand","embeddable":true,"href":"https:\/\/my-french-grocery.com\/de\/wp-json\/wp\/v2\/pwb-brand?post=22267"},{"taxonomy":"product_brand","embeddable":true,"href":"https:\/\/my-french-grocery.com\/de\/wp-json\/wp\/v2\/product_brand?post=22267"},{"taxonomy":"product_cat","embeddable":true,"href":"https:\/\/my-french-grocery.com\/de\/wp-json\/wp\/v2\/product_cat?post=22267"},{"taxonomy":"product_tag","embeddable":true,"href":"https:\/\/my-french-grocery.com\/de\/wp-json\/wp\/v2\/product_tag?post=22267"}],"curies":[{"name":"wp","href":"https:\/\/api.w.org\/{rel}","templated":true}]}}