{"id":22378,"date":"2022-05-10T16:25:43","date_gmt":"2022-05-10T14:25:44","guid":{"rendered":"https:\/\/my-french-grocery.com\/?post_type=product&#038;p=22378"},"modified":"2022-05-10T16:42:21","modified_gmt":"2022-05-10T14:42:21","slug":"sanftes-baby-duschgel-mixa","status":"publish","type":"product","link":"https:\/\/my-french-grocery.com\/de\/produkt\/sanftes-baby-duschgel-mixa\/","title":{"rendered":"Sanftes Baby-Duschgel Mixa"},"content":{"rendered":"<p>Sanftes Baby-Duschgel Mixa<\/p>\n<p>250 ml Flasche<\/p>\n<p><span>Mixa B\u00e9b\u00e9 Sehr sanftes K\u00f6rper- und Haargel, formuliert f\u00fcr die t\u00e4gliche Reinigung von Babys und empfindlicher Haut.\u00a0<\/span><span>Ihr Baby ist perfekt gereinigt, seine Haut ist weich und mit Feuchtigkeit versorgt und sein Haar ist seidig.<\/span><\/p>\n","protected":false},"excerpt":{"rendered":"<p>Sanftes Baby-Duschgel Mixa<\/p>\n<p>250 ml Flasche<\/p>\n","protected":false},"featured_media":22384,"comment_status":"open","ping_status":"closed","template":"","meta":[],"pwb-brand":[2762],"product_brand":[],"product_cat":[2112,2201],"product_tag":[2761,2618],"class_list":{"0":"post-22378","1":"product","2":"type-product","3":"status-publish","4":"has-post-thumbnail","6":"pwb-brand-mixa-de","7":"product_cat-duschgel","8":"product_cat-shampoo-de","9":"product_tag-mixa-de","10":"product_tag-shampoo-de","12":"first","13":"instock","14":"taxable","15":"shipping-taxable","16":"purchasable","17":"product-type-simple"},"yoast_head":"<!-- This site is optimized with the Yoast SEO plugin v27.3 - https:\/\/yoast.com\/product\/yoast-seo-wordpress\/ -->\n<title>Sanftes Baby-Duschgel Mixa | Online Kaufen | My French Grocery<\/title>\n<meta name=\"description\" content=\"Sanftes Baby-Duschgel Mixa - 250 ml Flasche - Mixa B\u00e9b\u00e9 Sehr sanftes K\u00f6rper- und Haargel, formuliert f\u00fcr die t\u00e4gliche Reinigung von Babys und empfindlicher Haut.\" \/>\n<meta name=\"robots\" content=\"index, follow, max-snippet:-1, max-image-preview:large, max-video-preview:-1\" \/>\n<link rel=\"canonical\" href=\"https:\/\/my-french-grocery.com\/de\/produkt\/sanftes-baby-duschgel-mixa\/\" \/>\n<meta property=\"og:locale\" content=\"de_DE\" \/>\n<meta property=\"og:type\" content=\"article\" \/>\n<meta property=\"og:title\" content=\"Sanftes Baby-Duschgel Mixa | Online Kaufen | My French Grocery\" \/>\n<meta property=\"og:description\" content=\"Sanftes Baby-Duschgel Mixa - 250 ml Flasche - Mixa B\u00e9b\u00e9 Sehr sanftes K\u00f6rper- und Haargel, formuliert f\u00fcr die t\u00e4gliche Reinigung von Babys und empfindlicher Haut.\" \/>\n<meta property=\"og:url\" content=\"https:\/\/my-french-grocery.com\/de\/produkt\/sanftes-baby-duschgel-mixa\/\" \/>\n<meta property=\"og:site_name\" content=\"My French Grocery\" \/>\n<meta property=\"article:publisher\" content=\"https:\/\/www.facebook.com\/myfrenchgrocery\/\" \/>\n<meta property=\"article:modified_time\" content=\"2022-05-10T14:42:21+00:00\" \/>\n<meta property=\"og:image\" content=\"https:\/\/my-french-grocery.com\/wp-content\/uploads\/2022\/05\/MIXA-BEBE-SHAMPOO-SHOWER-GEL.jpg\" \/>\n\t<meta property=\"og:image:width\" content=\"540\" \/>\n\t<meta property=\"og:image:height\" content=\"540\" \/>\n\t<meta property=\"og:image:type\" content=\"image\/jpeg\" \/>\n<meta name=\"twitter:card\" content=\"summary_large_image\" \/>\n<script type=\"application\/ld+json\" class=\"yoast-schema-graph\">{\"@context\":\"https:\\\/\\\/schema.org\",\"@graph\":[{\"@type\":\"WebPage\",\"@id\":\"https:\\\/\\\/my-french-grocery.com\\\/de\\\/produkt\\\/sanftes-baby-duschgel-mixa\\\/\",\"url\":\"https:\\\/\\\/my-french-grocery.com\\\/de\\\/produkt\\\/sanftes-baby-duschgel-mixa\\\/\",\"name\":\"Sanftes Baby-Duschgel Mixa | Online Kaufen | My French Grocery\",\"isPartOf\":{\"@id\":\"https:\\\/\\\/my-french-grocery.com\\\/de\\\/#website\"},\"primaryImageOfPage\":{\"@id\":\"https:\\\/\\\/my-french-grocery.com\\\/de\\\/produkt\\\/sanftes-baby-duschgel-mixa\\\/#primaryimage\"},\"image\":{\"@id\":\"https:\\\/\\\/my-french-grocery.com\\\/de\\\/produkt\\\/sanftes-baby-duschgel-mixa\\\/#primaryimage\"},\"thumbnailUrl\":\"https:\\\/\\\/my-french-grocery.com\\\/wp-content\\\/uploads\\\/2022\\\/05\\\/MIXA-BEBE-SHAMPOO-SHOWER-GEL.jpg\",\"datePublished\":\"2022-05-10T14:25:44+00:00\",\"dateModified\":\"2022-05-10T14:42:21+00:00\",\"description\":\"Sanftes Baby-Duschgel Mixa - 250 ml Flasche - Mixa B\u00e9b\u00e9 Sehr sanftes K\u00f6rper- und Haargel, formuliert f\u00fcr die t\u00e4gliche Reinigung von Babys und empfindlicher Haut.\",\"breadcrumb\":{\"@id\":\"https:\\\/\\\/my-french-grocery.com\\\/de\\\/produkt\\\/sanftes-baby-duschgel-mixa\\\/#breadcrumb\"},\"inLanguage\":\"de-DE\",\"potentialAction\":[{\"@type\":\"ReadAction\",\"target\":[\"https:\\\/\\\/my-french-grocery.com\\\/de\\\/produkt\\\/sanftes-baby-duschgel-mixa\\\/\"]}]},{\"@type\":\"ImageObject\",\"inLanguage\":\"de-DE\",\"@id\":\"https:\\\/\\\/my-french-grocery.com\\\/de\\\/produkt\\\/sanftes-baby-duschgel-mixa\\\/#primaryimage\",\"url\":\"https:\\\/\\\/my-french-grocery.com\\\/wp-content\\\/uploads\\\/2022\\\/05\\\/MIXA-BEBE-SHAMPOO-SHOWER-GEL.jpg\",\"contentUrl\":\"https:\\\/\\\/my-french-grocery.com\\\/wp-content\\\/uploads\\\/2022\\\/05\\\/MIXA-BEBE-SHAMPOO-SHOWER-GEL.jpg\",\"width\":540,\"height\":540,\"caption\":\"Sanftes Baby-Duschgel Mixa\"},{\"@type\":\"BreadcrumbList\",\"@id\":\"https:\\\/\\\/my-french-grocery.com\\\/de\\\/produkt\\\/sanftes-baby-duschgel-mixa\\\/#breadcrumb\",\"itemListElement\":[{\"@type\":\"ListItem\",\"position\":1,\"name\":\"Home\",\"item\":\"https:\\\/\\\/my-french-grocery.com\\\/de\\\/shopping-seite\\\/\"},{\"@type\":\"ListItem\",\"position\":2,\"name\":\"Shop\",\"item\":\"https:\\\/\\\/my-french-grocery.com\\\/shop\\\/\"},{\"@type\":\"ListItem\",\"position\":3,\"name\":\"Kosmetika\",\"item\":\"https:\\\/\\\/my-french-grocery.com\\\/de\\\/produkt-kategorie\\\/kosmetika\\\/\"},{\"@type\":\"ListItem\",\"position\":4,\"name\":\"Shampoo, Sp\u00fclung, Haarpflege\",\"item\":\"https:\\\/\\\/my-french-grocery.com\\\/de\\\/produkt-kategorie\\\/shampoo-spulung-haarpflege\\\/\"},{\"@type\":\"ListItem\",\"position\":5,\"name\":\"Shampoo\",\"item\":\"https:\\\/\\\/my-french-grocery.com\\\/de\\\/produkt-kategorie\\\/shampoo-de\\\/\"},{\"@type\":\"ListItem\",\"position\":6,\"name\":\"Sanftes Baby-Duschgel Mixa\"}]},{\"@type\":\"WebSite\",\"@id\":\"https:\\\/\\\/my-french-grocery.com\\\/de\\\/#website\",\"url\":\"https:\\\/\\\/my-french-grocery.com\\\/de\\\/\",\"name\":\"My French Grocery\",\"description\":\"Your Online French Grocery  !\",\"publisher\":{\"@id\":\"https:\\\/\\\/my-french-grocery.com\\\/de\\\/#organization\"},\"potentialAction\":[{\"@type\":\"SearchAction\",\"target\":{\"@type\":\"EntryPoint\",\"urlTemplate\":\"https:\\\/\\\/my-french-grocery.com\\\/de\\\/?s={search_term_string}\"},\"query-input\":{\"@type\":\"PropertyValueSpecification\",\"valueRequired\":true,\"valueName\":\"search_term_string\"}}],\"inLanguage\":\"de-DE\"},{\"@type\":\"Organization\",\"@id\":\"https:\\\/\\\/my-french-grocery.com\\\/de\\\/#organization\",\"name\":\"MY FRENCH GROCERY\",\"url\":\"https:\\\/\\\/my-french-grocery.com\\\/de\\\/\",\"logo\":{\"@type\":\"ImageObject\",\"inLanguage\":\"de-DE\",\"@id\":\"https:\\\/\\\/my-french-grocery.com\\\/de\\\/#\\\/schema\\\/logo\\\/image\\\/\",\"url\":\"https:\\\/\\\/my-french-grocery.com\\\/wp-content\\\/uploads\\\/2021\\\/11\\\/My-French-Grocery-Online-French-Grocery.png\",\"contentUrl\":\"https:\\\/\\\/my-french-grocery.com\\\/wp-content\\\/uploads\\\/2021\\\/11\\\/My-French-Grocery-Online-French-Grocery.png\",\"width\":100,\"height\":100,\"caption\":\"MY FRENCH GROCERY\"},\"image\":{\"@id\":\"https:\\\/\\\/my-french-grocery.com\\\/de\\\/#\\\/schema\\\/logo\\\/image\\\/\"},\"sameAs\":[\"https:\\\/\\\/www.facebook.com\\\/myfrenchgrocery\\\/\"]}]}<\/script>\n<!-- \/ Yoast SEO plugin. -->","yoast_head_json":{"title":"Sanftes Baby-Duschgel Mixa | Online Kaufen | My French Grocery","description":"Sanftes Baby-Duschgel Mixa - 250 ml Flasche - Mixa B\u00e9b\u00e9 Sehr sanftes K\u00f6rper- und Haargel, formuliert f\u00fcr die t\u00e4gliche Reinigung von Babys und empfindlicher Haut.","robots":{"index":"index","follow":"follow","max-snippet":"max-snippet:-1","max-image-preview":"max-image-preview:large","max-video-preview":"max-video-preview:-1"},"canonical":"https:\/\/my-french-grocery.com\/de\/produkt\/sanftes-baby-duschgel-mixa\/","og_locale":"de_DE","og_type":"article","og_title":"Sanftes Baby-Duschgel Mixa | Online Kaufen | My French Grocery","og_description":"Sanftes Baby-Duschgel Mixa - 250 ml Flasche - Mixa B\u00e9b\u00e9 Sehr sanftes K\u00f6rper- und Haargel, formuliert f\u00fcr die t\u00e4gliche Reinigung von Babys und empfindlicher Haut.","og_url":"https:\/\/my-french-grocery.com\/de\/produkt\/sanftes-baby-duschgel-mixa\/","og_site_name":"My French Grocery","article_publisher":"https:\/\/www.facebook.com\/myfrenchgrocery\/","article_modified_time":"2022-05-10T14:42:21+00:00","og_image":[{"width":540,"height":540,"url":"https:\/\/my-french-grocery.com\/wp-content\/uploads\/2022\/05\/MIXA-BEBE-SHAMPOO-SHOWER-GEL.jpg","type":"image\/jpeg"}],"twitter_card":"summary_large_image","schema":{"@context":"https:\/\/schema.org","@graph":[{"@type":"WebPage","@id":"https:\/\/my-french-grocery.com\/de\/produkt\/sanftes-baby-duschgel-mixa\/","url":"https:\/\/my-french-grocery.com\/de\/produkt\/sanftes-baby-duschgel-mixa\/","name":"Sanftes Baby-Duschgel Mixa | Online Kaufen | My French Grocery","isPartOf":{"@id":"https:\/\/my-french-grocery.com\/de\/#website"},"primaryImageOfPage":{"@id":"https:\/\/my-french-grocery.com\/de\/produkt\/sanftes-baby-duschgel-mixa\/#primaryimage"},"image":{"@id":"https:\/\/my-french-grocery.com\/de\/produkt\/sanftes-baby-duschgel-mixa\/#primaryimage"},"thumbnailUrl":"https:\/\/my-french-grocery.com\/wp-content\/uploads\/2022\/05\/MIXA-BEBE-SHAMPOO-SHOWER-GEL.jpg","datePublished":"2022-05-10T14:25:44+00:00","dateModified":"2022-05-10T14:42:21+00:00","description":"Sanftes Baby-Duschgel Mixa - 250 ml Flasche - Mixa B\u00e9b\u00e9 Sehr sanftes K\u00f6rper- und Haargel, formuliert f\u00fcr die t\u00e4gliche Reinigung von Babys und empfindlicher Haut.","breadcrumb":{"@id":"https:\/\/my-french-grocery.com\/de\/produkt\/sanftes-baby-duschgel-mixa\/#breadcrumb"},"inLanguage":"de-DE","potentialAction":[{"@type":"ReadAction","target":["https:\/\/my-french-grocery.com\/de\/produkt\/sanftes-baby-duschgel-mixa\/"]}]},{"@type":"ImageObject","inLanguage":"de-DE","@id":"https:\/\/my-french-grocery.com\/de\/produkt\/sanftes-baby-duschgel-mixa\/#primaryimage","url":"https:\/\/my-french-grocery.com\/wp-content\/uploads\/2022\/05\/MIXA-BEBE-SHAMPOO-SHOWER-GEL.jpg","contentUrl":"https:\/\/my-french-grocery.com\/wp-content\/uploads\/2022\/05\/MIXA-BEBE-SHAMPOO-SHOWER-GEL.jpg","width":540,"height":540,"caption":"Sanftes Baby-Duschgel Mixa"},{"@type":"BreadcrumbList","@id":"https:\/\/my-french-grocery.com\/de\/produkt\/sanftes-baby-duschgel-mixa\/#breadcrumb","itemListElement":[{"@type":"ListItem","position":1,"name":"Home","item":"https:\/\/my-french-grocery.com\/de\/shopping-seite\/"},{"@type":"ListItem","position":2,"name":"Shop","item":"https:\/\/my-french-grocery.com\/shop\/"},{"@type":"ListItem","position":3,"name":"Kosmetika","item":"https:\/\/my-french-grocery.com\/de\/produkt-kategorie\/kosmetika\/"},{"@type":"ListItem","position":4,"name":"Shampoo, Sp\u00fclung, Haarpflege","item":"https:\/\/my-french-grocery.com\/de\/produkt-kategorie\/shampoo-spulung-haarpflege\/"},{"@type":"ListItem","position":5,"name":"Shampoo","item":"https:\/\/my-french-grocery.com\/de\/produkt-kategorie\/shampoo-de\/"},{"@type":"ListItem","position":6,"name":"Sanftes Baby-Duschgel Mixa"}]},{"@type":"WebSite","@id":"https:\/\/my-french-grocery.com\/de\/#website","url":"https:\/\/my-french-grocery.com\/de\/","name":"My French Grocery","description":"Your Online French Grocery  !","publisher":{"@id":"https:\/\/my-french-grocery.com\/de\/#organization"},"potentialAction":[{"@type":"SearchAction","target":{"@type":"EntryPoint","urlTemplate":"https:\/\/my-french-grocery.com\/de\/?s={search_term_string}"},"query-input":{"@type":"PropertyValueSpecification","valueRequired":true,"valueName":"search_term_string"}}],"inLanguage":"de-DE"},{"@type":"Organization","@id":"https:\/\/my-french-grocery.com\/de\/#organization","name":"MY FRENCH GROCERY","url":"https:\/\/my-french-grocery.com\/de\/","logo":{"@type":"ImageObject","inLanguage":"de-DE","@id":"https:\/\/my-french-grocery.com\/de\/#\/schema\/logo\/image\/","url":"https:\/\/my-french-grocery.com\/wp-content\/uploads\/2021\/11\/My-French-Grocery-Online-French-Grocery.png","contentUrl":"https:\/\/my-french-grocery.com\/wp-content\/uploads\/2021\/11\/My-French-Grocery-Online-French-Grocery.png","width":100,"height":100,"caption":"MY FRENCH GROCERY"},"image":{"@id":"https:\/\/my-french-grocery.com\/de\/#\/schema\/logo\/image\/"},"sameAs":["https:\/\/www.facebook.com\/myfrenchgrocery\/"]}]}},"brands":[{"id":2762,"name":"Mixa","slug":"mixa-de"}],"_links":{"self":[{"href":"https:\/\/my-french-grocery.com\/de\/wp-json\/wp\/v2\/product\/22378","targetHints":{"allow":["GET"]}}],"collection":[{"href":"https:\/\/my-french-grocery.com\/de\/wp-json\/wp\/v2\/product"}],"about":[{"href":"https:\/\/my-french-grocery.com\/de\/wp-json\/wp\/v2\/types\/product"}],"replies":[{"embeddable":true,"href":"https:\/\/my-french-grocery.com\/de\/wp-json\/wp\/v2\/comments?post=22378"}],"wp:featuredmedia":[{"embeddable":true,"href":"https:\/\/my-french-grocery.com\/de\/wp-json\/wp\/v2\/media\/22384"}],"wp:attachment":[{"href":"https:\/\/my-french-grocery.com\/de\/wp-json\/wp\/v2\/media?parent=22378"}],"wp:term":[{"taxonomy":"pwb-brand","embeddable":true,"href":"https:\/\/my-french-grocery.com\/de\/wp-json\/wp\/v2\/pwb-brand?post=22378"},{"taxonomy":"product_brand","embeddable":true,"href":"https:\/\/my-french-grocery.com\/de\/wp-json\/wp\/v2\/product_brand?post=22378"},{"taxonomy":"product_cat","embeddable":true,"href":"https:\/\/my-french-grocery.com\/de\/wp-json\/wp\/v2\/product_cat?post=22378"},{"taxonomy":"product_tag","embeddable":true,"href":"https:\/\/my-french-grocery.com\/de\/wp-json\/wp\/v2\/product_tag?post=22378"}],"curies":[{"name":"wp","href":"https:\/\/api.w.org\/{rel}","templated":true}]}}