{"id":22388,"date":"2022-05-10T16:53:12","date_gmt":"2022-05-10T14:53:13","guid":{"rendered":"https:\/\/my-french-grocery.com\/?post_type=product&#038;p=22388"},"modified":"2022-05-10T17:11:13","modified_gmt":"2022-05-10T15:11:13","slug":"gesichtscreme-empfindliche-haut-mixa","status":"publish","type":"product","link":"https:\/\/my-french-grocery.com\/de\/produkt\/gesichtscreme-empfindliche-haut-mixa\/","title":{"rendered":"Gesichtscreme Empfindliche Haut Mixa"},"content":{"rendered":"<p>Gesichtscreme Empfindliche Haut Mixa<\/p>\n<p>100-ml-R\u00f6hrchen<\/p>\n<p><span>Die mit zertifizierter Bio-Sheabutter formulierte Bio-Gesichtscreme f\u00fcr empfindliche Haut pflegt die Epidermis intensiv und sch\u00fctzt die Haut 24 Stunden lang vor dem Austrocknen.\u00a0<\/span><span>Die Haut wird intensiv gen\u00e4hrt, weich und angenehm.\u00a0<\/span><span>Tag f\u00fcr Tag gewinnt sie ihre nat\u00fcrliche Ausstrahlung zur\u00fcck.\u00a0<\/span><span>Ihre Haut strahlt Sch\u00f6nheit aus, und Sie auch!<\/span><\/p>\n","protected":false},"excerpt":{"rendered":"<p>Gesichtscreme Empfindliche Haut Mixa<\/p>\n<p>100-ml-R\u00f6hrchen<\/p>\n","protected":false},"featured_media":22400,"comment_status":"open","ping_status":"closed","template":"","meta":[],"pwb-brand":[2762],"product_brand":[],"product_cat":[2755],"product_tag":[2766,2761],"class_list":{"0":"post-22388","1":"product","2":"type-product","3":"status-publish","4":"has-post-thumbnail","6":"pwb-brand-mixa-de","7":"product_cat-koerperpflege","8":"product_tag-korperpflege","9":"product_tag-mixa-de","10":"product_shipping_class-internationaler-versand","12":"first","13":"instock","14":"taxable","15":"shipping-taxable","16":"purchasable","17":"product-type-simple"},"yoast_head":"<!-- This site is optimized with the Yoast SEO plugin v27.3 - https:\/\/yoast.com\/product\/yoast-seo-wordpress\/ -->\n<title>Gesichtscreme Empfindliche Haut Mixa | Online Kaufen | My French Grocery<\/title>\n<meta name=\"description\" content=\"Gesichtscreme Empfindliche Haut Mixa - 100-ml-R\u00f6hrchen - Die mit zertifizierter Bio-Sheabutter formulierte Bio-Gesichtscreme f\u00fcr empfindliche Haut pflegt die Epidermis\" \/>\n<meta name=\"robots\" content=\"index, follow, max-snippet:-1, max-image-preview:large, max-video-preview:-1\" \/>\n<link rel=\"canonical\" href=\"https:\/\/my-french-grocery.com\/de\/produkt\/gesichtscreme-empfindliche-haut-mixa\/\" \/>\n<meta property=\"og:locale\" content=\"de_DE\" \/>\n<meta property=\"og:type\" content=\"article\" \/>\n<meta property=\"og:title\" content=\"Gesichtscreme Empfindliche Haut Mixa | Online Kaufen | My French Grocery\" \/>\n<meta property=\"og:description\" content=\"Gesichtscreme Empfindliche Haut Mixa - 100-ml-R\u00f6hrchen - Die mit zertifizierter Bio-Sheabutter formulierte Bio-Gesichtscreme f\u00fcr empfindliche Haut pflegt die Epidermis\" \/>\n<meta property=\"og:url\" content=\"https:\/\/my-french-grocery.com\/de\/produkt\/gesichtscreme-empfindliche-haut-mixa\/\" \/>\n<meta property=\"og:site_name\" content=\"My French Grocery\" \/>\n<meta property=\"article:publisher\" content=\"https:\/\/www.facebook.com\/myfrenchgrocery\/\" \/>\n<meta property=\"article:modified_time\" content=\"2022-05-10T15:11:13+00:00\" \/>\n<meta property=\"og:image\" content=\"https:\/\/my-french-grocery.com\/wp-content\/uploads\/2022\/05\/MIXA-CREAM-PEAUX-SENSIBLES-1.jpg\" \/>\n\t<meta property=\"og:image:width\" content=\"1500\" \/>\n\t<meta property=\"og:image:height\" content=\"1500\" \/>\n\t<meta property=\"og:image:type\" content=\"image\/jpeg\" \/>\n<meta name=\"twitter:card\" content=\"summary_large_image\" \/>\n<script type=\"application\/ld+json\" class=\"yoast-schema-graph\">{\"@context\":\"https:\\\/\\\/schema.org\",\"@graph\":[{\"@type\":\"WebPage\",\"@id\":\"https:\\\/\\\/my-french-grocery.com\\\/de\\\/produkt\\\/gesichtscreme-empfindliche-haut-mixa\\\/\",\"url\":\"https:\\\/\\\/my-french-grocery.com\\\/de\\\/produkt\\\/gesichtscreme-empfindliche-haut-mixa\\\/\",\"name\":\"Gesichtscreme Empfindliche Haut Mixa | Online Kaufen | My French Grocery\",\"isPartOf\":{\"@id\":\"https:\\\/\\\/my-french-grocery.com\\\/de\\\/#website\"},\"primaryImageOfPage\":{\"@id\":\"https:\\\/\\\/my-french-grocery.com\\\/de\\\/produkt\\\/gesichtscreme-empfindliche-haut-mixa\\\/#primaryimage\"},\"image\":{\"@id\":\"https:\\\/\\\/my-french-grocery.com\\\/de\\\/produkt\\\/gesichtscreme-empfindliche-haut-mixa\\\/#primaryimage\"},\"thumbnailUrl\":\"https:\\\/\\\/my-french-grocery.com\\\/wp-content\\\/uploads\\\/2022\\\/05\\\/MIXA-CREAM-PEAUX-SENSIBLES-1.jpg\",\"datePublished\":\"2022-05-10T14:53:13+00:00\",\"dateModified\":\"2022-05-10T15:11:13+00:00\",\"description\":\"Gesichtscreme Empfindliche Haut Mixa - 100-ml-R\u00f6hrchen - Die mit zertifizierter Bio-Sheabutter formulierte Bio-Gesichtscreme f\u00fcr empfindliche Haut pflegt die Epidermis\",\"breadcrumb\":{\"@id\":\"https:\\\/\\\/my-french-grocery.com\\\/de\\\/produkt\\\/gesichtscreme-empfindliche-haut-mixa\\\/#breadcrumb\"},\"inLanguage\":\"de-DE\",\"potentialAction\":[{\"@type\":\"ReadAction\",\"target\":[\"https:\\\/\\\/my-french-grocery.com\\\/de\\\/produkt\\\/gesichtscreme-empfindliche-haut-mixa\\\/\"]}]},{\"@type\":\"ImageObject\",\"inLanguage\":\"de-DE\",\"@id\":\"https:\\\/\\\/my-french-grocery.com\\\/de\\\/produkt\\\/gesichtscreme-empfindliche-haut-mixa\\\/#primaryimage\",\"url\":\"https:\\\/\\\/my-french-grocery.com\\\/wp-content\\\/uploads\\\/2022\\\/05\\\/MIXA-CREAM-PEAUX-SENSIBLES-1.jpg\",\"contentUrl\":\"https:\\\/\\\/my-french-grocery.com\\\/wp-content\\\/uploads\\\/2022\\\/05\\\/MIXA-CREAM-PEAUX-SENSIBLES-1.jpg\",\"width\":1500,\"height\":1500,\"caption\":\"Gesichtscreme Empfindliche Haut Mixa\"},{\"@type\":\"BreadcrumbList\",\"@id\":\"https:\\\/\\\/my-french-grocery.com\\\/de\\\/produkt\\\/gesichtscreme-empfindliche-haut-mixa\\\/#breadcrumb\",\"itemListElement\":[{\"@type\":\"ListItem\",\"position\":1,\"name\":\"Home\",\"item\":\"https:\\\/\\\/my-french-grocery.com\\\/de\\\/shopping-seite\\\/\"},{\"@type\":\"ListItem\",\"position\":2,\"name\":\"Shop\",\"item\":\"https:\\\/\\\/my-french-grocery.com\\\/shop\\\/\"},{\"@type\":\"ListItem\",\"position\":3,\"name\":\"Kosmetika\",\"item\":\"https:\\\/\\\/my-french-grocery.com\\\/de\\\/produkt-kategorie\\\/kosmetika\\\/\"},{\"@type\":\"ListItem\",\"position\":4,\"name\":\"K\u00f6rperpflege\",\"item\":\"https:\\\/\\\/my-french-grocery.com\\\/de\\\/produkt-kategorie\\\/kosmetika\\\/koerperpflege\\\/\"},{\"@type\":\"ListItem\",\"position\":5,\"name\":\"Gesichtscreme Empfindliche Haut Mixa\"}]},{\"@type\":\"WebSite\",\"@id\":\"https:\\\/\\\/my-french-grocery.com\\\/de\\\/#website\",\"url\":\"https:\\\/\\\/my-french-grocery.com\\\/de\\\/\",\"name\":\"My French Grocery\",\"description\":\"Your Online French Grocery  !\",\"publisher\":{\"@id\":\"https:\\\/\\\/my-french-grocery.com\\\/de\\\/#organization\"},\"potentialAction\":[{\"@type\":\"SearchAction\",\"target\":{\"@type\":\"EntryPoint\",\"urlTemplate\":\"https:\\\/\\\/my-french-grocery.com\\\/de\\\/?s={search_term_string}\"},\"query-input\":{\"@type\":\"PropertyValueSpecification\",\"valueRequired\":true,\"valueName\":\"search_term_string\"}}],\"inLanguage\":\"de-DE\"},{\"@type\":\"Organization\",\"@id\":\"https:\\\/\\\/my-french-grocery.com\\\/de\\\/#organization\",\"name\":\"MY FRENCH GROCERY\",\"url\":\"https:\\\/\\\/my-french-grocery.com\\\/de\\\/\",\"logo\":{\"@type\":\"ImageObject\",\"inLanguage\":\"de-DE\",\"@id\":\"https:\\\/\\\/my-french-grocery.com\\\/de\\\/#\\\/schema\\\/logo\\\/image\\\/\",\"url\":\"https:\\\/\\\/my-french-grocery.com\\\/wp-content\\\/uploads\\\/2021\\\/11\\\/My-French-Grocery-Online-French-Grocery.png\",\"contentUrl\":\"https:\\\/\\\/my-french-grocery.com\\\/wp-content\\\/uploads\\\/2021\\\/11\\\/My-French-Grocery-Online-French-Grocery.png\",\"width\":100,\"height\":100,\"caption\":\"MY FRENCH GROCERY\"},\"image\":{\"@id\":\"https:\\\/\\\/my-french-grocery.com\\\/de\\\/#\\\/schema\\\/logo\\\/image\\\/\"},\"sameAs\":[\"https:\\\/\\\/www.facebook.com\\\/myfrenchgrocery\\\/\"]}]}<\/script>\n<!-- \/ Yoast SEO plugin. -->","yoast_head_json":{"title":"Gesichtscreme Empfindliche Haut Mixa | Online Kaufen | My French Grocery","description":"Gesichtscreme Empfindliche Haut Mixa - 100-ml-R\u00f6hrchen - Die mit zertifizierter Bio-Sheabutter formulierte Bio-Gesichtscreme f\u00fcr empfindliche Haut pflegt die Epidermis","robots":{"index":"index","follow":"follow","max-snippet":"max-snippet:-1","max-image-preview":"max-image-preview:large","max-video-preview":"max-video-preview:-1"},"canonical":"https:\/\/my-french-grocery.com\/de\/produkt\/gesichtscreme-empfindliche-haut-mixa\/","og_locale":"de_DE","og_type":"article","og_title":"Gesichtscreme Empfindliche Haut Mixa | Online Kaufen | My French Grocery","og_description":"Gesichtscreme Empfindliche Haut Mixa - 100-ml-R\u00f6hrchen - Die mit zertifizierter Bio-Sheabutter formulierte Bio-Gesichtscreme f\u00fcr empfindliche Haut pflegt die Epidermis","og_url":"https:\/\/my-french-grocery.com\/de\/produkt\/gesichtscreme-empfindliche-haut-mixa\/","og_site_name":"My French Grocery","article_publisher":"https:\/\/www.facebook.com\/myfrenchgrocery\/","article_modified_time":"2022-05-10T15:11:13+00:00","og_image":[{"width":1500,"height":1500,"url":"https:\/\/my-french-grocery.com\/wp-content\/uploads\/2022\/05\/MIXA-CREAM-PEAUX-SENSIBLES-1.jpg","type":"image\/jpeg"}],"twitter_card":"summary_large_image","schema":{"@context":"https:\/\/schema.org","@graph":[{"@type":"WebPage","@id":"https:\/\/my-french-grocery.com\/de\/produkt\/gesichtscreme-empfindliche-haut-mixa\/","url":"https:\/\/my-french-grocery.com\/de\/produkt\/gesichtscreme-empfindliche-haut-mixa\/","name":"Gesichtscreme Empfindliche Haut Mixa | Online Kaufen | My French Grocery","isPartOf":{"@id":"https:\/\/my-french-grocery.com\/de\/#website"},"primaryImageOfPage":{"@id":"https:\/\/my-french-grocery.com\/de\/produkt\/gesichtscreme-empfindliche-haut-mixa\/#primaryimage"},"image":{"@id":"https:\/\/my-french-grocery.com\/de\/produkt\/gesichtscreme-empfindliche-haut-mixa\/#primaryimage"},"thumbnailUrl":"https:\/\/my-french-grocery.com\/wp-content\/uploads\/2022\/05\/MIXA-CREAM-PEAUX-SENSIBLES-1.jpg","datePublished":"2022-05-10T14:53:13+00:00","dateModified":"2022-05-10T15:11:13+00:00","description":"Gesichtscreme Empfindliche Haut Mixa - 100-ml-R\u00f6hrchen - Die mit zertifizierter Bio-Sheabutter formulierte Bio-Gesichtscreme f\u00fcr empfindliche Haut pflegt die Epidermis","breadcrumb":{"@id":"https:\/\/my-french-grocery.com\/de\/produkt\/gesichtscreme-empfindliche-haut-mixa\/#breadcrumb"},"inLanguage":"de-DE","potentialAction":[{"@type":"ReadAction","target":["https:\/\/my-french-grocery.com\/de\/produkt\/gesichtscreme-empfindliche-haut-mixa\/"]}]},{"@type":"ImageObject","inLanguage":"de-DE","@id":"https:\/\/my-french-grocery.com\/de\/produkt\/gesichtscreme-empfindliche-haut-mixa\/#primaryimage","url":"https:\/\/my-french-grocery.com\/wp-content\/uploads\/2022\/05\/MIXA-CREAM-PEAUX-SENSIBLES-1.jpg","contentUrl":"https:\/\/my-french-grocery.com\/wp-content\/uploads\/2022\/05\/MIXA-CREAM-PEAUX-SENSIBLES-1.jpg","width":1500,"height":1500,"caption":"Gesichtscreme Empfindliche Haut Mixa"},{"@type":"BreadcrumbList","@id":"https:\/\/my-french-grocery.com\/de\/produkt\/gesichtscreme-empfindliche-haut-mixa\/#breadcrumb","itemListElement":[{"@type":"ListItem","position":1,"name":"Home","item":"https:\/\/my-french-grocery.com\/de\/shopping-seite\/"},{"@type":"ListItem","position":2,"name":"Shop","item":"https:\/\/my-french-grocery.com\/shop\/"},{"@type":"ListItem","position":3,"name":"Kosmetika","item":"https:\/\/my-french-grocery.com\/de\/produkt-kategorie\/kosmetika\/"},{"@type":"ListItem","position":4,"name":"K\u00f6rperpflege","item":"https:\/\/my-french-grocery.com\/de\/produkt-kategorie\/kosmetika\/koerperpflege\/"},{"@type":"ListItem","position":5,"name":"Gesichtscreme Empfindliche Haut Mixa"}]},{"@type":"WebSite","@id":"https:\/\/my-french-grocery.com\/de\/#website","url":"https:\/\/my-french-grocery.com\/de\/","name":"My French Grocery","description":"Your Online French Grocery  !","publisher":{"@id":"https:\/\/my-french-grocery.com\/de\/#organization"},"potentialAction":[{"@type":"SearchAction","target":{"@type":"EntryPoint","urlTemplate":"https:\/\/my-french-grocery.com\/de\/?s={search_term_string}"},"query-input":{"@type":"PropertyValueSpecification","valueRequired":true,"valueName":"search_term_string"}}],"inLanguage":"de-DE"},{"@type":"Organization","@id":"https:\/\/my-french-grocery.com\/de\/#organization","name":"MY FRENCH GROCERY","url":"https:\/\/my-french-grocery.com\/de\/","logo":{"@type":"ImageObject","inLanguage":"de-DE","@id":"https:\/\/my-french-grocery.com\/de\/#\/schema\/logo\/image\/","url":"https:\/\/my-french-grocery.com\/wp-content\/uploads\/2021\/11\/My-French-Grocery-Online-French-Grocery.png","contentUrl":"https:\/\/my-french-grocery.com\/wp-content\/uploads\/2021\/11\/My-French-Grocery-Online-French-Grocery.png","width":100,"height":100,"caption":"MY FRENCH GROCERY"},"image":{"@id":"https:\/\/my-french-grocery.com\/de\/#\/schema\/logo\/image\/"},"sameAs":["https:\/\/www.facebook.com\/myfrenchgrocery\/"]}]}},"brands":[{"id":2762,"name":"Mixa","slug":"mixa-de"}],"_links":{"self":[{"href":"https:\/\/my-french-grocery.com\/de\/wp-json\/wp\/v2\/product\/22388","targetHints":{"allow":["GET"]}}],"collection":[{"href":"https:\/\/my-french-grocery.com\/de\/wp-json\/wp\/v2\/product"}],"about":[{"href":"https:\/\/my-french-grocery.com\/de\/wp-json\/wp\/v2\/types\/product"}],"replies":[{"embeddable":true,"href":"https:\/\/my-french-grocery.com\/de\/wp-json\/wp\/v2\/comments?post=22388"}],"wp:featuredmedia":[{"embeddable":true,"href":"https:\/\/my-french-grocery.com\/de\/wp-json\/wp\/v2\/media\/22400"}],"wp:attachment":[{"href":"https:\/\/my-french-grocery.com\/de\/wp-json\/wp\/v2\/media?parent=22388"}],"wp:term":[{"taxonomy":"pwb-brand","embeddable":true,"href":"https:\/\/my-french-grocery.com\/de\/wp-json\/wp\/v2\/pwb-brand?post=22388"},{"taxonomy":"product_brand","embeddable":true,"href":"https:\/\/my-french-grocery.com\/de\/wp-json\/wp\/v2\/product_brand?post=22388"},{"taxonomy":"product_cat","embeddable":true,"href":"https:\/\/my-french-grocery.com\/de\/wp-json\/wp\/v2\/product_cat?post=22388"},{"taxonomy":"product_tag","embeddable":true,"href":"https:\/\/my-french-grocery.com\/de\/wp-json\/wp\/v2\/product_tag?post=22388"}],"curies":[{"name":"wp","href":"https:\/\/api.w.org\/{rel}","templated":true}]}}