{"id":22569,"date":"2022-05-17T11:18:08","date_gmt":"2022-05-17T09:18:08","guid":{"rendered":"https:\/\/my-french-grocery.com\/?post_type=product&#038;p=22569"},"modified":"2022-05-17T11:33:30","modified_gmt":"2022-05-17T09:33:30","slug":"comte-aperitifkekse-michel-et-augustin","status":"publish","type":"product","link":"https:\/\/my-french-grocery.com\/de\/produkt\/comte-aperitifkekse-michel-et-augustin\/","title":{"rendered":"Comt\u00e9-Aperitifkekse Michel Et Augustin"},"content":{"rendered":"<p>Comt\u00e9-Aperitifkekse Michel Et Augustin<\/p>\n<div class=\"pdp-card__header--text\">Tasche von 33 \u2013 100 g<\/div>\n<div><\/div>\n<div class=\"main-details--food__shoppinglist\">\n<div class=\"regulated-name\">\n<p class=\"paragraph\"><span>Knusprige und Gourmet-Aperitif-Kekse!<\/span><\/p>\n<p class=\"paragraph\"><span>Willkommen im Ssehr Gourmet-Aperitif-Universum von Michel und Augustin!<\/span><\/p>\n<p class=\"paragraph\"><span>Wir freuen uns, Ihnen ein einzigartiges Rezept pr\u00e4sentieren zu k\u00f6nnen: unsere kleinen Aperitif-Butter mit 100 % PDO-K\u00e4se!<\/span><\/p>\n<\/div>\n<\/div>\n","protected":false},"excerpt":{"rendered":"<p>Comt\u00e9-Aperitifkekse Michel Et Augustin<\/p>\n<div class=\"pdp-card__header--text\">Tasche von 33 &#8211; 100 g<\/div>\n","protected":false},"featured_media":22575,"comment_status":"open","ping_status":"closed","template":"","meta":[],"pwb-brand":[2190],"product_brand":[],"product_cat":[2247],"product_tag":[2775],"class_list":{"0":"post-22569","1":"product","2":"type-product","3":"status-publish","4":"has-post-thumbnail","6":"pwb-brand-michel-augustin-de","7":"product_cat-chips-salzgebaeck","8":"product_tag-michel-et-augustin-de","9":"product_shipping_class-internationaler-versand","11":"first","12":"instock","13":"taxable","14":"shipping-taxable","15":"purchasable","16":"product-type-simple"},"brands":[{"id":2190,"name":"Michel &amp; Augustin","slug":"michel-augustin-de"}],"_links":{"self":[{"href":"https:\/\/my-french-grocery.com\/de\/wp-json\/wp\/v2\/product\/22569","targetHints":{"allow":["GET"]}}],"collection":[{"href":"https:\/\/my-french-grocery.com\/de\/wp-json\/wp\/v2\/product"}],"about":[{"href":"https:\/\/my-french-grocery.com\/de\/wp-json\/wp\/v2\/types\/product"}],"replies":[{"embeddable":true,"href":"https:\/\/my-french-grocery.com\/de\/wp-json\/wp\/v2\/comments?post=22569"}],"wp:featuredmedia":[{"embeddable":true,"href":"https:\/\/my-french-grocery.com\/de\/wp-json\/wp\/v2\/media\/22575"}],"wp:attachment":[{"href":"https:\/\/my-french-grocery.com\/de\/wp-json\/wp\/v2\/media?parent=22569"}],"wp:term":[{"taxonomy":"pwb-brand","embeddable":true,"href":"https:\/\/my-french-grocery.com\/de\/wp-json\/wp\/v2\/pwb-brand?post=22569"},{"taxonomy":"product_brand","embeddable":true,"href":"https:\/\/my-french-grocery.com\/de\/wp-json\/wp\/v2\/product_brand?post=22569"},{"taxonomy":"product_cat","embeddable":true,"href":"https:\/\/my-french-grocery.com\/de\/wp-json\/wp\/v2\/product_cat?post=22569"},{"taxonomy":"product_tag","embeddable":true,"href":"https:\/\/my-french-grocery.com\/de\/wp-json\/wp\/v2\/product_tag?post=22569"}],"curies":[{"name":"wp","href":"https:\/\/api.w.org\/{rel}","templated":true}]}}