{"id":22610,"date":"2022-05-17T14:32:31","date_gmt":"2022-05-17T12:32:32","guid":{"rendered":"https:\/\/my-french-grocery.com\/?post_type=product&#038;p=22610"},"modified":"2022-05-17T14:40:20","modified_gmt":"2022-05-17T12:40:20","slug":"coppa-kekse-michel-et-augustin","status":"publish","type":"product","link":"https:\/\/my-french-grocery.com\/de\/produkt\/coppa-kekse-michel-et-augustin\/","title":{"rendered":"Coppa Kekse Michel Et Augustin"},"content":{"rendered":"<p>Coppa Kekse Michel Et Augustin<\/p>\n<div class=\"pdp-card__header--text\">Tasche von 90 g<\/div>\n<div><\/div>\n<div class=\"main-details--food__shoppinglist\">\n<div class=\"regulated-name\">\n<p class=\"paragraph\">Knusprige und Gourmet-Aperitif-Kekse!<\/p>\n<p class=\"paragraph\">Willkommen im Ssehr Gourmet-Aperitif-Universum von Michel und Augustin!<\/p>\n<p class=\"paragraph\">Wir freuen uns, Ihnen ein einzigartiges Rezept pr\u00e4sentieren zu k\u00f6nnen: unsere kleinen Aperitif-Butter mit 100 % PDO-K\u00e4se!<\/p>\n<\/div>\n<\/div>\n","protected":false},"excerpt":{"rendered":"<p>Coppa Kekse Michel Et Augustin<\/p>\n<div class=\"pdp-card__header--text\">Tasche von 90 g<\/div>\n","protected":false},"featured_media":22616,"comment_status":"open","ping_status":"closed","template":"","meta":[],"pwb-brand":[2190],"product_brand":[],"product_cat":[2247],"product_tag":[2775],"class_list":{"0":"post-22610","1":"product","2":"type-product","3":"status-publish","4":"has-post-thumbnail","6":"pwb-brand-michel-augustin-de","7":"product_cat-chips-salzgebaeck","8":"product_tag-michel-et-augustin-de","9":"product_shipping_class-internationaler-versand","11":"first","12":"instock","13":"taxable","14":"shipping-taxable","15":"purchasable","16":"product-type-simple"},"yoast_head":"<!-- This site is optimized with the Yoast SEO plugin v27.3 - https:\/\/yoast.com\/product\/yoast-seo-wordpress\/ -->\n<title>Coppa Kekse Michel Et Augustin | Online Kaufen | My French Grocery<\/title>\n<meta name=\"description\" content=\"Coppa Kekse Michel Et Augustin - Tasche von 90 g - Knusprige und Gourmet-Aperitif-Kekse!\" \/>\n<meta name=\"robots\" content=\"index, follow, max-snippet:-1, max-image-preview:large, max-video-preview:-1\" \/>\n<link rel=\"canonical\" href=\"https:\/\/my-french-grocery.com\/de\/produkt\/coppa-kekse-michel-et-augustin\/\" \/>\n<meta property=\"og:locale\" content=\"de_DE\" \/>\n<meta property=\"og:type\" content=\"article\" \/>\n<meta property=\"og:title\" content=\"Coppa Kekse Michel Et Augustin | Online Kaufen | My French Grocery\" \/>\n<meta property=\"og:description\" content=\"Coppa Kekse Michel Et Augustin - Tasche von 90 g - Knusprige und Gourmet-Aperitif-Kekse!\" \/>\n<meta property=\"og:url\" content=\"https:\/\/my-french-grocery.com\/de\/produkt\/coppa-kekse-michel-et-augustin\/\" \/>\n<meta property=\"og:site_name\" content=\"My French Grocery\" \/>\n<meta property=\"article:publisher\" content=\"https:\/\/www.facebook.com\/myfrenchgrocery\/\" \/>\n<meta property=\"article:modified_time\" content=\"2022-05-17T12:40:20+00:00\" \/>\n<meta property=\"og:image\" content=\"https:\/\/my-french-grocery.com\/wp-content\/uploads\/2022\/05\/Michel-et-Augustin-Coppa.jpg\" \/>\n\t<meta property=\"og:image:width\" content=\"700\" \/>\n\t<meta property=\"og:image:height\" content=\"700\" \/>\n\t<meta property=\"og:image:type\" content=\"image\/jpeg\" \/>\n<meta name=\"twitter:card\" content=\"summary_large_image\" \/>\n<script type=\"application\/ld+json\" class=\"yoast-schema-graph\">{\"@context\":\"https:\\\/\\\/schema.org\",\"@graph\":[{\"@type\":\"WebPage\",\"@id\":\"https:\\\/\\\/my-french-grocery.com\\\/de\\\/produkt\\\/coppa-kekse-michel-et-augustin\\\/\",\"url\":\"https:\\\/\\\/my-french-grocery.com\\\/de\\\/produkt\\\/coppa-kekse-michel-et-augustin\\\/\",\"name\":\"Coppa Kekse Michel Et Augustin | Online Kaufen | My French Grocery\",\"isPartOf\":{\"@id\":\"https:\\\/\\\/my-french-grocery.com\\\/de\\\/#website\"},\"primaryImageOfPage\":{\"@id\":\"https:\\\/\\\/my-french-grocery.com\\\/de\\\/produkt\\\/coppa-kekse-michel-et-augustin\\\/#primaryimage\"},\"image\":{\"@id\":\"https:\\\/\\\/my-french-grocery.com\\\/de\\\/produkt\\\/coppa-kekse-michel-et-augustin\\\/#primaryimage\"},\"thumbnailUrl\":\"https:\\\/\\\/my-french-grocery.com\\\/wp-content\\\/uploads\\\/2022\\\/05\\\/Michel-et-Augustin-Coppa.jpg\",\"datePublished\":\"2022-05-17T12:32:32+00:00\",\"dateModified\":\"2022-05-17T12:40:20+00:00\",\"description\":\"Coppa Kekse Michel Et Augustin - Tasche von 90 g - Knusprige und Gourmet-Aperitif-Kekse!\",\"breadcrumb\":{\"@id\":\"https:\\\/\\\/my-french-grocery.com\\\/de\\\/produkt\\\/coppa-kekse-michel-et-augustin\\\/#breadcrumb\"},\"inLanguage\":\"de-DE\",\"potentialAction\":[{\"@type\":\"ReadAction\",\"target\":[\"https:\\\/\\\/my-french-grocery.com\\\/de\\\/produkt\\\/coppa-kekse-michel-et-augustin\\\/\"]}]},{\"@type\":\"ImageObject\",\"inLanguage\":\"de-DE\",\"@id\":\"https:\\\/\\\/my-french-grocery.com\\\/de\\\/produkt\\\/coppa-kekse-michel-et-augustin\\\/#primaryimage\",\"url\":\"https:\\\/\\\/my-french-grocery.com\\\/wp-content\\\/uploads\\\/2022\\\/05\\\/Michel-et-Augustin-Coppa.jpg\",\"contentUrl\":\"https:\\\/\\\/my-french-grocery.com\\\/wp-content\\\/uploads\\\/2022\\\/05\\\/Michel-et-Augustin-Coppa.jpg\",\"width\":700,\"height\":700,\"caption\":\"Coppa Kekse Michel Et Augustin\"},{\"@type\":\"BreadcrumbList\",\"@id\":\"https:\\\/\\\/my-french-grocery.com\\\/de\\\/produkt\\\/coppa-kekse-michel-et-augustin\\\/#breadcrumb\",\"itemListElement\":[{\"@type\":\"ListItem\",\"position\":1,\"name\":\"Home\",\"item\":\"https:\\\/\\\/my-french-grocery.com\\\/de\\\/shopping-seite\\\/\"},{\"@type\":\"ListItem\",\"position\":2,\"name\":\"Shop\",\"item\":\"https:\\\/\\\/my-french-grocery.com\\\/shop\\\/\"},{\"@type\":\"ListItem\",\"position\":3,\"name\":\"Lebensmittel\",\"item\":\"https:\\\/\\\/my-french-grocery.com\\\/de\\\/produkt-kategorie\\\/lebensmittel\\\/\"},{\"@type\":\"ListItem\",\"position\":4,\"name\":\"Chips &amp; Salzgeb\u00e4ck\",\"item\":\"https:\\\/\\\/my-french-grocery.com\\\/de\\\/produkt-kategorie\\\/chips-salzgebaeck\\\/\"},{\"@type\":\"ListItem\",\"position\":5,\"name\":\"Coppa Kekse Michel Et Augustin\"}]},{\"@type\":\"WebSite\",\"@id\":\"https:\\\/\\\/my-french-grocery.com\\\/de\\\/#website\",\"url\":\"https:\\\/\\\/my-french-grocery.com\\\/de\\\/\",\"name\":\"My French Grocery\",\"description\":\"Your Online French Grocery  !\",\"publisher\":{\"@id\":\"https:\\\/\\\/my-french-grocery.com\\\/de\\\/#organization\"},\"potentialAction\":[{\"@type\":\"SearchAction\",\"target\":{\"@type\":\"EntryPoint\",\"urlTemplate\":\"https:\\\/\\\/my-french-grocery.com\\\/de\\\/?s={search_term_string}\"},\"query-input\":{\"@type\":\"PropertyValueSpecification\",\"valueRequired\":true,\"valueName\":\"search_term_string\"}}],\"inLanguage\":\"de-DE\"},{\"@type\":\"Organization\",\"@id\":\"https:\\\/\\\/my-french-grocery.com\\\/de\\\/#organization\",\"name\":\"MY FRENCH GROCERY\",\"url\":\"https:\\\/\\\/my-french-grocery.com\\\/de\\\/\",\"logo\":{\"@type\":\"ImageObject\",\"inLanguage\":\"de-DE\",\"@id\":\"https:\\\/\\\/my-french-grocery.com\\\/de\\\/#\\\/schema\\\/logo\\\/image\\\/\",\"url\":\"https:\\\/\\\/my-french-grocery.com\\\/wp-content\\\/uploads\\\/2021\\\/11\\\/My-French-Grocery-Online-French-Grocery.png\",\"contentUrl\":\"https:\\\/\\\/my-french-grocery.com\\\/wp-content\\\/uploads\\\/2021\\\/11\\\/My-French-Grocery-Online-French-Grocery.png\",\"width\":100,\"height\":100,\"caption\":\"MY FRENCH GROCERY\"},\"image\":{\"@id\":\"https:\\\/\\\/my-french-grocery.com\\\/de\\\/#\\\/schema\\\/logo\\\/image\\\/\"},\"sameAs\":[\"https:\\\/\\\/www.facebook.com\\\/myfrenchgrocery\\\/\"]}]}<\/script>\n<!-- \/ Yoast SEO plugin. -->","yoast_head_json":{"title":"Coppa Kekse Michel Et Augustin | Online Kaufen | My French Grocery","description":"Coppa Kekse Michel Et Augustin - Tasche von 90 g - Knusprige und Gourmet-Aperitif-Kekse!","robots":{"index":"index","follow":"follow","max-snippet":"max-snippet:-1","max-image-preview":"max-image-preview:large","max-video-preview":"max-video-preview:-1"},"canonical":"https:\/\/my-french-grocery.com\/de\/produkt\/coppa-kekse-michel-et-augustin\/","og_locale":"de_DE","og_type":"article","og_title":"Coppa Kekse Michel Et Augustin | Online Kaufen | My French Grocery","og_description":"Coppa Kekse Michel Et Augustin - Tasche von 90 g - Knusprige und Gourmet-Aperitif-Kekse!","og_url":"https:\/\/my-french-grocery.com\/de\/produkt\/coppa-kekse-michel-et-augustin\/","og_site_name":"My French Grocery","article_publisher":"https:\/\/www.facebook.com\/myfrenchgrocery\/","article_modified_time":"2022-05-17T12:40:20+00:00","og_image":[{"width":700,"height":700,"url":"https:\/\/my-french-grocery.com\/wp-content\/uploads\/2022\/05\/Michel-et-Augustin-Coppa.jpg","type":"image\/jpeg"}],"twitter_card":"summary_large_image","schema":{"@context":"https:\/\/schema.org","@graph":[{"@type":"WebPage","@id":"https:\/\/my-french-grocery.com\/de\/produkt\/coppa-kekse-michel-et-augustin\/","url":"https:\/\/my-french-grocery.com\/de\/produkt\/coppa-kekse-michel-et-augustin\/","name":"Coppa Kekse Michel Et Augustin | Online Kaufen | My French Grocery","isPartOf":{"@id":"https:\/\/my-french-grocery.com\/de\/#website"},"primaryImageOfPage":{"@id":"https:\/\/my-french-grocery.com\/de\/produkt\/coppa-kekse-michel-et-augustin\/#primaryimage"},"image":{"@id":"https:\/\/my-french-grocery.com\/de\/produkt\/coppa-kekse-michel-et-augustin\/#primaryimage"},"thumbnailUrl":"https:\/\/my-french-grocery.com\/wp-content\/uploads\/2022\/05\/Michel-et-Augustin-Coppa.jpg","datePublished":"2022-05-17T12:32:32+00:00","dateModified":"2022-05-17T12:40:20+00:00","description":"Coppa Kekse Michel Et Augustin - Tasche von 90 g - Knusprige und Gourmet-Aperitif-Kekse!","breadcrumb":{"@id":"https:\/\/my-french-grocery.com\/de\/produkt\/coppa-kekse-michel-et-augustin\/#breadcrumb"},"inLanguage":"de-DE","potentialAction":[{"@type":"ReadAction","target":["https:\/\/my-french-grocery.com\/de\/produkt\/coppa-kekse-michel-et-augustin\/"]}]},{"@type":"ImageObject","inLanguage":"de-DE","@id":"https:\/\/my-french-grocery.com\/de\/produkt\/coppa-kekse-michel-et-augustin\/#primaryimage","url":"https:\/\/my-french-grocery.com\/wp-content\/uploads\/2022\/05\/Michel-et-Augustin-Coppa.jpg","contentUrl":"https:\/\/my-french-grocery.com\/wp-content\/uploads\/2022\/05\/Michel-et-Augustin-Coppa.jpg","width":700,"height":700,"caption":"Coppa Kekse Michel Et Augustin"},{"@type":"BreadcrumbList","@id":"https:\/\/my-french-grocery.com\/de\/produkt\/coppa-kekse-michel-et-augustin\/#breadcrumb","itemListElement":[{"@type":"ListItem","position":1,"name":"Home","item":"https:\/\/my-french-grocery.com\/de\/shopping-seite\/"},{"@type":"ListItem","position":2,"name":"Shop","item":"https:\/\/my-french-grocery.com\/shop\/"},{"@type":"ListItem","position":3,"name":"Lebensmittel","item":"https:\/\/my-french-grocery.com\/de\/produkt-kategorie\/lebensmittel\/"},{"@type":"ListItem","position":4,"name":"Chips &amp; Salzgeb\u00e4ck","item":"https:\/\/my-french-grocery.com\/de\/produkt-kategorie\/chips-salzgebaeck\/"},{"@type":"ListItem","position":5,"name":"Coppa Kekse Michel Et Augustin"}]},{"@type":"WebSite","@id":"https:\/\/my-french-grocery.com\/de\/#website","url":"https:\/\/my-french-grocery.com\/de\/","name":"My French Grocery","description":"Your Online French Grocery  !","publisher":{"@id":"https:\/\/my-french-grocery.com\/de\/#organization"},"potentialAction":[{"@type":"SearchAction","target":{"@type":"EntryPoint","urlTemplate":"https:\/\/my-french-grocery.com\/de\/?s={search_term_string}"},"query-input":{"@type":"PropertyValueSpecification","valueRequired":true,"valueName":"search_term_string"}}],"inLanguage":"de-DE"},{"@type":"Organization","@id":"https:\/\/my-french-grocery.com\/de\/#organization","name":"MY FRENCH GROCERY","url":"https:\/\/my-french-grocery.com\/de\/","logo":{"@type":"ImageObject","inLanguage":"de-DE","@id":"https:\/\/my-french-grocery.com\/de\/#\/schema\/logo\/image\/","url":"https:\/\/my-french-grocery.com\/wp-content\/uploads\/2021\/11\/My-French-Grocery-Online-French-Grocery.png","contentUrl":"https:\/\/my-french-grocery.com\/wp-content\/uploads\/2021\/11\/My-French-Grocery-Online-French-Grocery.png","width":100,"height":100,"caption":"MY FRENCH GROCERY"},"image":{"@id":"https:\/\/my-french-grocery.com\/de\/#\/schema\/logo\/image\/"},"sameAs":["https:\/\/www.facebook.com\/myfrenchgrocery\/"]}]}},"brands":[{"id":2190,"name":"Michel &amp; Augustin","slug":"michel-augustin-de"}],"_links":{"self":[{"href":"https:\/\/my-french-grocery.com\/de\/wp-json\/wp\/v2\/product\/22610","targetHints":{"allow":["GET"]}}],"collection":[{"href":"https:\/\/my-french-grocery.com\/de\/wp-json\/wp\/v2\/product"}],"about":[{"href":"https:\/\/my-french-grocery.com\/de\/wp-json\/wp\/v2\/types\/product"}],"replies":[{"embeddable":true,"href":"https:\/\/my-french-grocery.com\/de\/wp-json\/wp\/v2\/comments?post=22610"}],"wp:featuredmedia":[{"embeddable":true,"href":"https:\/\/my-french-grocery.com\/de\/wp-json\/wp\/v2\/media\/22616"}],"wp:attachment":[{"href":"https:\/\/my-french-grocery.com\/de\/wp-json\/wp\/v2\/media?parent=22610"}],"wp:term":[{"taxonomy":"pwb-brand","embeddable":true,"href":"https:\/\/my-french-grocery.com\/de\/wp-json\/wp\/v2\/pwb-brand?post=22610"},{"taxonomy":"product_brand","embeddable":true,"href":"https:\/\/my-french-grocery.com\/de\/wp-json\/wp\/v2\/product_brand?post=22610"},{"taxonomy":"product_cat","embeddable":true,"href":"https:\/\/my-french-grocery.com\/de\/wp-json\/wp\/v2\/product_cat?post=22610"},{"taxonomy":"product_tag","embeddable":true,"href":"https:\/\/my-french-grocery.com\/de\/wp-json\/wp\/v2\/product_tag?post=22610"}],"curies":[{"name":"wp","href":"https:\/\/api.w.org\/{rel}","templated":true}]}}