{"id":22820,"date":"2022-05-30T10:51:13","date_gmt":"2022-05-30T08:51:14","guid":{"rendered":"https:\/\/my-french-grocery.com\/?post_type=product&#038;p=22820"},"modified":"2022-05-30T11:04:32","modified_gmt":"2022-05-30T09:04:32","slug":"kakao-haselnuss-aufstrich-bonne-maman","status":"publish","type":"product","link":"https:\/\/my-french-grocery.com\/de\/produkt\/kakao-haselnuss-aufstrich-bonne-maman\/","title":{"rendered":"Kakao &#038; Haselnuss Aufstrich Bonne Maman"},"content":{"rendered":"<p>Kakao &amp; Haselnuss Aufstrich Bonne Maman<\/p>\n<div class=\"pdp-card__header--text\"><span class=\"ds-body-text ds-body-text--weight-bold ds-body-text--size-m ds-body-text--color-standard-2\">580g Glas<\/span><\/div>\n<div><\/div>\n<div><span>Dank seines unnachahmlichen Know-hows und der Qualit\u00e4t seiner Zutaten bietet Ihnen Bonne Maman ganz einfach das Beste f\u00fcr Ihren gr\u00f6\u00dften Genuss.\u00a0<\/span><span>Bonne Maman hat liebevoll einen k\u00f6stlichen Brotaufstrich zubereitet, cremig und gro\u00dfz\u00fcgig in Haseln\u00fcssen.<\/span><\/div>\n<div id=\"data-recommandation-zone-2\" class=\"secondary-details-cross-sell\">\n<div class=\"recommendations\" data-zone=\"1\"><\/div>\n<\/div>\n","protected":false},"excerpt":{"rendered":"<p>Kakao &amp; Haselnuss Aufstrich Bonne Maman<\/p>\n<div class=\"pdp-card__header--text\"><span class=\"ds-body-text ds-body-text--weight-bold ds-body-text--size-m ds-body-text--color-standard-2\">580g Glas<\/span><\/div>\n","protected":false},"featured_media":22826,"comment_status":"open","ping_status":"closed","template":"","meta":[],"pwb-brand":[2185],"product_brand":[],"product_cat":[2253],"product_tag":[],"class_list":{"0":"post-22820","1":"product","2":"type-product","3":"status-publish","4":"has-post-thumbnail","6":"pwb-brand-bonne-maman-de","7":"product_cat-aufstriche","8":"product_shipping_class-internationaler-versand","10":"first","11":"instock","12":"taxable","13":"shipping-taxable","14":"purchasable","15":"product-type-simple"},"yoast_head":"<!-- This site is optimized with the Yoast SEO plugin v27.3 - https:\/\/yoast.com\/product\/yoast-seo-wordpress\/ -->\n<title>Kakao &amp; Haselnuss Aufstrich Bonne Maman | Online Kaufen | My French Grocery<\/title>\n<meta name=\"description\" content=\"Kakao &amp; Haselnuss Aufstrich Bonne Maman - 580g Glas - Dank seines unnachahmlichen Know-hows und der Qualit\u00e4t seiner Zutaten bietet Ihnen Bonne Maman ganz einfach das Beste f\u00fcr Ihren gr\u00f6\u00dften Genuss.\u00a0\" \/>\n<meta name=\"robots\" content=\"index, follow, max-snippet:-1, max-image-preview:large, max-video-preview:-1\" \/>\n<link rel=\"canonical\" href=\"https:\/\/my-french-grocery.com\/de\/produkt\/kakao-haselnuss-aufstrich-bonne-maman\/\" \/>\n<meta property=\"og:locale\" content=\"de_DE\" \/>\n<meta property=\"og:type\" content=\"article\" \/>\n<meta property=\"og:title\" content=\"Kakao &amp; Haselnuss Aufstrich Bonne Maman | Online Kaufen | My French Grocery\" \/>\n<meta property=\"og:description\" content=\"Kakao &amp; Haselnuss Aufstrich Bonne Maman - 580g Glas - Dank seines unnachahmlichen Know-hows und der Qualit\u00e4t seiner Zutaten bietet Ihnen Bonne Maman ganz einfach das Beste f\u00fcr Ihren gr\u00f6\u00dften Genuss.\u00a0\" \/>\n<meta property=\"og:url\" content=\"https:\/\/my-french-grocery.com\/de\/produkt\/kakao-haselnuss-aufstrich-bonne-maman\/\" \/>\n<meta property=\"og:site_name\" content=\"My French Grocery\" \/>\n<meta property=\"article:publisher\" content=\"https:\/\/www.facebook.com\/myfrenchgrocery\/\" \/>\n<meta property=\"article:modified_time\" content=\"2022-05-30T09:04:32+00:00\" \/>\n<meta property=\"og:image\" content=\"https:\/\/my-french-grocery.com\/wp-content\/uploads\/2022\/05\/BONNE-MAMAN-SPREAD.png\" \/>\n\t<meta property=\"og:image:width\" content=\"1800\" \/>\n\t<meta property=\"og:image:height\" content=\"1800\" \/>\n\t<meta property=\"og:image:type\" content=\"image\/png\" \/>\n<meta name=\"twitter:card\" content=\"summary_large_image\" \/>\n<script type=\"application\/ld+json\" class=\"yoast-schema-graph\">{\"@context\":\"https:\\\/\\\/schema.org\",\"@graph\":[{\"@type\":\"WebPage\",\"@id\":\"https:\\\/\\\/my-french-grocery.com\\\/de\\\/produkt\\\/kakao-haselnuss-aufstrich-bonne-maman\\\/\",\"url\":\"https:\\\/\\\/my-french-grocery.com\\\/de\\\/produkt\\\/kakao-haselnuss-aufstrich-bonne-maman\\\/\",\"name\":\"Kakao & Haselnuss Aufstrich Bonne Maman | Online Kaufen | My French Grocery\",\"isPartOf\":{\"@id\":\"https:\\\/\\\/my-french-grocery.com\\\/de\\\/#website\"},\"primaryImageOfPage\":{\"@id\":\"https:\\\/\\\/my-french-grocery.com\\\/de\\\/produkt\\\/kakao-haselnuss-aufstrich-bonne-maman\\\/#primaryimage\"},\"image\":{\"@id\":\"https:\\\/\\\/my-french-grocery.com\\\/de\\\/produkt\\\/kakao-haselnuss-aufstrich-bonne-maman\\\/#primaryimage\"},\"thumbnailUrl\":\"https:\\\/\\\/my-french-grocery.com\\\/wp-content\\\/uploads\\\/2022\\\/05\\\/BONNE-MAMAN-SPREAD.png\",\"datePublished\":\"2022-05-30T08:51:14+00:00\",\"dateModified\":\"2022-05-30T09:04:32+00:00\",\"description\":\"Kakao & Haselnuss Aufstrich Bonne Maman - 580g Glas - Dank seines unnachahmlichen Know-hows und der Qualit\u00e4t seiner Zutaten bietet Ihnen Bonne Maman ganz einfach das Beste f\u00fcr Ihren gr\u00f6\u00dften Genuss.\u00a0\",\"breadcrumb\":{\"@id\":\"https:\\\/\\\/my-french-grocery.com\\\/de\\\/produkt\\\/kakao-haselnuss-aufstrich-bonne-maman\\\/#breadcrumb\"},\"inLanguage\":\"de-DE\",\"potentialAction\":[{\"@type\":\"ReadAction\",\"target\":[\"https:\\\/\\\/my-french-grocery.com\\\/de\\\/produkt\\\/kakao-haselnuss-aufstrich-bonne-maman\\\/\"]}]},{\"@type\":\"ImageObject\",\"inLanguage\":\"de-DE\",\"@id\":\"https:\\\/\\\/my-french-grocery.com\\\/de\\\/produkt\\\/kakao-haselnuss-aufstrich-bonne-maman\\\/#primaryimage\",\"url\":\"https:\\\/\\\/my-french-grocery.com\\\/wp-content\\\/uploads\\\/2022\\\/05\\\/BONNE-MAMAN-SPREAD.png\",\"contentUrl\":\"https:\\\/\\\/my-french-grocery.com\\\/wp-content\\\/uploads\\\/2022\\\/05\\\/BONNE-MAMAN-SPREAD.png\",\"width\":1800,\"height\":1800,\"caption\":\"Kakao & Haselnuss Aufstrich Bonne Maman\"},{\"@type\":\"BreadcrumbList\",\"@id\":\"https:\\\/\\\/my-french-grocery.com\\\/de\\\/produkt\\\/kakao-haselnuss-aufstrich-bonne-maman\\\/#breadcrumb\",\"itemListElement\":[{\"@type\":\"ListItem\",\"position\":1,\"name\":\"Home\",\"item\":\"https:\\\/\\\/my-french-grocery.com\\\/de\\\/shopping-seite\\\/\"},{\"@type\":\"ListItem\",\"position\":2,\"name\":\"Shop\",\"item\":\"https:\\\/\\\/my-french-grocery.com\\\/shop\\\/\"},{\"@type\":\"ListItem\",\"position\":3,\"name\":\"Lebensmittel\",\"item\":\"https:\\\/\\\/my-french-grocery.com\\\/de\\\/produkt-kategorie\\\/lebensmittel\\\/\"},{\"@type\":\"ListItem\",\"position\":4,\"name\":\"Marmelade - Honig - Aufstrich\",\"item\":\"https:\\\/\\\/my-french-grocery.com\\\/de\\\/produkt-kategorie\\\/marmelade-honig-aufstrich\\\/\"},{\"@type\":\"ListItem\",\"position\":5,\"name\":\"Aufstriche\",\"item\":\"https:\\\/\\\/my-french-grocery.com\\\/de\\\/produkt-kategorie\\\/aufstriche\\\/\"},{\"@type\":\"ListItem\",\"position\":6,\"name\":\"Kakao &#038; Haselnuss Aufstrich Bonne Maman\"}]},{\"@type\":\"WebSite\",\"@id\":\"https:\\\/\\\/my-french-grocery.com\\\/de\\\/#website\",\"url\":\"https:\\\/\\\/my-french-grocery.com\\\/de\\\/\",\"name\":\"My French Grocery\",\"description\":\"Your Online French Grocery  !\",\"publisher\":{\"@id\":\"https:\\\/\\\/my-french-grocery.com\\\/de\\\/#organization\"},\"potentialAction\":[{\"@type\":\"SearchAction\",\"target\":{\"@type\":\"EntryPoint\",\"urlTemplate\":\"https:\\\/\\\/my-french-grocery.com\\\/de\\\/?s={search_term_string}\"},\"query-input\":{\"@type\":\"PropertyValueSpecification\",\"valueRequired\":true,\"valueName\":\"search_term_string\"}}],\"inLanguage\":\"de-DE\"},{\"@type\":\"Organization\",\"@id\":\"https:\\\/\\\/my-french-grocery.com\\\/de\\\/#organization\",\"name\":\"MY FRENCH GROCERY\",\"url\":\"https:\\\/\\\/my-french-grocery.com\\\/de\\\/\",\"logo\":{\"@type\":\"ImageObject\",\"inLanguage\":\"de-DE\",\"@id\":\"https:\\\/\\\/my-french-grocery.com\\\/de\\\/#\\\/schema\\\/logo\\\/image\\\/\",\"url\":\"https:\\\/\\\/my-french-grocery.com\\\/wp-content\\\/uploads\\\/2021\\\/11\\\/My-French-Grocery-Online-French-Grocery.png\",\"contentUrl\":\"https:\\\/\\\/my-french-grocery.com\\\/wp-content\\\/uploads\\\/2021\\\/11\\\/My-French-Grocery-Online-French-Grocery.png\",\"width\":100,\"height\":100,\"caption\":\"MY FRENCH GROCERY\"},\"image\":{\"@id\":\"https:\\\/\\\/my-french-grocery.com\\\/de\\\/#\\\/schema\\\/logo\\\/image\\\/\"},\"sameAs\":[\"https:\\\/\\\/www.facebook.com\\\/myfrenchgrocery\\\/\"]}]}<\/script>\n<!-- \/ Yoast SEO plugin. -->","yoast_head_json":{"title":"Kakao & Haselnuss Aufstrich Bonne Maman | Online Kaufen | My French Grocery","description":"Kakao & Haselnuss Aufstrich Bonne Maman - 580g Glas - Dank seines unnachahmlichen Know-hows und der Qualit\u00e4t seiner Zutaten bietet Ihnen Bonne Maman ganz einfach das Beste f\u00fcr Ihren gr\u00f6\u00dften Genuss.\u00a0","robots":{"index":"index","follow":"follow","max-snippet":"max-snippet:-1","max-image-preview":"max-image-preview:large","max-video-preview":"max-video-preview:-1"},"canonical":"https:\/\/my-french-grocery.com\/de\/produkt\/kakao-haselnuss-aufstrich-bonne-maman\/","og_locale":"de_DE","og_type":"article","og_title":"Kakao & Haselnuss Aufstrich Bonne Maman | Online Kaufen | My French Grocery","og_description":"Kakao & Haselnuss Aufstrich Bonne Maman - 580g Glas - Dank seines unnachahmlichen Know-hows und der Qualit\u00e4t seiner Zutaten bietet Ihnen Bonne Maman ganz einfach das Beste f\u00fcr Ihren gr\u00f6\u00dften Genuss.\u00a0","og_url":"https:\/\/my-french-grocery.com\/de\/produkt\/kakao-haselnuss-aufstrich-bonne-maman\/","og_site_name":"My French Grocery","article_publisher":"https:\/\/www.facebook.com\/myfrenchgrocery\/","article_modified_time":"2022-05-30T09:04:32+00:00","og_image":[{"width":1800,"height":1800,"url":"https:\/\/my-french-grocery.com\/wp-content\/uploads\/2022\/05\/BONNE-MAMAN-SPREAD.png","type":"image\/png"}],"twitter_card":"summary_large_image","schema":{"@context":"https:\/\/schema.org","@graph":[{"@type":"WebPage","@id":"https:\/\/my-french-grocery.com\/de\/produkt\/kakao-haselnuss-aufstrich-bonne-maman\/","url":"https:\/\/my-french-grocery.com\/de\/produkt\/kakao-haselnuss-aufstrich-bonne-maman\/","name":"Kakao & Haselnuss Aufstrich Bonne Maman | Online Kaufen | My French Grocery","isPartOf":{"@id":"https:\/\/my-french-grocery.com\/de\/#website"},"primaryImageOfPage":{"@id":"https:\/\/my-french-grocery.com\/de\/produkt\/kakao-haselnuss-aufstrich-bonne-maman\/#primaryimage"},"image":{"@id":"https:\/\/my-french-grocery.com\/de\/produkt\/kakao-haselnuss-aufstrich-bonne-maman\/#primaryimage"},"thumbnailUrl":"https:\/\/my-french-grocery.com\/wp-content\/uploads\/2022\/05\/BONNE-MAMAN-SPREAD.png","datePublished":"2022-05-30T08:51:14+00:00","dateModified":"2022-05-30T09:04:32+00:00","description":"Kakao & Haselnuss Aufstrich Bonne Maman - 580g Glas - Dank seines unnachahmlichen Know-hows und der Qualit\u00e4t seiner Zutaten bietet Ihnen Bonne Maman ganz einfach das Beste f\u00fcr Ihren gr\u00f6\u00dften Genuss.\u00a0","breadcrumb":{"@id":"https:\/\/my-french-grocery.com\/de\/produkt\/kakao-haselnuss-aufstrich-bonne-maman\/#breadcrumb"},"inLanguage":"de-DE","potentialAction":[{"@type":"ReadAction","target":["https:\/\/my-french-grocery.com\/de\/produkt\/kakao-haselnuss-aufstrich-bonne-maman\/"]}]},{"@type":"ImageObject","inLanguage":"de-DE","@id":"https:\/\/my-french-grocery.com\/de\/produkt\/kakao-haselnuss-aufstrich-bonne-maman\/#primaryimage","url":"https:\/\/my-french-grocery.com\/wp-content\/uploads\/2022\/05\/BONNE-MAMAN-SPREAD.png","contentUrl":"https:\/\/my-french-grocery.com\/wp-content\/uploads\/2022\/05\/BONNE-MAMAN-SPREAD.png","width":1800,"height":1800,"caption":"Kakao & Haselnuss Aufstrich Bonne Maman"},{"@type":"BreadcrumbList","@id":"https:\/\/my-french-grocery.com\/de\/produkt\/kakao-haselnuss-aufstrich-bonne-maman\/#breadcrumb","itemListElement":[{"@type":"ListItem","position":1,"name":"Home","item":"https:\/\/my-french-grocery.com\/de\/shopping-seite\/"},{"@type":"ListItem","position":2,"name":"Shop","item":"https:\/\/my-french-grocery.com\/shop\/"},{"@type":"ListItem","position":3,"name":"Lebensmittel","item":"https:\/\/my-french-grocery.com\/de\/produkt-kategorie\/lebensmittel\/"},{"@type":"ListItem","position":4,"name":"Marmelade - Honig - Aufstrich","item":"https:\/\/my-french-grocery.com\/de\/produkt-kategorie\/marmelade-honig-aufstrich\/"},{"@type":"ListItem","position":5,"name":"Aufstriche","item":"https:\/\/my-french-grocery.com\/de\/produkt-kategorie\/aufstriche\/"},{"@type":"ListItem","position":6,"name":"Kakao &#038; Haselnuss Aufstrich Bonne Maman"}]},{"@type":"WebSite","@id":"https:\/\/my-french-grocery.com\/de\/#website","url":"https:\/\/my-french-grocery.com\/de\/","name":"My French Grocery","description":"Your Online French Grocery  !","publisher":{"@id":"https:\/\/my-french-grocery.com\/de\/#organization"},"potentialAction":[{"@type":"SearchAction","target":{"@type":"EntryPoint","urlTemplate":"https:\/\/my-french-grocery.com\/de\/?s={search_term_string}"},"query-input":{"@type":"PropertyValueSpecification","valueRequired":true,"valueName":"search_term_string"}}],"inLanguage":"de-DE"},{"@type":"Organization","@id":"https:\/\/my-french-grocery.com\/de\/#organization","name":"MY FRENCH GROCERY","url":"https:\/\/my-french-grocery.com\/de\/","logo":{"@type":"ImageObject","inLanguage":"de-DE","@id":"https:\/\/my-french-grocery.com\/de\/#\/schema\/logo\/image\/","url":"https:\/\/my-french-grocery.com\/wp-content\/uploads\/2021\/11\/My-French-Grocery-Online-French-Grocery.png","contentUrl":"https:\/\/my-french-grocery.com\/wp-content\/uploads\/2021\/11\/My-French-Grocery-Online-French-Grocery.png","width":100,"height":100,"caption":"MY FRENCH GROCERY"},"image":{"@id":"https:\/\/my-french-grocery.com\/de\/#\/schema\/logo\/image\/"},"sameAs":["https:\/\/www.facebook.com\/myfrenchgrocery\/"]}]}},"brands":[{"id":2185,"name":"Bonne Maman","slug":"bonne-maman-de"}],"_links":{"self":[{"href":"https:\/\/my-french-grocery.com\/de\/wp-json\/wp\/v2\/product\/22820","targetHints":{"allow":["GET"]}}],"collection":[{"href":"https:\/\/my-french-grocery.com\/de\/wp-json\/wp\/v2\/product"}],"about":[{"href":"https:\/\/my-french-grocery.com\/de\/wp-json\/wp\/v2\/types\/product"}],"replies":[{"embeddable":true,"href":"https:\/\/my-french-grocery.com\/de\/wp-json\/wp\/v2\/comments?post=22820"}],"wp:featuredmedia":[{"embeddable":true,"href":"https:\/\/my-french-grocery.com\/de\/wp-json\/wp\/v2\/media\/22826"}],"wp:attachment":[{"href":"https:\/\/my-french-grocery.com\/de\/wp-json\/wp\/v2\/media?parent=22820"}],"wp:term":[{"taxonomy":"pwb-brand","embeddable":true,"href":"https:\/\/my-french-grocery.com\/de\/wp-json\/wp\/v2\/pwb-brand?post=22820"},{"taxonomy":"product_brand","embeddable":true,"href":"https:\/\/my-french-grocery.com\/de\/wp-json\/wp\/v2\/product_brand?post=22820"},{"taxonomy":"product_cat","embeddable":true,"href":"https:\/\/my-french-grocery.com\/de\/wp-json\/wp\/v2\/product_cat?post=22820"},{"taxonomy":"product_tag","embeddable":true,"href":"https:\/\/my-french-grocery.com\/de\/wp-json\/wp\/v2\/product_tag?post=22820"}],"curies":[{"name":"wp","href":"https:\/\/api.w.org\/{rel}","templated":true}]}}