{"id":30086,"date":"2022-08-21T11:14:10","date_gmt":"2022-08-21T09:14:11","guid":{"rendered":"https:\/\/my-french-grocery.com\/?post_type=product&#038;p=30086"},"modified":"2024-03-02T18:48:15","modified_gmt":"2024-03-02T16:48:15","slug":"erdnusse-mit-barbecue-geschmack-twinuts","status":"publish","type":"product","link":"https:\/\/my-french-grocery.com\/de\/produkt\/erdnusse-mit-barbecue-geschmack-twinuts\/","title":{"rendered":"Erdn\u00fcsse Mit Mexikanischem-Geschmack Twinuts"},"content":{"rendered":"<p>Erdn\u00fcsse Mit Mexikanischem-Geschmack Twinuts<\/p>\n<p>tasche von 150 g<\/p>\n<p>Eine knusprige Erdnuss Ein knuspriger Keks Ein k\u00f6stlicher Geschmack Twinunts\u00ae, der knusprige Genuss von B\u00e9n\u00e9nuts Entdecken Sie eine Vielzahl knuspriger Geschmacksrichtungen mit Twinuts B\u00e9n\u00e9nuts Twinuts Taste Bacon B\u00e9n\u00e9nuts Twinuts Taste Barbecue B\u00e9n\u00e9nuts Twinuts Taste Savory B\u00e9n\u00e9nuts Twinuts Taste Cheese\u207d\u00b9\u207e \u207d\u00b9\u207e Mit K\u00e4se \u00fcberzogene Erdn\u00fcsse aromatisierter Keks<\/p>\n","protected":false},"excerpt":{"rendered":"<p>Erdn\u00fcsse Mit Mexikanischem-Geschmack Twinuts<\/p>\n<p>tasche von 150 g<\/p>\n","protected":false},"featured_media":39101,"comment_status":"open","ping_status":"closed","template":"","meta":[],"pwb-brand":[2448],"product_brand":[],"product_cat":[2247],"product_tag":[2444],"class_list":{"0":"post-30086","1":"product","2":"type-product","3":"status-publish","4":"has-post-thumbnail","6":"pwb-brand-benenuts-de","7":"product_cat-chips-salzgebaeck","8":"product_tag-herzhafte-kekse","9":"product_shipping_class-internationaler-versand","11":"first","12":"instock","13":"taxable","14":"shipping-taxable","15":"purchasable","16":"product-type-simple"},"yoast_head":"<!-- This site is optimized with the Yoast SEO plugin v27.3 - https:\/\/yoast.com\/product\/yoast-seo-wordpress\/ -->\n<title>Erdn\u00fcsse Mit Mexikanischem-Geschmack Twinuts | Online Kaufen | My French Grocery<\/title>\n<meta name=\"description\" content=\"Erdn\u00fcsse Mit Mexikanischem-Geschmack Twinuts - tasche von 150 g - Eine knusprige Erdnuss Ein knuspriger Keks Ein k\u00f6stlicher Geschmack Twinunts\u00ae, der knusprige Genuss von B\u00e9n\u00e9nuts Entdecken Sie eine Vielzahl knuspriger\" \/>\n<meta name=\"robots\" content=\"index, follow, max-snippet:-1, max-image-preview:large, max-video-preview:-1\" \/>\n<link rel=\"canonical\" href=\"https:\/\/my-french-grocery.com\/de\/produkt\/erdnusse-mit-barbecue-geschmack-twinuts\/\" \/>\n<meta property=\"og:locale\" content=\"de_DE\" \/>\n<meta property=\"og:type\" content=\"article\" \/>\n<meta property=\"og:title\" content=\"Erdn\u00fcsse Mit Mexikanischem-Geschmack Twinuts | Online Kaufen | My French Grocery\" \/>\n<meta property=\"og:description\" content=\"Erdn\u00fcsse Mit Mexikanischem-Geschmack Twinuts - tasche von 150 g - Eine knusprige Erdnuss Ein knuspriger Keks Ein k\u00f6stlicher Geschmack Twinunts\u00ae, der knusprige Genuss von B\u00e9n\u00e9nuts Entdecken Sie eine Vielzahl knuspriger\" \/>\n<meta property=\"og:url\" content=\"https:\/\/my-french-grocery.com\/de\/produkt\/erdnusse-mit-barbecue-geschmack-twinuts\/\" \/>\n<meta property=\"og:site_name\" content=\"My French Grocery\" \/>\n<meta property=\"article:publisher\" content=\"https:\/\/www.facebook.com\/myfrenchgrocery\/\" \/>\n<meta property=\"article:modified_time\" content=\"2024-03-02T16:48:15+00:00\" \/>\n<meta property=\"og:image\" content=\"https:\/\/my-french-grocery.com\/wp-content\/uploads\/2022\/08\/Twinuts-Mexican-flavor-coated-peanuts.webp\" \/>\n\t<meta property=\"og:image:width\" content=\"1200\" \/>\n\t<meta property=\"og:image:height\" content=\"1200\" \/>\n\t<meta property=\"og:image:type\" content=\"image\/webp\" \/>\n<meta name=\"twitter:card\" content=\"summary_large_image\" \/>\n<script type=\"application\/ld+json\" class=\"yoast-schema-graph\">{\"@context\":\"https:\\\/\\\/schema.org\",\"@graph\":[{\"@type\":\"WebPage\",\"@id\":\"https:\\\/\\\/my-french-grocery.com\\\/de\\\/produkt\\\/erdnusse-mit-barbecue-geschmack-twinuts\\\/\",\"url\":\"https:\\\/\\\/my-french-grocery.com\\\/de\\\/produkt\\\/erdnusse-mit-barbecue-geschmack-twinuts\\\/\",\"name\":\"Erdn\u00fcsse Mit Mexikanischem-Geschmack Twinuts | Online Kaufen | My French Grocery\",\"isPartOf\":{\"@id\":\"https:\\\/\\\/my-french-grocery.com\\\/de\\\/#website\"},\"primaryImageOfPage\":{\"@id\":\"https:\\\/\\\/my-french-grocery.com\\\/de\\\/produkt\\\/erdnusse-mit-barbecue-geschmack-twinuts\\\/#primaryimage\"},\"image\":{\"@id\":\"https:\\\/\\\/my-french-grocery.com\\\/de\\\/produkt\\\/erdnusse-mit-barbecue-geschmack-twinuts\\\/#primaryimage\"},\"thumbnailUrl\":\"https:\\\/\\\/my-french-grocery.com\\\/wp-content\\\/uploads\\\/2022\\\/08\\\/Twinuts-Mexican-flavor-coated-peanuts.webp\",\"datePublished\":\"2022-08-21T09:14:11+00:00\",\"dateModified\":\"2024-03-02T16:48:15+00:00\",\"description\":\"Erdn\u00fcsse Mit Mexikanischem-Geschmack Twinuts - tasche von 150 g - Eine knusprige Erdnuss Ein knuspriger Keks Ein k\u00f6stlicher Geschmack Twinunts\u00ae, der knusprige Genuss von B\u00e9n\u00e9nuts Entdecken Sie eine Vielzahl knuspriger\",\"breadcrumb\":{\"@id\":\"https:\\\/\\\/my-french-grocery.com\\\/de\\\/produkt\\\/erdnusse-mit-barbecue-geschmack-twinuts\\\/#breadcrumb\"},\"inLanguage\":\"de-DE\",\"potentialAction\":[{\"@type\":\"ReadAction\",\"target\":[\"https:\\\/\\\/my-french-grocery.com\\\/de\\\/produkt\\\/erdnusse-mit-barbecue-geschmack-twinuts\\\/\"]}]},{\"@type\":\"ImageObject\",\"inLanguage\":\"de-DE\",\"@id\":\"https:\\\/\\\/my-french-grocery.com\\\/de\\\/produkt\\\/erdnusse-mit-barbecue-geschmack-twinuts\\\/#primaryimage\",\"url\":\"https:\\\/\\\/my-french-grocery.com\\\/wp-content\\\/uploads\\\/2022\\\/08\\\/Twinuts-Mexican-flavor-coated-peanuts.webp\",\"contentUrl\":\"https:\\\/\\\/my-french-grocery.com\\\/wp-content\\\/uploads\\\/2022\\\/08\\\/Twinuts-Mexican-flavor-coated-peanuts.webp\",\"width\":1200,\"height\":1200,\"caption\":\"Erdn\u00fcsse Mit Mexikanischem-Geschmack Twinuts\"},{\"@type\":\"BreadcrumbList\",\"@id\":\"https:\\\/\\\/my-french-grocery.com\\\/de\\\/produkt\\\/erdnusse-mit-barbecue-geschmack-twinuts\\\/#breadcrumb\",\"itemListElement\":[{\"@type\":\"ListItem\",\"position\":1,\"name\":\"Home\",\"item\":\"https:\\\/\\\/my-french-grocery.com\\\/de\\\/shopping-seite\\\/\"},{\"@type\":\"ListItem\",\"position\":2,\"name\":\"Shop\",\"item\":\"https:\\\/\\\/my-french-grocery.com\\\/shop\\\/\"},{\"@type\":\"ListItem\",\"position\":3,\"name\":\"Chips &amp; Salzgeb\u00e4ck\",\"item\":\"https:\\\/\\\/my-french-grocery.com\\\/de\\\/produkt-kategorie\\\/chips-salzgebaeck\\\/\"},{\"@type\":\"ListItem\",\"position\":4,\"name\":\"Erdn\u00fcsse Mit Mexikanischem-Geschmack Twinuts\"}]},{\"@type\":\"WebSite\",\"@id\":\"https:\\\/\\\/my-french-grocery.com\\\/de\\\/#website\",\"url\":\"https:\\\/\\\/my-french-grocery.com\\\/de\\\/\",\"name\":\"My French Grocery\",\"description\":\"Your Online French Grocery  !\",\"publisher\":{\"@id\":\"https:\\\/\\\/my-french-grocery.com\\\/de\\\/#organization\"},\"potentialAction\":[{\"@type\":\"SearchAction\",\"target\":{\"@type\":\"EntryPoint\",\"urlTemplate\":\"https:\\\/\\\/my-french-grocery.com\\\/de\\\/?s={search_term_string}\"},\"query-input\":{\"@type\":\"PropertyValueSpecification\",\"valueRequired\":true,\"valueName\":\"search_term_string\"}}],\"inLanguage\":\"de-DE\"},{\"@type\":\"Organization\",\"@id\":\"https:\\\/\\\/my-french-grocery.com\\\/de\\\/#organization\",\"name\":\"MY FRENCH GROCERY\",\"url\":\"https:\\\/\\\/my-french-grocery.com\\\/de\\\/\",\"logo\":{\"@type\":\"ImageObject\",\"inLanguage\":\"de-DE\",\"@id\":\"https:\\\/\\\/my-french-grocery.com\\\/de\\\/#\\\/schema\\\/logo\\\/image\\\/\",\"url\":\"https:\\\/\\\/my-french-grocery.com\\\/wp-content\\\/uploads\\\/2021\\\/11\\\/My-French-Grocery-Online-French-Grocery.png\",\"contentUrl\":\"https:\\\/\\\/my-french-grocery.com\\\/wp-content\\\/uploads\\\/2021\\\/11\\\/My-French-Grocery-Online-French-Grocery.png\",\"width\":100,\"height\":100,\"caption\":\"MY FRENCH GROCERY\"},\"image\":{\"@id\":\"https:\\\/\\\/my-french-grocery.com\\\/de\\\/#\\\/schema\\\/logo\\\/image\\\/\"},\"sameAs\":[\"https:\\\/\\\/www.facebook.com\\\/myfrenchgrocery\\\/\"]}]}<\/script>\n<!-- \/ Yoast SEO plugin. -->","yoast_head_json":{"title":"Erdn\u00fcsse Mit Mexikanischem-Geschmack Twinuts | Online Kaufen | My French Grocery","description":"Erdn\u00fcsse Mit Mexikanischem-Geschmack Twinuts - tasche von 150 g - Eine knusprige Erdnuss Ein knuspriger Keks Ein k\u00f6stlicher Geschmack Twinunts\u00ae, der knusprige Genuss von B\u00e9n\u00e9nuts Entdecken Sie eine Vielzahl knuspriger","robots":{"index":"index","follow":"follow","max-snippet":"max-snippet:-1","max-image-preview":"max-image-preview:large","max-video-preview":"max-video-preview:-1"},"canonical":"https:\/\/my-french-grocery.com\/de\/produkt\/erdnusse-mit-barbecue-geschmack-twinuts\/","og_locale":"de_DE","og_type":"article","og_title":"Erdn\u00fcsse Mit Mexikanischem-Geschmack Twinuts | Online Kaufen | My French Grocery","og_description":"Erdn\u00fcsse Mit Mexikanischem-Geschmack Twinuts - tasche von 150 g - Eine knusprige Erdnuss Ein knuspriger Keks Ein k\u00f6stlicher Geschmack Twinunts\u00ae, der knusprige Genuss von B\u00e9n\u00e9nuts Entdecken Sie eine Vielzahl knuspriger","og_url":"https:\/\/my-french-grocery.com\/de\/produkt\/erdnusse-mit-barbecue-geschmack-twinuts\/","og_site_name":"My French Grocery","article_publisher":"https:\/\/www.facebook.com\/myfrenchgrocery\/","article_modified_time":"2024-03-02T16:48:15+00:00","og_image":[{"width":1200,"height":1200,"url":"https:\/\/my-french-grocery.com\/wp-content\/uploads\/2022\/08\/Twinuts-Mexican-flavor-coated-peanuts.webp","type":"image\/webp"}],"twitter_card":"summary_large_image","schema":{"@context":"https:\/\/schema.org","@graph":[{"@type":"WebPage","@id":"https:\/\/my-french-grocery.com\/de\/produkt\/erdnusse-mit-barbecue-geschmack-twinuts\/","url":"https:\/\/my-french-grocery.com\/de\/produkt\/erdnusse-mit-barbecue-geschmack-twinuts\/","name":"Erdn\u00fcsse Mit Mexikanischem-Geschmack Twinuts | Online Kaufen | My French Grocery","isPartOf":{"@id":"https:\/\/my-french-grocery.com\/de\/#website"},"primaryImageOfPage":{"@id":"https:\/\/my-french-grocery.com\/de\/produkt\/erdnusse-mit-barbecue-geschmack-twinuts\/#primaryimage"},"image":{"@id":"https:\/\/my-french-grocery.com\/de\/produkt\/erdnusse-mit-barbecue-geschmack-twinuts\/#primaryimage"},"thumbnailUrl":"https:\/\/my-french-grocery.com\/wp-content\/uploads\/2022\/08\/Twinuts-Mexican-flavor-coated-peanuts.webp","datePublished":"2022-08-21T09:14:11+00:00","dateModified":"2024-03-02T16:48:15+00:00","description":"Erdn\u00fcsse Mit Mexikanischem-Geschmack Twinuts - tasche von 150 g - Eine knusprige Erdnuss Ein knuspriger Keks Ein k\u00f6stlicher Geschmack Twinunts\u00ae, der knusprige Genuss von B\u00e9n\u00e9nuts Entdecken Sie eine Vielzahl knuspriger","breadcrumb":{"@id":"https:\/\/my-french-grocery.com\/de\/produkt\/erdnusse-mit-barbecue-geschmack-twinuts\/#breadcrumb"},"inLanguage":"de-DE","potentialAction":[{"@type":"ReadAction","target":["https:\/\/my-french-grocery.com\/de\/produkt\/erdnusse-mit-barbecue-geschmack-twinuts\/"]}]},{"@type":"ImageObject","inLanguage":"de-DE","@id":"https:\/\/my-french-grocery.com\/de\/produkt\/erdnusse-mit-barbecue-geschmack-twinuts\/#primaryimage","url":"https:\/\/my-french-grocery.com\/wp-content\/uploads\/2022\/08\/Twinuts-Mexican-flavor-coated-peanuts.webp","contentUrl":"https:\/\/my-french-grocery.com\/wp-content\/uploads\/2022\/08\/Twinuts-Mexican-flavor-coated-peanuts.webp","width":1200,"height":1200,"caption":"Erdn\u00fcsse Mit Mexikanischem-Geschmack Twinuts"},{"@type":"BreadcrumbList","@id":"https:\/\/my-french-grocery.com\/de\/produkt\/erdnusse-mit-barbecue-geschmack-twinuts\/#breadcrumb","itemListElement":[{"@type":"ListItem","position":1,"name":"Home","item":"https:\/\/my-french-grocery.com\/de\/shopping-seite\/"},{"@type":"ListItem","position":2,"name":"Shop","item":"https:\/\/my-french-grocery.com\/shop\/"},{"@type":"ListItem","position":3,"name":"Chips &amp; Salzgeb\u00e4ck","item":"https:\/\/my-french-grocery.com\/de\/produkt-kategorie\/chips-salzgebaeck\/"},{"@type":"ListItem","position":4,"name":"Erdn\u00fcsse Mit Mexikanischem-Geschmack Twinuts"}]},{"@type":"WebSite","@id":"https:\/\/my-french-grocery.com\/de\/#website","url":"https:\/\/my-french-grocery.com\/de\/","name":"My French Grocery","description":"Your Online French Grocery  !","publisher":{"@id":"https:\/\/my-french-grocery.com\/de\/#organization"},"potentialAction":[{"@type":"SearchAction","target":{"@type":"EntryPoint","urlTemplate":"https:\/\/my-french-grocery.com\/de\/?s={search_term_string}"},"query-input":{"@type":"PropertyValueSpecification","valueRequired":true,"valueName":"search_term_string"}}],"inLanguage":"de-DE"},{"@type":"Organization","@id":"https:\/\/my-french-grocery.com\/de\/#organization","name":"MY FRENCH GROCERY","url":"https:\/\/my-french-grocery.com\/de\/","logo":{"@type":"ImageObject","inLanguage":"de-DE","@id":"https:\/\/my-french-grocery.com\/de\/#\/schema\/logo\/image\/","url":"https:\/\/my-french-grocery.com\/wp-content\/uploads\/2021\/11\/My-French-Grocery-Online-French-Grocery.png","contentUrl":"https:\/\/my-french-grocery.com\/wp-content\/uploads\/2021\/11\/My-French-Grocery-Online-French-Grocery.png","width":100,"height":100,"caption":"MY FRENCH GROCERY"},"image":{"@id":"https:\/\/my-french-grocery.com\/de\/#\/schema\/logo\/image\/"},"sameAs":["https:\/\/www.facebook.com\/myfrenchgrocery\/"]}]}},"brands":[{"id":2448,"name":"Benenuts","slug":"benenuts-de"}],"_links":{"self":[{"href":"https:\/\/my-french-grocery.com\/de\/wp-json\/wp\/v2\/product\/30086","targetHints":{"allow":["GET"]}}],"collection":[{"href":"https:\/\/my-french-grocery.com\/de\/wp-json\/wp\/v2\/product"}],"about":[{"href":"https:\/\/my-french-grocery.com\/de\/wp-json\/wp\/v2\/types\/product"}],"replies":[{"embeddable":true,"href":"https:\/\/my-french-grocery.com\/de\/wp-json\/wp\/v2\/comments?post=30086"}],"wp:featuredmedia":[{"embeddable":true,"href":"https:\/\/my-french-grocery.com\/de\/wp-json\/wp\/v2\/media\/39101"}],"wp:attachment":[{"href":"https:\/\/my-french-grocery.com\/de\/wp-json\/wp\/v2\/media?parent=30086"}],"wp:term":[{"taxonomy":"pwb-brand","embeddable":true,"href":"https:\/\/my-french-grocery.com\/de\/wp-json\/wp\/v2\/pwb-brand?post=30086"},{"taxonomy":"product_brand","embeddable":true,"href":"https:\/\/my-french-grocery.com\/de\/wp-json\/wp\/v2\/product_brand?post=30086"},{"taxonomy":"product_cat","embeddable":true,"href":"https:\/\/my-french-grocery.com\/de\/wp-json\/wp\/v2\/product_cat?post=30086"},{"taxonomy":"product_tag","embeddable":true,"href":"https:\/\/my-french-grocery.com\/de\/wp-json\/wp\/v2\/product_tag?post=30086"}],"curies":[{"name":"wp","href":"https:\/\/api.w.org\/{rel}","templated":true}]}}