{"id":30295,"date":"2022-09-09T19:43:24","date_gmt":"2022-09-09T17:43:25","guid":{"rendered":"https:\/\/my-french-grocery.com\/?post_type=product&#038;p=30295"},"modified":"2022-09-09T19:59:15","modified_gmt":"2022-09-09T17:59:15","slug":"harrys-geflochtene-brioche-mit-perlzucker","status":"publish","type":"product","link":"https:\/\/my-french-grocery.com\/de\/produkt\/harrys-geflochtene-brioche-mit-perlzucker\/","title":{"rendered":"Harry&#8217;s Geflochtene Brioche Mit Perlzucker"},"content":{"rendered":"<p>Harry\u2019s Geflochtene Brioche Mit Perlzucker<\/p>\n<div class=\"pdp-card__header--text\"><span class=\"ds-body-text ds-body-text--weight-bold ds-body-text--size-m ds-body-text--color-standard-2\">500 g Packung\u00a0<\/span><\/div>\n<div class=\"main-details--food__shoppinglist\"><\/div>\n<div>Genie\u00dfen Sie die Weichheit und Verantwortung der einzelnen Mini-Flechtbrioches mit Perlzucker von Harrys f\u00fcr s\u00fc\u00dfe Momente zum Mitnehmen!\u00a0Alle Harrys Brioches werden in Frankreich hergestellt, mit Eiern von am Boden aufgezogenen H\u00fchnern, ohne Palm\u00f6l und ohne k\u00fcnstliche Farbstoffe.<\/div>\n<p>\u00a0<\/p>\n","protected":false},"excerpt":{"rendered":"<p>Harry&#8217;s Geflochtene Brioche Mit Perlzucker<\/p>\n<div class=\"pdp-card__header--text\"><span class=\"ds-body-text ds-body-text--weight-bold ds-body-text--size-m ds-body-text--color-standard-2\">500 g Packung\u00a0<\/span><\/div>\n","protected":false},"featured_media":30301,"comment_status":"open","ping_status":"closed","template":"","meta":[],"pwb-brand":[2428],"product_brand":[],"product_cat":[2246],"product_tag":[2427],"class_list":{"0":"post-30295","1":"product","2":"type-product","3":"status-publish","4":"has-post-thumbnail","6":"pwb-brand-harrys-de","7":"product_cat-muesli-brioches-viennoiseries","8":"product_tag-brioche-de","9":"product_shipping_class-internationaler-versand","11":"first","12":"instock","13":"taxable","14":"shipping-taxable","15":"purchasable","16":"product-type-simple"},"brands":[{"id":2428,"name":"Harrys","slug":"harrys-de"}],"_links":{"self":[{"href":"https:\/\/my-french-grocery.com\/de\/wp-json\/wp\/v2\/product\/30295","targetHints":{"allow":["GET"]}}],"collection":[{"href":"https:\/\/my-french-grocery.com\/de\/wp-json\/wp\/v2\/product"}],"about":[{"href":"https:\/\/my-french-grocery.com\/de\/wp-json\/wp\/v2\/types\/product"}],"replies":[{"embeddable":true,"href":"https:\/\/my-french-grocery.com\/de\/wp-json\/wp\/v2\/comments?post=30295"}],"wp:featuredmedia":[{"embeddable":true,"href":"https:\/\/my-french-grocery.com\/de\/wp-json\/wp\/v2\/media\/30301"}],"wp:attachment":[{"href":"https:\/\/my-french-grocery.com\/de\/wp-json\/wp\/v2\/media?parent=30295"}],"wp:term":[{"taxonomy":"pwb-brand","embeddable":true,"href":"https:\/\/my-french-grocery.com\/de\/wp-json\/wp\/v2\/pwb-brand?post=30295"},{"taxonomy":"product_brand","embeddable":true,"href":"https:\/\/my-french-grocery.com\/de\/wp-json\/wp\/v2\/product_brand?post=30295"},{"taxonomy":"product_cat","embeddable":true,"href":"https:\/\/my-french-grocery.com\/de\/wp-json\/wp\/v2\/product_cat?post=30295"},{"taxonomy":"product_tag","embeddable":true,"href":"https:\/\/my-french-grocery.com\/de\/wp-json\/wp\/v2\/product_tag?post=30295"}],"curies":[{"name":"wp","href":"https:\/\/api.w.org\/{rel}","templated":true}]}}