{"id":30673,"date":"2022-11-01T18:37:19","date_gmt":"2022-11-01T16:37:20","guid":{"rendered":"https:\/\/my-french-grocery.com\/?post_type=product&#038;p=30673"},"modified":"2022-11-01T18:48:07","modified_gmt":"2022-11-01T16:48:07","slug":"dunkle-schokolade-zitrone-sarments-du-medoc-chocolaterie-de-margaux-cemoi","status":"publish","type":"product","link":"https:\/\/my-french-grocery.com\/de\/produkt\/dunkle-schokolade-zitrone-sarments-du-medoc-chocolaterie-de-margaux-cemoi\/","title":{"rendered":"Dunkle Schokolade &#038; Zitrone Sarments Du M\u00e9doc Chocolaterie De Margaux (C\u00e9moi)"},"content":{"rendered":"<p>Dunkle Schokolade & Zitrone Sarments Du M\u00e9doc Chocolaterie De Margaux (C\u00e9moi)<\/p>\n<div class=\"pdp-card__header--text\">Packung von 155g<\/div>\n<div><\/div>\n<div>\n<div class=\"secondary-details-intro\">\n<div class=\"regulated-name\">\n<div class=\"secondary-details-intro\">\n<div class=\"regulated-name\">\n<div class=\"secondary-details-intro\">\n<div class=\"regulated-name\">\n<p class=\"paragraph\"><span>Zweige aus dunkler Schokolade mit Zitronengeschmack<\/span><\/p>\n<\/div>\n<\/div>\n<div class=\"secondary-details__description\">F\u00fcr Ihren gr\u00f6\u00dften Genuss bieten Ihnen unsere Chocolatiers eine limitierte Auflage dieses Rezepts an, das die Intensit\u00e4t von Kakao mit der zart-herben Frische von Zitrone kombiniert.<\/div>\n<\/div>\n<\/div>\n<div class=\"secondary-details__description\">\n<div id=\"data-recommandation-zone-2\" class=\"secondary-details-cross-sell\">\n<div id=\"data-advertising-undefined\" class=\"advertising-placeholder-recommendation\" data-zone=\"1\"><\/div>\n<\/div>\n<\/div>\n<\/div>\n<\/div>\n<div class=\"secondary-details__description\">\n<div id=\"data-recommandation-zone-2\" class=\"secondary-details-cross-sell\">\n<div id=\"data-advertising-undefined\" class=\"advertising-placeholder-recommendation\" data-zone=\"1\"><\/div>\n<\/div>\n<\/div>\n<\/div>\n","protected":false},"excerpt":{"rendered":"<p>Dunkle Schokolade &amp; Zitrone Sarments Du M\u00e9doc Chocolaterie De Margaux (C\u00e9moi)<\/p>\n<div class=\"pdp-card__header--text\">Packung von 155g<\/div>\n","protected":false},"featured_media":30679,"comment_status":"open","ping_status":"closed","template":"","meta":[],"pwb-brand":[2466],"product_brand":[],"product_cat":[2245,2113,2495],"product_tag":[2496],"class_list":{"0":"post-30673","1":"product","2":"type-product","3":"status-publish","4":"has-post-thumbnail","6":"pwb-brand-cemoi-de","7":"product_cat-schokolade","8":"product_cat-bonbons-de","9":"product_cat-weihnachtsprodukte","10":"product_tag-sarments-du-medoc-de","11":"product_shipping_class-internationaler-versand","13":"first","14":"outofstock","15":"taxable","16":"shipping-taxable","17":"purchasable","18":"product-type-simple"},"brands":[{"id":2466,"name":"C\u00e9moi","slug":"cemoi-de"}],"_links":{"self":[{"href":"https:\/\/my-french-grocery.com\/de\/wp-json\/wp\/v2\/product\/30673","targetHints":{"allow":["GET"]}}],"collection":[{"href":"https:\/\/my-french-grocery.com\/de\/wp-json\/wp\/v2\/product"}],"about":[{"href":"https:\/\/my-french-grocery.com\/de\/wp-json\/wp\/v2\/types\/product"}],"replies":[{"embeddable":true,"href":"https:\/\/my-french-grocery.com\/de\/wp-json\/wp\/v2\/comments?post=30673"}],"wp:featuredmedia":[{"embeddable":true,"href":"https:\/\/my-french-grocery.com\/de\/wp-json\/wp\/v2\/media\/30679"}],"wp:attachment":[{"href":"https:\/\/my-french-grocery.com\/de\/wp-json\/wp\/v2\/media?parent=30673"}],"wp:term":[{"taxonomy":"pwb-brand","embeddable":true,"href":"https:\/\/my-french-grocery.com\/de\/wp-json\/wp\/v2\/pwb-brand?post=30673"},{"taxonomy":"product_brand","embeddable":true,"href":"https:\/\/my-french-grocery.com\/de\/wp-json\/wp\/v2\/product_brand?post=30673"},{"taxonomy":"product_cat","embeddable":true,"href":"https:\/\/my-french-grocery.com\/de\/wp-json\/wp\/v2\/product_cat?post=30673"},{"taxonomy":"product_tag","embeddable":true,"href":"https:\/\/my-french-grocery.com\/de\/wp-json\/wp\/v2\/product_tag?post=30673"}],"curies":[{"name":"wp","href":"https:\/\/api.w.org\/{rel}","templated":true}]}}