{"id":30889,"date":"2022-12-06T18:17:11","date_gmt":"2022-12-06T16:17:11","guid":{"rendered":"https:\/\/my-french-grocery.com\/?post_type=product&#038;p=30889"},"modified":"2024-08-15T11:53:38","modified_gmt":"2024-08-15T09:53:38","slug":"milch-schokolade-mit-karamell-nestle-copy","status":"publish","type":"product","link":"https:\/\/my-french-grocery.com\/de\/produkt\/milch-schokolade-mit-karamell-nestle-copy\/","title":{"rendered":"Milchschokoladentr\u00fcffel Nestl\u00e9 Dessert"},"content":{"rendered":"<p>Milchschokoladentr\u00fcffel Nestl\u00e9 Dessert<\/p>\n<p>Schachtel mit 250 g<\/p>\n<p><span>Entdecken Sie unser Angebot an NESTLE DESSERT-Tr\u00fcffeln f\u00fcr Weihnachten!\u00a0<\/span><span>Lassen Sie sich von unseren NESTLE DESSERT Milchschokoladen-Schmelzherz-Tr\u00fcffeln im 250-g-Frischebeutel verf\u00fchren.\u00a0<\/span><span>Ein intensives und unnachahmliches Rezept dank seiner reinen Kakaobutter-Schokolade, seiner k\u00f6stlich schmelzenden Textur und seiner guten Vollmilch.<\/span><\/p>\n","protected":false},"excerpt":{"rendered":"<p>Milchschokoladentr\u00fcffel Nestl\u00e9 Dessert<\/p>\n<p>Schachtel mit 250 g<\/p>\n<p>&nbsp;<\/p>\n","protected":false},"featured_media":51719,"comment_status":"open","ping_status":"closed","template":"","meta":[],"pwb-brand":[4021],"product_brand":[],"product_cat":[2241,2245,2495],"product_tag":[2690,2357],"class_list":{"0":"post-30889","1":"product","2":"type-product","3":"status-publish","4":"has-post-thumbnail","6":"pwb-brand-nestle-de","7":"product_cat-baeckerei","8":"product_cat-schokolade","9":"product_cat-weihnachtsprodukte","10":"product_tag-nachtisch","11":"product_tag-schokolade","12":"product_shipping_class-internationaler-versand","14":"first","15":"outofstock","16":"taxable","17":"shipping-taxable","18":"purchasable","19":"product-type-simple"},"yoast_head":"<!-- This site is optimized with the Yoast SEO plugin v27.3 - https:\/\/yoast.com\/product\/yoast-seo-wordpress\/ -->\n<title>Milchschokoladentr\u00fcffel Nestl\u00e9 Dessert | Online Kaufen | My French Grocery<\/title>\n<meta name=\"description\" content=\"Milchschokoladentr\u00fcffel Nestl\u00e9 Dessert - Schachtel mit 250 g - Entdecken Sie unser Angebot an NESTLE DESSERT-Tr\u00fcffeln f\u00fcr Weihnachten!\u00a0\" \/>\n<meta name=\"robots\" content=\"index, follow, max-snippet:-1, max-image-preview:large, max-video-preview:-1\" \/>\n<link rel=\"canonical\" href=\"https:\/\/my-french-grocery.com\/de\/produkt\/milch-schokolade-mit-karamell-nestle-copy\/\" \/>\n<meta property=\"og:locale\" content=\"de_DE\" \/>\n<meta property=\"og:type\" content=\"article\" \/>\n<meta property=\"og:title\" content=\"Milchschokoladentr\u00fcffel Nestl\u00e9 Dessert | Online Kaufen | My French Grocery\" \/>\n<meta property=\"og:description\" content=\"Milchschokoladentr\u00fcffel Nestl\u00e9 Dessert - Schachtel mit 250 g - Entdecken Sie unser Angebot an NESTLE DESSERT-Tr\u00fcffeln f\u00fcr Weihnachten!\u00a0\" \/>\n<meta property=\"og:url\" content=\"https:\/\/my-french-grocery.com\/de\/produkt\/milch-schokolade-mit-karamell-nestle-copy\/\" \/>\n<meta property=\"og:site_name\" content=\"My French Grocery\" \/>\n<meta property=\"article:publisher\" content=\"https:\/\/www.facebook.com\/myfrenchgrocery\/\" \/>\n<meta property=\"article:modified_time\" content=\"2024-08-15T09:53:38+00:00\" \/>\n<meta property=\"og:image\" content=\"https:\/\/my-french-grocery.com\/wp-content\/uploads\/2022\/12\/Truffes-Nestle.jpg\" \/>\n\t<meta property=\"og:image:width\" content=\"540\" \/>\n\t<meta property=\"og:image:height\" content=\"540\" \/>\n\t<meta property=\"og:image:type\" content=\"image\/jpeg\" \/>\n<meta name=\"twitter:card\" content=\"summary_large_image\" \/>\n<script type=\"application\/ld+json\" class=\"yoast-schema-graph\">{\"@context\":\"https:\\\/\\\/schema.org\",\"@graph\":[{\"@type\":\"WebPage\",\"@id\":\"https:\\\/\\\/my-french-grocery.com\\\/de\\\/produkt\\\/milch-schokolade-mit-karamell-nestle-copy\\\/\",\"url\":\"https:\\\/\\\/my-french-grocery.com\\\/de\\\/produkt\\\/milch-schokolade-mit-karamell-nestle-copy\\\/\",\"name\":\"Milchschokoladentr\u00fcffel Nestl\u00e9 Dessert | Online Kaufen | My French Grocery\",\"isPartOf\":{\"@id\":\"https:\\\/\\\/my-french-grocery.com\\\/de\\\/#website\"},\"primaryImageOfPage\":{\"@id\":\"https:\\\/\\\/my-french-grocery.com\\\/de\\\/produkt\\\/milch-schokolade-mit-karamell-nestle-copy\\\/#primaryimage\"},\"image\":{\"@id\":\"https:\\\/\\\/my-french-grocery.com\\\/de\\\/produkt\\\/milch-schokolade-mit-karamell-nestle-copy\\\/#primaryimage\"},\"thumbnailUrl\":\"https:\\\/\\\/my-french-grocery.com\\\/wp-content\\\/uploads\\\/2022\\\/12\\\/11154648-ep0jcvpgb8-ecommint.jpg\",\"datePublished\":\"2022-12-06T16:17:11+00:00\",\"dateModified\":\"2024-08-15T09:53:38+00:00\",\"description\":\"Milchschokoladentr\u00fcffel Nestl\u00e9 Dessert - Schachtel mit 250 g - Entdecken Sie unser Angebot an NESTLE DESSERT-Tr\u00fcffeln f\u00fcr Weihnachten!\u00a0\",\"breadcrumb\":{\"@id\":\"https:\\\/\\\/my-french-grocery.com\\\/de\\\/produkt\\\/milch-schokolade-mit-karamell-nestle-copy\\\/#breadcrumb\"},\"inLanguage\":\"de-DE\",\"potentialAction\":[{\"@type\":\"ReadAction\",\"target\":[\"https:\\\/\\\/my-french-grocery.com\\\/de\\\/produkt\\\/milch-schokolade-mit-karamell-nestle-copy\\\/\"]}]},{\"@type\":\"ImageObject\",\"inLanguage\":\"de-DE\",\"@id\":\"https:\\\/\\\/my-french-grocery.com\\\/de\\\/produkt\\\/milch-schokolade-mit-karamell-nestle-copy\\\/#primaryimage\",\"url\":\"https:\\\/\\\/my-french-grocery.com\\\/wp-content\\\/uploads\\\/2022\\\/12\\\/11154648-ep0jcvpgb8-ecommint.jpg\",\"contentUrl\":\"https:\\\/\\\/my-french-grocery.com\\\/wp-content\\\/uploads\\\/2022\\\/12\\\/11154648-ep0jcvpgb8-ecommint.jpg\",\"width\":1048,\"height\":1048},{\"@type\":\"BreadcrumbList\",\"@id\":\"https:\\\/\\\/my-french-grocery.com\\\/de\\\/produkt\\\/milch-schokolade-mit-karamell-nestle-copy\\\/#breadcrumb\",\"itemListElement\":[{\"@type\":\"ListItem\",\"position\":1,\"name\":\"Home\",\"item\":\"https:\\\/\\\/my-french-grocery.com\\\/de\\\/shopping-seite\\\/\"},{\"@type\":\"ListItem\",\"position\":2,\"name\":\"Shop\",\"item\":\"https:\\\/\\\/my-french-grocery.com\\\/shop\\\/\"},{\"@type\":\"ListItem\",\"position\":3,\"name\":\"B\u00e4ckerei\",\"item\":\"https:\\\/\\\/my-french-grocery.com\\\/de\\\/produkt-kategorie\\\/baeckerei\\\/\"},{\"@type\":\"ListItem\",\"position\":4,\"name\":\"Milchschokoladentr\u00fcffel Nestl\u00e9 Dessert\"}]},{\"@type\":\"WebSite\",\"@id\":\"https:\\\/\\\/my-french-grocery.com\\\/de\\\/#website\",\"url\":\"https:\\\/\\\/my-french-grocery.com\\\/de\\\/\",\"name\":\"My French Grocery\",\"description\":\"Your Online French Grocery  !\",\"publisher\":{\"@id\":\"https:\\\/\\\/my-french-grocery.com\\\/de\\\/#organization\"},\"potentialAction\":[{\"@type\":\"SearchAction\",\"target\":{\"@type\":\"EntryPoint\",\"urlTemplate\":\"https:\\\/\\\/my-french-grocery.com\\\/de\\\/?s={search_term_string}\"},\"query-input\":{\"@type\":\"PropertyValueSpecification\",\"valueRequired\":true,\"valueName\":\"search_term_string\"}}],\"inLanguage\":\"de-DE\"},{\"@type\":\"Organization\",\"@id\":\"https:\\\/\\\/my-french-grocery.com\\\/de\\\/#organization\",\"name\":\"MY FRENCH GROCERY\",\"url\":\"https:\\\/\\\/my-french-grocery.com\\\/de\\\/\",\"logo\":{\"@type\":\"ImageObject\",\"inLanguage\":\"de-DE\",\"@id\":\"https:\\\/\\\/my-french-grocery.com\\\/de\\\/#\\\/schema\\\/logo\\\/image\\\/\",\"url\":\"https:\\\/\\\/my-french-grocery.com\\\/wp-content\\\/uploads\\\/2021\\\/11\\\/My-French-Grocery-Online-French-Grocery.png\",\"contentUrl\":\"https:\\\/\\\/my-french-grocery.com\\\/wp-content\\\/uploads\\\/2021\\\/11\\\/My-French-Grocery-Online-French-Grocery.png\",\"width\":100,\"height\":100,\"caption\":\"MY FRENCH GROCERY\"},\"image\":{\"@id\":\"https:\\\/\\\/my-french-grocery.com\\\/de\\\/#\\\/schema\\\/logo\\\/image\\\/\"},\"sameAs\":[\"https:\\\/\\\/www.facebook.com\\\/myfrenchgrocery\\\/\"]}]}<\/script>\n<!-- \/ Yoast SEO plugin. -->","yoast_head_json":{"title":"Milchschokoladentr\u00fcffel Nestl\u00e9 Dessert | Online Kaufen | My French Grocery","description":"Milchschokoladentr\u00fcffel Nestl\u00e9 Dessert - Schachtel mit 250 g - Entdecken Sie unser Angebot an NESTLE DESSERT-Tr\u00fcffeln f\u00fcr Weihnachten!\u00a0","robots":{"index":"index","follow":"follow","max-snippet":"max-snippet:-1","max-image-preview":"max-image-preview:large","max-video-preview":"max-video-preview:-1"},"canonical":"https:\/\/my-french-grocery.com\/de\/produkt\/milch-schokolade-mit-karamell-nestle-copy\/","og_locale":"de_DE","og_type":"article","og_title":"Milchschokoladentr\u00fcffel Nestl\u00e9 Dessert | Online Kaufen | My French Grocery","og_description":"Milchschokoladentr\u00fcffel Nestl\u00e9 Dessert - Schachtel mit 250 g - Entdecken Sie unser Angebot an NESTLE DESSERT-Tr\u00fcffeln f\u00fcr Weihnachten!\u00a0","og_url":"https:\/\/my-french-grocery.com\/de\/produkt\/milch-schokolade-mit-karamell-nestle-copy\/","og_site_name":"My French Grocery","article_publisher":"https:\/\/www.facebook.com\/myfrenchgrocery\/","article_modified_time":"2024-08-15T09:53:38+00:00","og_image":[{"width":540,"height":540,"url":"https:\/\/my-french-grocery.com\/wp-content\/uploads\/2022\/12\/Truffes-Nestle.jpg","type":"image\/jpeg"}],"twitter_card":"summary_large_image","schema":{"@context":"https:\/\/schema.org","@graph":[{"@type":"WebPage","@id":"https:\/\/my-french-grocery.com\/de\/produkt\/milch-schokolade-mit-karamell-nestle-copy\/","url":"https:\/\/my-french-grocery.com\/de\/produkt\/milch-schokolade-mit-karamell-nestle-copy\/","name":"Milchschokoladentr\u00fcffel Nestl\u00e9 Dessert | Online Kaufen | My French Grocery","isPartOf":{"@id":"https:\/\/my-french-grocery.com\/de\/#website"},"primaryImageOfPage":{"@id":"https:\/\/my-french-grocery.com\/de\/produkt\/milch-schokolade-mit-karamell-nestle-copy\/#primaryimage"},"image":{"@id":"https:\/\/my-french-grocery.com\/de\/produkt\/milch-schokolade-mit-karamell-nestle-copy\/#primaryimage"},"thumbnailUrl":"https:\/\/my-french-grocery.com\/wp-content\/uploads\/2022\/12\/11154648-ep0jcvpgb8-ecommint.jpg","datePublished":"2022-12-06T16:17:11+00:00","dateModified":"2024-08-15T09:53:38+00:00","description":"Milchschokoladentr\u00fcffel Nestl\u00e9 Dessert - Schachtel mit 250 g - Entdecken Sie unser Angebot an NESTLE DESSERT-Tr\u00fcffeln f\u00fcr Weihnachten!\u00a0","breadcrumb":{"@id":"https:\/\/my-french-grocery.com\/de\/produkt\/milch-schokolade-mit-karamell-nestle-copy\/#breadcrumb"},"inLanguage":"de-DE","potentialAction":[{"@type":"ReadAction","target":["https:\/\/my-french-grocery.com\/de\/produkt\/milch-schokolade-mit-karamell-nestle-copy\/"]}]},{"@type":"ImageObject","inLanguage":"de-DE","@id":"https:\/\/my-french-grocery.com\/de\/produkt\/milch-schokolade-mit-karamell-nestle-copy\/#primaryimage","url":"https:\/\/my-french-grocery.com\/wp-content\/uploads\/2022\/12\/11154648-ep0jcvpgb8-ecommint.jpg","contentUrl":"https:\/\/my-french-grocery.com\/wp-content\/uploads\/2022\/12\/11154648-ep0jcvpgb8-ecommint.jpg","width":1048,"height":1048},{"@type":"BreadcrumbList","@id":"https:\/\/my-french-grocery.com\/de\/produkt\/milch-schokolade-mit-karamell-nestle-copy\/#breadcrumb","itemListElement":[{"@type":"ListItem","position":1,"name":"Home","item":"https:\/\/my-french-grocery.com\/de\/shopping-seite\/"},{"@type":"ListItem","position":2,"name":"Shop","item":"https:\/\/my-french-grocery.com\/shop\/"},{"@type":"ListItem","position":3,"name":"B\u00e4ckerei","item":"https:\/\/my-french-grocery.com\/de\/produkt-kategorie\/baeckerei\/"},{"@type":"ListItem","position":4,"name":"Milchschokoladentr\u00fcffel Nestl\u00e9 Dessert"}]},{"@type":"WebSite","@id":"https:\/\/my-french-grocery.com\/de\/#website","url":"https:\/\/my-french-grocery.com\/de\/","name":"My French Grocery","description":"Your Online French Grocery  !","publisher":{"@id":"https:\/\/my-french-grocery.com\/de\/#organization"},"potentialAction":[{"@type":"SearchAction","target":{"@type":"EntryPoint","urlTemplate":"https:\/\/my-french-grocery.com\/de\/?s={search_term_string}"},"query-input":{"@type":"PropertyValueSpecification","valueRequired":true,"valueName":"search_term_string"}}],"inLanguage":"de-DE"},{"@type":"Organization","@id":"https:\/\/my-french-grocery.com\/de\/#organization","name":"MY FRENCH GROCERY","url":"https:\/\/my-french-grocery.com\/de\/","logo":{"@type":"ImageObject","inLanguage":"de-DE","@id":"https:\/\/my-french-grocery.com\/de\/#\/schema\/logo\/image\/","url":"https:\/\/my-french-grocery.com\/wp-content\/uploads\/2021\/11\/My-French-Grocery-Online-French-Grocery.png","contentUrl":"https:\/\/my-french-grocery.com\/wp-content\/uploads\/2021\/11\/My-French-Grocery-Online-French-Grocery.png","width":100,"height":100,"caption":"MY FRENCH GROCERY"},"image":{"@id":"https:\/\/my-french-grocery.com\/de\/#\/schema\/logo\/image\/"},"sameAs":["https:\/\/www.facebook.com\/myfrenchgrocery\/"]}]}},"brands":[{"id":4021,"name":"Nestl\u00e9","slug":"nestle-de"}],"_links":{"self":[{"href":"https:\/\/my-french-grocery.com\/de\/wp-json\/wp\/v2\/product\/30889","targetHints":{"allow":["GET"]}}],"collection":[{"href":"https:\/\/my-french-grocery.com\/de\/wp-json\/wp\/v2\/product"}],"about":[{"href":"https:\/\/my-french-grocery.com\/de\/wp-json\/wp\/v2\/types\/product"}],"replies":[{"embeddable":true,"href":"https:\/\/my-french-grocery.com\/de\/wp-json\/wp\/v2\/comments?post=30889"}],"wp:featuredmedia":[{"embeddable":true,"href":"https:\/\/my-french-grocery.com\/de\/wp-json\/wp\/v2\/media\/51719"}],"wp:attachment":[{"href":"https:\/\/my-french-grocery.com\/de\/wp-json\/wp\/v2\/media?parent=30889"}],"wp:term":[{"taxonomy":"pwb-brand","embeddable":true,"href":"https:\/\/my-french-grocery.com\/de\/wp-json\/wp\/v2\/pwb-brand?post=30889"},{"taxonomy":"product_brand","embeddable":true,"href":"https:\/\/my-french-grocery.com\/de\/wp-json\/wp\/v2\/product_brand?post=30889"},{"taxonomy":"product_cat","embeddable":true,"href":"https:\/\/my-french-grocery.com\/de\/wp-json\/wp\/v2\/product_cat?post=30889"},{"taxonomy":"product_tag","embeddable":true,"href":"https:\/\/my-french-grocery.com\/de\/wp-json\/wp\/v2\/product_tag?post=30889"}],"curies":[{"name":"wp","href":"https:\/\/api.w.org\/{rel}","templated":true}]}}