{"id":34074,"date":"2023-07-03T17:07:17","date_gmt":"2023-07-03T15:07:17","guid":{"rendered":"https:\/\/my-french-grocery.com\/?post_type=product&#038;p=34074"},"modified":"2024-03-23T14:42:29","modified_gmt":"2024-03-23T12:42:29","slug":"rekonstruierendes-shampoo-fur-langes-geschadigtes-haar-elseve-loreal-copy","status":"publish","type":"product","link":"https:\/\/my-french-grocery.com\/de\/produkt\/rekonstruierendes-shampoo-fur-langes-geschadigtes-haar-elseve-loreal-copy\/","title":{"rendered":"Color-Vive Farbschutz-Pflegeshampoo Elseve &#8211; L&#8217;Or\u00e9al"},"content":{"rendered":"<p>Color-Vive Farbschutz-Pflegeshampoo Elseve &#8211; L&#8217;Or\u00e9al<\/p>\n<p>250 ml Flasche<\/p>\n<p><span>Farbschutz-Pflegeshampoo f\u00fcr gef\u00e4rbtes oder gestr\u00e4hntes Haar, angereichert mit Pfingstrose und UV-Filter f\u00fcr intensive Ern\u00e4hrung und gesch\u00fctzte Farbe f\u00fcr bis zu 10 Wochen*.\u00a0<\/span><span>*Instrumenteller Test nach Anwendung von Shampoo + Maske aus der Serie|\u2022 100 % recycelte* und recycelbare Plastikflasche|\u2022 Hergestellt in Frankreich|*ohne Farbstoffe und Verschluss.\u00a0<\/span><span>Bew\u00e4hrte Ergebnisse: Sch\u00fctzt alle farbbehandelten oder gestr\u00e4hnten Haare bis zu 10 Wochen lang*: Verl\u00e4ngert die Farbintensit\u00e4t und Lebendigkeit** und pflegt das Haar f\u00fcr seidiges Gef\u00fchl und lebendige Farben.\u00a0<\/span><span>*Instrumenteller Test nach Anwendung von Shampoo und Sp\u00fclung aus der Serie **Verbrauchertest nach Anwendung von Shampoo und Sp\u00fclung aus der Serie<\/span><\/p>\n","protected":false},"excerpt":{"rendered":"<p>Color-Vive Farbschutz-Pflegeshampoo Elseve &#8211; L&#8217;Or\u00e9al<\/p>\n<p>250 ml Flasche<\/p>\n","protected":false},"featured_media":34111,"comment_status":"open","ping_status":"closed","template":"","meta":[],"pwb-brand":[3325],"product_brand":[],"product_cat":[2201,2200],"product_tag":[2618],"class_list":{"0":"post-34074","1":"product","2":"type-product","3":"status-publish","4":"has-post-thumbnail","6":"pwb-brand-loreal-de","7":"product_cat-shampoo-de","8":"product_cat-shampoo-spulung-haarpflege","9":"product_tag-shampoo-de","10":"product_shipping_class-internationaler-versand","12":"first","13":"instock","14":"taxable","15":"shipping-taxable","16":"purchasable","17":"product-type-simple"},"yoast_head":"<!-- This site is optimized with the Yoast SEO plugin v27.3 - https:\/\/yoast.com\/product\/yoast-seo-wordpress\/ -->\n<title>Color-Vive Farbschutz-Pflegeshampoo Elseve - L&#039;Or\u00e9al | Online Kaufen | My French Grocery<\/title>\n<meta name=\"description\" content=\"Color-Vive Farbschutz-Pflegeshampoo Elseve - L&#039;Or\u00e9al - 250 ml Flasche - Farbschutz-Pflegeshampoo f\u00fcr gef\u00e4rbtes oder gestr\u00e4hntes Haar, angereichert mit Pfingstrose und UV-Filter\" \/>\n<meta name=\"robots\" content=\"index, follow, max-snippet:-1, max-image-preview:large, max-video-preview:-1\" \/>\n<link rel=\"canonical\" href=\"https:\/\/my-french-grocery.com\/de\/produkt\/rekonstruierendes-shampoo-fur-langes-geschadigtes-haar-elseve-loreal-copy\/\" \/>\n<meta property=\"og:locale\" content=\"de_DE\" \/>\n<meta property=\"og:type\" content=\"article\" \/>\n<meta property=\"og:title\" content=\"Color-Vive Farbschutz-Pflegeshampoo Elseve - L&#039;Or\u00e9al | Online Kaufen | My French Grocery\" \/>\n<meta property=\"og:description\" content=\"Color-Vive Farbschutz-Pflegeshampoo Elseve - L&#039;Or\u00e9al - 250 ml Flasche - Farbschutz-Pflegeshampoo f\u00fcr gef\u00e4rbtes oder gestr\u00e4hntes Haar, angereichert mit Pfingstrose und UV-Filter\" \/>\n<meta property=\"og:url\" content=\"https:\/\/my-french-grocery.com\/de\/produkt\/rekonstruierendes-shampoo-fur-langes-geschadigtes-haar-elseve-loreal-copy\/\" \/>\n<meta property=\"og:site_name\" content=\"My French Grocery\" \/>\n<meta property=\"article:publisher\" content=\"https:\/\/www.facebook.com\/myfrenchgrocery\/\" \/>\n<meta property=\"article:modified_time\" content=\"2024-03-23T12:42:29+00:00\" \/>\n<meta property=\"og:image\" content=\"https:\/\/my-french-grocery.com\/wp-content\/uploads\/2023\/07\/Elseve-Color-Vive-Shampoing-Soin-Protection-Couleur.jpg\" \/>\n\t<meta property=\"og:image:width\" content=\"465\" \/>\n\t<meta property=\"og:image:height\" content=\"465\" \/>\n\t<meta property=\"og:image:type\" content=\"image\/jpeg\" \/>\n<meta name=\"twitter:card\" content=\"summary_large_image\" \/>\n<meta name=\"twitter:label1\" content=\"Gesch\u00e4tzte Lesezeit\" \/>\n\t<meta name=\"twitter:data1\" content=\"1 minute\" \/>\n<script type=\"application\/ld+json\" class=\"yoast-schema-graph\">{\"@context\":\"https:\\\/\\\/schema.org\",\"@graph\":[{\"@type\":\"WebPage\",\"@id\":\"https:\\\/\\\/my-french-grocery.com\\\/de\\\/produkt\\\/rekonstruierendes-shampoo-fur-langes-geschadigtes-haar-elseve-loreal-copy\\\/\",\"url\":\"https:\\\/\\\/my-french-grocery.com\\\/de\\\/produkt\\\/rekonstruierendes-shampoo-fur-langes-geschadigtes-haar-elseve-loreal-copy\\\/\",\"name\":\"Color-Vive Farbschutz-Pflegeshampoo Elseve - L'Or\u00e9al | Online Kaufen | My French Grocery\",\"isPartOf\":{\"@id\":\"https:\\\/\\\/my-french-grocery.com\\\/de\\\/#website\"},\"primaryImageOfPage\":{\"@id\":\"https:\\\/\\\/my-french-grocery.com\\\/de\\\/produkt\\\/rekonstruierendes-shampoo-fur-langes-geschadigtes-haar-elseve-loreal-copy\\\/#primaryimage\"},\"image\":{\"@id\":\"https:\\\/\\\/my-french-grocery.com\\\/de\\\/produkt\\\/rekonstruierendes-shampoo-fur-langes-geschadigtes-haar-elseve-loreal-copy\\\/#primaryimage\"},\"thumbnailUrl\":\"https:\\\/\\\/my-french-grocery.com\\\/wp-content\\\/uploads\\\/2023\\\/07\\\/Elseve-Color-Vive-Shampoing-Soin-Protection-Couleur2.jpg\",\"datePublished\":\"2023-07-03T15:07:17+00:00\",\"dateModified\":\"2024-03-23T12:42:29+00:00\",\"description\":\"Color-Vive Farbschutz-Pflegeshampoo Elseve - L'Or\u00e9al - 250 ml Flasche - Farbschutz-Pflegeshampoo f\u00fcr gef\u00e4rbtes oder gestr\u00e4hntes Haar, angereichert mit Pfingstrose und UV-Filter\",\"breadcrumb\":{\"@id\":\"https:\\\/\\\/my-french-grocery.com\\\/de\\\/produkt\\\/rekonstruierendes-shampoo-fur-langes-geschadigtes-haar-elseve-loreal-copy\\\/#breadcrumb\"},\"inLanguage\":\"de-DE\",\"potentialAction\":[{\"@type\":\"ReadAction\",\"target\":[\"https:\\\/\\\/my-french-grocery.com\\\/de\\\/produkt\\\/rekonstruierendes-shampoo-fur-langes-geschadigtes-haar-elseve-loreal-copy\\\/\"]}]},{\"@type\":\"ImageObject\",\"inLanguage\":\"de-DE\",\"@id\":\"https:\\\/\\\/my-french-grocery.com\\\/de\\\/produkt\\\/rekonstruierendes-shampoo-fur-langes-geschadigtes-haar-elseve-loreal-copy\\\/#primaryimage\",\"url\":\"https:\\\/\\\/my-french-grocery.com\\\/wp-content\\\/uploads\\\/2023\\\/07\\\/Elseve-Color-Vive-Shampoing-Soin-Protection-Couleur2.jpg\",\"contentUrl\":\"https:\\\/\\\/my-french-grocery.com\\\/wp-content\\\/uploads\\\/2023\\\/07\\\/Elseve-Color-Vive-Shampoing-Soin-Protection-Couleur2.jpg\",\"width\":1200,\"height\":1200},{\"@type\":\"BreadcrumbList\",\"@id\":\"https:\\\/\\\/my-french-grocery.com\\\/de\\\/produkt\\\/rekonstruierendes-shampoo-fur-langes-geschadigtes-haar-elseve-loreal-copy\\\/#breadcrumb\",\"itemListElement\":[{\"@type\":\"ListItem\",\"position\":1,\"name\":\"Home\",\"item\":\"https:\\\/\\\/my-french-grocery.com\\\/de\\\/shopping-seite\\\/\"},{\"@type\":\"ListItem\",\"position\":2,\"name\":\"Shop\",\"item\":\"https:\\\/\\\/my-french-grocery.com\\\/shop\\\/\"},{\"@type\":\"ListItem\",\"position\":3,\"name\":\"Shampoo\",\"item\":\"https:\\\/\\\/my-french-grocery.com\\\/de\\\/produkt-kategorie\\\/shampoo-de\\\/\"},{\"@type\":\"ListItem\",\"position\":4,\"name\":\"Color-Vive Farbschutz-Pflegeshampoo Elseve &#8211; L&#8217;Or\u00e9al\"}]},{\"@type\":\"WebSite\",\"@id\":\"https:\\\/\\\/my-french-grocery.com\\\/de\\\/#website\",\"url\":\"https:\\\/\\\/my-french-grocery.com\\\/de\\\/\",\"name\":\"My French Grocery\",\"description\":\"Your Online French Grocery  !\",\"publisher\":{\"@id\":\"https:\\\/\\\/my-french-grocery.com\\\/de\\\/#organization\"},\"potentialAction\":[{\"@type\":\"SearchAction\",\"target\":{\"@type\":\"EntryPoint\",\"urlTemplate\":\"https:\\\/\\\/my-french-grocery.com\\\/de\\\/?s={search_term_string}\"},\"query-input\":{\"@type\":\"PropertyValueSpecification\",\"valueRequired\":true,\"valueName\":\"search_term_string\"}}],\"inLanguage\":\"de-DE\"},{\"@type\":\"Organization\",\"@id\":\"https:\\\/\\\/my-french-grocery.com\\\/de\\\/#organization\",\"name\":\"MY FRENCH GROCERY\",\"url\":\"https:\\\/\\\/my-french-grocery.com\\\/de\\\/\",\"logo\":{\"@type\":\"ImageObject\",\"inLanguage\":\"de-DE\",\"@id\":\"https:\\\/\\\/my-french-grocery.com\\\/de\\\/#\\\/schema\\\/logo\\\/image\\\/\",\"url\":\"https:\\\/\\\/my-french-grocery.com\\\/wp-content\\\/uploads\\\/2021\\\/11\\\/My-French-Grocery-Online-French-Grocery.png\",\"contentUrl\":\"https:\\\/\\\/my-french-grocery.com\\\/wp-content\\\/uploads\\\/2021\\\/11\\\/My-French-Grocery-Online-French-Grocery.png\",\"width\":100,\"height\":100,\"caption\":\"MY FRENCH GROCERY\"},\"image\":{\"@id\":\"https:\\\/\\\/my-french-grocery.com\\\/de\\\/#\\\/schema\\\/logo\\\/image\\\/\"},\"sameAs\":[\"https:\\\/\\\/www.facebook.com\\\/myfrenchgrocery\\\/\"]}]}<\/script>\n<!-- \/ Yoast SEO plugin. -->","yoast_head_json":{"title":"Color-Vive Farbschutz-Pflegeshampoo Elseve - L'Or\u00e9al | Online Kaufen | My French Grocery","description":"Color-Vive Farbschutz-Pflegeshampoo Elseve - L'Or\u00e9al - 250 ml Flasche - Farbschutz-Pflegeshampoo f\u00fcr gef\u00e4rbtes oder gestr\u00e4hntes Haar, angereichert mit Pfingstrose und UV-Filter","robots":{"index":"index","follow":"follow","max-snippet":"max-snippet:-1","max-image-preview":"max-image-preview:large","max-video-preview":"max-video-preview:-1"},"canonical":"https:\/\/my-french-grocery.com\/de\/produkt\/rekonstruierendes-shampoo-fur-langes-geschadigtes-haar-elseve-loreal-copy\/","og_locale":"de_DE","og_type":"article","og_title":"Color-Vive Farbschutz-Pflegeshampoo Elseve - L'Or\u00e9al | Online Kaufen | My French Grocery","og_description":"Color-Vive Farbschutz-Pflegeshampoo Elseve - L'Or\u00e9al - 250 ml Flasche - Farbschutz-Pflegeshampoo f\u00fcr gef\u00e4rbtes oder gestr\u00e4hntes Haar, angereichert mit Pfingstrose und UV-Filter","og_url":"https:\/\/my-french-grocery.com\/de\/produkt\/rekonstruierendes-shampoo-fur-langes-geschadigtes-haar-elseve-loreal-copy\/","og_site_name":"My French Grocery","article_publisher":"https:\/\/www.facebook.com\/myfrenchgrocery\/","article_modified_time":"2024-03-23T12:42:29+00:00","og_image":[{"width":465,"height":465,"url":"https:\/\/my-french-grocery.com\/wp-content\/uploads\/2023\/07\/Elseve-Color-Vive-Shampoing-Soin-Protection-Couleur.jpg","type":"image\/jpeg"}],"twitter_card":"summary_large_image","twitter_misc":{"Gesch\u00e4tzte Lesezeit":"1 minute"},"schema":{"@context":"https:\/\/schema.org","@graph":[{"@type":"WebPage","@id":"https:\/\/my-french-grocery.com\/de\/produkt\/rekonstruierendes-shampoo-fur-langes-geschadigtes-haar-elseve-loreal-copy\/","url":"https:\/\/my-french-grocery.com\/de\/produkt\/rekonstruierendes-shampoo-fur-langes-geschadigtes-haar-elseve-loreal-copy\/","name":"Color-Vive Farbschutz-Pflegeshampoo Elseve - L'Or\u00e9al | Online Kaufen | My French Grocery","isPartOf":{"@id":"https:\/\/my-french-grocery.com\/de\/#website"},"primaryImageOfPage":{"@id":"https:\/\/my-french-grocery.com\/de\/produkt\/rekonstruierendes-shampoo-fur-langes-geschadigtes-haar-elseve-loreal-copy\/#primaryimage"},"image":{"@id":"https:\/\/my-french-grocery.com\/de\/produkt\/rekonstruierendes-shampoo-fur-langes-geschadigtes-haar-elseve-loreal-copy\/#primaryimage"},"thumbnailUrl":"https:\/\/my-french-grocery.com\/wp-content\/uploads\/2023\/07\/Elseve-Color-Vive-Shampoing-Soin-Protection-Couleur2.jpg","datePublished":"2023-07-03T15:07:17+00:00","dateModified":"2024-03-23T12:42:29+00:00","description":"Color-Vive Farbschutz-Pflegeshampoo Elseve - L'Or\u00e9al - 250 ml Flasche - Farbschutz-Pflegeshampoo f\u00fcr gef\u00e4rbtes oder gestr\u00e4hntes Haar, angereichert mit Pfingstrose und UV-Filter","breadcrumb":{"@id":"https:\/\/my-french-grocery.com\/de\/produkt\/rekonstruierendes-shampoo-fur-langes-geschadigtes-haar-elseve-loreal-copy\/#breadcrumb"},"inLanguage":"de-DE","potentialAction":[{"@type":"ReadAction","target":["https:\/\/my-french-grocery.com\/de\/produkt\/rekonstruierendes-shampoo-fur-langes-geschadigtes-haar-elseve-loreal-copy\/"]}]},{"@type":"ImageObject","inLanguage":"de-DE","@id":"https:\/\/my-french-grocery.com\/de\/produkt\/rekonstruierendes-shampoo-fur-langes-geschadigtes-haar-elseve-loreal-copy\/#primaryimage","url":"https:\/\/my-french-grocery.com\/wp-content\/uploads\/2023\/07\/Elseve-Color-Vive-Shampoing-Soin-Protection-Couleur2.jpg","contentUrl":"https:\/\/my-french-grocery.com\/wp-content\/uploads\/2023\/07\/Elseve-Color-Vive-Shampoing-Soin-Protection-Couleur2.jpg","width":1200,"height":1200},{"@type":"BreadcrumbList","@id":"https:\/\/my-french-grocery.com\/de\/produkt\/rekonstruierendes-shampoo-fur-langes-geschadigtes-haar-elseve-loreal-copy\/#breadcrumb","itemListElement":[{"@type":"ListItem","position":1,"name":"Home","item":"https:\/\/my-french-grocery.com\/de\/shopping-seite\/"},{"@type":"ListItem","position":2,"name":"Shop","item":"https:\/\/my-french-grocery.com\/shop\/"},{"@type":"ListItem","position":3,"name":"Shampoo","item":"https:\/\/my-french-grocery.com\/de\/produkt-kategorie\/shampoo-de\/"},{"@type":"ListItem","position":4,"name":"Color-Vive Farbschutz-Pflegeshampoo Elseve &#8211; L&#8217;Or\u00e9al"}]},{"@type":"WebSite","@id":"https:\/\/my-french-grocery.com\/de\/#website","url":"https:\/\/my-french-grocery.com\/de\/","name":"My French Grocery","description":"Your Online French Grocery  !","publisher":{"@id":"https:\/\/my-french-grocery.com\/de\/#organization"},"potentialAction":[{"@type":"SearchAction","target":{"@type":"EntryPoint","urlTemplate":"https:\/\/my-french-grocery.com\/de\/?s={search_term_string}"},"query-input":{"@type":"PropertyValueSpecification","valueRequired":true,"valueName":"search_term_string"}}],"inLanguage":"de-DE"},{"@type":"Organization","@id":"https:\/\/my-french-grocery.com\/de\/#organization","name":"MY FRENCH GROCERY","url":"https:\/\/my-french-grocery.com\/de\/","logo":{"@type":"ImageObject","inLanguage":"de-DE","@id":"https:\/\/my-french-grocery.com\/de\/#\/schema\/logo\/image\/","url":"https:\/\/my-french-grocery.com\/wp-content\/uploads\/2021\/11\/My-French-Grocery-Online-French-Grocery.png","contentUrl":"https:\/\/my-french-grocery.com\/wp-content\/uploads\/2021\/11\/My-French-Grocery-Online-French-Grocery.png","width":100,"height":100,"caption":"MY FRENCH GROCERY"},"image":{"@id":"https:\/\/my-french-grocery.com\/de\/#\/schema\/logo\/image\/"},"sameAs":["https:\/\/www.facebook.com\/myfrenchgrocery\/"]}]}},"brands":[{"id":3325,"name":"L'Or\u00e9al","slug":"loreal-de"}],"_links":{"self":[{"href":"https:\/\/my-french-grocery.com\/de\/wp-json\/wp\/v2\/product\/34074","targetHints":{"allow":["GET"]}}],"collection":[{"href":"https:\/\/my-french-grocery.com\/de\/wp-json\/wp\/v2\/product"}],"about":[{"href":"https:\/\/my-french-grocery.com\/de\/wp-json\/wp\/v2\/types\/product"}],"replies":[{"embeddable":true,"href":"https:\/\/my-french-grocery.com\/de\/wp-json\/wp\/v2\/comments?post=34074"}],"wp:featuredmedia":[{"embeddable":true,"href":"https:\/\/my-french-grocery.com\/de\/wp-json\/wp\/v2\/media\/34111"}],"wp:attachment":[{"href":"https:\/\/my-french-grocery.com\/de\/wp-json\/wp\/v2\/media?parent=34074"}],"wp:term":[{"taxonomy":"pwb-brand","embeddable":true,"href":"https:\/\/my-french-grocery.com\/de\/wp-json\/wp\/v2\/pwb-brand?post=34074"},{"taxonomy":"product_brand","embeddable":true,"href":"https:\/\/my-french-grocery.com\/de\/wp-json\/wp\/v2\/product_brand?post=34074"},{"taxonomy":"product_cat","embeddable":true,"href":"https:\/\/my-french-grocery.com\/de\/wp-json\/wp\/v2\/product_cat?post=34074"},{"taxonomy":"product_tag","embeddable":true,"href":"https:\/\/my-french-grocery.com\/de\/wp-json\/wp\/v2\/product_tag?post=34074"}],"curies":[{"name":"wp","href":"https:\/\/api.w.org\/{rel}","templated":true}]}}