{"id":34160,"date":"2023-07-04T18:00:14","date_gmt":"2023-07-04T16:00:14","guid":{"rendered":"https:\/\/my-french-grocery.com\/?post_type=product&#038;p=34160"},"modified":"2023-07-04T18:08:51","modified_gmt":"2023-07-04T16:08:51","slug":"total-repair-5-regenerierendes-shampoo-fur-geschadigtes-haar-elseve-loreal-copy","status":"publish","type":"product","link":"https:\/\/my-french-grocery.com\/de\/produkt\/total-repair-5-regenerierendes-shampoo-fur-geschadigtes-haar-elseve-loreal-copy\/","title":{"rendered":"Sublime Curls Shampoo F\u00fcr Trockenes &#038; Lockiges Haar Elseve &#8211; L&#8217;Or\u00e9al"},"content":{"rendered":"<p>Sublime Curls Shampoo F\u00fcr Trockenes &amp; Lockiges Haar Elseve &#8211; L&#8217;Or\u00e9al<\/p>\n<p>250 ml Flasche<\/p>\n<div class=\"product-description\">\n<div data-testid=\"product-description-long\">\n<p class=\"pl-text pl-text--size-m pl-text--style-p\"><span>Sublime Curls Shampoo f\u00fcr sehr trockenes und lockiges Haar, angereichert mit Amla-\u00d6l.|\u2022 100 % recycelte* und recycelbare Plastikflasche|\u2022 Hergestellt in Frankreich|*ohne Farbstoffe und Kappe.\u00a0<\/span><span>Gepflegte und verbesserte Locken.\u00a0<\/span><span>Sie sind perfekt definiert und federnd, Ihr Haar gl\u00e4nzt.<\/span><\/p>\n<\/div>\n<\/div>\n<div id=\"data-recommandation-zone-2\" class=\"secondary-details-cross-sell\">\n<div id=\"data-advertising-undefined\" class=\"advertising-placeholder-recommendation\" data-zone=\"1\"><\/div>\n<\/div>\n","protected":false},"excerpt":{"rendered":"<p>Sublime Curls Shampoo F\u00fcr Trockenes &amp; Lockiges Haar Elseve &#8211; L&#8217;Or\u00e9al<\/p>\n<p>250 ml Flasche<\/p>\n","protected":false},"featured_media":34167,"comment_status":"open","ping_status":"closed","template":"","meta":[],"pwb-brand":[3325],"product_brand":[],"product_cat":[2201,2200],"product_tag":[2618],"class_list":{"0":"post-34160","1":"product","2":"type-product","3":"status-publish","4":"has-post-thumbnail","6":"pwb-brand-loreal-de","7":"product_cat-shampoo-de","8":"product_cat-shampoo-spulung-haarpflege","9":"product_tag-shampoo-de","10":"product_shipping_class-internationaler-versand","12":"first","13":"instock","14":"taxable","15":"shipping-taxable","16":"purchasable","17":"product-type-simple"},"yoast_head":"<!-- This site is optimized with the Yoast SEO plugin v27.3 - https:\/\/yoast.com\/product\/yoast-seo-wordpress\/ -->\n<title>Sublime Curls Shampoo F\u00fcr Trockenes &amp; Lockiges Haar Elseve - L&#039;Or\u00e9al | Online Kaufen | My French Grocery<\/title>\n<meta name=\"description\" content=\"Sublime Curls Shampoo F\u00fcr Trockenes &amp; Lockiges Haar Elseve - L&#039;Or\u00e9al- 250 ml Flasche - Sublime Curls Shampoo f\u00fcr sehr trockenes und lockiges Haar, angereichert mit Amla-\u00d6l.\" \/>\n<meta name=\"robots\" content=\"index, follow, max-snippet:-1, max-image-preview:large, max-video-preview:-1\" \/>\n<link rel=\"canonical\" href=\"https:\/\/my-french-grocery.com\/de\/produkt\/total-repair-5-regenerierendes-shampoo-fur-geschadigtes-haar-elseve-loreal-copy\/\" \/>\n<meta property=\"og:locale\" content=\"de_DE\" \/>\n<meta property=\"og:type\" content=\"article\" \/>\n<meta property=\"og:title\" content=\"Sublime Curls Shampoo F\u00fcr Trockenes &amp; Lockiges Haar Elseve - L&#039;Or\u00e9al | Online Kaufen | My French Grocery\" \/>\n<meta property=\"og:description\" content=\"Sublime Curls Shampoo F\u00fcr Trockenes &amp; Lockiges Haar Elseve - L&#039;Or\u00e9al- 250 ml Flasche - Sublime Curls Shampoo f\u00fcr sehr trockenes und lockiges Haar, angereichert mit Amla-\u00d6l.\" \/>\n<meta property=\"og:url\" content=\"https:\/\/my-french-grocery.com\/de\/produkt\/total-repair-5-regenerierendes-shampoo-fur-geschadigtes-haar-elseve-loreal-copy\/\" \/>\n<meta property=\"og:site_name\" content=\"My French Grocery\" \/>\n<meta property=\"article:publisher\" content=\"https:\/\/www.facebook.com\/myfrenchgrocery\/\" \/>\n<meta property=\"article:modified_time\" content=\"2023-07-04T16:08:51+00:00\" \/>\n<meta property=\"og:image\" content=\"https:\/\/my-french-grocery.com\/wp-content\/uploads\/2023\/07\/Sublime-curls-shampoo-for-dry-and-curly-hair.jpeg\" \/>\n\t<meta property=\"og:image:width\" content=\"1200\" \/>\n\t<meta property=\"og:image:height\" content=\"1200\" \/>\n\t<meta property=\"og:image:type\" content=\"image\/jpeg\" \/>\n<meta name=\"twitter:card\" content=\"summary_large_image\" \/>\n<script type=\"application\/ld+json\" class=\"yoast-schema-graph\">{\"@context\":\"https:\\\/\\\/schema.org\",\"@graph\":[{\"@type\":\"WebPage\",\"@id\":\"https:\\\/\\\/my-french-grocery.com\\\/de\\\/produkt\\\/total-repair-5-regenerierendes-shampoo-fur-geschadigtes-haar-elseve-loreal-copy\\\/\",\"url\":\"https:\\\/\\\/my-french-grocery.com\\\/de\\\/produkt\\\/total-repair-5-regenerierendes-shampoo-fur-geschadigtes-haar-elseve-loreal-copy\\\/\",\"name\":\"Sublime Curls Shampoo F\u00fcr Trockenes & Lockiges Haar Elseve - L'Or\u00e9al | Online Kaufen | My French Grocery\",\"isPartOf\":{\"@id\":\"https:\\\/\\\/my-french-grocery.com\\\/de\\\/#website\"},\"primaryImageOfPage\":{\"@id\":\"https:\\\/\\\/my-french-grocery.com\\\/de\\\/produkt\\\/total-repair-5-regenerierendes-shampoo-fur-geschadigtes-haar-elseve-loreal-copy\\\/#primaryimage\"},\"image\":{\"@id\":\"https:\\\/\\\/my-french-grocery.com\\\/de\\\/produkt\\\/total-repair-5-regenerierendes-shampoo-fur-geschadigtes-haar-elseve-loreal-copy\\\/#primaryimage\"},\"thumbnailUrl\":\"https:\\\/\\\/my-french-grocery.com\\\/wp-content\\\/uploads\\\/2023\\\/07\\\/Sublime-curls-shampoo-for-dry-and-curly-hair.jpeg\",\"datePublished\":\"2023-07-04T16:00:14+00:00\",\"dateModified\":\"2023-07-04T16:08:51+00:00\",\"description\":\"Sublime Curls Shampoo F\u00fcr Trockenes & Lockiges Haar Elseve - L'Or\u00e9al- 250 ml Flasche - Sublime Curls Shampoo f\u00fcr sehr trockenes und lockiges Haar, angereichert mit Amla-\u00d6l.\",\"breadcrumb\":{\"@id\":\"https:\\\/\\\/my-french-grocery.com\\\/de\\\/produkt\\\/total-repair-5-regenerierendes-shampoo-fur-geschadigtes-haar-elseve-loreal-copy\\\/#breadcrumb\"},\"inLanguage\":\"de-DE\",\"potentialAction\":[{\"@type\":\"ReadAction\",\"target\":[\"https:\\\/\\\/my-french-grocery.com\\\/de\\\/produkt\\\/total-repair-5-regenerierendes-shampoo-fur-geschadigtes-haar-elseve-loreal-copy\\\/\"]}]},{\"@type\":\"ImageObject\",\"inLanguage\":\"de-DE\",\"@id\":\"https:\\\/\\\/my-french-grocery.com\\\/de\\\/produkt\\\/total-repair-5-regenerierendes-shampoo-fur-geschadigtes-haar-elseve-loreal-copy\\\/#primaryimage\",\"url\":\"https:\\\/\\\/my-french-grocery.com\\\/wp-content\\\/uploads\\\/2023\\\/07\\\/Sublime-curls-shampoo-for-dry-and-curly-hair.jpeg\",\"contentUrl\":\"https:\\\/\\\/my-french-grocery.com\\\/wp-content\\\/uploads\\\/2023\\\/07\\\/Sublime-curls-shampoo-for-dry-and-curly-hair.jpeg\",\"width\":1200,\"height\":1200,\"caption\":\"Sublime Curls Shampoo F\u00fcr Trockenes & Lockiges Haar Elseve - L'Or\u00e9al\"},{\"@type\":\"BreadcrumbList\",\"@id\":\"https:\\\/\\\/my-french-grocery.com\\\/de\\\/produkt\\\/total-repair-5-regenerierendes-shampoo-fur-geschadigtes-haar-elseve-loreal-copy\\\/#breadcrumb\",\"itemListElement\":[{\"@type\":\"ListItem\",\"position\":1,\"name\":\"Home\",\"item\":\"https:\\\/\\\/my-french-grocery.com\\\/de\\\/shopping-seite\\\/\"},{\"@type\":\"ListItem\",\"position\":2,\"name\":\"Shop\",\"item\":\"https:\\\/\\\/my-french-grocery.com\\\/shop\\\/\"},{\"@type\":\"ListItem\",\"position\":3,\"name\":\"Kosmetika\",\"item\":\"https:\\\/\\\/my-french-grocery.com\\\/de\\\/produkt-kategorie\\\/kosmetika\\\/\"},{\"@type\":\"ListItem\",\"position\":4,\"name\":\"Shampoo, Sp\u00fclung, Haarpflege\",\"item\":\"https:\\\/\\\/my-french-grocery.com\\\/de\\\/produkt-kategorie\\\/shampoo-spulung-haarpflege\\\/\"},{\"@type\":\"ListItem\",\"position\":5,\"name\":\"Sublime Curls Shampoo F\u00fcr Trockenes &#038; Lockiges Haar Elseve &#8211; L&#8217;Or\u00e9al\"}]},{\"@type\":\"WebSite\",\"@id\":\"https:\\\/\\\/my-french-grocery.com\\\/de\\\/#website\",\"url\":\"https:\\\/\\\/my-french-grocery.com\\\/de\\\/\",\"name\":\"My French Grocery\",\"description\":\"Your Online French Grocery  !\",\"publisher\":{\"@id\":\"https:\\\/\\\/my-french-grocery.com\\\/de\\\/#organization\"},\"potentialAction\":[{\"@type\":\"SearchAction\",\"target\":{\"@type\":\"EntryPoint\",\"urlTemplate\":\"https:\\\/\\\/my-french-grocery.com\\\/de\\\/?s={search_term_string}\"},\"query-input\":{\"@type\":\"PropertyValueSpecification\",\"valueRequired\":true,\"valueName\":\"search_term_string\"}}],\"inLanguage\":\"de-DE\"},{\"@type\":\"Organization\",\"@id\":\"https:\\\/\\\/my-french-grocery.com\\\/de\\\/#organization\",\"name\":\"MY FRENCH GROCERY\",\"url\":\"https:\\\/\\\/my-french-grocery.com\\\/de\\\/\",\"logo\":{\"@type\":\"ImageObject\",\"inLanguage\":\"de-DE\",\"@id\":\"https:\\\/\\\/my-french-grocery.com\\\/de\\\/#\\\/schema\\\/logo\\\/image\\\/\",\"url\":\"https:\\\/\\\/my-french-grocery.com\\\/wp-content\\\/uploads\\\/2021\\\/11\\\/My-French-Grocery-Online-French-Grocery.png\",\"contentUrl\":\"https:\\\/\\\/my-french-grocery.com\\\/wp-content\\\/uploads\\\/2021\\\/11\\\/My-French-Grocery-Online-French-Grocery.png\",\"width\":100,\"height\":100,\"caption\":\"MY FRENCH GROCERY\"},\"image\":{\"@id\":\"https:\\\/\\\/my-french-grocery.com\\\/de\\\/#\\\/schema\\\/logo\\\/image\\\/\"},\"sameAs\":[\"https:\\\/\\\/www.facebook.com\\\/myfrenchgrocery\\\/\"]}]}<\/script>\n<!-- \/ Yoast SEO plugin. -->","yoast_head_json":{"title":"Sublime Curls Shampoo F\u00fcr Trockenes & Lockiges Haar Elseve - L'Or\u00e9al | Online Kaufen | My French Grocery","description":"Sublime Curls Shampoo F\u00fcr Trockenes & Lockiges Haar Elseve - L'Or\u00e9al- 250 ml Flasche - Sublime Curls Shampoo f\u00fcr sehr trockenes und lockiges Haar, angereichert mit Amla-\u00d6l.","robots":{"index":"index","follow":"follow","max-snippet":"max-snippet:-1","max-image-preview":"max-image-preview:large","max-video-preview":"max-video-preview:-1"},"canonical":"https:\/\/my-french-grocery.com\/de\/produkt\/total-repair-5-regenerierendes-shampoo-fur-geschadigtes-haar-elseve-loreal-copy\/","og_locale":"de_DE","og_type":"article","og_title":"Sublime Curls Shampoo F\u00fcr Trockenes & Lockiges Haar Elseve - L'Or\u00e9al | Online Kaufen | My French Grocery","og_description":"Sublime Curls Shampoo F\u00fcr Trockenes & Lockiges Haar Elseve - L'Or\u00e9al- 250 ml Flasche - Sublime Curls Shampoo f\u00fcr sehr trockenes und lockiges Haar, angereichert mit Amla-\u00d6l.","og_url":"https:\/\/my-french-grocery.com\/de\/produkt\/total-repair-5-regenerierendes-shampoo-fur-geschadigtes-haar-elseve-loreal-copy\/","og_site_name":"My French Grocery","article_publisher":"https:\/\/www.facebook.com\/myfrenchgrocery\/","article_modified_time":"2023-07-04T16:08:51+00:00","og_image":[{"width":1200,"height":1200,"url":"https:\/\/my-french-grocery.com\/wp-content\/uploads\/2023\/07\/Sublime-curls-shampoo-for-dry-and-curly-hair.jpeg","type":"image\/jpeg"}],"twitter_card":"summary_large_image","schema":{"@context":"https:\/\/schema.org","@graph":[{"@type":"WebPage","@id":"https:\/\/my-french-grocery.com\/de\/produkt\/total-repair-5-regenerierendes-shampoo-fur-geschadigtes-haar-elseve-loreal-copy\/","url":"https:\/\/my-french-grocery.com\/de\/produkt\/total-repair-5-regenerierendes-shampoo-fur-geschadigtes-haar-elseve-loreal-copy\/","name":"Sublime Curls Shampoo F\u00fcr Trockenes & Lockiges Haar Elseve - L'Or\u00e9al | Online Kaufen | My French Grocery","isPartOf":{"@id":"https:\/\/my-french-grocery.com\/de\/#website"},"primaryImageOfPage":{"@id":"https:\/\/my-french-grocery.com\/de\/produkt\/total-repair-5-regenerierendes-shampoo-fur-geschadigtes-haar-elseve-loreal-copy\/#primaryimage"},"image":{"@id":"https:\/\/my-french-grocery.com\/de\/produkt\/total-repair-5-regenerierendes-shampoo-fur-geschadigtes-haar-elseve-loreal-copy\/#primaryimage"},"thumbnailUrl":"https:\/\/my-french-grocery.com\/wp-content\/uploads\/2023\/07\/Sublime-curls-shampoo-for-dry-and-curly-hair.jpeg","datePublished":"2023-07-04T16:00:14+00:00","dateModified":"2023-07-04T16:08:51+00:00","description":"Sublime Curls Shampoo F\u00fcr Trockenes & Lockiges Haar Elseve - L'Or\u00e9al- 250 ml Flasche - Sublime Curls Shampoo f\u00fcr sehr trockenes und lockiges Haar, angereichert mit Amla-\u00d6l.","breadcrumb":{"@id":"https:\/\/my-french-grocery.com\/de\/produkt\/total-repair-5-regenerierendes-shampoo-fur-geschadigtes-haar-elseve-loreal-copy\/#breadcrumb"},"inLanguage":"de-DE","potentialAction":[{"@type":"ReadAction","target":["https:\/\/my-french-grocery.com\/de\/produkt\/total-repair-5-regenerierendes-shampoo-fur-geschadigtes-haar-elseve-loreal-copy\/"]}]},{"@type":"ImageObject","inLanguage":"de-DE","@id":"https:\/\/my-french-grocery.com\/de\/produkt\/total-repair-5-regenerierendes-shampoo-fur-geschadigtes-haar-elseve-loreal-copy\/#primaryimage","url":"https:\/\/my-french-grocery.com\/wp-content\/uploads\/2023\/07\/Sublime-curls-shampoo-for-dry-and-curly-hair.jpeg","contentUrl":"https:\/\/my-french-grocery.com\/wp-content\/uploads\/2023\/07\/Sublime-curls-shampoo-for-dry-and-curly-hair.jpeg","width":1200,"height":1200,"caption":"Sublime Curls Shampoo F\u00fcr Trockenes & Lockiges Haar Elseve - L'Or\u00e9al"},{"@type":"BreadcrumbList","@id":"https:\/\/my-french-grocery.com\/de\/produkt\/total-repair-5-regenerierendes-shampoo-fur-geschadigtes-haar-elseve-loreal-copy\/#breadcrumb","itemListElement":[{"@type":"ListItem","position":1,"name":"Home","item":"https:\/\/my-french-grocery.com\/de\/shopping-seite\/"},{"@type":"ListItem","position":2,"name":"Shop","item":"https:\/\/my-french-grocery.com\/shop\/"},{"@type":"ListItem","position":3,"name":"Kosmetika","item":"https:\/\/my-french-grocery.com\/de\/produkt-kategorie\/kosmetika\/"},{"@type":"ListItem","position":4,"name":"Shampoo, Sp\u00fclung, Haarpflege","item":"https:\/\/my-french-grocery.com\/de\/produkt-kategorie\/shampoo-spulung-haarpflege\/"},{"@type":"ListItem","position":5,"name":"Sublime Curls Shampoo F\u00fcr Trockenes &#038; Lockiges Haar Elseve &#8211; L&#8217;Or\u00e9al"}]},{"@type":"WebSite","@id":"https:\/\/my-french-grocery.com\/de\/#website","url":"https:\/\/my-french-grocery.com\/de\/","name":"My French Grocery","description":"Your Online French Grocery  !","publisher":{"@id":"https:\/\/my-french-grocery.com\/de\/#organization"},"potentialAction":[{"@type":"SearchAction","target":{"@type":"EntryPoint","urlTemplate":"https:\/\/my-french-grocery.com\/de\/?s={search_term_string}"},"query-input":{"@type":"PropertyValueSpecification","valueRequired":true,"valueName":"search_term_string"}}],"inLanguage":"de-DE"},{"@type":"Organization","@id":"https:\/\/my-french-grocery.com\/de\/#organization","name":"MY FRENCH GROCERY","url":"https:\/\/my-french-grocery.com\/de\/","logo":{"@type":"ImageObject","inLanguage":"de-DE","@id":"https:\/\/my-french-grocery.com\/de\/#\/schema\/logo\/image\/","url":"https:\/\/my-french-grocery.com\/wp-content\/uploads\/2021\/11\/My-French-Grocery-Online-French-Grocery.png","contentUrl":"https:\/\/my-french-grocery.com\/wp-content\/uploads\/2021\/11\/My-French-Grocery-Online-French-Grocery.png","width":100,"height":100,"caption":"MY FRENCH GROCERY"},"image":{"@id":"https:\/\/my-french-grocery.com\/de\/#\/schema\/logo\/image\/"},"sameAs":["https:\/\/www.facebook.com\/myfrenchgrocery\/"]}]}},"brands":[{"id":3325,"name":"L'Or\u00e9al","slug":"loreal-de"}],"_links":{"self":[{"href":"https:\/\/my-french-grocery.com\/de\/wp-json\/wp\/v2\/product\/34160","targetHints":{"allow":["GET"]}}],"collection":[{"href":"https:\/\/my-french-grocery.com\/de\/wp-json\/wp\/v2\/product"}],"about":[{"href":"https:\/\/my-french-grocery.com\/de\/wp-json\/wp\/v2\/types\/product"}],"replies":[{"embeddable":true,"href":"https:\/\/my-french-grocery.com\/de\/wp-json\/wp\/v2\/comments?post=34160"}],"wp:featuredmedia":[{"embeddable":true,"href":"https:\/\/my-french-grocery.com\/de\/wp-json\/wp\/v2\/media\/34167"}],"wp:attachment":[{"href":"https:\/\/my-french-grocery.com\/de\/wp-json\/wp\/v2\/media?parent=34160"}],"wp:term":[{"taxonomy":"pwb-brand","embeddable":true,"href":"https:\/\/my-french-grocery.com\/de\/wp-json\/wp\/v2\/pwb-brand?post=34160"},{"taxonomy":"product_brand","embeddable":true,"href":"https:\/\/my-french-grocery.com\/de\/wp-json\/wp\/v2\/product_brand?post=34160"},{"taxonomy":"product_cat","embeddable":true,"href":"https:\/\/my-french-grocery.com\/de\/wp-json\/wp\/v2\/product_cat?post=34160"},{"taxonomy":"product_tag","embeddable":true,"href":"https:\/\/my-french-grocery.com\/de\/wp-json\/wp\/v2\/product_tag?post=34160"}],"curies":[{"name":"wp","href":"https:\/\/api.w.org\/{rel}","templated":true}]}}