{"id":34461,"date":"2023-07-17T15:33:10","date_gmt":"2023-07-17T13:33:11","guid":{"rendered":"https:\/\/my-french-grocery.com\/?post_type=product&#038;p=34461"},"modified":"2024-11-14T13:17:37","modified_gmt":"2024-11-14T11:17:37","slug":"schmelzende-korperlotion-48h-hydration-hyaluronsaure-fur-trockene-dehydrierte-haut-mixa","status":"publish","type":"product","link":"https:\/\/my-french-grocery.com\/de\/produkt\/schmelzende-korperlotion-48h-hydration-hyaluronsaure-fur-trockene-dehydrierte-haut-mixa\/","title":{"rendered":"Schmelzende K\u00f6rperlotion 48H Hydration Hyalurons\u00e4ure F\u00fcr Trockene, Dehydrierte Haut Mixa"},"content":{"rendered":"<p>Schmelzende K\u00f6rperlotion 48H Hydration Hyalurons\u00e4ure F\u00fcr Trockene, Dehydrierte Haut Mixa<\/p>\n<div class=\"pdp-card__header--text\">\n<p><span class=\"ds-body-text ds-body-text--weight-bold ds-body-text--size-m ds-body-text--color-standard-2\">250ml Dose<\/span><\/p>\n<div class=\"saz_next_widget\" data-referer=\"carrefour_widget\" data-ean=\"3600550199291\" data-type=\"RatingsCRF\">\n<div class=\"MuiScopedCssBaseline-root jss2\"><span>Entdecken Sie die 48h Hydration Melting Body Lotion, formuliert mit Hyalurons\u00e4ure nat\u00fcrlichen Ursprungs.\u00a0<\/span><span>Es spendet intensiv Feuchtigkeit und versorgt die Haut 48 Stunden lang mit Wasser.\u00a0<\/span><span>Die Haut ist sichtbar sch\u00f6ner und strahlt vor Gesundheit.<\/span><\/div>\n<\/div>\n<\/div>\n","protected":false},"excerpt":{"rendered":"<p>Schmelzende K\u00f6rperlotion 48H Hydration Hyalurons\u00e4ure F\u00fcr Trockene, Dehydrierte Haut Mixa<\/p>\n<div class=\"pdp-card__header--text\">\n<p><span class=\"ds-body-text ds-body-text--weight-bold ds-body-text--size-m ds-body-text--color-standard-2\">250ml Dose<\/span><\/p>\n<\/div>\n","protected":false},"featured_media":34468,"comment_status":"open","ping_status":"closed","template":"","meta":[],"pwb-brand":[2762],"product_brand":[],"product_cat":[2755],"product_tag":[2766,2761],"class_list":{"0":"post-34461","1":"product","2":"type-product","3":"status-publish","4":"has-post-thumbnail","6":"pwb-brand-mixa-de","7":"product_cat-koerperpflege","8":"product_tag-korperpflege","9":"product_tag-mixa-de","10":"product_shipping_class-internationaler-versand","12":"first","13":"instock","14":"taxable","15":"shipping-taxable","16":"purchasable","17":"product-type-simple"},"brands":[{"id":2762,"name":"Mixa","slug":"mixa-de"}],"_links":{"self":[{"href":"https:\/\/my-french-grocery.com\/de\/wp-json\/wp\/v2\/product\/34461","targetHints":{"allow":["GET"]}}],"collection":[{"href":"https:\/\/my-french-grocery.com\/de\/wp-json\/wp\/v2\/product"}],"about":[{"href":"https:\/\/my-french-grocery.com\/de\/wp-json\/wp\/v2\/types\/product"}],"replies":[{"embeddable":true,"href":"https:\/\/my-french-grocery.com\/de\/wp-json\/wp\/v2\/comments?post=34461"}],"wp:featuredmedia":[{"embeddable":true,"href":"https:\/\/my-french-grocery.com\/de\/wp-json\/wp\/v2\/media\/34468"}],"wp:attachment":[{"href":"https:\/\/my-french-grocery.com\/de\/wp-json\/wp\/v2\/media?parent=34461"}],"wp:term":[{"taxonomy":"pwb-brand","embeddable":true,"href":"https:\/\/my-french-grocery.com\/de\/wp-json\/wp\/v2\/pwb-brand?post=34461"},{"taxonomy":"product_brand","embeddable":true,"href":"https:\/\/my-french-grocery.com\/de\/wp-json\/wp\/v2\/product_brand?post=34461"},{"taxonomy":"product_cat","embeddable":true,"href":"https:\/\/my-french-grocery.com\/de\/wp-json\/wp\/v2\/product_cat?post=34461"},{"taxonomy":"product_tag","embeddable":true,"href":"https:\/\/my-french-grocery.com\/de\/wp-json\/wp\/v2\/product_tag?post=34461"}],"curies":[{"name":"wp","href":"https:\/\/api.w.org\/{rel}","templated":true}]}}