{"id":34627,"date":"2023-08-03T10:04:51","date_gmt":"2023-08-03T08:04:52","guid":{"rendered":"https:\/\/my-french-grocery.com\/?post_type=product&#038;p=34627"},"modified":"2023-08-03T10:16:27","modified_gmt":"2023-08-03T08:16:27","slug":"susstoff-tutti-free-braun","status":"publish","type":"product","link":"https:\/\/my-french-grocery.com\/de\/produkt\/susstoff-tutti-free-braun\/","title":{"rendered":"S\u00fc\u00dfstoff Tutti Free Braun"},"content":{"rendered":"<p>S\u00fc\u00dfstoff Tutti Free Braun<\/p>\n<div class=\"pdp-card__header--text\">\n<div class=\"pdp-card__header--text\"><span class=\"pl-text pl-text--size-m pl-text--style-p pl-text--bold\"><span>Packung mit 208 St\u00fcck \u2013 290 g<\/span><\/span><\/div>\n<\/div>\n<div class=\"main-details--food__shoppinglist\"><\/div>\n<div>\n<div class=\"regulated-name\">\n<p class=\"pl-text pl-text--size-m pl-text--style-p\"><span>Tafels\u00fc\u00dfe auf Basis von braunem Rohrzucker, Aspartam und Acesulfam K<\/span><\/p>\n<p><span>Entdecken Sie mit einem braunen St\u00fcck von Tutti Free den s\u00fc\u00dfen Geschmack eines klassischen St\u00fccks braunen Rohrzuckers neu.\u00a0<\/span><span>Es verleiht Ihren Hei\u00dfgetr\u00e4nken eine exotische Note.<\/span><\/p>\n<\/div>\n<\/div>\n","protected":false},"excerpt":{"rendered":"<p>S\u00fc\u00dfstoff Tutti Free Braun<\/p>\n<div class=\"pdp-card__header--text\">\n<div class=\"pdp-card__header--text\"><span class=\"pl-text pl-text--size-m pl-text--style-p pl-text--bold\">Packung mit 208 St\u00fcck &#8211; 290 g<\/span><\/div>\n<\/div>\n","protected":false},"featured_media":34634,"comment_status":"open","ping_status":"closed","template":"","meta":[],"pwb-brand":[],"product_brand":[],"product_cat":[2251],"product_tag":[2592],"class_list":{"0":"post-34627","1":"product","2":"type-product","3":"status-publish","4":"has-post-thumbnail","6":"product_cat-marmelade-honig-aufstrich","7":"product_tag-marmelade","8":"product_shipping_class-internationaler-versand","10":"first","11":"outofstock","12":"taxable","13":"shipping-taxable","14":"purchasable","15":"product-type-simple"},"brands":[],"_links":{"self":[{"href":"https:\/\/my-french-grocery.com\/de\/wp-json\/wp\/v2\/product\/34627","targetHints":{"allow":["GET"]}}],"collection":[{"href":"https:\/\/my-french-grocery.com\/de\/wp-json\/wp\/v2\/product"}],"about":[{"href":"https:\/\/my-french-grocery.com\/de\/wp-json\/wp\/v2\/types\/product"}],"replies":[{"embeddable":true,"href":"https:\/\/my-french-grocery.com\/de\/wp-json\/wp\/v2\/comments?post=34627"}],"wp:featuredmedia":[{"embeddable":true,"href":"https:\/\/my-french-grocery.com\/de\/wp-json\/wp\/v2\/media\/34634"}],"wp:attachment":[{"href":"https:\/\/my-french-grocery.com\/de\/wp-json\/wp\/v2\/media?parent=34627"}],"wp:term":[{"taxonomy":"pwb-brand","embeddable":true,"href":"https:\/\/my-french-grocery.com\/de\/wp-json\/wp\/v2\/pwb-brand?post=34627"},{"taxonomy":"product_brand","embeddable":true,"href":"https:\/\/my-french-grocery.com\/de\/wp-json\/wp\/v2\/product_brand?post=34627"},{"taxonomy":"product_cat","embeddable":true,"href":"https:\/\/my-french-grocery.com\/de\/wp-json\/wp\/v2\/product_cat?post=34627"},{"taxonomy":"product_tag","embeddable":true,"href":"https:\/\/my-french-grocery.com\/de\/wp-json\/wp\/v2\/product_tag?post=34627"}],"curies":[{"name":"wp","href":"https:\/\/api.w.org\/{rel}","templated":true}]}}