{"id":34640,"date":"2023-08-03T17:49:29","date_gmt":"2023-08-03T15:49:29","guid":{"rendered":"https:\/\/my-french-grocery.com\/?post_type=product&#038;p=34640"},"modified":"2024-03-12T09:43:57","modified_gmt":"2024-03-12T07:43:57","slug":"susstoff-tutti-free","status":"publish","type":"product","link":"https:\/\/my-french-grocery.com\/de\/produkt\/susstoff-tutti-free\/","title":{"rendered":"S\u00fc\u00dfstoff Tutti Free"},"content":{"rendered":"<p>S\u00fc\u00dfstoff Tutti Free<\/p>\n<div class=\"pdp-card__header--text\">\n<div class=\"pdp-card__header--text\"><span class=\"pl-text pl-text--size-m pl-text--style-p pl-text--bold\">Packung mit 208 St\u00fcck &#8211; 290 g<\/span><\/div>\n<\/div>\n<div class=\"main-details--food__shoppinglist\"><\/div>\n<div>\n<div class=\"regulated-name\">\n<div class=\"regulated-name\">\n<p class=\"pl-text pl-text--size-m pl-text--style-p\">Tafels\u00fc\u00dfe auf Basis von Zucker, Aspartam und Acesulfam K<\/p>\n<\/div>\n<div class=\"product-description secondary-details__block\">\n<div data-testid=\"product-description-long\">\n<div class=\"pl-text pl-text--size-m pl-text--style-p\"><span>Entdecken Sie mit einem wei\u00dfen St\u00fcck Tutti Free den s\u00fc\u00dfen Geschmack eines klassischen St\u00fccks Zucker neu.<\/span><\/div>\n<\/div>\n<\/div>\n<div id=\"data-advertising-undefined\" class=\"advertising-placeholder-recommendation secondary-details__block secondary-details__recommendation secondary-details__recommendation--food\" data-zone=\"1\"><\/div>\n<\/div>\n<\/div>\n","protected":false},"excerpt":{"rendered":"<p>S\u00fc\u00dfstoff Tutti Free Braun<\/p>\n<div class=\"pdp-card__header--text\">\n<div class=\"pdp-card__header--text\">S\u00fc\u00dfstoff Tutti Free<\/div>\n<\/div>\n","protected":false},"featured_media":34647,"comment_status":"open","ping_status":"closed","template":"","meta":[],"pwb-brand":[],"product_brand":[],"product_cat":[2251],"product_tag":[2592],"class_list":{"0":"post-34640","1":"product","2":"type-product","3":"status-publish","4":"has-post-thumbnail","6":"product_cat-marmelade-honig-aufstrich","7":"product_tag-marmelade","8":"product_shipping_class-internationaler-versand","10":"first","11":"outofstock","12":"taxable","13":"shipping-taxable","14":"purchasable","15":"product-type-simple"},"yoast_head":"<!-- This site is optimized with the Yoast SEO plugin v27.3 - https:\/\/yoast.com\/product\/yoast-seo-wordpress\/ -->\n<title>S\u00fc\u00dfstoff Tutti Free | Online Kaufen | My French Grocery<\/title>\n<meta name=\"description\" content=\"S\u00fc\u00dfstoff Tutti Free - Packung mit 208 St\u00fcck - 290 g - Tafels\u00fc\u00dfe auf Basis von braunem Rohrzucker, Aspartam und Acesulfam K\" \/>\n<meta name=\"robots\" content=\"index, follow, max-snippet:-1, max-image-preview:large, max-video-preview:-1\" \/>\n<link rel=\"canonical\" href=\"https:\/\/my-french-grocery.com\/de\/produkt\/susstoff-tutti-free\/\" \/>\n<meta property=\"og:locale\" content=\"de_DE\" \/>\n<meta property=\"og:type\" content=\"article\" \/>\n<meta property=\"og:title\" content=\"S\u00fc\u00dfstoff Tutti Free | Online Kaufen | My French Grocery\" \/>\n<meta property=\"og:description\" content=\"S\u00fc\u00dfstoff Tutti Free - Packung mit 208 St\u00fcck - 290 g - Tafels\u00fc\u00dfe auf Basis von braunem Rohrzucker, Aspartam und Acesulfam K\" \/>\n<meta property=\"og:url\" content=\"https:\/\/my-french-grocery.com\/de\/produkt\/susstoff-tutti-free\/\" \/>\n<meta property=\"og:site_name\" content=\"My French Grocery\" \/>\n<meta property=\"article:publisher\" content=\"https:\/\/www.facebook.com\/myfrenchgrocery\/\" \/>\n<meta property=\"article:modified_time\" content=\"2024-03-12T07:43:57+00:00\" \/>\n<meta property=\"og:image\" content=\"https:\/\/my-french-grocery.com\/wp-content\/uploads\/2023\/08\/Tutti-Free-white.jpeg\" \/>\n\t<meta property=\"og:image:width\" content=\"1200\" \/>\n\t<meta property=\"og:image:height\" content=\"1200\" \/>\n\t<meta property=\"og:image:type\" content=\"image\/jpeg\" \/>\n<meta name=\"twitter:card\" content=\"summary_large_image\" \/>\n<script type=\"application\/ld+json\" class=\"yoast-schema-graph\">{\"@context\":\"https:\\\/\\\/schema.org\",\"@graph\":[{\"@type\":\"WebPage\",\"@id\":\"https:\\\/\\\/my-french-grocery.com\\\/de\\\/produkt\\\/susstoff-tutti-free\\\/\",\"url\":\"https:\\\/\\\/my-french-grocery.com\\\/de\\\/produkt\\\/susstoff-tutti-free\\\/\",\"name\":\"S\u00fc\u00dfstoff Tutti Free | Online Kaufen | My French Grocery\",\"isPartOf\":{\"@id\":\"https:\\\/\\\/my-french-grocery.com\\\/de\\\/#website\"},\"primaryImageOfPage\":{\"@id\":\"https:\\\/\\\/my-french-grocery.com\\\/de\\\/produkt\\\/susstoff-tutti-free\\\/#primaryimage\"},\"image\":{\"@id\":\"https:\\\/\\\/my-french-grocery.com\\\/de\\\/produkt\\\/susstoff-tutti-free\\\/#primaryimage\"},\"thumbnailUrl\":\"https:\\\/\\\/my-french-grocery.com\\\/wp-content\\\/uploads\\\/2023\\\/08\\\/Tutti-Free-white.jpeg\",\"datePublished\":\"2023-08-03T15:49:29+00:00\",\"dateModified\":\"2024-03-12T07:43:57+00:00\",\"description\":\"S\u00fc\u00dfstoff Tutti Free - Packung mit 208 St\u00fcck - 290 g - Tafels\u00fc\u00dfe auf Basis von braunem Rohrzucker, Aspartam und Acesulfam K\",\"breadcrumb\":{\"@id\":\"https:\\\/\\\/my-french-grocery.com\\\/de\\\/produkt\\\/susstoff-tutti-free\\\/#breadcrumb\"},\"inLanguage\":\"de-DE\",\"potentialAction\":[{\"@type\":\"ReadAction\",\"target\":[\"https:\\\/\\\/my-french-grocery.com\\\/de\\\/produkt\\\/susstoff-tutti-free\\\/\"]}]},{\"@type\":\"ImageObject\",\"inLanguage\":\"de-DE\",\"@id\":\"https:\\\/\\\/my-french-grocery.com\\\/de\\\/produkt\\\/susstoff-tutti-free\\\/#primaryimage\",\"url\":\"https:\\\/\\\/my-french-grocery.com\\\/wp-content\\\/uploads\\\/2023\\\/08\\\/Tutti-Free-white.jpeg\",\"contentUrl\":\"https:\\\/\\\/my-french-grocery.com\\\/wp-content\\\/uploads\\\/2023\\\/08\\\/Tutti-Free-white.jpeg\",\"width\":1200,\"height\":1200},{\"@type\":\"BreadcrumbList\",\"@id\":\"https:\\\/\\\/my-french-grocery.com\\\/de\\\/produkt\\\/susstoff-tutti-free\\\/#breadcrumb\",\"itemListElement\":[{\"@type\":\"ListItem\",\"position\":1,\"name\":\"Home\",\"item\":\"https:\\\/\\\/my-french-grocery.com\\\/de\\\/shopping-seite\\\/\"},{\"@type\":\"ListItem\",\"position\":2,\"name\":\"Shop\",\"item\":\"https:\\\/\\\/my-french-grocery.com\\\/shop\\\/\"},{\"@type\":\"ListItem\",\"position\":3,\"name\":\"Marmelade - Honig - Aufstrich\",\"item\":\"https:\\\/\\\/my-french-grocery.com\\\/de\\\/produkt-kategorie\\\/marmelade-honig-aufstrich\\\/\"},{\"@type\":\"ListItem\",\"position\":4,\"name\":\"S\u00fc\u00dfstoff Tutti Free\"}]},{\"@type\":\"WebSite\",\"@id\":\"https:\\\/\\\/my-french-grocery.com\\\/de\\\/#website\",\"url\":\"https:\\\/\\\/my-french-grocery.com\\\/de\\\/\",\"name\":\"My French Grocery\",\"description\":\"Your Online French Grocery  !\",\"publisher\":{\"@id\":\"https:\\\/\\\/my-french-grocery.com\\\/de\\\/#organization\"},\"potentialAction\":[{\"@type\":\"SearchAction\",\"target\":{\"@type\":\"EntryPoint\",\"urlTemplate\":\"https:\\\/\\\/my-french-grocery.com\\\/de\\\/?s={search_term_string}\"},\"query-input\":{\"@type\":\"PropertyValueSpecification\",\"valueRequired\":true,\"valueName\":\"search_term_string\"}}],\"inLanguage\":\"de-DE\"},{\"@type\":\"Organization\",\"@id\":\"https:\\\/\\\/my-french-grocery.com\\\/de\\\/#organization\",\"name\":\"MY FRENCH GROCERY\",\"url\":\"https:\\\/\\\/my-french-grocery.com\\\/de\\\/\",\"logo\":{\"@type\":\"ImageObject\",\"inLanguage\":\"de-DE\",\"@id\":\"https:\\\/\\\/my-french-grocery.com\\\/de\\\/#\\\/schema\\\/logo\\\/image\\\/\",\"url\":\"https:\\\/\\\/my-french-grocery.com\\\/wp-content\\\/uploads\\\/2021\\\/11\\\/My-French-Grocery-Online-French-Grocery.png\",\"contentUrl\":\"https:\\\/\\\/my-french-grocery.com\\\/wp-content\\\/uploads\\\/2021\\\/11\\\/My-French-Grocery-Online-French-Grocery.png\",\"width\":100,\"height\":100,\"caption\":\"MY FRENCH GROCERY\"},\"image\":{\"@id\":\"https:\\\/\\\/my-french-grocery.com\\\/de\\\/#\\\/schema\\\/logo\\\/image\\\/\"},\"sameAs\":[\"https:\\\/\\\/www.facebook.com\\\/myfrenchgrocery\\\/\"]}]}<\/script>\n<!-- \/ Yoast SEO plugin. -->","yoast_head_json":{"title":"S\u00fc\u00dfstoff Tutti Free | Online Kaufen | My French Grocery","description":"S\u00fc\u00dfstoff Tutti Free - Packung mit 208 St\u00fcck - 290 g - Tafels\u00fc\u00dfe auf Basis von braunem Rohrzucker, Aspartam und Acesulfam K","robots":{"index":"index","follow":"follow","max-snippet":"max-snippet:-1","max-image-preview":"max-image-preview:large","max-video-preview":"max-video-preview:-1"},"canonical":"https:\/\/my-french-grocery.com\/de\/produkt\/susstoff-tutti-free\/","og_locale":"de_DE","og_type":"article","og_title":"S\u00fc\u00dfstoff Tutti Free | Online Kaufen | My French Grocery","og_description":"S\u00fc\u00dfstoff Tutti Free - Packung mit 208 St\u00fcck - 290 g - Tafels\u00fc\u00dfe auf Basis von braunem Rohrzucker, Aspartam und Acesulfam K","og_url":"https:\/\/my-french-grocery.com\/de\/produkt\/susstoff-tutti-free\/","og_site_name":"My French Grocery","article_publisher":"https:\/\/www.facebook.com\/myfrenchgrocery\/","article_modified_time":"2024-03-12T07:43:57+00:00","og_image":[{"width":1200,"height":1200,"url":"https:\/\/my-french-grocery.com\/wp-content\/uploads\/2023\/08\/Tutti-Free-white.jpeg","type":"image\/jpeg"}],"twitter_card":"summary_large_image","schema":{"@context":"https:\/\/schema.org","@graph":[{"@type":"WebPage","@id":"https:\/\/my-french-grocery.com\/de\/produkt\/susstoff-tutti-free\/","url":"https:\/\/my-french-grocery.com\/de\/produkt\/susstoff-tutti-free\/","name":"S\u00fc\u00dfstoff Tutti Free | Online Kaufen | My French Grocery","isPartOf":{"@id":"https:\/\/my-french-grocery.com\/de\/#website"},"primaryImageOfPage":{"@id":"https:\/\/my-french-grocery.com\/de\/produkt\/susstoff-tutti-free\/#primaryimage"},"image":{"@id":"https:\/\/my-french-grocery.com\/de\/produkt\/susstoff-tutti-free\/#primaryimage"},"thumbnailUrl":"https:\/\/my-french-grocery.com\/wp-content\/uploads\/2023\/08\/Tutti-Free-white.jpeg","datePublished":"2023-08-03T15:49:29+00:00","dateModified":"2024-03-12T07:43:57+00:00","description":"S\u00fc\u00dfstoff Tutti Free - Packung mit 208 St\u00fcck - 290 g - Tafels\u00fc\u00dfe auf Basis von braunem Rohrzucker, Aspartam und Acesulfam K","breadcrumb":{"@id":"https:\/\/my-french-grocery.com\/de\/produkt\/susstoff-tutti-free\/#breadcrumb"},"inLanguage":"de-DE","potentialAction":[{"@type":"ReadAction","target":["https:\/\/my-french-grocery.com\/de\/produkt\/susstoff-tutti-free\/"]}]},{"@type":"ImageObject","inLanguage":"de-DE","@id":"https:\/\/my-french-grocery.com\/de\/produkt\/susstoff-tutti-free\/#primaryimage","url":"https:\/\/my-french-grocery.com\/wp-content\/uploads\/2023\/08\/Tutti-Free-white.jpeg","contentUrl":"https:\/\/my-french-grocery.com\/wp-content\/uploads\/2023\/08\/Tutti-Free-white.jpeg","width":1200,"height":1200},{"@type":"BreadcrumbList","@id":"https:\/\/my-french-grocery.com\/de\/produkt\/susstoff-tutti-free\/#breadcrumb","itemListElement":[{"@type":"ListItem","position":1,"name":"Home","item":"https:\/\/my-french-grocery.com\/de\/shopping-seite\/"},{"@type":"ListItem","position":2,"name":"Shop","item":"https:\/\/my-french-grocery.com\/shop\/"},{"@type":"ListItem","position":3,"name":"Marmelade - Honig - Aufstrich","item":"https:\/\/my-french-grocery.com\/de\/produkt-kategorie\/marmelade-honig-aufstrich\/"},{"@type":"ListItem","position":4,"name":"S\u00fc\u00dfstoff Tutti Free"}]},{"@type":"WebSite","@id":"https:\/\/my-french-grocery.com\/de\/#website","url":"https:\/\/my-french-grocery.com\/de\/","name":"My French Grocery","description":"Your Online French Grocery  !","publisher":{"@id":"https:\/\/my-french-grocery.com\/de\/#organization"},"potentialAction":[{"@type":"SearchAction","target":{"@type":"EntryPoint","urlTemplate":"https:\/\/my-french-grocery.com\/de\/?s={search_term_string}"},"query-input":{"@type":"PropertyValueSpecification","valueRequired":true,"valueName":"search_term_string"}}],"inLanguage":"de-DE"},{"@type":"Organization","@id":"https:\/\/my-french-grocery.com\/de\/#organization","name":"MY FRENCH GROCERY","url":"https:\/\/my-french-grocery.com\/de\/","logo":{"@type":"ImageObject","inLanguage":"de-DE","@id":"https:\/\/my-french-grocery.com\/de\/#\/schema\/logo\/image\/","url":"https:\/\/my-french-grocery.com\/wp-content\/uploads\/2021\/11\/My-French-Grocery-Online-French-Grocery.png","contentUrl":"https:\/\/my-french-grocery.com\/wp-content\/uploads\/2021\/11\/My-French-Grocery-Online-French-Grocery.png","width":100,"height":100,"caption":"MY FRENCH GROCERY"},"image":{"@id":"https:\/\/my-french-grocery.com\/de\/#\/schema\/logo\/image\/"},"sameAs":["https:\/\/www.facebook.com\/myfrenchgrocery\/"]}]}},"brands":[],"_links":{"self":[{"href":"https:\/\/my-french-grocery.com\/de\/wp-json\/wp\/v2\/product\/34640","targetHints":{"allow":["GET"]}}],"collection":[{"href":"https:\/\/my-french-grocery.com\/de\/wp-json\/wp\/v2\/product"}],"about":[{"href":"https:\/\/my-french-grocery.com\/de\/wp-json\/wp\/v2\/types\/product"}],"replies":[{"embeddable":true,"href":"https:\/\/my-french-grocery.com\/de\/wp-json\/wp\/v2\/comments?post=34640"}],"wp:featuredmedia":[{"embeddable":true,"href":"https:\/\/my-french-grocery.com\/de\/wp-json\/wp\/v2\/media\/34647"}],"wp:attachment":[{"href":"https:\/\/my-french-grocery.com\/de\/wp-json\/wp\/v2\/media?parent=34640"}],"wp:term":[{"taxonomy":"pwb-brand","embeddable":true,"href":"https:\/\/my-french-grocery.com\/de\/wp-json\/wp\/v2\/pwb-brand?post=34640"},{"taxonomy":"product_brand","embeddable":true,"href":"https:\/\/my-french-grocery.com\/de\/wp-json\/wp\/v2\/product_brand?post=34640"},{"taxonomy":"product_cat","embeddable":true,"href":"https:\/\/my-french-grocery.com\/de\/wp-json\/wp\/v2\/product_cat?post=34640"},{"taxonomy":"product_tag","embeddable":true,"href":"https:\/\/my-french-grocery.com\/de\/wp-json\/wp\/v2\/product_tag?post=34640"}],"curies":[{"name":"wp","href":"https:\/\/api.w.org\/{rel}","templated":true}]}}