{"id":34693,"date":"2022-05-11T11:31:14","date_gmt":"2023-08-07T12:31:15","guid":{"rendered":"https:\/\/my-french-grocery.com\/?post_type=product&#038;p=34693"},"modified":"2023-12-25T01:49:03","modified_gmt":"2023-12-24T23:49:03","slug":"anti-trockenheits-schutzhandcreme-mixa","status":"publish","type":"product","link":"https:\/\/my-french-grocery.com\/de\/produkt\/anti-trockenheits-schutzhandcreme-mixa\/","title":{"rendered":"Anti-Trockenheits-Schutzhandcreme Mixa"},"content":{"rendered":"<p>Anti-Trockenheits-Schutzhandcreme Mixa<\/p>\n<div class=\"pdp-card__header--text\">\n<div class=\"pdp-card__header--text\">\n<p><span class=\"ds-body-text ds-body-text--weight-bold ds-body-text--size-m ds-body-text--color-standard-2\">100 ml Tube<\/span><\/p>\n<div class=\"saz_next_widget\" data-referer=\"carrefour_widget\" data-ean=\"3600550240276\" data-type=\"RatingsCRF\">\n<div><\/div>\n<\/div>\n<\/div>\n<div class=\"saz_next_widget\" data-referer=\"carrefour_widget\" data-ean=\"3600550199291\" data-type=\"RatingsCRF\"><span>Sch\u00fctzende Handcreme gegen Trockenheit, die die H\u00e4nde dauerhaft mit Feuchtigkeit versorgt und pflegt.\u00a0<\/span><span>Tag f\u00fcr Tag bewahrt die Anti-Trockenheits-Schutzhandcreme die Sch\u00f6nheit Ihrer H\u00e4nde.\u00a0<\/span><span>Gesch\u00fctzt, gen\u00e4hrt und hydratisiert behalten sie ihre Weichheit und Geschmeidigkeit.<\/span><\/div>\n<\/div>\n","protected":false},"excerpt":{"rendered":"<p>Anti-Trockenheits-Schutzhandcreme Mixa<\/p>\n<div class=\"pdp-card__header--text\">\n<div class=\"pdp-card__header--text\">\n<p><span class=\"ds-body-text ds-body-text--weight-bold ds-body-text--size-m ds-body-text--color-standard-2\">100 ml Tube<\/span><\/p>\n<\/div>\n<\/div>\n","protected":false},"featured_media":34700,"comment_status":"open","ping_status":"closed","template":"","meta":[],"pwb-brand":[2762],"product_brand":[],"product_cat":[2755],"product_tag":[3335,2761],"class_list":{"0":"post-34693","1":"product","2":"type-product","3":"status-publish","4":"has-post-thumbnail","6":"pwb-brand-mixa-de","7":"product_cat-koerperpflege","8":"product_tag-handpflege","9":"product_tag-mixa-de","10":"product_shipping_class-internationaler-versand","12":"first","13":"instock","14":"taxable","15":"shipping-taxable","16":"purchasable","17":"product-type-simple"},"brands":[{"id":2762,"name":"Mixa","slug":"mixa-de"}],"_links":{"self":[{"href":"https:\/\/my-french-grocery.com\/de\/wp-json\/wp\/v2\/product\/34693","targetHints":{"allow":["GET"]}}],"collection":[{"href":"https:\/\/my-french-grocery.com\/de\/wp-json\/wp\/v2\/product"}],"about":[{"href":"https:\/\/my-french-grocery.com\/de\/wp-json\/wp\/v2\/types\/product"}],"replies":[{"embeddable":true,"href":"https:\/\/my-french-grocery.com\/de\/wp-json\/wp\/v2\/comments?post=34693"}],"wp:featuredmedia":[{"embeddable":true,"href":"https:\/\/my-french-grocery.com\/de\/wp-json\/wp\/v2\/media\/34700"}],"wp:attachment":[{"href":"https:\/\/my-french-grocery.com\/de\/wp-json\/wp\/v2\/media?parent=34693"}],"wp:term":[{"taxonomy":"pwb-brand","embeddable":true,"href":"https:\/\/my-french-grocery.com\/de\/wp-json\/wp\/v2\/pwb-brand?post=34693"},{"taxonomy":"product_brand","embeddable":true,"href":"https:\/\/my-french-grocery.com\/de\/wp-json\/wp\/v2\/product_brand?post=34693"},{"taxonomy":"product_cat","embeddable":true,"href":"https:\/\/my-french-grocery.com\/de\/wp-json\/wp\/v2\/product_cat?post=34693"},{"taxonomy":"product_tag","embeddable":true,"href":"https:\/\/my-french-grocery.com\/de\/wp-json\/wp\/v2\/product_tag?post=34693"}],"curies":[{"name":"wp","href":"https:\/\/api.w.org\/{rel}","templated":true}]}}